{"id":5744,"date":"2020-08-03T14:11:02","date_gmt":"2020-08-03T12:11:02","guid":{"rendered":"https:\/\/www.ilovericcio.it\/?post_type=product&#038;p=5744"},"modified":"2026-04-14T11:48:58","modified_gmt":"2026-04-14T09:48:58","slug":"jessicurl-federa-per-cuscino-100-seta","status":"publish","type":"product","link":"https:\/\/www.ilovericcio.com\/it\/prodotto\/jessicurl-federa-per-cuscino-100-seta\/","title":{"rendered":"Federa Cuscino Anticrespo in pura seta 100%"},"content":{"rendered":"<p>Questa federa, in pura seta al 100%,\u00a0\u00e8 eccellente per capelli e pelle;\u00a0aiuta a prevenire le\u00a0rughe del sonno, uno dei fattori dell\u2019invecchiamento\u00a0cutaneo, e\u00a0combatte i capelli crespi.<\/p>\n<p><strong>Il crespo dei capelli:<\/strong><\/p>\n<p>Sappiate che se avete i capelli crespi il cuscino di cotone \u00e8 il vostro peggior nemico.<\/p>\n<p>La federa\u00a0 in cotone, infatti, provoca attrito e pu\u00f2 essere causa di doppie punte e di effetto crespo che a chi ha capelli ricci non piace.\u00a0A causa delle sue propriet\u00e0 il cotone assorbe l\u2019umidit\u00e0 dai capelli e li rende secchi. E secco uguale crespo!<\/p>\n<p>Dormendo su un cuscino di pura seta, anzich\u00e9 di cotone, eviterete che i capelli si elettrizzino e diventino secchi. Inoltre \u00e8 anche un toccasana per i capelli fragili, che tendono a rompersi facilmente.<\/p>\n<p>La pura seta \u00a0diminuisce l\u2019attrito del capelli sul cuscino, evitando che questi si rovinino ulteriormente e assicurando al risveglio una piega quasi intatta,\u00a0 capelli lucidissimi e puliti pi\u00f9 a lungo.<\/p>\n<p><strong>Le rughe del sonno:<\/strong><\/p>\n<p>Esistono rughe del sonno, piuttosto asimmetriche, perch\u00e9 presenti in maniera diversa su entrambi i lati del viso o su uno solo. Di solito \u201csegnano\u201d la fronte degli uomini, e le guance o il mento delle donne, intersecando altre rughe e pieghe di espressione.<br \/>\nSe a vent&#8217;anni spariscono appena ci si sveglia, a trenta impiegano pochi secondi, a quaranta qualche minuto o anche di pi\u00f9, finch\u00e9 con il tempo, facendosi la cute sempre meno elastica, si fissano e non spariscono pi\u00f9, anzi diventano pi\u00f9 evidenti.<br \/>\nSono quindi difficilissime da prevenire, perch\u00e9 per evitarle, bisognerebbe dormire con la testa sospesa\u2026<br \/>\nLa soluzione: mantenere la pelle pi\u00f9 elastica, e usare federe di raso di seta\u2026<\/p>\n<p><strong>Caratteristiche:<\/strong><\/p>\n<p>Formato standard 50 x 80 cm<br \/>\n100% pura seta<\/p>\n<div>\n<div>\n<p>Ipoallergenica e repellente per gli acari della polvere,\u00a0quindi \u00e8 ottima per chi soffre di allergie<\/p>\n<p>Lavabile in lavatrice a 30\u00b0 C con un detersivo delicato.<\/p>\n<p>Asciugare a bassa temperatura<\/p>\n<p>Stirare\u00a0dal\u00a0rovescio con ferro tiepido<\/p>\n<p><strong>Colore: <\/strong><\/p>\n<p>Bianco avorio<\/p>\n<\/div>\n<\/div>\n","protected":false},"excerpt":{"rendered":"<p>Federa per cuscino in pura seta al 100% anticrespo, color avorio.<\/p>\n","protected":false},"featured_media":65218,"template":"","meta":{"_acf_changed":false},"product_brand":[],"product_cat":[248,98],"product_tag":[],"class_list":{"0":"post-5744","1":"product","2":"type-product","3":"status-publish","4":"has-post-thumbnail","6":"product_cat-accessori-cura-capelli-ricci","7":"product_cat-accessori-capelli-ricci","9":"first","10":"instock","11":"shipping-taxable","12":"purchasable","13":"product-type-simple"},"acf":[],"yoast_head":"<!-- This site is optimized with the Yoast SEO plugin v27.0 - https:\/\/yoast.com\/product\/yoast-seo-wordpress\/ -->\n<title>Federa cuscino in seta anti crespo per ricci | I Love Riccio<\/title>\n<meta name=\"description\" content=\"Combatti i capelli crespi e l&#039;invecchiamento cutaneo con la nostra federa in seta per capelli ricci. Non preoccuparti pi\u00f9 delle rughe asimmetriche.\" \/>\n<meta name=\"robots\" content=\"index, follow, max-snippet:-1, max-image-preview:large, max-video-preview:-1\" \/>\n<link rel=\"canonical\" href=\"https:\/\/www.ilovericcio.com\/it\/prodotto\/jessicurl-federa-per-cuscino-100-seta\/\" \/>\n<meta property=\"og:locale\" content=\"it_IT\" \/>\n<meta property=\"og:type\" content=\"article\" \/>\n<meta property=\"og:title\" content=\"Federa cuscino in seta anti crespo per ricci | I Love Riccio\" \/>\n<meta property=\"og:description\" content=\"Combatti i capelli crespi e l&#039;invecchiamento cutaneo con la nostra federa in seta per capelli ricci. Non preoccuparti pi\u00f9 delle rughe asimmetriche.\" \/>\n<meta property=\"og:url\" content=\"https:\/\/www.ilovericcio.com\/it\/prodotto\/jessicurl-federa-per-cuscino-100-seta\/\" \/>\n<meta property=\"og:site_name\" content=\"I Love Riccio\" \/>\n<meta property=\"article:publisher\" content=\"https:\/\/www.facebook.com\/ILoveRiccio\" \/>\n<meta property=\"article:modified_time\" content=\"2026-04-14T09:48:58+00:00\" \/>\n<meta property=\"og:image\" content=\"https:\/\/www.ilovericcio.com\/wp-content\/uploads\/2020\/08\/cuscino-1.png\" \/>\n\t<meta property=\"og:image:width\" content=\"1080\" \/>\n\t<meta property=\"og:image:height\" content=\"1080\" \/>\n\t<meta property=\"og:image:type\" content=\"image\/png\" \/>\n<meta name=\"twitter:card\" content=\"summary_large_image\" \/>\n<meta name=\"twitter:label1\" content=\"Tempo di lettura stimato\" \/>\n\t<meta name=\"twitter:data1\" content=\"2 minuti\" \/>\n<script type=\"application\/ld+json\" class=\"yoast-schema-graph\">{\"@context\":\"https:\/\/schema.org\",\"@graph\":[{\"@type\":\"WebPage\",\"@id\":\"https:\/\/www.ilovericcio.com\/it\/prodotto\/jessicurl-federa-per-cuscino-100-seta\/\",\"url\":\"https:\/\/www.ilovericcio.com\/it\/prodotto\/jessicurl-federa-per-cuscino-100-seta\/\",\"name\":\"Federa cuscino in seta anti crespo per ricci | I Love Riccio\",\"isPartOf\":{\"@id\":\"https:\/\/www.ilovericcio.com\/it\/#website\"},\"primaryImageOfPage\":{\"@id\":\"https:\/\/www.ilovericcio.com\/it\/prodotto\/jessicurl-federa-per-cuscino-100-seta\/#primaryimage\"},\"image\":{\"@id\":\"https:\/\/www.ilovericcio.com\/it\/prodotto\/jessicurl-federa-per-cuscino-100-seta\/#primaryimage\"},\"thumbnailUrl\":\"https:\/\/www.ilovericcio.com\/wp-content\/uploads\/2020\/08\/cuscino-1.png\",\"datePublished\":\"2020-08-03T12:11:02+00:00\",\"dateModified\":\"2026-04-14T09:48:58+00:00\",\"description\":\"Combatti i capelli crespi e l'invecchiamento cutaneo con la nostra federa in seta per capelli ricci. Non preoccuparti pi\u00f9 delle rughe asimmetriche.\",\"breadcrumb\":{\"@id\":\"https:\/\/www.ilovericcio.com\/it\/prodotto\/jessicurl-federa-per-cuscino-100-seta\/#breadcrumb\"},\"inLanguage\":\"it-IT\",\"potentialAction\":[{\"@type\":\"ReadAction\",\"target\":[\"https:\/\/www.ilovericcio.com\/it\/prodotto\/jessicurl-federa-per-cuscino-100-seta\/\"]}]},{\"@type\":\"ImageObject\",\"inLanguage\":\"it-IT\",\"@id\":\"https:\/\/www.ilovericcio.com\/it\/prodotto\/jessicurl-federa-per-cuscino-100-seta\/#primaryimage\",\"url\":\"https:\/\/www.ilovericcio.com\/wp-content\/uploads\/2020\/08\/cuscino-1.png\",\"contentUrl\":\"https:\/\/www.ilovericcio.com\/wp-content\/uploads\/2020\/08\/cuscino-1.png\",\"width\":1080,\"height\":1080},{\"@type\":\"BreadcrumbList\",\"@id\":\"https:\/\/www.ilovericcio.com\/it\/prodotto\/jessicurl-federa-per-cuscino-100-seta\/#breadcrumb\",\"itemListElement\":[{\"@type\":\"ListItem\",\"position\":1,\"name\":\"Home\",\"item\":\"https:\/\/www.ilovericcio.com\/it\/\"},{\"@type\":\"ListItem\",\"position\":2,\"name\":\"Shop\",\"item\":\"https:\/\/www.ilovericcio.com\/it\/shop\/\"},{\"@type\":\"ListItem\",\"position\":3,\"name\":\"Federa Cuscino Anticrespo in pura seta 100%\"}]},{\"@type\":\"WebSite\",\"@id\":\"https:\/\/www.ilovericcio.com\/it\/#website\",\"url\":\"https:\/\/www.ilovericcio.com\/it\/\",\"name\":\"I Love Riccio\",\"description\":\"Prodotti per capelli ricci creati da noi, perfetti per te\",\"publisher\":{\"@id\":\"https:\/\/www.ilovericcio.com\/it\/#organization\"},\"alternateName\":\"ilovericcio\",\"potentialAction\":[{\"@type\":\"SearchAction\",\"target\":{\"@type\":\"EntryPoint\",\"urlTemplate\":\"https:\/\/www.ilovericcio.com\/it\/?s={search_term_string}\"},\"query-input\":{\"@type\":\"PropertyValueSpecification\",\"valueRequired\":true,\"valueName\":\"search_term_string\"}}],\"inLanguage\":\"it-IT\"},{\"@type\":\"Organization\",\"@id\":\"https:\/\/www.ilovericcio.com\/it\/#organization\",\"name\":\"I Love Riccio\",\"alternateName\":\"ilovericcio\",\"url\":\"https:\/\/www.ilovericcio.com\/it\/\",\"logo\":{\"@type\":\"ImageObject\",\"inLanguage\":\"it-IT\",\"@id\":\"https:\/\/www.ilovericcio.com\/it\/#\/schema\/logo\/image\/\",\"url\":\"https:\/\/www.ilovericcio.com\/wp-content\/uploads\/2022\/10\/I-love-riccio-logo-black-def.png\",\"contentUrl\":\"https:\/\/www.ilovericcio.com\/wp-content\/uploads\/2022\/10\/I-love-riccio-logo-black-def.png\",\"width\":186,\"height\":41,\"caption\":\"I Love Riccio\"},\"image\":{\"@id\":\"https:\/\/www.ilovericcio.com\/it\/#\/schema\/logo\/image\/\"},\"sameAs\":[\"https:\/\/www.facebook.com\/ILoveRiccio\",\"https:\/\/www.instagram.com\/i_love_riccio\/\",\"https:\/\/www.youtube.com\/user\/Ilovericcio\",\"https:\/\/it.pinterest.com\/ilovericcio\/\",\"https:\/\/www.tiktok.com\/@i_love_riccio\",\"https:\/\/www.feedaty.com\/recensioni\/ilovericcio\"]}]}<\/script>\n<!-- \/ Yoast SEO plugin. -->","yoast_head_json":{"title":"Federa cuscino in seta anti crespo per ricci | I Love Riccio","description":"Combatti i capelli crespi e l'invecchiamento cutaneo con la nostra federa in seta per capelli ricci. Non preoccuparti pi\u00f9 delle rughe asimmetriche.","robots":{"index":"index","follow":"follow","max-snippet":"max-snippet:-1","max-image-preview":"max-image-preview:large","max-video-preview":"max-video-preview:-1"},"canonical":"https:\/\/www.ilovericcio.com\/it\/prodotto\/jessicurl-federa-per-cuscino-100-seta\/","og_locale":"it_IT","og_type":"article","og_title":"Federa cuscino in seta anti crespo per ricci | I Love Riccio","og_description":"Combatti i capelli crespi e l'invecchiamento cutaneo con la nostra federa in seta per capelli ricci. Non preoccuparti pi\u00f9 delle rughe asimmetriche.","og_url":"https:\/\/www.ilovericcio.com\/it\/prodotto\/jessicurl-federa-per-cuscino-100-seta\/","og_site_name":"I Love Riccio","article_publisher":"https:\/\/www.facebook.com\/ILoveRiccio","article_modified_time":"2026-04-14T09:48:58+00:00","og_image":[{"width":1080,"height":1080,"url":"https:\/\/www.ilovericcio.com\/wp-content\/uploads\/2020\/08\/cuscino-1.png","type":"image\/png"}],"twitter_card":"summary_large_image","twitter_misc":{"Tempo di lettura stimato":"2 minuti"},"schema":{"@context":"https:\/\/schema.org","@graph":[{"@type":"WebPage","@id":"https:\/\/www.ilovericcio.com\/it\/prodotto\/jessicurl-federa-per-cuscino-100-seta\/","url":"https:\/\/www.ilovericcio.com\/it\/prodotto\/jessicurl-federa-per-cuscino-100-seta\/","name":"Federa cuscino in seta anti crespo per ricci | I Love Riccio","isPartOf":{"@id":"https:\/\/www.ilovericcio.com\/it\/#website"},"primaryImageOfPage":{"@id":"https:\/\/www.ilovericcio.com\/it\/prodotto\/jessicurl-federa-per-cuscino-100-seta\/#primaryimage"},"image":{"@id":"https:\/\/www.ilovericcio.com\/it\/prodotto\/jessicurl-federa-per-cuscino-100-seta\/#primaryimage"},"thumbnailUrl":"https:\/\/www.ilovericcio.com\/wp-content\/uploads\/2020\/08\/cuscino-1.png","datePublished":"2020-08-03T12:11:02+00:00","dateModified":"2026-04-14T09:48:58+00:00","description":"Combatti i capelli crespi e l'invecchiamento cutaneo con la nostra federa in seta per capelli ricci. Non preoccuparti pi\u00f9 delle rughe asimmetriche.","breadcrumb":{"@id":"https:\/\/www.ilovericcio.com\/it\/prodotto\/jessicurl-federa-per-cuscino-100-seta\/#breadcrumb"},"inLanguage":"it-IT","potentialAction":[{"@type":"ReadAction","target":["https:\/\/www.ilovericcio.com\/it\/prodotto\/jessicurl-federa-per-cuscino-100-seta\/"]}]},{"@type":"ImageObject","inLanguage":"it-IT","@id":"https:\/\/www.ilovericcio.com\/it\/prodotto\/jessicurl-federa-per-cuscino-100-seta\/#primaryimage","url":"https:\/\/www.ilovericcio.com\/wp-content\/uploads\/2020\/08\/cuscino-1.png","contentUrl":"https:\/\/www.ilovericcio.com\/wp-content\/uploads\/2020\/08\/cuscino-1.png","width":1080,"height":1080},{"@type":"BreadcrumbList","@id":"https:\/\/www.ilovericcio.com\/it\/prodotto\/jessicurl-federa-per-cuscino-100-seta\/#breadcrumb","itemListElement":[{"@type":"ListItem","position":1,"name":"Home","item":"https:\/\/www.ilovericcio.com\/it\/"},{"@type":"ListItem","position":2,"name":"Shop","item":"https:\/\/www.ilovericcio.com\/it\/shop\/"},{"@type":"ListItem","position":3,"name":"Federa Cuscino Anticrespo in pura seta 100%"}]},{"@type":"WebSite","@id":"https:\/\/www.ilovericcio.com\/it\/#website","url":"https:\/\/www.ilovericcio.com\/it\/","name":"I Love Riccio","description":"Prodotti per capelli ricci creati da noi, perfetti per te","publisher":{"@id":"https:\/\/www.ilovericcio.com\/it\/#organization"},"alternateName":"ilovericcio","potentialAction":[{"@type":"SearchAction","target":{"@type":"EntryPoint","urlTemplate":"https:\/\/www.ilovericcio.com\/it\/?s={search_term_string}"},"query-input":{"@type":"PropertyValueSpecification","valueRequired":true,"valueName":"search_term_string"}}],"inLanguage":"it-IT"},{"@type":"Organization","@id":"https:\/\/www.ilovericcio.com\/it\/#organization","name":"I Love Riccio","alternateName":"ilovericcio","url":"https:\/\/www.ilovericcio.com\/it\/","logo":{"@type":"ImageObject","inLanguage":"it-IT","@id":"https:\/\/www.ilovericcio.com\/it\/#\/schema\/logo\/image\/","url":"https:\/\/www.ilovericcio.com\/wp-content\/uploads\/2022\/10\/I-love-riccio-logo-black-def.png","contentUrl":"https:\/\/www.ilovericcio.com\/wp-content\/uploads\/2022\/10\/I-love-riccio-logo-black-def.png","width":186,"height":41,"caption":"I Love Riccio"},"image":{"@id":"https:\/\/www.ilovericcio.com\/it\/#\/schema\/logo\/image\/"},"sameAs":["https:\/\/www.facebook.com\/ILoveRiccio","https:\/\/www.instagram.com\/i_love_riccio\/","https:\/\/www.youtube.com\/user\/Ilovericcio","https:\/\/it.pinterest.com\/ilovericcio\/","https:\/\/www.tiktok.com\/@i_love_riccio","https:\/\/www.feedaty.com\/recensioni\/ilovericcio"]}]}},"_links":{"self":[{"href":"https:\/\/www.ilovericcio.com\/it\/wp-json\/wp\/v2\/product\/5744","targetHints":{"allow":["GET"]}}],"collection":[{"href":"https:\/\/www.ilovericcio.com\/it\/wp-json\/wp\/v2\/product"}],"about":[{"href":"https:\/\/www.ilovericcio.com\/it\/wp-json\/wp\/v2\/types\/product"}],"wp:featuredmedia":[{"embeddable":true,"href":"https:\/\/www.ilovericcio.com\/it\/wp-json\/wp\/v2\/media\/65218"}],"wp:attachment":[{"href":"https:\/\/www.ilovericcio.com\/it\/wp-json\/wp\/v2\/media?parent=5744"}],"wp:term":[{"taxonomy":"product_brand","embeddable":true,"href":"https:\/\/www.ilovericcio.com\/it\/wp-json\/wp\/v2\/product_brand?post=5744"},{"taxonomy":"product_cat","embeddable":true,"href":"https:\/\/www.ilovericcio.com\/it\/wp-json\/wp\/v2\/product_cat?post=5744"},{"taxonomy":"product_tag","embeddable":true,"href":"https:\/\/www.ilovericcio.com\/it\/wp-json\/wp\/v2\/product_tag?post=5744"}],"curies":[{"name":"wp","href":"https:\/\/api.w.org\/{rel}","templated":true}]}}