{"id":4303,"date":"2020-07-02T15:01:16","date_gmt":"2020-07-02T13:01:16","guid":{"rendered":"https:\/\/www.ilovericcio.it\/?post_type=product&#038;p=4303"},"modified":"2026-04-24T09:45:59","modified_gmt":"2026-04-24T07:45:59","slug":"burro-di-karite-i-love-riccio","status":"publish","type":"product","link":"https:\/\/www.ilovericcio.com\/it\/prodotto\/burro-di-karite-i-love-riccio\/","title":{"rendered":"Burro di Karit\u00e9"},"content":{"rendered":"<p><iframe loading=\"lazy\" style=\"float: left; padding-right: 20px; padding-bottom: 20px;\" src=\"https:\/\/www.youtube.com\/embed\/ij4tTncC0Uw?autoplay=1&amp;rel=0\" width=\"560\" height=\"315\" frameborder=\"0\" allowfullscreen=\"allowfullscreen\"><\/iframe><\/p>\n<p>Il burro di Karit\u00e8 si ricava dalle noci della pianta di Butyrospermum parkii (per questo\u00a0 il suo nome \u00e8 Butyruspermum parkii butter). Questo ingrediente \u00e8 molto utilizzato nella cosmetica naturale ed \u00e8 ricchissimo di Vitamine ed acidi grassi particolarmente affini alla pelle ed ai capelli. Ha propriet\u00e0 riparatrici, protettive, nutrienti ed idratanti. Pu\u00f2 essere utilizzato sui capelli come maschera di bellezza o come disciplinante naturale sui capelli asciutti, al posto di cere e burri minerali, per fissare l&#8217;acconciatura. Il suo utilizzo \u00e8 molto versatile, sia sui capelli che su tutte le parti del corpo bisognose di nutrimento.<\/p>\n<p>100% Naturale Certificato<\/p>\n<p>100ml<\/p>\n<p>&nbsp;<\/p>\n<p>Consigli d\u2019uso<\/p>\n<p>Sciogline a bagnomaria, in base alla lunghezza e alla massa dei tuoi ricci, da 1 a 3 cucchiaini e aggiungilo al prodotto di styling che abitualmente usi. Miscela bene e applica sezione per sezione su tutta la testa. Ideale per ricci grossi e molto secchi dalla tipologia 3B in su.<\/p>\n","protected":false},"excerpt":{"rendered":"<p>Burro di Karit\u00e9 puro nutriente, riparatore, protettivo per capelli e corpo.<\/p>\n","protected":false},"featured_media":103523,"template":"","meta":{"_acf_changed":false},"product_brand":[],"product_cat":[354,356,105],"product_tag":[],"class_list":{"0":"post-4303","1":"product","2":"type-product","3":"status-publish","4":"has-post-thumbnail","6":"product_cat-linea-capelli-ricci-donna","7":"product_cat-linee-capelli-ricci","8":"product_cat-oli-e-burri-capelli-ricci","9":"pa_curl_type-3a-3b-3c","10":"pa_curl_type-4a-4b-4c","11":"pa_curl_type-2a-2b-2c","13":"first","14":"instock","15":"purchasable","16":"product-type-simple"},"acf":[],"yoast_head":"<!-- This site is optimized with the Yoast SEO plugin v27.0 - https:\/\/yoast.com\/product\/yoast-seo-wordpress\/ -->\n<title>Burro di Karit\u00e9 per capelli ricci | I Love Riccio<\/title>\n<meta name=\"description\" content=\"Prova il nostro burro di Karit\u00e9 100% naturale per capelli ricci. Ideale come maschera o disciplinante per fissare l&#039;acconciatura. Acquista ora!\" \/>\n<meta name=\"robots\" content=\"index, follow, max-snippet:-1, max-image-preview:large, max-video-preview:-1\" \/>\n<link rel=\"canonical\" href=\"https:\/\/www.ilovericcio.com\/it\/prodotto\/burro-di-karite-i-love-riccio\/\" \/>\n<meta property=\"og:locale\" content=\"it_IT\" \/>\n<meta property=\"og:type\" content=\"article\" \/>\n<meta property=\"og:title\" content=\"Burro di Karit\u00e9 per capelli ricci | I Love Riccio\" \/>\n<meta property=\"og:description\" content=\"Prova il nostro burro di Karit\u00e9 100% naturale per capelli ricci. Ideale come maschera o disciplinante per fissare l&#039;acconciatura. Acquista ora!\" \/>\n<meta property=\"og:url\" content=\"https:\/\/www.ilovericcio.com\/it\/prodotto\/burro-di-karite-i-love-riccio\/\" \/>\n<meta property=\"og:site_name\" content=\"I Love Riccio\" \/>\n<meta property=\"article:publisher\" content=\"https:\/\/www.facebook.com\/ILoveRiccio\" \/>\n<meta property=\"article:modified_time\" content=\"2026-04-24T07:45:59+00:00\" \/>\n<meta property=\"og:image\" content=\"https:\/\/www.ilovericcio.com\/wp-content\/uploads\/2020\/07\/karite.png\" \/>\n\t<meta property=\"og:image:width\" content=\"1400\" \/>\n\t<meta property=\"og:image:height\" content=\"1400\" \/>\n\t<meta property=\"og:image:type\" content=\"image\/png\" \/>\n<meta name=\"twitter:card\" content=\"summary_large_image\" \/>\n<meta name=\"twitter:label1\" content=\"Tempo di lettura stimato\" \/>\n\t<meta name=\"twitter:data1\" content=\"2 minuti\" \/>\n<script type=\"application\/ld+json\" class=\"yoast-schema-graph\">{\"@context\":\"https:\/\/schema.org\",\"@graph\":[{\"@type\":\"WebPage\",\"@id\":\"https:\/\/www.ilovericcio.com\/it\/prodotto\/burro-di-karite-i-love-riccio\/\",\"url\":\"https:\/\/www.ilovericcio.com\/it\/prodotto\/burro-di-karite-i-love-riccio\/\",\"name\":\"Burro di Karit\u00e9 per capelli ricci | I Love Riccio\",\"isPartOf\":{\"@id\":\"https:\/\/www.ilovericcio.com\/it\/#website\"},\"primaryImageOfPage\":{\"@id\":\"https:\/\/www.ilovericcio.com\/it\/prodotto\/burro-di-karite-i-love-riccio\/#primaryimage\"},\"image\":{\"@id\":\"https:\/\/www.ilovericcio.com\/it\/prodotto\/burro-di-karite-i-love-riccio\/#primaryimage\"},\"thumbnailUrl\":\"https:\/\/www.ilovericcio.com\/wp-content\/uploads\/2020\/07\/karite.png\",\"datePublished\":\"2020-07-02T13:01:16+00:00\",\"dateModified\":\"2026-04-24T07:45:59+00:00\",\"description\":\"Prova il nostro burro di Karit\u00e9 100% naturale per capelli ricci. Ideale come maschera o disciplinante per fissare l'acconciatura. Acquista ora!\",\"breadcrumb\":{\"@id\":\"https:\/\/www.ilovericcio.com\/it\/prodotto\/burro-di-karite-i-love-riccio\/#breadcrumb\"},\"inLanguage\":\"it-IT\",\"potentialAction\":[{\"@type\":\"ReadAction\",\"target\":[\"https:\/\/www.ilovericcio.com\/it\/prodotto\/burro-di-karite-i-love-riccio\/\"]}]},{\"@type\":\"ImageObject\",\"inLanguage\":\"it-IT\",\"@id\":\"https:\/\/www.ilovericcio.com\/it\/prodotto\/burro-di-karite-i-love-riccio\/#primaryimage\",\"url\":\"https:\/\/www.ilovericcio.com\/wp-content\/uploads\/2020\/07\/karite.png\",\"contentUrl\":\"https:\/\/www.ilovericcio.com\/wp-content\/uploads\/2020\/07\/karite.png\",\"width\":1400,\"height\":1400},{\"@type\":\"BreadcrumbList\",\"@id\":\"https:\/\/www.ilovericcio.com\/it\/prodotto\/burro-di-karite-i-love-riccio\/#breadcrumb\",\"itemListElement\":[{\"@type\":\"ListItem\",\"position\":1,\"name\":\"Home\",\"item\":\"https:\/\/www.ilovericcio.com\/it\/\"},{\"@type\":\"ListItem\",\"position\":2,\"name\":\"Shop\",\"item\":\"https:\/\/www.ilovericcio.com\/it\/shop\/\"},{\"@type\":\"ListItem\",\"position\":3,\"name\":\"Burro di Karit\u00e9\"}]},{\"@type\":\"WebSite\",\"@id\":\"https:\/\/www.ilovericcio.com\/it\/#website\",\"url\":\"https:\/\/www.ilovericcio.com\/it\/\",\"name\":\"I Love Riccio\",\"description\":\"Prodotti per capelli ricci creati da noi, perfetti per te\",\"publisher\":{\"@id\":\"https:\/\/www.ilovericcio.com\/it\/#organization\"},\"alternateName\":\"ilovericcio\",\"potentialAction\":[{\"@type\":\"SearchAction\",\"target\":{\"@type\":\"EntryPoint\",\"urlTemplate\":\"https:\/\/www.ilovericcio.com\/it\/?s={search_term_string}\"},\"query-input\":{\"@type\":\"PropertyValueSpecification\",\"valueRequired\":true,\"valueName\":\"search_term_string\"}}],\"inLanguage\":\"it-IT\"},{\"@type\":\"Organization\",\"@id\":\"https:\/\/www.ilovericcio.com\/it\/#organization\",\"name\":\"I Love Riccio\",\"alternateName\":\"ilovericcio\",\"url\":\"https:\/\/www.ilovericcio.com\/it\/\",\"logo\":{\"@type\":\"ImageObject\",\"inLanguage\":\"it-IT\",\"@id\":\"https:\/\/www.ilovericcio.com\/it\/#\/schema\/logo\/image\/\",\"url\":\"https:\/\/www.ilovericcio.com\/wp-content\/uploads\/2022\/10\/I-love-riccio-logo-black-def.png\",\"contentUrl\":\"https:\/\/www.ilovericcio.com\/wp-content\/uploads\/2022\/10\/I-love-riccio-logo-black-def.png\",\"width\":186,\"height\":41,\"caption\":\"I Love Riccio\"},\"image\":{\"@id\":\"https:\/\/www.ilovericcio.com\/it\/#\/schema\/logo\/image\/\"},\"sameAs\":[\"https:\/\/www.facebook.com\/ILoveRiccio\",\"https:\/\/www.instagram.com\/i_love_riccio\/\",\"https:\/\/www.youtube.com\/user\/Ilovericcio\",\"https:\/\/it.pinterest.com\/ilovericcio\/\",\"https:\/\/www.tiktok.com\/@i_love_riccio\",\"https:\/\/www.feedaty.com\/recensioni\/ilovericcio\"]}]}<\/script>\n<!-- \/ Yoast SEO plugin. -->","yoast_head_json":{"title":"Burro di Karit\u00e9 per capelli ricci | I Love Riccio","description":"Prova il nostro burro di Karit\u00e9 100% naturale per capelli ricci. Ideale come maschera o disciplinante per fissare l'acconciatura. Acquista ora!","robots":{"index":"index","follow":"follow","max-snippet":"max-snippet:-1","max-image-preview":"max-image-preview:large","max-video-preview":"max-video-preview:-1"},"canonical":"https:\/\/www.ilovericcio.com\/it\/prodotto\/burro-di-karite-i-love-riccio\/","og_locale":"it_IT","og_type":"article","og_title":"Burro di Karit\u00e9 per capelli ricci | I Love Riccio","og_description":"Prova il nostro burro di Karit\u00e9 100% naturale per capelli ricci. Ideale come maschera o disciplinante per fissare l'acconciatura. Acquista ora!","og_url":"https:\/\/www.ilovericcio.com\/it\/prodotto\/burro-di-karite-i-love-riccio\/","og_site_name":"I Love Riccio","article_publisher":"https:\/\/www.facebook.com\/ILoveRiccio","article_modified_time":"2026-04-24T07:45:59+00:00","og_image":[{"width":1400,"height":1400,"url":"https:\/\/www.ilovericcio.com\/wp-content\/uploads\/2020\/07\/karite.png","type":"image\/png"}],"twitter_card":"summary_large_image","twitter_misc":{"Tempo di lettura stimato":"2 minuti"},"schema":{"@context":"https:\/\/schema.org","@graph":[{"@type":"WebPage","@id":"https:\/\/www.ilovericcio.com\/it\/prodotto\/burro-di-karite-i-love-riccio\/","url":"https:\/\/www.ilovericcio.com\/it\/prodotto\/burro-di-karite-i-love-riccio\/","name":"Burro di Karit\u00e9 per capelli ricci | I Love Riccio","isPartOf":{"@id":"https:\/\/www.ilovericcio.com\/it\/#website"},"primaryImageOfPage":{"@id":"https:\/\/www.ilovericcio.com\/it\/prodotto\/burro-di-karite-i-love-riccio\/#primaryimage"},"image":{"@id":"https:\/\/www.ilovericcio.com\/it\/prodotto\/burro-di-karite-i-love-riccio\/#primaryimage"},"thumbnailUrl":"https:\/\/www.ilovericcio.com\/wp-content\/uploads\/2020\/07\/karite.png","datePublished":"2020-07-02T13:01:16+00:00","dateModified":"2026-04-24T07:45:59+00:00","description":"Prova il nostro burro di Karit\u00e9 100% naturale per capelli ricci. Ideale come maschera o disciplinante per fissare l'acconciatura. Acquista ora!","breadcrumb":{"@id":"https:\/\/www.ilovericcio.com\/it\/prodotto\/burro-di-karite-i-love-riccio\/#breadcrumb"},"inLanguage":"it-IT","potentialAction":[{"@type":"ReadAction","target":["https:\/\/www.ilovericcio.com\/it\/prodotto\/burro-di-karite-i-love-riccio\/"]}]},{"@type":"ImageObject","inLanguage":"it-IT","@id":"https:\/\/www.ilovericcio.com\/it\/prodotto\/burro-di-karite-i-love-riccio\/#primaryimage","url":"https:\/\/www.ilovericcio.com\/wp-content\/uploads\/2020\/07\/karite.png","contentUrl":"https:\/\/www.ilovericcio.com\/wp-content\/uploads\/2020\/07\/karite.png","width":1400,"height":1400},{"@type":"BreadcrumbList","@id":"https:\/\/www.ilovericcio.com\/it\/prodotto\/burro-di-karite-i-love-riccio\/#breadcrumb","itemListElement":[{"@type":"ListItem","position":1,"name":"Home","item":"https:\/\/www.ilovericcio.com\/it\/"},{"@type":"ListItem","position":2,"name":"Shop","item":"https:\/\/www.ilovericcio.com\/it\/shop\/"},{"@type":"ListItem","position":3,"name":"Burro di Karit\u00e9"}]},{"@type":"WebSite","@id":"https:\/\/www.ilovericcio.com\/it\/#website","url":"https:\/\/www.ilovericcio.com\/it\/","name":"I Love Riccio","description":"Prodotti per capelli ricci creati da noi, perfetti per te","publisher":{"@id":"https:\/\/www.ilovericcio.com\/it\/#organization"},"alternateName":"ilovericcio","potentialAction":[{"@type":"SearchAction","target":{"@type":"EntryPoint","urlTemplate":"https:\/\/www.ilovericcio.com\/it\/?s={search_term_string}"},"query-input":{"@type":"PropertyValueSpecification","valueRequired":true,"valueName":"search_term_string"}}],"inLanguage":"it-IT"},{"@type":"Organization","@id":"https:\/\/www.ilovericcio.com\/it\/#organization","name":"I Love Riccio","alternateName":"ilovericcio","url":"https:\/\/www.ilovericcio.com\/it\/","logo":{"@type":"ImageObject","inLanguage":"it-IT","@id":"https:\/\/www.ilovericcio.com\/it\/#\/schema\/logo\/image\/","url":"https:\/\/www.ilovericcio.com\/wp-content\/uploads\/2022\/10\/I-love-riccio-logo-black-def.png","contentUrl":"https:\/\/www.ilovericcio.com\/wp-content\/uploads\/2022\/10\/I-love-riccio-logo-black-def.png","width":186,"height":41,"caption":"I Love Riccio"},"image":{"@id":"https:\/\/www.ilovericcio.com\/it\/#\/schema\/logo\/image\/"},"sameAs":["https:\/\/www.facebook.com\/ILoveRiccio","https:\/\/www.instagram.com\/i_love_riccio\/","https:\/\/www.youtube.com\/user\/Ilovericcio","https:\/\/it.pinterest.com\/ilovericcio\/","https:\/\/www.tiktok.com\/@i_love_riccio","https:\/\/www.feedaty.com\/recensioni\/ilovericcio"]}]}},"_links":{"self":[{"href":"https:\/\/www.ilovericcio.com\/it\/wp-json\/wp\/v2\/product\/4303","targetHints":{"allow":["GET"]}}],"collection":[{"href":"https:\/\/www.ilovericcio.com\/it\/wp-json\/wp\/v2\/product"}],"about":[{"href":"https:\/\/www.ilovericcio.com\/it\/wp-json\/wp\/v2\/types\/product"}],"wp:featuredmedia":[{"embeddable":true,"href":"https:\/\/www.ilovericcio.com\/it\/wp-json\/wp\/v2\/media\/103523"}],"wp:attachment":[{"href":"https:\/\/www.ilovericcio.com\/it\/wp-json\/wp\/v2\/media?parent=4303"}],"wp:term":[{"taxonomy":"product_brand","embeddable":true,"href":"https:\/\/www.ilovericcio.com\/it\/wp-json\/wp\/v2\/product_brand?post=4303"},{"taxonomy":"product_cat","embeddable":true,"href":"https:\/\/www.ilovericcio.com\/it\/wp-json\/wp\/v2\/product_cat?post=4303"},{"taxonomy":"product_tag","embeddable":true,"href":"https:\/\/www.ilovericcio.com\/it\/wp-json\/wp\/v2\/product_tag?post=4303"}],"curies":[{"name":"wp","href":"https:\/\/api.w.org\/{rel}","templated":true}]}}