{"id":3396,"date":"2020-03-05T14:49:44","date_gmt":"2020-03-05T13:49:44","guid":{"rendered":"http:\/\/ilovericcio.it\/shop\/senza%20categoria\/balby-cream-maschera-super-idratante-e-nutriente\/"},"modified":"2026-04-24T17:56:56","modified_gmt":"2026-04-24T15:56:56","slug":"balby-cream-maschera-super-idratante-e-nutriente","status":"publish","type":"product","link":"https:\/\/www.ilovericcio.com\/it\/prodotto\/balby-cream-maschera-super-idratante-e-nutriente\/","title":{"rendered":"Balby Cream\u00ae Maschera Super Nutriente I Love Riccio"},"content":{"rendered":"<p>[vc_row][vc_column][vc_row_inner][vc_column_inner width=&#8221;1\/2&#8243; is_sticky=&#8221;yes&#8221; sticky_min_width=&#8221;767&#8243; sticky_top=&#8221;200&#8243; sticky_bottom=&#8221;0&#8243;][vc_column_text]<iframe loading=\"lazy\" style=\"float: left; padding-right: 20px; padding-bottom: 20px;\" src=\"https:\/\/www.youtube.com\/embed\/dA-Of9e5WwY?autoplay=1&amp;rel=0\" width=\"560\" height=\"315\" frameborder=\"0\" allowfullscreen=\"allowfullscreen\"><\/iframe><\/p>\n<div class=\"vc_row wpb_row row\">\n<div class=\"vc_column_container col-md-12\">\n<div class=\"wpb_wrapper vc_column-inner\">\n<div id=\"https:\/\/www.youtube.com\/watch?v=RwEtsaa1_RM\" class=\"mfp-hide \">\n<div class=\"porto-modal-content\"><\/div>\n<\/div>\n<\/div>\n<\/div>\n<\/div>\n<p>[\/vc_column_text][\/vc_column_inner][vc_column_inner width=&#8221;1\/2&#8243;][vc_column_text]<strong>COS\u2019\u00c8:<br \/>\n<\/strong><span style=\"font-weight: 400;\"><strong>Balby Cream<\/strong> \u00e8 una maschera idratante e nutriente capelli mossi o ricci che necessitano di un alto grado di nutrimento e idratazione. Si tratta di un vero e proprio concentrato di nutrizione in quanto nella sua formula sono presenti olio di mais, olio di semi di ippocastano e di rosa selvatica, olio di cocco, argan e macadamia. Il formato da 500 grammi, inoltre, \u00e8 perfetto per tutte quelle ragazze dalla chioma folta e lunga.<\/span>[\/vc_column_text][vc_separator][vc_column_text]<strong>A COSA SERVE:<br \/>\n<\/strong><span style=\"font-weight: 400;\">Questa maschera \u00e8 ideale per nutrire e idratare in profondit\u00e0 capelli ricci particolarmente folti, lunghi e spessi. Se i tuoi ricci sono molto grossi e secchi, hanno bisogno di riacquisire idratazione ed elasticit\u00e0; Balby Cream \u00e8 il prodotto perfetto per te! Il suo formato da 500 grammi \u00e8 stato studiato proprio per grandi masse di capelli, specialmente se molto porosi e che tendono a seccarsi facilmente.<\/span>[\/vc_column_text][vc_separator][vc_column_text]<strong>A CHI NON \u00c8 INDICATA:<br \/>\n<\/strong>Balby cream non \u00e8 indicata se hai capelli ricci sottili; in questo caso, meglio la <a href=\"https:\/\/www.ilovericcio.it\/prodotto\/i-love-riccio-delight-milk\/\"><strong>delight milk<\/strong><\/a>\u00a0o la <a href=\"https:\/\/www.ilovericcio.it\/prodotto\/i-love-riccio-curl-switch\/\"><strong>curl switch<\/strong><\/a> se hai capelli particolarmente secchi[\/vc_column_text][vc_separator][vc_column_text]<strong>COME SI USA:<br \/>\n<\/strong><\/p>\n<div class=\"curly-link prodotti-i-love sticky-bannerino\">\n<p><a href=\"https:\/\/www.ilovericcio.it\/bugiardino-scheda-prodotto\/ILOVERICCIO_BUGIARDINO.pdf\" target=\"_blank\" rel=\"noopener\">SCARICA LA GUIDA COMPLETA<br \/>\nALL&#8217;USO DEI PRODOTTI I LOVE RICCIO<\/a><\/p>\n<div class=\"cont-freccia\"><a href=\"https:\/\/www.ilovericcio.it\/bugiardino-scheda-prodotto\/ILOVERICCIO_BUGIARDINO.pdf\" target=\"_blank\" rel=\"noopener\"><img decoding=\"async\" src=\"https:\/\/www.ilovericcio.it\/wp-content\/uploads\/2021\/10\/downoald.png\" \/><\/a><\/div>\n<\/div>\n<p>Applicate una noce di prodotto dopo aver lavato i capelli ricci, distribuendo bene la maschera su lunghezze e punte, districando e massaggiando i ricci con le mani. Lasciate in posa dai 5 ai 15 minuti ( a seconda di quanto i vostri capelli ricci sono disidratati) e risciacquate a seconda del livello di idratazione desiderato. Risciacquate per 5 secondi consecutivi se avete un riccio molto secco e crespo, 15 secondi se avete un riccio normale.[\/vc_column_text][vc_separator][vc_column_text]<strong>PERCH\u00c8 AMERAI BALBY CREAM:<br \/>\n<\/strong><span style=\"font-weight: 400;\">Utilizzando\u00a0<\/span><b>Balby Cream<\/b><span style=\"font-weight: 400;\">\u00a0sentirai immediatamente i tuoi capelli passare da una condizione di aridit\u00e0 a una di morbidezza, idratazione ed elasticit\u00e0. Potrai percepirli mentre scorrono fra le dita morbidi e corposi; anche lo styling successivo risulter\u00e0 pi\u00f9 performante, in quanto sar\u00e0 applicato su un riccio molto morbido e nutrito.<\/span>[\/vc_column_text][vc_separator][vc_column_text]<strong>TEXTURE:<br \/>\n<\/strong>Morbida e cremosa.[\/vc_column_text][vc_separator][vc_column_text]<strong>SOSTANZE FUNZIONALI:<br \/>\n<\/strong><span style=\"font-weight: 400;\">Vitamine del gruppo B, Vitamina A, Vitamina E, olio di cocco, macadamia, jojoba, mais, rosa selvatica, semi di ippocastano\u00a0<\/span>[\/vc_column_text][vc_separator][vc_column_text]<b>FAQ<\/b>[\/vc_column_text][vc_toggle title=&#8221;Posso usarla ad ogni lavaggio?&#8221;]Certamente[\/vc_toggle][vc_toggle title=&#8221;Posso tenerla in posa tutta la notte?&#8221;]Certo, far\u00e0 solo bene ai ricci.[\/vc_toggle][vc_toggle title=&#8221;Posso usarla insieme allo styling per apportare maggiore nutrizione?&#8221;]S\u00ec. Render\u00e0 lo styling pi\u00f9 idratante.[\/vc_toggle][vc_separator][vc_column_text]<strong>INCI:<\/strong> aqua (water), myristyl alcohol, propylene glycol, caprilic capryc triglycerides, behentrimonium chloride, cetearyl alcohol, aesculus hippocastanum seed extract, cocos nucifera oil (coconut oil), simmondsia chinensis oil, argania spinosa oil, rosa moschata seed oil, macadamia ternifolia seed oil, zea mays oil, calcium pantothenate, polyquaternium 10, biotin, inositol, retinol, tocopheryl acetate, peg-20 castor oil, glycerin, alcohol denat., methylchloroisothiazolinone, methylisothiazolinone, magnesium chloride, magnesium nitrate, citric acid, sodium benzoate, potassium sorbate, parfum (fragrance), benzyl salicylate.<\/p>\n<p>Quantit\u00e0: 500gr[\/vc_column_text][\/vc_column_inner][\/vc_row_inner][\/vc_column][\/vc_row]<\/p>\n","protected":false},"excerpt":{"rendered":"<p><strong>Balby Cream<\/strong> \u00e8 una maschera idratante, ideale se hai grandi masse di capelli che necessitano di una <strong>forte idratazione e nutrimento<\/strong>. Il formato da 500 grammi \u00e8 perfetto per chiome folte e lunghe; la fusione di diversi oli vegetali pregiati la rende<strong> super idratante<\/strong>!<\/p>\n","protected":false},"featured_media":65406,"template":"","meta":{"_acf_changed":false},"product_brand":[],"product_cat":[99,240,104,354,356,368,366,367],"product_tag":[260,261,262,263,275,277,269,271,282,283],"class_list":{"0":"post-3396","1":"product","2":"type-product","3":"status-publish","4":"has-post-thumbnail","6":"product_cat-conditioner-capelli-ricci","7":"product_cat-deep-conditioner","8":"product_cat-i-love-riccio","9":"product_cat-linea-capelli-ricci-donna","10":"product_cat-linee-capelli-ricci","11":"product_cat-prodotti-per-capelli-crespi","12":"product_cat-prodotti-per-capelli-ondulati","13":"product_cat-prodotti-per-capelli-ricci","14":"product_tag-curly-test-10","15":"product_tag-curly-test-11","16":"product_tag-curly-test-12","17":"product_tag-curly-test-13","18":"product_tag-curly-test-15","19":"product_tag-curly-test-18","20":"product_tag-curly-test-19","21":"product_tag-curly-test-21","22":"product_tag-curly-test-22","23":"product_tag-curly-test-24","24":"pa_curl_type-3a-3b-3c","25":"pa_curl_type-4a-4b-4c","26":"pa_curl_type-2a-2b-2c","28":"first","29":"instock","30":"purchasable","31":"product-type-simple"},"acf":[],"yoast_head":"<!-- This site is optimized with the Yoast SEO plugin v27.0 - https:\/\/yoast.com\/product\/yoast-seo-wordpress\/ -->\n<title>Maschera idratante e nutriente per capelli ricci Balby Cream\u00ae | I Love Riccio<\/title>\n<meta name=\"description\" content=\"Scopri Balby Cream, la maschera super idratante per capelli ricci. Con oli naturali ti regaler\u00e0 ricci elastici e nutriti. Acquistala online sul sito!\" \/>\n<meta name=\"robots\" content=\"index, follow, max-snippet:-1, max-image-preview:large, max-video-preview:-1\" \/>\n<link rel=\"canonical\" href=\"https:\/\/www.ilovericcio.com\/it\/prodotto\/balby-cream-maschera-super-idratante-e-nutriente\/\" \/>\n<meta property=\"og:locale\" content=\"it_IT\" \/>\n<meta property=\"og:type\" content=\"article\" \/>\n<meta property=\"og:title\" content=\"Maschera idratante e nutriente per capelli ricci Balby Cream\u00ae | I Love Riccio\" \/>\n<meta property=\"og:description\" content=\"Scopri Balby Cream, la maschera super idratante per capelli ricci. Con oli naturali ti regaler\u00e0 ricci elastici e nutriti. Acquistala online sul sito!\" \/>\n<meta property=\"og:url\" content=\"https:\/\/www.ilovericcio.com\/it\/prodotto\/balby-cream-maschera-super-idratante-e-nutriente\/\" \/>\n<meta property=\"og:site_name\" content=\"I Love Riccio\" \/>\n<meta property=\"article:publisher\" content=\"https:\/\/www.facebook.com\/ILoveRiccio\" \/>\n<meta property=\"article:modified_time\" content=\"2026-04-24T15:56:56+00:00\" \/>\n<meta property=\"og:image\" content=\"https:\/\/www.ilovericcio.com\/wp-content\/uploads\/2020\/03\/balby-cream-2.png\" \/>\n\t<meta property=\"og:image:width\" content=\"1080\" \/>\n\t<meta property=\"og:image:height\" content=\"1080\" \/>\n\t<meta property=\"og:image:type\" content=\"image\/png\" \/>\n<meta name=\"twitter:card\" content=\"summary_large_image\" \/>\n<meta name=\"twitter:label1\" content=\"Tempo di lettura stimato\" \/>\n\t<meta name=\"twitter:data1\" content=\"3 minuti\" \/>\n<script type=\"application\/ld+json\" class=\"yoast-schema-graph\">{\"@context\":\"https:\/\/schema.org\",\"@graph\":[{\"@type\":\"WebPage\",\"@id\":\"https:\/\/www.ilovericcio.com\/it\/prodotto\/balby-cream-maschera-super-idratante-e-nutriente\/\",\"url\":\"https:\/\/www.ilovericcio.com\/it\/prodotto\/balby-cream-maschera-super-idratante-e-nutriente\/\",\"name\":\"Maschera idratante e nutriente per capelli ricci Balby Cream\u00ae | I Love Riccio\",\"isPartOf\":{\"@id\":\"https:\/\/www.ilovericcio.com\/it\/#website\"},\"primaryImageOfPage\":{\"@id\":\"https:\/\/www.ilovericcio.com\/it\/prodotto\/balby-cream-maschera-super-idratante-e-nutriente\/#primaryimage\"},\"image\":{\"@id\":\"https:\/\/www.ilovericcio.com\/it\/prodotto\/balby-cream-maschera-super-idratante-e-nutriente\/#primaryimage\"},\"thumbnailUrl\":\"https:\/\/www.ilovericcio.com\/wp-content\/uploads\/2020\/03\/balby-cream-2.png\",\"datePublished\":\"2020-03-05T13:49:44+00:00\",\"dateModified\":\"2026-04-24T15:56:56+00:00\",\"description\":\"Scopri Balby Cream, la maschera super idratante per capelli ricci. Con oli naturali ti regaler\u00e0 ricci elastici e nutriti. Acquistala online sul sito!\",\"breadcrumb\":{\"@id\":\"https:\/\/www.ilovericcio.com\/it\/prodotto\/balby-cream-maschera-super-idratante-e-nutriente\/#breadcrumb\"},\"inLanguage\":\"it-IT\",\"potentialAction\":[{\"@type\":\"ReadAction\",\"target\":[\"https:\/\/www.ilovericcio.com\/it\/prodotto\/balby-cream-maschera-super-idratante-e-nutriente\/\"]}]},{\"@type\":\"ImageObject\",\"inLanguage\":\"it-IT\",\"@id\":\"https:\/\/www.ilovericcio.com\/it\/prodotto\/balby-cream-maschera-super-idratante-e-nutriente\/#primaryimage\",\"url\":\"https:\/\/www.ilovericcio.com\/wp-content\/uploads\/2020\/03\/balby-cream-2.png\",\"contentUrl\":\"https:\/\/www.ilovericcio.com\/wp-content\/uploads\/2020\/03\/balby-cream-2.png\",\"width\":1080,\"height\":1080},{\"@type\":\"BreadcrumbList\",\"@id\":\"https:\/\/www.ilovericcio.com\/it\/prodotto\/balby-cream-maschera-super-idratante-e-nutriente\/#breadcrumb\",\"itemListElement\":[{\"@type\":\"ListItem\",\"position\":1,\"name\":\"Home\",\"item\":\"https:\/\/www.ilovericcio.com\/it\/\"},{\"@type\":\"ListItem\",\"position\":2,\"name\":\"Shop\",\"item\":\"https:\/\/www.ilovericcio.com\/it\/shop\/\"},{\"@type\":\"ListItem\",\"position\":3,\"name\":\"Balby Cream\u00ae Maschera Super Nutriente I Love Riccio\"}]},{\"@type\":\"WebSite\",\"@id\":\"https:\/\/www.ilovericcio.com\/it\/#website\",\"url\":\"https:\/\/www.ilovericcio.com\/it\/\",\"name\":\"I Love Riccio\",\"description\":\"Prodotti per capelli ricci creati da noi, perfetti per te\",\"publisher\":{\"@id\":\"https:\/\/www.ilovericcio.com\/it\/#organization\"},\"alternateName\":\"ilovericcio\",\"potentialAction\":[{\"@type\":\"SearchAction\",\"target\":{\"@type\":\"EntryPoint\",\"urlTemplate\":\"https:\/\/www.ilovericcio.com\/it\/?s={search_term_string}\"},\"query-input\":{\"@type\":\"PropertyValueSpecification\",\"valueRequired\":true,\"valueName\":\"search_term_string\"}}],\"inLanguage\":\"it-IT\"},{\"@type\":\"Organization\",\"@id\":\"https:\/\/www.ilovericcio.com\/it\/#organization\",\"name\":\"I Love Riccio\",\"alternateName\":\"ilovericcio\",\"url\":\"https:\/\/www.ilovericcio.com\/it\/\",\"logo\":{\"@type\":\"ImageObject\",\"inLanguage\":\"it-IT\",\"@id\":\"https:\/\/www.ilovericcio.com\/it\/#\/schema\/logo\/image\/\",\"url\":\"https:\/\/www.ilovericcio.com\/wp-content\/uploads\/2022\/10\/I-love-riccio-logo-black-def.png\",\"contentUrl\":\"https:\/\/www.ilovericcio.com\/wp-content\/uploads\/2022\/10\/I-love-riccio-logo-black-def.png\",\"width\":186,\"height\":41,\"caption\":\"I Love Riccio\"},\"image\":{\"@id\":\"https:\/\/www.ilovericcio.com\/it\/#\/schema\/logo\/image\/\"},\"sameAs\":[\"https:\/\/www.facebook.com\/ILoveRiccio\",\"https:\/\/www.instagram.com\/i_love_riccio\/\",\"https:\/\/www.youtube.com\/user\/Ilovericcio\",\"https:\/\/it.pinterest.com\/ilovericcio\/\",\"https:\/\/www.tiktok.com\/@i_love_riccio\",\"https:\/\/www.feedaty.com\/recensioni\/ilovericcio\"]}]}<\/script>\n<!-- \/ Yoast SEO plugin. -->","yoast_head_json":{"title":"Maschera idratante e nutriente per capelli ricci Balby Cream\u00ae | I Love Riccio","description":"Scopri Balby Cream, la maschera super idratante per capelli ricci. Con oli naturali ti regaler\u00e0 ricci elastici e nutriti. Acquistala online sul sito!","robots":{"index":"index","follow":"follow","max-snippet":"max-snippet:-1","max-image-preview":"max-image-preview:large","max-video-preview":"max-video-preview:-1"},"canonical":"https:\/\/www.ilovericcio.com\/it\/prodotto\/balby-cream-maschera-super-idratante-e-nutriente\/","og_locale":"it_IT","og_type":"article","og_title":"Maschera idratante e nutriente per capelli ricci Balby Cream\u00ae | I Love Riccio","og_description":"Scopri Balby Cream, la maschera super idratante per capelli ricci. Con oli naturali ti regaler\u00e0 ricci elastici e nutriti. Acquistala online sul sito!","og_url":"https:\/\/www.ilovericcio.com\/it\/prodotto\/balby-cream-maschera-super-idratante-e-nutriente\/","og_site_name":"I Love Riccio","article_publisher":"https:\/\/www.facebook.com\/ILoveRiccio","article_modified_time":"2026-04-24T15:56:56+00:00","og_image":[{"width":1080,"height":1080,"url":"https:\/\/www.ilovericcio.com\/wp-content\/uploads\/2020\/03\/balby-cream-2.png","type":"image\/png"}],"twitter_card":"summary_large_image","twitter_misc":{"Tempo di lettura stimato":"3 minuti"},"schema":{"@context":"https:\/\/schema.org","@graph":[{"@type":"WebPage","@id":"https:\/\/www.ilovericcio.com\/it\/prodotto\/balby-cream-maschera-super-idratante-e-nutriente\/","url":"https:\/\/www.ilovericcio.com\/it\/prodotto\/balby-cream-maschera-super-idratante-e-nutriente\/","name":"Maschera idratante e nutriente per capelli ricci Balby Cream\u00ae | I Love Riccio","isPartOf":{"@id":"https:\/\/www.ilovericcio.com\/it\/#website"},"primaryImageOfPage":{"@id":"https:\/\/www.ilovericcio.com\/it\/prodotto\/balby-cream-maschera-super-idratante-e-nutriente\/#primaryimage"},"image":{"@id":"https:\/\/www.ilovericcio.com\/it\/prodotto\/balby-cream-maschera-super-idratante-e-nutriente\/#primaryimage"},"thumbnailUrl":"https:\/\/www.ilovericcio.com\/wp-content\/uploads\/2020\/03\/balby-cream-2.png","datePublished":"2020-03-05T13:49:44+00:00","dateModified":"2026-04-24T15:56:56+00:00","description":"Scopri Balby Cream, la maschera super idratante per capelli ricci. Con oli naturali ti regaler\u00e0 ricci elastici e nutriti. Acquistala online sul sito!","breadcrumb":{"@id":"https:\/\/www.ilovericcio.com\/it\/prodotto\/balby-cream-maschera-super-idratante-e-nutriente\/#breadcrumb"},"inLanguage":"it-IT","potentialAction":[{"@type":"ReadAction","target":["https:\/\/www.ilovericcio.com\/it\/prodotto\/balby-cream-maschera-super-idratante-e-nutriente\/"]}]},{"@type":"ImageObject","inLanguage":"it-IT","@id":"https:\/\/www.ilovericcio.com\/it\/prodotto\/balby-cream-maschera-super-idratante-e-nutriente\/#primaryimage","url":"https:\/\/www.ilovericcio.com\/wp-content\/uploads\/2020\/03\/balby-cream-2.png","contentUrl":"https:\/\/www.ilovericcio.com\/wp-content\/uploads\/2020\/03\/balby-cream-2.png","width":1080,"height":1080},{"@type":"BreadcrumbList","@id":"https:\/\/www.ilovericcio.com\/it\/prodotto\/balby-cream-maschera-super-idratante-e-nutriente\/#breadcrumb","itemListElement":[{"@type":"ListItem","position":1,"name":"Home","item":"https:\/\/www.ilovericcio.com\/it\/"},{"@type":"ListItem","position":2,"name":"Shop","item":"https:\/\/www.ilovericcio.com\/it\/shop\/"},{"@type":"ListItem","position":3,"name":"Balby Cream\u00ae Maschera Super Nutriente I Love Riccio"}]},{"@type":"WebSite","@id":"https:\/\/www.ilovericcio.com\/it\/#website","url":"https:\/\/www.ilovericcio.com\/it\/","name":"I Love Riccio","description":"Prodotti per capelli ricci creati da noi, perfetti per te","publisher":{"@id":"https:\/\/www.ilovericcio.com\/it\/#organization"},"alternateName":"ilovericcio","potentialAction":[{"@type":"SearchAction","target":{"@type":"EntryPoint","urlTemplate":"https:\/\/www.ilovericcio.com\/it\/?s={search_term_string}"},"query-input":{"@type":"PropertyValueSpecification","valueRequired":true,"valueName":"search_term_string"}}],"inLanguage":"it-IT"},{"@type":"Organization","@id":"https:\/\/www.ilovericcio.com\/it\/#organization","name":"I Love Riccio","alternateName":"ilovericcio","url":"https:\/\/www.ilovericcio.com\/it\/","logo":{"@type":"ImageObject","inLanguage":"it-IT","@id":"https:\/\/www.ilovericcio.com\/it\/#\/schema\/logo\/image\/","url":"https:\/\/www.ilovericcio.com\/wp-content\/uploads\/2022\/10\/I-love-riccio-logo-black-def.png","contentUrl":"https:\/\/www.ilovericcio.com\/wp-content\/uploads\/2022\/10\/I-love-riccio-logo-black-def.png","width":186,"height":41,"caption":"I Love Riccio"},"image":{"@id":"https:\/\/www.ilovericcio.com\/it\/#\/schema\/logo\/image\/"},"sameAs":["https:\/\/www.facebook.com\/ILoveRiccio","https:\/\/www.instagram.com\/i_love_riccio\/","https:\/\/www.youtube.com\/user\/Ilovericcio","https:\/\/it.pinterest.com\/ilovericcio\/","https:\/\/www.tiktok.com\/@i_love_riccio","https:\/\/www.feedaty.com\/recensioni\/ilovericcio"]}]}},"_links":{"self":[{"href":"https:\/\/www.ilovericcio.com\/it\/wp-json\/wp\/v2\/product\/3396","targetHints":{"allow":["GET"]}}],"collection":[{"href":"https:\/\/www.ilovericcio.com\/it\/wp-json\/wp\/v2\/product"}],"about":[{"href":"https:\/\/www.ilovericcio.com\/it\/wp-json\/wp\/v2\/types\/product"}],"wp:featuredmedia":[{"embeddable":true,"href":"https:\/\/www.ilovericcio.com\/it\/wp-json\/wp\/v2\/media\/65406"}],"wp:attachment":[{"href":"https:\/\/www.ilovericcio.com\/it\/wp-json\/wp\/v2\/media?parent=3396"}],"wp:term":[{"taxonomy":"product_brand","embeddable":true,"href":"https:\/\/www.ilovericcio.com\/it\/wp-json\/wp\/v2\/product_brand?post=3396"},{"taxonomy":"product_cat","embeddable":true,"href":"https:\/\/www.ilovericcio.com\/it\/wp-json\/wp\/v2\/product_cat?post=3396"},{"taxonomy":"product_tag","embeddable":true,"href":"https:\/\/www.ilovericcio.com\/it\/wp-json\/wp\/v2\/product_tag?post=3396"}],"curies":[{"name":"wp","href":"https:\/\/api.w.org\/{rel}","templated":true}]}}