{"id":3305,"date":"2020-03-05T14:49:04","date_gmt":"2020-03-05T13:49:04","guid":{"rendered":"http:\/\/ilovericcio.it\/shop\/senza%20categoria\/i-love-riccio-kit-solare-protezione-capelli\/"},"modified":"2026-02-26T17:37:55","modified_gmt":"2026-02-26T16:37:55","slug":"i-love-riccio-kit-solare-protezione-capelli","status":"publish","type":"product","link":"https:\/\/www.ilovericcio.com\/it\/prodotto\/i-love-riccio-kit-solare-protezione-capelli\/","title":{"rendered":"Kit Protezione Solare I Love Riccio"},"content":{"rendered":"<p><iframe loading=\"lazy\" style=\"float: left; padding-right: 20px; padding-bottom: 20px;\" src=\"https:\/\/www.youtube.com\/embed\/iWY8ztRmHNk?autoplay=1&amp;rel=0\" width=\"560\" height=\"315\" frameborder=\"0\" allowfullscreen=\"allowfullscreen\"><span data-mce-type=\"bookmark\" style=\"display: inline-block; width: 0px; overflow: hidden; line-height: 0;\" class=\"mce_SELRES_start\"><\/span><\/iframe><\/p>\n<p>Shampoo ultradelicato protettivo e idratante a base di Argan, Macadamia e Jojoba. Grazie alla sua formulazione rende i ricci morbidi ed elastici.<\/p>\n<p>Modo d&#8217;uso<br \/>\ndetergere i capelli distribuendo il prodotto uniformemente su tutti i ricci, emulsionare, quindi risciacquare abbondantemente .<\/p>\n<p class=\"formato-multiplo\">KIT SOLARE PROTEZIONE CAPELLI 250 ml<\/p>\n<p>Una miscela di oli ( Macadamia, Argan e Jojoba ) e sostanze nutritive e protettive per prevenire i danni causati dal sole ed eliminare i residui dannosi di cloro e salsedine.<br \/>\nI Ricci saranno schermati dal sole, il colore durer\u00e0 di pi\u00f9, non si disidrateranno e manterranno la loro elasticit\u00e0 evitando doppie punte e rotture .<br \/>\nOttimo anche durante l&#8217;anno per proteggere i ricci dal cloro della piscina<\/p>\n<p>Modo d&#8217;uso<\/p>\n<p>Nebulizzare pi\u00f9&#8217; volte al giorno sui capelli<\/p>\n<p class=\"formato-multiplo\">KIT SOLARE PROTEZIONE CAPELLI 125 ml<\/p>\n<p>&nbsp;<\/p>\n","protected":false},"excerpt":{"rendered":"<p><b>Sun Defence + Curl Elisir Sun Protection<\/b><\/p>\n<p>Un Kit solare ideale per proteggere e idratare i vostri ricci anche al mare.<\/p>\n","protected":false},"featured_media":316784,"template":"","meta":{"_acf_changed":false},"product_brand":[],"product_cat":[104,360,102,354,356],"product_tag":[],"class_list":{"0":"post-3305","1":"product","2":"type-product","3":"status-publish","4":"has-post-thumbnail","6":"product_cat-i-love-riccio","7":"product_cat-idee-regalo","8":"product_cat-kit-capelli-ricci","9":"product_cat-linea-capelli-ricci-donna","10":"product_cat-linee-capelli-ricci","11":"pa_curl_type-3a-3b-3c","12":"pa_curl_type-4a-4b-4c","13":"pa_curl_type-2a-2b-2c","15":"first","16":"instock","17":"purchasable","18":"product-type-simple"},"acf":[],"yoast_head":"<!-- This site is optimized with the Yoast SEO plugin v27.0 - https:\/\/yoast.com\/product\/yoast-seo-wordpress\/ -->\n<title>Kit per la protezione solare dei capelli ricci | I Love Riccio<\/title>\n<meta name=\"description\" content=\"Proteggi i tuoi capelli ricci dal sole, salsedine e cloro con il nostro kit. Scopri lo shampoo e l&#039;olio studiati per difendere i capelli dai raggi UV, cloro e saldedine.\" \/>\n<meta name=\"robots\" content=\"index, follow, max-snippet:-1, max-image-preview:large, max-video-preview:-1\" \/>\n<link rel=\"canonical\" href=\"https:\/\/www.ilovericcio.com\/it\/prodotto\/i-love-riccio-kit-solare-protezione-capelli\/\" \/>\n<meta property=\"og:locale\" content=\"it_IT\" \/>\n<meta property=\"og:type\" content=\"article\" \/>\n<meta property=\"og:title\" content=\"Kit per la protezione solare dei capelli ricci | I Love Riccio\" \/>\n<meta property=\"og:description\" content=\"Proteggi i tuoi capelli ricci dal sole, salsedine e cloro con il nostro kit. Scopri lo shampoo e l&#039;olio studiati per difendere i capelli dai raggi UV, cloro e saldedine.\" \/>\n<meta property=\"og:url\" content=\"https:\/\/www.ilovericcio.com\/it\/prodotto\/i-love-riccio-kit-solare-protezione-capelli\/\" \/>\n<meta property=\"og:site_name\" content=\"I Love Riccio\" \/>\n<meta property=\"article:publisher\" content=\"https:\/\/www.facebook.com\/ILoveRiccio\" \/>\n<meta property=\"article:modified_time\" content=\"2026-02-26T16:37:55+00:00\" \/>\n<meta property=\"og:image\" content=\"https:\/\/www.ilovericcio.com\/wp-content\/uploads\/2020\/03\/kit-solare-2025-1.png\" \/>\n\t<meta property=\"og:image:width\" content=\"952\" \/>\n\t<meta property=\"og:image:height\" content=\"952\" \/>\n\t<meta property=\"og:image:type\" content=\"image\/png\" \/>\n<meta name=\"twitter:card\" content=\"summary_large_image\" \/>\n<meta name=\"twitter:label1\" content=\"Tempo di lettura stimato\" \/>\n\t<meta name=\"twitter:data1\" content=\"1 minuto\" \/>\n<script type=\"application\/ld+json\" class=\"yoast-schema-graph\">{\"@context\":\"https:\/\/schema.org\",\"@graph\":[{\"@type\":\"WebPage\",\"@id\":\"https:\/\/www.ilovericcio.com\/it\/prodotto\/i-love-riccio-kit-solare-protezione-capelli\/\",\"url\":\"https:\/\/www.ilovericcio.com\/it\/prodotto\/i-love-riccio-kit-solare-protezione-capelli\/\",\"name\":\"Kit per la protezione solare dei capelli ricci | I Love Riccio\",\"isPartOf\":{\"@id\":\"https:\/\/www.ilovericcio.com\/it\/#website\"},\"primaryImageOfPage\":{\"@id\":\"https:\/\/www.ilovericcio.com\/it\/prodotto\/i-love-riccio-kit-solare-protezione-capelli\/#primaryimage\"},\"image\":{\"@id\":\"https:\/\/www.ilovericcio.com\/it\/prodotto\/i-love-riccio-kit-solare-protezione-capelli\/#primaryimage\"},\"thumbnailUrl\":\"https:\/\/www.ilovericcio.com\/wp-content\/uploads\/2020\/03\/kit-solare-2025-1.png\",\"datePublished\":\"2020-03-05T13:49:04+00:00\",\"dateModified\":\"2026-02-26T16:37:55+00:00\",\"description\":\"Proteggi i tuoi capelli ricci dal sole, salsedine e cloro con il nostro kit. Scopri lo shampoo e l'olio studiati per difendere i capelli dai raggi UV, cloro e saldedine.\",\"breadcrumb\":{\"@id\":\"https:\/\/www.ilovericcio.com\/it\/prodotto\/i-love-riccio-kit-solare-protezione-capelli\/#breadcrumb\"},\"inLanguage\":\"it-IT\",\"potentialAction\":[{\"@type\":\"ReadAction\",\"target\":[\"https:\/\/www.ilovericcio.com\/it\/prodotto\/i-love-riccio-kit-solare-protezione-capelli\/\"]}]},{\"@type\":\"ImageObject\",\"inLanguage\":\"it-IT\",\"@id\":\"https:\/\/www.ilovericcio.com\/it\/prodotto\/i-love-riccio-kit-solare-protezione-capelli\/#primaryimage\",\"url\":\"https:\/\/www.ilovericcio.com\/wp-content\/uploads\/2020\/03\/kit-solare-2025-1.png\",\"contentUrl\":\"https:\/\/www.ilovericcio.com\/wp-content\/uploads\/2020\/03\/kit-solare-2025-1.png\",\"width\":952,\"height\":952},{\"@type\":\"BreadcrumbList\",\"@id\":\"https:\/\/www.ilovericcio.com\/it\/prodotto\/i-love-riccio-kit-solare-protezione-capelli\/#breadcrumb\",\"itemListElement\":[{\"@type\":\"ListItem\",\"position\":1,\"name\":\"Home\",\"item\":\"https:\/\/www.ilovericcio.com\/it\/\"},{\"@type\":\"ListItem\",\"position\":2,\"name\":\"Shop\",\"item\":\"https:\/\/www.ilovericcio.com\/it\/shop\/\"},{\"@type\":\"ListItem\",\"position\":3,\"name\":\"Kit Protezione Solare I Love Riccio\"}]},{\"@type\":\"WebSite\",\"@id\":\"https:\/\/www.ilovericcio.com\/it\/#website\",\"url\":\"https:\/\/www.ilovericcio.com\/it\/\",\"name\":\"I Love Riccio\",\"description\":\"Prodotti per capelli ricci creati da noi, perfetti per te\",\"publisher\":{\"@id\":\"https:\/\/www.ilovericcio.com\/it\/#organization\"},\"alternateName\":\"ilovericcio\",\"potentialAction\":[{\"@type\":\"SearchAction\",\"target\":{\"@type\":\"EntryPoint\",\"urlTemplate\":\"https:\/\/www.ilovericcio.com\/it\/?s={search_term_string}\"},\"query-input\":{\"@type\":\"PropertyValueSpecification\",\"valueRequired\":true,\"valueName\":\"search_term_string\"}}],\"inLanguage\":\"it-IT\"},{\"@type\":\"Organization\",\"@id\":\"https:\/\/www.ilovericcio.com\/it\/#organization\",\"name\":\"I Love Riccio\",\"alternateName\":\"ilovericcio\",\"url\":\"https:\/\/www.ilovericcio.com\/it\/\",\"logo\":{\"@type\":\"ImageObject\",\"inLanguage\":\"it-IT\",\"@id\":\"https:\/\/www.ilovericcio.com\/it\/#\/schema\/logo\/image\/\",\"url\":\"https:\/\/www.ilovericcio.com\/wp-content\/uploads\/2022\/10\/I-love-riccio-logo-black-def.png\",\"contentUrl\":\"https:\/\/www.ilovericcio.com\/wp-content\/uploads\/2022\/10\/I-love-riccio-logo-black-def.png\",\"width\":186,\"height\":41,\"caption\":\"I Love Riccio\"},\"image\":{\"@id\":\"https:\/\/www.ilovericcio.com\/it\/#\/schema\/logo\/image\/\"},\"sameAs\":[\"https:\/\/www.facebook.com\/ILoveRiccio\",\"https:\/\/www.instagram.com\/i_love_riccio\/\",\"https:\/\/www.youtube.com\/user\/Ilovericcio\",\"https:\/\/it.pinterest.com\/ilovericcio\/\",\"https:\/\/www.tiktok.com\/@i_love_riccio\",\"https:\/\/www.feedaty.com\/recensioni\/ilovericcio\"]}]}<\/script>\n<!-- \/ Yoast SEO plugin. -->","yoast_head_json":{"title":"Kit per la protezione solare dei capelli ricci | I Love Riccio","description":"Proteggi i tuoi capelli ricci dal sole, salsedine e cloro con il nostro kit. Scopri lo shampoo e l'olio studiati per difendere i capelli dai raggi UV, cloro e saldedine.","robots":{"index":"index","follow":"follow","max-snippet":"max-snippet:-1","max-image-preview":"max-image-preview:large","max-video-preview":"max-video-preview:-1"},"canonical":"https:\/\/www.ilovericcio.com\/it\/prodotto\/i-love-riccio-kit-solare-protezione-capelli\/","og_locale":"it_IT","og_type":"article","og_title":"Kit per la protezione solare dei capelli ricci | I Love Riccio","og_description":"Proteggi i tuoi capelli ricci dal sole, salsedine e cloro con il nostro kit. Scopri lo shampoo e l'olio studiati per difendere i capelli dai raggi UV, cloro e saldedine.","og_url":"https:\/\/www.ilovericcio.com\/it\/prodotto\/i-love-riccio-kit-solare-protezione-capelli\/","og_site_name":"I Love Riccio","article_publisher":"https:\/\/www.facebook.com\/ILoveRiccio","article_modified_time":"2026-02-26T16:37:55+00:00","og_image":[{"width":952,"height":952,"url":"https:\/\/www.ilovericcio.com\/wp-content\/uploads\/2020\/03\/kit-solare-2025-1.png","type":"image\/png"}],"twitter_card":"summary_large_image","twitter_misc":{"Tempo di lettura stimato":"1 minuto"},"schema":{"@context":"https:\/\/schema.org","@graph":[{"@type":"WebPage","@id":"https:\/\/www.ilovericcio.com\/it\/prodotto\/i-love-riccio-kit-solare-protezione-capelli\/","url":"https:\/\/www.ilovericcio.com\/it\/prodotto\/i-love-riccio-kit-solare-protezione-capelli\/","name":"Kit per la protezione solare dei capelli ricci | I Love Riccio","isPartOf":{"@id":"https:\/\/www.ilovericcio.com\/it\/#website"},"primaryImageOfPage":{"@id":"https:\/\/www.ilovericcio.com\/it\/prodotto\/i-love-riccio-kit-solare-protezione-capelli\/#primaryimage"},"image":{"@id":"https:\/\/www.ilovericcio.com\/it\/prodotto\/i-love-riccio-kit-solare-protezione-capelli\/#primaryimage"},"thumbnailUrl":"https:\/\/www.ilovericcio.com\/wp-content\/uploads\/2020\/03\/kit-solare-2025-1.png","datePublished":"2020-03-05T13:49:04+00:00","dateModified":"2026-02-26T16:37:55+00:00","description":"Proteggi i tuoi capelli ricci dal sole, salsedine e cloro con il nostro kit. Scopri lo shampoo e l'olio studiati per difendere i capelli dai raggi UV, cloro e saldedine.","breadcrumb":{"@id":"https:\/\/www.ilovericcio.com\/it\/prodotto\/i-love-riccio-kit-solare-protezione-capelli\/#breadcrumb"},"inLanguage":"it-IT","potentialAction":[{"@type":"ReadAction","target":["https:\/\/www.ilovericcio.com\/it\/prodotto\/i-love-riccio-kit-solare-protezione-capelli\/"]}]},{"@type":"ImageObject","inLanguage":"it-IT","@id":"https:\/\/www.ilovericcio.com\/it\/prodotto\/i-love-riccio-kit-solare-protezione-capelli\/#primaryimage","url":"https:\/\/www.ilovericcio.com\/wp-content\/uploads\/2020\/03\/kit-solare-2025-1.png","contentUrl":"https:\/\/www.ilovericcio.com\/wp-content\/uploads\/2020\/03\/kit-solare-2025-1.png","width":952,"height":952},{"@type":"BreadcrumbList","@id":"https:\/\/www.ilovericcio.com\/it\/prodotto\/i-love-riccio-kit-solare-protezione-capelli\/#breadcrumb","itemListElement":[{"@type":"ListItem","position":1,"name":"Home","item":"https:\/\/www.ilovericcio.com\/it\/"},{"@type":"ListItem","position":2,"name":"Shop","item":"https:\/\/www.ilovericcio.com\/it\/shop\/"},{"@type":"ListItem","position":3,"name":"Kit Protezione Solare I Love Riccio"}]},{"@type":"WebSite","@id":"https:\/\/www.ilovericcio.com\/it\/#website","url":"https:\/\/www.ilovericcio.com\/it\/","name":"I Love Riccio","description":"Prodotti per capelli ricci creati da noi, perfetti per te","publisher":{"@id":"https:\/\/www.ilovericcio.com\/it\/#organization"},"alternateName":"ilovericcio","potentialAction":[{"@type":"SearchAction","target":{"@type":"EntryPoint","urlTemplate":"https:\/\/www.ilovericcio.com\/it\/?s={search_term_string}"},"query-input":{"@type":"PropertyValueSpecification","valueRequired":true,"valueName":"search_term_string"}}],"inLanguage":"it-IT"},{"@type":"Organization","@id":"https:\/\/www.ilovericcio.com\/it\/#organization","name":"I Love Riccio","alternateName":"ilovericcio","url":"https:\/\/www.ilovericcio.com\/it\/","logo":{"@type":"ImageObject","inLanguage":"it-IT","@id":"https:\/\/www.ilovericcio.com\/it\/#\/schema\/logo\/image\/","url":"https:\/\/www.ilovericcio.com\/wp-content\/uploads\/2022\/10\/I-love-riccio-logo-black-def.png","contentUrl":"https:\/\/www.ilovericcio.com\/wp-content\/uploads\/2022\/10\/I-love-riccio-logo-black-def.png","width":186,"height":41,"caption":"I Love Riccio"},"image":{"@id":"https:\/\/www.ilovericcio.com\/it\/#\/schema\/logo\/image\/"},"sameAs":["https:\/\/www.facebook.com\/ILoveRiccio","https:\/\/www.instagram.com\/i_love_riccio\/","https:\/\/www.youtube.com\/user\/Ilovericcio","https:\/\/it.pinterest.com\/ilovericcio\/","https:\/\/www.tiktok.com\/@i_love_riccio","https:\/\/www.feedaty.com\/recensioni\/ilovericcio"]}]}},"_links":{"self":[{"href":"https:\/\/www.ilovericcio.com\/it\/wp-json\/wp\/v2\/product\/3305","targetHints":{"allow":["GET"]}}],"collection":[{"href":"https:\/\/www.ilovericcio.com\/it\/wp-json\/wp\/v2\/product"}],"about":[{"href":"https:\/\/www.ilovericcio.com\/it\/wp-json\/wp\/v2\/types\/product"}],"wp:featuredmedia":[{"embeddable":true,"href":"https:\/\/www.ilovericcio.com\/it\/wp-json\/wp\/v2\/media\/316784"}],"wp:attachment":[{"href":"https:\/\/www.ilovericcio.com\/it\/wp-json\/wp\/v2\/media?parent=3305"}],"wp:term":[{"taxonomy":"product_brand","embeddable":true,"href":"https:\/\/www.ilovericcio.com\/it\/wp-json\/wp\/v2\/product_brand?post=3305"},{"taxonomy":"product_cat","embeddable":true,"href":"https:\/\/www.ilovericcio.com\/it\/wp-json\/wp\/v2\/product_cat?post=3305"},{"taxonomy":"product_tag","embeddable":true,"href":"https:\/\/www.ilovericcio.com\/it\/wp-json\/wp\/v2\/product_tag?post=3305"}],"curies":[{"name":"wp","href":"https:\/\/api.w.org\/{rel}","templated":true}]}}