{"id":3291,"date":"2020-03-05T14:47:52","date_gmt":"2020-03-05T13:47:52","guid":{"rendered":"http:\/\/ilovericcio.it\/shop\/senza%20categoria\/i-love-riccio-kit-idratante\/"},"modified":"2026-02-26T17:35:42","modified_gmt":"2026-02-26T16:35:42","slug":"i-love-riccio-kit-idratante","status":"publish","type":"product","link":"https:\/\/www.ilovericcio.com\/it\/prodotto\/i-love-riccio-kit-idratante\/","title":{"rendered":"Kit Capelli Ricci e Mossi I Love Riccio"},"content":{"rendered":"<p><iframe loading=\"lazy\" style=\"float: left; padding-right: 20px; padding-bottom: 20px;\" src=\"https:\/\/www.youtube.com\/embed\/3nZ-LFexatQ?autoplay=1&amp;rel=0\" width=\"560\" height=\"315\" frameborder=\"0\" allowfullscreen=\"allowfullscreen\"><span data-mce-type=\"bookmark\" style=\"display: inline-block; width: 0px; overflow: hidden; line-height: 0;\" class=\"mce_SELRES_start\"><\/span><\/iframe><\/p>\n<p>Un kit idratante ideale per tutti i ricci che richiedono piu\u2019 idratazione, definizione e volume.<\/p>\n<p>Un kit con il quale riuscirai a ritrovare l\u2019elasticit\u00e0, la morbidezza e il volume che hai sempre desiderato.<\/p>\n<p>Sostanze funzionali presenti nel kit:<\/p>\n<p>Curlshine : Olio di ricino idrogenato, oli di argan, macadamia e jojoba.<\/p>\n<p>Curl switch: Oli di jojoba, argan e macadamia.<\/p>\n<p>Rock&#8217;n Go : Glicerina, oli di cocco e jojoba, cheratina idrolizzata, collagene idrolizzato.<\/p>\n<p><strong>Modo d\u2019uso:<\/strong><\/p>\n<div class=\"curly-link prodotti-i-love\">\n<p><a href=\"https:\/\/www.ilovericcio.it\/bugiardino-scheda-prodotto\/ILOVERICCIO_BUGIARDINO.pdf\" target=\"_blank\" rel=\"noopener\">SCARICA LA GUIDA COMPLETA<br \/>\nALL\u2019USO DEI PRODOTTI I LOVE RICCIO<\/a><\/p>\n<div class=\"cont-freccia\"><\/div>\n<p>&nbsp;<\/p>\n<p>&nbsp;<\/p>\n<\/div>\n<p>&nbsp;<\/p>\n<p>Detergi cute e capelli con questo fantastico cleansing cream (Curlshine), poi idrata con la maschera Curl Switch districando bene i capelli e lasciando in posa 5 minuti (se hai tempo anche 30 minuti).<\/p>\n<p>Risciacqua e a capelli fradici applicate una noce di Rock\u2019n Go dalle radici alle punte, sempre utilizzando le mani per distribuire perfettamente il prodotto.<\/p>\n<p>Esegui lo scrunch, ossia strizza i capelli fra le mani accartocciando le ciocche verso la cute, poi asciuga con diffusore senza mai toccare i capelli.<\/p>\n<p>Una volta asciutti, massaggiate cute e ricci per attivare il prodotto finalmente otterrai il risultato desiderato!<\/p>\n<p>Ciascun prodotto \u00e8 da 250ml<\/p>\n<p>&nbsp;<\/p>\n<h2><\/h2>\n<h2>I Love Riccio apre una partnership con il DRI (DIABETES RESEARCH INSTITUTE) dell\u2019Ospedale San Raffaele di Milano<\/h2>\n<div dir=\"ltr\">\n<div dir=\"ltr\">\n<div><\/div>\n<p><strong>Fulvio Tirrico<\/strong>, con il suo brand <strong>I Love Riccio<\/strong>, ha deciso di dare un contributo concreto alla ricerca scientifica sul Diabete.<\/p>\n<p>L\u2019idea \u00e8 nata da una forte sensibilit\u00e0 sul tema, che ha portato il fondatore del primo brand di taglio e cura dei capelli ricci ad avere una certa consapevolezza di quanto sia importante che la ricerca venga incrementata e supportata.<\/p>\n<div><strong>Perch\u00e9 I Love Riccio ha deciso di entrare in \u201ccampo\u201d e come<\/strong><\/div>\n<div><strong><br \/>\nFulvio Tirrico,<\/strong> \u00a0consapevole del grande seguito che il suo brand I Love Riccio \u00a0possiede e del grande numero di persone che leggono i nostri articoli, i nostri social e i nostri suggerimenti, \u00a0ha pensato fosse un dovere utilizzare questa &#8220;notoriet\u00e0 &#8221; in maniera utile per fare informazione e sensibilizzazione e per raccogliere fondi da destinare alla ricerca su questa malattia.\u00a0Il Diabete, rappresenta una delle sfide contemporanee pi\u00f9 impegnative in tema di salute pubblica.<br \/>\nL\u2019ONU ha dichiarato il diabete emergenza sanitaria planetaria sottolineandone la crescita apparentemente inarrestabile e la diffusione pandemica in tutti i continenti del pianeta.<\/div>\n<p>L\u2019<strong>Ospedale San Raffaele di Milano<\/strong>, che da sempre ha il diabete tra le tematiche centrali di ricerca e assistenza, ha raccolto la sfida dell\u2019ONU e ha rilanciato il proprio impegno attraverso la realizzazione di un Istituto di Ricerca interamente dedicato a questa patologia: <strong>il DRI che rappresenta oggi il centro di eccellenza internazionale per lo studio e la cura del diabete.<\/strong><\/p>\n<p>Spesso si parla del diabete in maniera generalista, ma ne esistono di diversi tipi, tutti accumunati dall\u2019iperglicemia, cio\u00e8 dall\u2019incapacit\u00e0 dell\u2019organismo di tenere sotto controllo i valori di zucchero nel sangue.<\/p>\n<p>Quando si parla di diabete, \u00e8 necessario dunque non fare di tutta un erba un fascio, ma di distinguere fra:<\/p>\n<p><strong>Diabete Tipo 1<\/strong>: \u00e8 una malattia autoimmune in cui gli anticorpi dell\u2019individuo, per cause ancora sconosciute, distruggono le cellule del pancreas che producono insulina e che richiede immediatamente terapia insulinica giornaliera per non morire e continui controlli della glicemia. Insorge generalmente prima dei 30 anni, infatti in Italia ci sono ben oltre 80.000 bambini a soffrirne e a dover conviverci, oltre alle loro famiglie ovviamente. Pensate che per sopravvivere questi bambini devono fare oltre 1460 iniezioni di insulina all\u2019anno per cercare di tenere sotto controllo i livelli di zuccheri nel sangue, andando spesso incontro, come effetto collaterale della terapia, a gravi ipoglicemie, cio\u00e8 a cali repentini di zucchero nel sangue, che li costringe ad assumere subito zuccheri per non perdere i sensi e rischiare il coma. La gestione di questo tipo di diabete \u00e8 un lavoro 24h su 24h, per tutta la vita, perch\u00e9 ad oggi purtroppo una cura definitiva ancora non esiste.<\/p>\n<p><strong>Diabete Tipo 2<\/strong>: \u00e8 il diabete dell\u2019adulto, non insulinodipendente. Generalmente si sviluppa dopo i 30 anni ed \u00e8 una condizione legata ad una diminuzione dell\u2019azione dell\u2019insulina spesso causata da cattive abitudini alimentari e dall\u2019obesit\u00e0. Nella maggior parte dei casi si controlla con una dieta adeguata e attivit\u00e0 fisica.<\/p>\n<p><strong>Diabete gestazionale<\/strong>: \u00e8 un\u2019alterazione della glicemia che si verifica per la prima volta durante la gravidanza e che nella maggior parte dei casi si risolve dopo il parto.<\/p>\n<div><\/div>\n<p>Quel che \u00e8 certo, e che deve essere ben chiaro, \u00e8 che il diabete \u00e8 una malattia grave e degenerativa che pu\u00f2 portare a gravi complicanze a occhi, reni, cuore e sistema nervoso.<\/p>\n<p>Il diabete causa ogni anno pi\u00f9 morti dei tumori.<\/p>\n<p><strong>AIUTACI AD AIUTARE!<\/strong><\/p>\n<\/div>\n<\/div>\n<div class=\"vc_row wpb_row row\">\n<div class=\"vc_column_container col-md-12\">\n<div class=\"wpb_wrapper vc_column-inner\">\n<div class=\"wpb_text_column wpb_content_element modale-video-prodotto porto-modal-trigger\" data-trigger-id=\"https:\/\/www.youtube.com\/watch?v=gzFtzjiOPcM\" data-type=\"iframe\" data-overlay-class=\"mfp-fade\">\n<div class=\"wpb_wrapper\"><i class=\"fas fa-play-circle\" aria-hidden=\"true\"><\/i> Guarda il video tutorial<\/div>\n<\/div>\n<div class=\"porto-modal-input-wrapper \"><script>\n\t(function($){\n\t\t$(document).ready(function(){\n\t\t\tvar selector = \".modale-video-prodotto\";\n\t\t\t$(selector).addClass(\"porto-modal-trigger\");\n\t\t\t$(selector).attr(\"data-trigger-id\", \"https:\/\/www.youtube.com\/watch?v=gzFtzjiOPcM\");\n\t\t\t$(selector).attr(\"data-type\", \"iframe\");\n\t\t\t$(selector).attr(\"data-overlay-class\", \"mfp-fade\");\n\t\t});\n\t})(jQuery);\n\t<\/script><\/div>\n<div id=\"https:\/\/www.youtube.com\/watch?v=gzFtzjiOPcM\" class=\"mfp-hide \">\n<div class=\"porto-modal-content\"><\/div>\n<\/div>\n<\/div>\n<\/div>\n<\/div>\n","protected":false},"excerpt":{"rendered":"<p><strong>Curlshine + Curl Switch + Rock\u2019n Go<\/strong><\/p>\n<p>Un kit di prodotti per capelli ricci e mossi indicato per qualsiasi texture. Dona definizione, volume ed elasticit\u00e0.<\/p>\n","protected":false},"featured_media":65352,"template":"","meta":{"_acf_changed":false},"product_brand":[],"product_cat":[104,360,102,354,356,366,367],"product_tag":[260,261,262,263,282,280,283,255,278,256,285,257,258,259,281],"class_list":{"0":"post-3291","1":"product","2":"type-product","3":"status-publish","4":"has-post-thumbnail","6":"product_cat-i-love-riccio","7":"product_cat-idee-regalo","8":"product_cat-kit-capelli-ricci","9":"product_cat-linea-capelli-ricci-donna","10":"product_cat-linee-capelli-ricci","11":"product_cat-prodotti-per-capelli-ondulati","12":"product_cat-prodotti-per-capelli-ricci","13":"product_tag-curly-test-10","14":"product_tag-curly-test-11","15":"product_tag-curly-test-12","16":"product_tag-curly-test-13","17":"product_tag-curly-test-22","18":"product_tag-curly-test-23","19":"product_tag-curly-test-24","20":"product_tag-curly-test-5","21":"product_tag-curly-test-5-b","22":"product_tag-curly-test-6","23":"product_tag-curly-test-6-b","24":"product_tag-curly-test-7","25":"product_tag-curly-test-8","26":"product_tag-curly-test-9","27":"product_tag-curly-test-9-b","28":"pa_curl_type-3a-3b-3c","29":"pa_curl_type-2a-2b-2c","31":"first","32":"instock","33":"purchasable","34":"product-type-variable","35":"has-default-attributes"},"acf":[],"yoast_head":"<!-- This site is optimized with the Yoast SEO plugin v27.0 - https:\/\/yoast.com\/product\/yoast-seo-wordpress\/ -->\n<title>Kit per capelli ricci Idrata e Definisce | I Love Riccio<\/title>\n<meta name=\"description\" content=\"Scopri il kit idratante per ricci: un tris di prodotti completo con shampoo, maschera e styling. Ideale per tutte le texture di riccio.\" \/>\n<meta name=\"robots\" content=\"index, follow, max-snippet:-1, max-image-preview:large, max-video-preview:-1\" \/>\n<link rel=\"canonical\" href=\"https:\/\/www.ilovericcio.com\/it\/prodotto\/i-love-riccio-kit-idratante\/\" \/>\n<meta property=\"og:locale\" content=\"it_IT\" \/>\n<meta property=\"og:type\" content=\"article\" \/>\n<meta property=\"og:title\" content=\"Kit per capelli ricci Idrata e Definisce | I Love Riccio\" \/>\n<meta property=\"og:description\" content=\"Scopri il kit idratante per ricci: un tris di prodotti completo con shampoo, maschera e styling. Ideale per tutte le texture di riccio.\" \/>\n<meta property=\"og:url\" content=\"https:\/\/www.ilovericcio.com\/it\/prodotto\/i-love-riccio-kit-idratante\/\" \/>\n<meta property=\"og:site_name\" content=\"I Love Riccio\" \/>\n<meta property=\"article:publisher\" content=\"https:\/\/www.facebook.com\/ILoveRiccio\" \/>\n<meta property=\"article:modified_time\" content=\"2026-02-26T16:35:42+00:00\" \/>\n<meta property=\"og:image\" content=\"https:\/\/www.ilovericcio.com\/wp-content\/uploads\/2020\/03\/idratante-1.png\" \/>\n\t<meta property=\"og:image:width\" content=\"1080\" \/>\n\t<meta property=\"og:image:height\" content=\"1080\" \/>\n\t<meta property=\"og:image:type\" content=\"image\/png\" \/>\n<meta name=\"twitter:card\" content=\"summary_large_image\" \/>\n<meta name=\"twitter:label1\" content=\"Tempo di lettura stimato\" \/>\n\t<meta name=\"twitter:data1\" content=\"5 minuti\" \/>\n<script type=\"application\/ld+json\" class=\"yoast-schema-graph\">{\"@context\":\"https:\/\/schema.org\",\"@graph\":[{\"@type\":\"WebPage\",\"@id\":\"https:\/\/www.ilovericcio.com\/it\/prodotto\/i-love-riccio-kit-idratante\/\",\"url\":\"https:\/\/www.ilovericcio.com\/it\/prodotto\/i-love-riccio-kit-idratante\/\",\"name\":\"Kit per capelli ricci Idrata e Definisce | I Love Riccio\",\"isPartOf\":{\"@id\":\"https:\/\/www.ilovericcio.com\/it\/#website\"},\"primaryImageOfPage\":{\"@id\":\"https:\/\/www.ilovericcio.com\/it\/prodotto\/i-love-riccio-kit-idratante\/#primaryimage\"},\"image\":{\"@id\":\"https:\/\/www.ilovericcio.com\/it\/prodotto\/i-love-riccio-kit-idratante\/#primaryimage\"},\"thumbnailUrl\":\"https:\/\/www.ilovericcio.com\/wp-content\/uploads\/2020\/03\/idratante-1.png\",\"datePublished\":\"2020-03-05T13:47:52+00:00\",\"dateModified\":\"2026-02-26T16:35:42+00:00\",\"description\":\"Scopri il kit idratante per ricci: un tris di prodotti completo con shampoo, maschera e styling. Ideale per tutte le texture di riccio.\",\"breadcrumb\":{\"@id\":\"https:\/\/www.ilovericcio.com\/it\/prodotto\/i-love-riccio-kit-idratante\/#breadcrumb\"},\"inLanguage\":\"it-IT\",\"potentialAction\":[{\"@type\":\"ReadAction\",\"target\":[\"https:\/\/www.ilovericcio.com\/it\/prodotto\/i-love-riccio-kit-idratante\/\"]}]},{\"@type\":\"ImageObject\",\"inLanguage\":\"it-IT\",\"@id\":\"https:\/\/www.ilovericcio.com\/it\/prodotto\/i-love-riccio-kit-idratante\/#primaryimage\",\"url\":\"https:\/\/www.ilovericcio.com\/wp-content\/uploads\/2020\/03\/idratante-1.png\",\"contentUrl\":\"https:\/\/www.ilovericcio.com\/wp-content\/uploads\/2020\/03\/idratante-1.png\",\"width\":1080,\"height\":1080},{\"@type\":\"BreadcrumbList\",\"@id\":\"https:\/\/www.ilovericcio.com\/it\/prodotto\/i-love-riccio-kit-idratante\/#breadcrumb\",\"itemListElement\":[{\"@type\":\"ListItem\",\"position\":1,\"name\":\"Home\",\"item\":\"https:\/\/www.ilovericcio.com\/it\/\"},{\"@type\":\"ListItem\",\"position\":2,\"name\":\"Shop\",\"item\":\"https:\/\/www.ilovericcio.com\/it\/shop\/\"},{\"@type\":\"ListItem\",\"position\":3,\"name\":\"Kit Capelli Ricci e Mossi I Love Riccio\"}]},{\"@type\":\"WebSite\",\"@id\":\"https:\/\/www.ilovericcio.com\/it\/#website\",\"url\":\"https:\/\/www.ilovericcio.com\/it\/\",\"name\":\"I Love Riccio\",\"description\":\"Prodotti per capelli ricci creati da noi, perfetti per te\",\"publisher\":{\"@id\":\"https:\/\/www.ilovericcio.com\/it\/#organization\"},\"alternateName\":\"ilovericcio\",\"potentialAction\":[{\"@type\":\"SearchAction\",\"target\":{\"@type\":\"EntryPoint\",\"urlTemplate\":\"https:\/\/www.ilovericcio.com\/it\/?s={search_term_string}\"},\"query-input\":{\"@type\":\"PropertyValueSpecification\",\"valueRequired\":true,\"valueName\":\"search_term_string\"}}],\"inLanguage\":\"it-IT\"},{\"@type\":\"Organization\",\"@id\":\"https:\/\/www.ilovericcio.com\/it\/#organization\",\"name\":\"I Love Riccio\",\"alternateName\":\"ilovericcio\",\"url\":\"https:\/\/www.ilovericcio.com\/it\/\",\"logo\":{\"@type\":\"ImageObject\",\"inLanguage\":\"it-IT\",\"@id\":\"https:\/\/www.ilovericcio.com\/it\/#\/schema\/logo\/image\/\",\"url\":\"https:\/\/www.ilovericcio.com\/wp-content\/uploads\/2022\/10\/I-love-riccio-logo-black-def.png\",\"contentUrl\":\"https:\/\/www.ilovericcio.com\/wp-content\/uploads\/2022\/10\/I-love-riccio-logo-black-def.png\",\"width\":186,\"height\":41,\"caption\":\"I Love Riccio\"},\"image\":{\"@id\":\"https:\/\/www.ilovericcio.com\/it\/#\/schema\/logo\/image\/\"},\"sameAs\":[\"https:\/\/www.facebook.com\/ILoveRiccio\",\"https:\/\/www.instagram.com\/i_love_riccio\/\",\"https:\/\/www.youtube.com\/user\/Ilovericcio\",\"https:\/\/it.pinterest.com\/ilovericcio\/\",\"https:\/\/www.tiktok.com\/@i_love_riccio\",\"https:\/\/www.feedaty.com\/recensioni\/ilovericcio\"]}]}<\/script>\n<!-- \/ Yoast SEO plugin. -->","yoast_head_json":{"title":"Kit per capelli ricci Idrata e Definisce | I Love Riccio","description":"Scopri il kit idratante per ricci: un tris di prodotti completo con shampoo, maschera e styling. Ideale per tutte le texture di riccio.","robots":{"index":"index","follow":"follow","max-snippet":"max-snippet:-1","max-image-preview":"max-image-preview:large","max-video-preview":"max-video-preview:-1"},"canonical":"https:\/\/www.ilovericcio.com\/it\/prodotto\/i-love-riccio-kit-idratante\/","og_locale":"it_IT","og_type":"article","og_title":"Kit per capelli ricci Idrata e Definisce | I Love Riccio","og_description":"Scopri il kit idratante per ricci: un tris di prodotti completo con shampoo, maschera e styling. Ideale per tutte le texture di riccio.","og_url":"https:\/\/www.ilovericcio.com\/it\/prodotto\/i-love-riccio-kit-idratante\/","og_site_name":"I Love Riccio","article_publisher":"https:\/\/www.facebook.com\/ILoveRiccio","article_modified_time":"2026-02-26T16:35:42+00:00","og_image":[{"width":1080,"height":1080,"url":"https:\/\/www.ilovericcio.com\/wp-content\/uploads\/2020\/03\/idratante-1.png","type":"image\/png"}],"twitter_card":"summary_large_image","twitter_misc":{"Tempo di lettura stimato":"5 minuti"},"schema":{"@context":"https:\/\/schema.org","@graph":[{"@type":"WebPage","@id":"https:\/\/www.ilovericcio.com\/it\/prodotto\/i-love-riccio-kit-idratante\/","url":"https:\/\/www.ilovericcio.com\/it\/prodotto\/i-love-riccio-kit-idratante\/","name":"Kit per capelli ricci Idrata e Definisce | I Love Riccio","isPartOf":{"@id":"https:\/\/www.ilovericcio.com\/it\/#website"},"primaryImageOfPage":{"@id":"https:\/\/www.ilovericcio.com\/it\/prodotto\/i-love-riccio-kit-idratante\/#primaryimage"},"image":{"@id":"https:\/\/www.ilovericcio.com\/it\/prodotto\/i-love-riccio-kit-idratante\/#primaryimage"},"thumbnailUrl":"https:\/\/www.ilovericcio.com\/wp-content\/uploads\/2020\/03\/idratante-1.png","datePublished":"2020-03-05T13:47:52+00:00","dateModified":"2026-02-26T16:35:42+00:00","description":"Scopri il kit idratante per ricci: un tris di prodotti completo con shampoo, maschera e styling. Ideale per tutte le texture di riccio.","breadcrumb":{"@id":"https:\/\/www.ilovericcio.com\/it\/prodotto\/i-love-riccio-kit-idratante\/#breadcrumb"},"inLanguage":"it-IT","potentialAction":[{"@type":"ReadAction","target":["https:\/\/www.ilovericcio.com\/it\/prodotto\/i-love-riccio-kit-idratante\/"]}]},{"@type":"ImageObject","inLanguage":"it-IT","@id":"https:\/\/www.ilovericcio.com\/it\/prodotto\/i-love-riccio-kit-idratante\/#primaryimage","url":"https:\/\/www.ilovericcio.com\/wp-content\/uploads\/2020\/03\/idratante-1.png","contentUrl":"https:\/\/www.ilovericcio.com\/wp-content\/uploads\/2020\/03\/idratante-1.png","width":1080,"height":1080},{"@type":"BreadcrumbList","@id":"https:\/\/www.ilovericcio.com\/it\/prodotto\/i-love-riccio-kit-idratante\/#breadcrumb","itemListElement":[{"@type":"ListItem","position":1,"name":"Home","item":"https:\/\/www.ilovericcio.com\/it\/"},{"@type":"ListItem","position":2,"name":"Shop","item":"https:\/\/www.ilovericcio.com\/it\/shop\/"},{"@type":"ListItem","position":3,"name":"Kit Capelli Ricci e Mossi I Love Riccio"}]},{"@type":"WebSite","@id":"https:\/\/www.ilovericcio.com\/it\/#website","url":"https:\/\/www.ilovericcio.com\/it\/","name":"I Love Riccio","description":"Prodotti per capelli ricci creati da noi, perfetti per te","publisher":{"@id":"https:\/\/www.ilovericcio.com\/it\/#organization"},"alternateName":"ilovericcio","potentialAction":[{"@type":"SearchAction","target":{"@type":"EntryPoint","urlTemplate":"https:\/\/www.ilovericcio.com\/it\/?s={search_term_string}"},"query-input":{"@type":"PropertyValueSpecification","valueRequired":true,"valueName":"search_term_string"}}],"inLanguage":"it-IT"},{"@type":"Organization","@id":"https:\/\/www.ilovericcio.com\/it\/#organization","name":"I Love Riccio","alternateName":"ilovericcio","url":"https:\/\/www.ilovericcio.com\/it\/","logo":{"@type":"ImageObject","inLanguage":"it-IT","@id":"https:\/\/www.ilovericcio.com\/it\/#\/schema\/logo\/image\/","url":"https:\/\/www.ilovericcio.com\/wp-content\/uploads\/2022\/10\/I-love-riccio-logo-black-def.png","contentUrl":"https:\/\/www.ilovericcio.com\/wp-content\/uploads\/2022\/10\/I-love-riccio-logo-black-def.png","width":186,"height":41,"caption":"I Love Riccio"},"image":{"@id":"https:\/\/www.ilovericcio.com\/it\/#\/schema\/logo\/image\/"},"sameAs":["https:\/\/www.facebook.com\/ILoveRiccio","https:\/\/www.instagram.com\/i_love_riccio\/","https:\/\/www.youtube.com\/user\/Ilovericcio","https:\/\/it.pinterest.com\/ilovericcio\/","https:\/\/www.tiktok.com\/@i_love_riccio","https:\/\/www.feedaty.com\/recensioni\/ilovericcio"]}]}},"_links":{"self":[{"href":"https:\/\/www.ilovericcio.com\/it\/wp-json\/wp\/v2\/product\/3291","targetHints":{"allow":["GET"]}}],"collection":[{"href":"https:\/\/www.ilovericcio.com\/it\/wp-json\/wp\/v2\/product"}],"about":[{"href":"https:\/\/www.ilovericcio.com\/it\/wp-json\/wp\/v2\/types\/product"}],"wp:featuredmedia":[{"embeddable":true,"href":"https:\/\/www.ilovericcio.com\/it\/wp-json\/wp\/v2\/media\/65352"}],"wp:attachment":[{"href":"https:\/\/www.ilovericcio.com\/it\/wp-json\/wp\/v2\/media?parent=3291"}],"wp:term":[{"taxonomy":"product_brand","embeddable":true,"href":"https:\/\/www.ilovericcio.com\/it\/wp-json\/wp\/v2\/product_brand?post=3291"},{"taxonomy":"product_cat","embeddable":true,"href":"https:\/\/www.ilovericcio.com\/it\/wp-json\/wp\/v2\/product_cat?post=3291"},{"taxonomy":"product_tag","embeddable":true,"href":"https:\/\/www.ilovericcio.com\/it\/wp-json\/wp\/v2\/product_tag?post=3291"}],"curies":[{"name":"wp","href":"https:\/\/api.w.org\/{rel}","templated":true}]}}