{"id":3283,"date":"2020-03-05T14:47:52","date_gmt":"2020-03-05T13:47:52","guid":{"rendered":"http:\/\/ilovericcio.it\/shop\/senza%20categoria\/i-love-riccio-delicious-curls\/"},"modified":"2026-04-24T17:40:49","modified_gmt":"2026-04-24T15:40:49","slug":"i-love-riccio-delicious-curls","status":"publish","type":"product","link":"https:\/\/www.ilovericcio.com\/it\/prodotto\/i-love-riccio-delicious-curls\/","title":{"rendered":"Delicious Curl\u00ae Styling in Mousse I Love Riccio"},"content":{"rendered":"<p>[vc_row][vc_column][vc_row_inner][vc_column_inner width=&#8221;1\/2&#8243; is_sticky=&#8221;yes&#8221; sticky_min_width=&#8221;767&#8243; sticky_top=&#8221;200&#8243; sticky_bottom=&#8221;0&#8243;][vc_column_text]<iframe loading=\"lazy\" style=\"float: left; padding-right: 20px; padding-bottom: 20px;\" src=\"https:\/\/www.youtube.com\/embed\/xSe2RbeRGGU?autoplay=1&amp;rel=0\" width=\"560\" height=\"315\" frameborder=\"0\" allowfullscreen=\"allowfullscreen\"><\/iframe>[\/vc_column_text][\/vc_column_inner][vc_column_inner width=&#8221;1\/2&#8243;][vc_column_text]<b>COS\u2019\u00c8<br \/>\n<\/b><span style=\"font-weight: 400;\">Delicious Curl \u00e8 un prodotto di styling dalla consistenza soffice e leggera che doner\u00e0 alle vostre onde e ricci definizione, elasticit\u00e0 e libert\u00e0 di movimento.<\/span>[\/vc_column_text][vc_separator][vc_column_text]<b>A COSA SERVE:<br \/>\n<\/b><span style=\"font-weight: 400;\">Delicious Curl dar\u00e0 libert\u00e0 di esprimersi ai vostri meravigliosi capelli mossi e ricci. <\/span><span style=\"font-weight: 400;\">Grazie al complesso idratante contenuto nella sua formula i vostri capelli risulteranno idratati, definiti, elastici, soffici e liberi di muoversi naturalmente. <\/span><span style=\"font-weight: 400;\">Delicious Curl fornisce anche protezione dal calore del phon e dall\u2019umidit\u00e0.<\/span>[\/vc_column_text][vc_separator][vc_column_text]<b>A CHI NON \u00c8 INDICATA:<br \/>\n<\/b><span style=\"font-weight: 400;\">Questa crema in mousse non \u00e8 particolarmente indicata a chi ha capelli mossi e ricci dalla texture grossa e secchi.<\/span>[\/vc_column_text][vc_separator][vc_column_text]<b>COME SI USA<\/b><\/p>\n<div class=\"curly-link prodotti-i-love sticky-bannerino\">\n<p><a href=\"https:\/\/www.ilovericcio.it\/bugiardino-scheda-prodotto\/ILOVERICCIO_BUGIARDINO.pdf\" target=\"_blank\" rel=\"noopener\">SCARICA LA GUIDA COMPLETA<br \/>\nALL&#8217;USO DEI PRODOTTI I LOVE RICCIO<\/a><\/p>\n<div class=\"cont-freccia\"><a href=\"https:\/\/www.ilovericcio.it\/bugiardino-scheda-prodotto\/ILOVERICCIO_BUGIARDINO.pdf\" target=\"_blank\" rel=\"noopener\"><img decoding=\"async\" src=\"https:\/\/www.ilovericcio.it\/wp-content\/uploads\/2021\/10\/downoald.png\" \/><\/a><\/div>\n<\/div>\n<p><span style=\"font-weight: 400;\">Quantit\u00e0 da applicare: 1 palla di mousse grande come un pompelmo\u00a0 su capelli corti, 2 palle di mousse grandi come un pompelmo su capelli alle spalle, 3 palle di mousse grandi come un pompelmo su capelli lunghi. <\/span><span style=\"font-weight: 400;\">Applica su lunghezze e punte a capelli bagnati distribuendola uniformemente con le dita su tutta la chioma. Esegui ora lo scrunching, ossia accartoccia i ricci nel palmo della mano e strizzali avvicinandoli alla cute. Ripeti ora utilizzando un panno in microfibra o una t-shirt di cotone. Asciuga completamente con diffusore <\/span><b>senza mai toccare<\/b><span style=\"font-weight: 400;\"> i capelli. Una volta asciutti, attiva il prodotto massaggiandoli delicatamente e falli esplodere!<\/span>[\/vc_column_text][vc_separator][vc_column_text]<b>PERCH\u00c8 AMERAI DELICIOUS CURL:<br \/>\n<\/b>I tuoi capelli ricci saranno voluminosi, morbidi e definiti senza alcun effetto<br \/>\nbagnato o secco.[\/vc_column_text][vc_separator][vc_column_text]<b>SOSTANZE FUNZIONALI:<br \/>\n<\/b><span style=\"font-weight: 400;\">Estratto di Moringa oleifera<\/span>[\/vc_column_text][vc_separator][vc_column_text]<strong>INCI:<\/strong> aqua (water), butane, propane, polyquaternium 11, hydroxypropyl guar, pvp, polyquaternium 7, peg- 7 glyceryl cocoate, lauramine oxide, tea carbomer, parfum (fragrance), citronella &#8211; linalool, limonene, geraniol, hexylcinnamal, hydroxycitronellal, propylene glycol, moringa pterigosperma leaf extrat, sodium hydroxymethylglycinate, benzoic acid, benzyl alcohol<\/p>\n<p>300ml[\/vc_column_text][\/vc_column_inner][\/vc_row_inner][\/vc_column][\/vc_row]<\/p>\n","protected":false},"excerpt":{"rendered":"<p><strong>Delicious Curl<\/strong> \u00e8 una mousse modellante soffice e leggera: sostiene la piega e dona al capello una struttura definita ed elastica.<\/p>\n","protected":false},"featured_media":64047,"template":"","meta":{"_acf_changed":false},"product_brand":[],"product_cat":[104,354,356,245,366,367,101],"product_tag":[],"class_list":{"0":"post-3283","1":"product","2":"type-product","3":"status-publish","4":"has-post-thumbnail","6":"product_cat-i-love-riccio","7":"product_cat-linea-capelli-ricci-donna","8":"product_cat-linee-capelli-ricci","9":"product_cat-mousse","10":"product_cat-prodotti-per-capelli-ondulati","11":"product_cat-prodotti-per-capelli-ricci","12":"product_cat-styling-capelli-ricci","13":"pa_curl_type-3a-3b-3c","14":"pa_curl_type-2a-2b-2c","16":"first","17":"instock","18":"purchasable","19":"product-type-simple"},"acf":[],"yoast_head":"<!-- This site is optimized with the Yoast SEO plugin v27.0 - https:\/\/yoast.com\/product\/yoast-seo-wordpress\/ -->\n<title>Maschera idratante per capelli ricci Delicious Curl\u00ae | I Love Riccio<\/title>\n<meta name=\"description\" content=\"Delicious Curl\u00ae styling in mousse per capelli ricci. Mousse leggera, perfetta per uno styling senza appesantire i capelli. Acquistala nello shop online.\" \/>\n<meta name=\"robots\" content=\"index, follow, max-snippet:-1, max-image-preview:large, max-video-preview:-1\" \/>\n<link rel=\"canonical\" href=\"https:\/\/www.ilovericcio.com\/it\/prodotto\/i-love-riccio-delicious-curls\/\" \/>\n<meta property=\"og:locale\" content=\"it_IT\" \/>\n<meta property=\"og:type\" content=\"article\" \/>\n<meta property=\"og:title\" content=\"Maschera idratante per capelli ricci Delicious Curl\u00ae | I Love Riccio\" \/>\n<meta property=\"og:description\" content=\"Delicious Curl\u00ae styling in mousse per capelli ricci. Mousse leggera, perfetta per uno styling senza appesantire i capelli. Acquistala nello shop online.\" \/>\n<meta property=\"og:url\" content=\"https:\/\/www.ilovericcio.com\/it\/prodotto\/i-love-riccio-delicious-curls\/\" \/>\n<meta property=\"og:site_name\" content=\"I Love Riccio\" \/>\n<meta property=\"article:publisher\" content=\"https:\/\/www.facebook.com\/ILoveRiccio\" \/>\n<meta property=\"article:modified_time\" content=\"2026-04-24T15:40:49+00:00\" \/>\n<meta property=\"og:image\" content=\"https:\/\/www.ilovericcio.com\/wp-content\/uploads\/2020\/03\/13-DeliciousCurl300-inclinato-2.png\" \/>\n\t<meta property=\"og:image:width\" content=\"1080\" \/>\n\t<meta property=\"og:image:height\" content=\"1080\" \/>\n\t<meta property=\"og:image:type\" content=\"image\/png\" \/>\n<meta name=\"twitter:card\" content=\"summary_large_image\" \/>\n<meta name=\"twitter:label1\" content=\"Tempo di lettura stimato\" \/>\n\t<meta name=\"twitter:data1\" content=\"2 minuti\" \/>\n<script type=\"application\/ld+json\" class=\"yoast-schema-graph\">{\"@context\":\"https:\/\/schema.org\",\"@graph\":[{\"@type\":\"WebPage\",\"@id\":\"https:\/\/www.ilovericcio.com\/it\/prodotto\/i-love-riccio-delicious-curls\/\",\"url\":\"https:\/\/www.ilovericcio.com\/it\/prodotto\/i-love-riccio-delicious-curls\/\",\"name\":\"Maschera idratante per capelli ricci Delicious Curl\u00ae | I Love Riccio\",\"isPartOf\":{\"@id\":\"https:\/\/www.ilovericcio.com\/it\/#website\"},\"primaryImageOfPage\":{\"@id\":\"https:\/\/www.ilovericcio.com\/it\/prodotto\/i-love-riccio-delicious-curls\/#primaryimage\"},\"image\":{\"@id\":\"https:\/\/www.ilovericcio.com\/it\/prodotto\/i-love-riccio-delicious-curls\/#primaryimage\"},\"thumbnailUrl\":\"https:\/\/www.ilovericcio.com\/wp-content\/uploads\/2020\/03\/13-DeliciousCurl300-inclinato-2.png\",\"datePublished\":\"2020-03-05T13:47:52+00:00\",\"dateModified\":\"2026-04-24T15:40:49+00:00\",\"description\":\"Delicious Curl\u00ae styling in mousse per capelli ricci. Mousse leggera, perfetta per uno styling senza appesantire i capelli. Acquistala nello shop online.\",\"breadcrumb\":{\"@id\":\"https:\/\/www.ilovericcio.com\/it\/prodotto\/i-love-riccio-delicious-curls\/#breadcrumb\"},\"inLanguage\":\"it-IT\",\"potentialAction\":[{\"@type\":\"ReadAction\",\"target\":[\"https:\/\/www.ilovericcio.com\/it\/prodotto\/i-love-riccio-delicious-curls\/\"]}]},{\"@type\":\"ImageObject\",\"inLanguage\":\"it-IT\",\"@id\":\"https:\/\/www.ilovericcio.com\/it\/prodotto\/i-love-riccio-delicious-curls\/#primaryimage\",\"url\":\"https:\/\/www.ilovericcio.com\/wp-content\/uploads\/2020\/03\/13-DeliciousCurl300-inclinato-2.png\",\"contentUrl\":\"https:\/\/www.ilovericcio.com\/wp-content\/uploads\/2020\/03\/13-DeliciousCurl300-inclinato-2.png\",\"width\":1080,\"height\":1080},{\"@type\":\"BreadcrumbList\",\"@id\":\"https:\/\/www.ilovericcio.com\/it\/prodotto\/i-love-riccio-delicious-curls\/#breadcrumb\",\"itemListElement\":[{\"@type\":\"ListItem\",\"position\":1,\"name\":\"Home\",\"item\":\"https:\/\/www.ilovericcio.com\/it\/\"},{\"@type\":\"ListItem\",\"position\":2,\"name\":\"Shop\",\"item\":\"https:\/\/www.ilovericcio.com\/it\/shop\/\"},{\"@type\":\"ListItem\",\"position\":3,\"name\":\"Delicious Curl\u00ae Styling in Mousse I Love Riccio\"}]},{\"@type\":\"WebSite\",\"@id\":\"https:\/\/www.ilovericcio.com\/it\/#website\",\"url\":\"https:\/\/www.ilovericcio.com\/it\/\",\"name\":\"I Love Riccio\",\"description\":\"Prodotti per capelli ricci creati da noi, perfetti per te\",\"publisher\":{\"@id\":\"https:\/\/www.ilovericcio.com\/it\/#organization\"},\"alternateName\":\"ilovericcio\",\"potentialAction\":[{\"@type\":\"SearchAction\",\"target\":{\"@type\":\"EntryPoint\",\"urlTemplate\":\"https:\/\/www.ilovericcio.com\/it\/?s={search_term_string}\"},\"query-input\":{\"@type\":\"PropertyValueSpecification\",\"valueRequired\":true,\"valueName\":\"search_term_string\"}}],\"inLanguage\":\"it-IT\"},{\"@type\":\"Organization\",\"@id\":\"https:\/\/www.ilovericcio.com\/it\/#organization\",\"name\":\"I Love Riccio\",\"alternateName\":\"ilovericcio\",\"url\":\"https:\/\/www.ilovericcio.com\/it\/\",\"logo\":{\"@type\":\"ImageObject\",\"inLanguage\":\"it-IT\",\"@id\":\"https:\/\/www.ilovericcio.com\/it\/#\/schema\/logo\/image\/\",\"url\":\"https:\/\/www.ilovericcio.com\/wp-content\/uploads\/2022\/10\/I-love-riccio-logo-black-def.png\",\"contentUrl\":\"https:\/\/www.ilovericcio.com\/wp-content\/uploads\/2022\/10\/I-love-riccio-logo-black-def.png\",\"width\":186,\"height\":41,\"caption\":\"I Love Riccio\"},\"image\":{\"@id\":\"https:\/\/www.ilovericcio.com\/it\/#\/schema\/logo\/image\/\"},\"sameAs\":[\"https:\/\/www.facebook.com\/ILoveRiccio\",\"https:\/\/www.instagram.com\/i_love_riccio\/\",\"https:\/\/www.youtube.com\/user\/Ilovericcio\",\"https:\/\/it.pinterest.com\/ilovericcio\/\",\"https:\/\/www.tiktok.com\/@i_love_riccio\",\"https:\/\/www.feedaty.com\/recensioni\/ilovericcio\"]}]}<\/script>\n<!-- \/ Yoast SEO plugin. -->","yoast_head_json":{"title":"Maschera idratante per capelli ricci Delicious Curl\u00ae | I Love Riccio","description":"Delicious Curl\u00ae styling in mousse per capelli ricci. Mousse leggera, perfetta per uno styling senza appesantire i capelli. Acquistala nello shop online.","robots":{"index":"index","follow":"follow","max-snippet":"max-snippet:-1","max-image-preview":"max-image-preview:large","max-video-preview":"max-video-preview:-1"},"canonical":"https:\/\/www.ilovericcio.com\/it\/prodotto\/i-love-riccio-delicious-curls\/","og_locale":"it_IT","og_type":"article","og_title":"Maschera idratante per capelli ricci Delicious Curl\u00ae | I Love Riccio","og_description":"Delicious Curl\u00ae styling in mousse per capelli ricci. Mousse leggera, perfetta per uno styling senza appesantire i capelli. Acquistala nello shop online.","og_url":"https:\/\/www.ilovericcio.com\/it\/prodotto\/i-love-riccio-delicious-curls\/","og_site_name":"I Love Riccio","article_publisher":"https:\/\/www.facebook.com\/ILoveRiccio","article_modified_time":"2026-04-24T15:40:49+00:00","og_image":[{"width":1080,"height":1080,"url":"https:\/\/www.ilovericcio.com\/wp-content\/uploads\/2020\/03\/13-DeliciousCurl300-inclinato-2.png","type":"image\/png"}],"twitter_card":"summary_large_image","twitter_misc":{"Tempo di lettura stimato":"2 minuti"},"schema":{"@context":"https:\/\/schema.org","@graph":[{"@type":"WebPage","@id":"https:\/\/www.ilovericcio.com\/it\/prodotto\/i-love-riccio-delicious-curls\/","url":"https:\/\/www.ilovericcio.com\/it\/prodotto\/i-love-riccio-delicious-curls\/","name":"Maschera idratante per capelli ricci Delicious Curl\u00ae | I Love Riccio","isPartOf":{"@id":"https:\/\/www.ilovericcio.com\/it\/#website"},"primaryImageOfPage":{"@id":"https:\/\/www.ilovericcio.com\/it\/prodotto\/i-love-riccio-delicious-curls\/#primaryimage"},"image":{"@id":"https:\/\/www.ilovericcio.com\/it\/prodotto\/i-love-riccio-delicious-curls\/#primaryimage"},"thumbnailUrl":"https:\/\/www.ilovericcio.com\/wp-content\/uploads\/2020\/03\/13-DeliciousCurl300-inclinato-2.png","datePublished":"2020-03-05T13:47:52+00:00","dateModified":"2026-04-24T15:40:49+00:00","description":"Delicious Curl\u00ae styling in mousse per capelli ricci. Mousse leggera, perfetta per uno styling senza appesantire i capelli. Acquistala nello shop online.","breadcrumb":{"@id":"https:\/\/www.ilovericcio.com\/it\/prodotto\/i-love-riccio-delicious-curls\/#breadcrumb"},"inLanguage":"it-IT","potentialAction":[{"@type":"ReadAction","target":["https:\/\/www.ilovericcio.com\/it\/prodotto\/i-love-riccio-delicious-curls\/"]}]},{"@type":"ImageObject","inLanguage":"it-IT","@id":"https:\/\/www.ilovericcio.com\/it\/prodotto\/i-love-riccio-delicious-curls\/#primaryimage","url":"https:\/\/www.ilovericcio.com\/wp-content\/uploads\/2020\/03\/13-DeliciousCurl300-inclinato-2.png","contentUrl":"https:\/\/www.ilovericcio.com\/wp-content\/uploads\/2020\/03\/13-DeliciousCurl300-inclinato-2.png","width":1080,"height":1080},{"@type":"BreadcrumbList","@id":"https:\/\/www.ilovericcio.com\/it\/prodotto\/i-love-riccio-delicious-curls\/#breadcrumb","itemListElement":[{"@type":"ListItem","position":1,"name":"Home","item":"https:\/\/www.ilovericcio.com\/it\/"},{"@type":"ListItem","position":2,"name":"Shop","item":"https:\/\/www.ilovericcio.com\/it\/shop\/"},{"@type":"ListItem","position":3,"name":"Delicious Curl\u00ae Styling in Mousse I Love Riccio"}]},{"@type":"WebSite","@id":"https:\/\/www.ilovericcio.com\/it\/#website","url":"https:\/\/www.ilovericcio.com\/it\/","name":"I Love Riccio","description":"Prodotti per capelli ricci creati da noi, perfetti per te","publisher":{"@id":"https:\/\/www.ilovericcio.com\/it\/#organization"},"alternateName":"ilovericcio","potentialAction":[{"@type":"SearchAction","target":{"@type":"EntryPoint","urlTemplate":"https:\/\/www.ilovericcio.com\/it\/?s={search_term_string}"},"query-input":{"@type":"PropertyValueSpecification","valueRequired":true,"valueName":"search_term_string"}}],"inLanguage":"it-IT"},{"@type":"Organization","@id":"https:\/\/www.ilovericcio.com\/it\/#organization","name":"I Love Riccio","alternateName":"ilovericcio","url":"https:\/\/www.ilovericcio.com\/it\/","logo":{"@type":"ImageObject","inLanguage":"it-IT","@id":"https:\/\/www.ilovericcio.com\/it\/#\/schema\/logo\/image\/","url":"https:\/\/www.ilovericcio.com\/wp-content\/uploads\/2022\/10\/I-love-riccio-logo-black-def.png","contentUrl":"https:\/\/www.ilovericcio.com\/wp-content\/uploads\/2022\/10\/I-love-riccio-logo-black-def.png","width":186,"height":41,"caption":"I Love Riccio"},"image":{"@id":"https:\/\/www.ilovericcio.com\/it\/#\/schema\/logo\/image\/"},"sameAs":["https:\/\/www.facebook.com\/ILoveRiccio","https:\/\/www.instagram.com\/i_love_riccio\/","https:\/\/www.youtube.com\/user\/Ilovericcio","https:\/\/it.pinterest.com\/ilovericcio\/","https:\/\/www.tiktok.com\/@i_love_riccio","https:\/\/www.feedaty.com\/recensioni\/ilovericcio"]}]}},"_links":{"self":[{"href":"https:\/\/www.ilovericcio.com\/it\/wp-json\/wp\/v2\/product\/3283","targetHints":{"allow":["GET"]}}],"collection":[{"href":"https:\/\/www.ilovericcio.com\/it\/wp-json\/wp\/v2\/product"}],"about":[{"href":"https:\/\/www.ilovericcio.com\/it\/wp-json\/wp\/v2\/types\/product"}],"wp:featuredmedia":[{"embeddable":true,"href":"https:\/\/www.ilovericcio.com\/it\/wp-json\/wp\/v2\/media\/64047"}],"wp:attachment":[{"href":"https:\/\/www.ilovericcio.com\/it\/wp-json\/wp\/v2\/media?parent=3283"}],"wp:term":[{"taxonomy":"product_brand","embeddable":true,"href":"https:\/\/www.ilovericcio.com\/it\/wp-json\/wp\/v2\/product_brand?post=3283"},{"taxonomy":"product_cat","embeddable":true,"href":"https:\/\/www.ilovericcio.com\/it\/wp-json\/wp\/v2\/product_cat?post=3283"},{"taxonomy":"product_tag","embeddable":true,"href":"https:\/\/www.ilovericcio.com\/it\/wp-json\/wp\/v2\/product_tag?post=3283"}],"curies":[{"name":"wp","href":"https:\/\/api.w.org\/{rel}","templated":true}]}}