{"id":3275,"date":"2020-03-05T14:47:52","date_gmt":"2020-03-05T13:47:52","guid":{"rendered":"http:\/\/ilovericcio.it\/shop\/senza%20categoria\/i-love-riccio-curl-switch\/"},"modified":"2026-04-13T22:07:11","modified_gmt":"2026-04-13T20:07:11","slug":"i-love-riccio-curl-switch","status":"publish","type":"product","link":"https:\/\/www.ilovericcio.com\/it\/prodotto\/i-love-riccio-curl-switch\/","title":{"rendered":"Curl Switch\u00ae Maschera Nutriente I Love Riccio"},"content":{"rendered":"<p>[vc_row][vc_column][\/vc_column][\/vc_row][vc_row][vc_column][vc_row_inner][vc_column_inner width=&#8221;1\/2&#8243; is_sticky=&#8221;yes&#8221; sticky_min_width=&#8221;767&#8243; sticky_top=&#8221;200&#8243; sticky_bottom=&#8221;0&#8243;][vc_column_text]<iframe loading=\"lazy\" style=\"float: left; padding-right: 20px; padding-bottom: 20px;\" src=\"https:\/\/www.youtube.com\/embed\/OC3h78fURn8?autoplay=1&amp;rel=0\" width=\"560\" height=\"315\" frameborder=\"0\" allowfullscreen=\"allowfullscreen\"><\/iframe>[\/vc_column_text][\/vc_column_inner][vc_column_inner width=&#8221;1\/2&#8243;][vc_column_text]<strong>COS\u2019\u00c8:<br \/>\n<\/strong><span style=\"font-weight: 400;\"><strong>Curl Switch<\/strong> \u00e8 una maschera nutriente e idratante per capelli capelli mossi o ricci medio-grossi. Grazie alle sue propriet\u00e0, Curl Switch idrata, elasticizza, ed elimina il crespo dai ricci. Possiamo dire che questa maschera \u00e8 anche la pi\u00f9 utilizzata dagli hair stylist di I Love Riccio, in quanto riesce a reidratare anche i capelli pi\u00f9 secchi, crespi e difficili.<\/span>[\/vc_column_text][vc_separator][vc_column_text]<strong>A COSA SERVE:<br \/>\n<\/strong><span style=\"font-weight: 400;\">Curl Switch idrata e nutre i tuoi capelli senza appesantirli. Questa maschera \u00e8 indicata per capelli mossi o ricci secchi con spessore medio-grosso.<\/span>[\/vc_column_text][vc_separator][vc_column_text]<strong>A CHI NON \u00c8 INDICATA:<br \/>\n<\/strong><span style=\"font-weight: 400;\">Curl Switch non \u00e8 indicata per capelli sottili, che potrebbero poi risultare appesantiti. Per quest\u2019ultima tipologia di capelli, la<\/span><b>\u00a0<\/b><span style=\"font-weight: 400;\">maschera<\/span> <a href=\"https:\/\/www.ilovericcio.it\/prodotto\/i-love-riccio-delight-milk\/\"><b>Delight Milk<\/b><\/a><span style=\"font-weight: 400;\">\u00a0\u00e8 sicuramente pi\u00f9 indicata.<\/span>[\/vc_column_text][vc_separator][vc_column_text]<strong>COME SI USA:<\/strong><\/p>\n<div class=\"curly-link prodotti-i-love sticky-bannerino\">\n<p><a href=\"https:\/\/www.ilovericcio.it\/bugiardino-scheda-prodotto\/ILOVERICCIO_BUGIARDINO.pdf\" target=\"_blank\" rel=\"noopener\">SCARICA LA GUIDA COMPLETA<br \/>\nALL&#8217;USO DEI PRODOTTI I LOVE RICCIO<\/a><\/p>\n<div class=\"cont-freccia\"><a href=\"https:\/\/www.ilovericcio.it\/bugiardino-scheda-prodotto\/ILOVERICCIO_BUGIARDINO.pdf\" target=\"_blank\" rel=\"noopener\"><img decoding=\"async\" src=\"https:\/\/www.ilovericcio.it\/wp-content\/uploads\/2021\/10\/downoald.png\" \/><\/a><\/div>\n<\/div>\n<p><span style=\"font-weight: 400;\">Dopo aver lavato i capelli, applica una noce su radici, lunghezze e punte massaggiando con le dita e districando i ricci con delicatezza. Risciacqua i tuoi capelli a seconda di quanto sono aridi, da 5 secondi se sono molto secchi e grossi a 15 se sono sottili. Questo per far s\u00ec che rimanga un po di prodotto idratante sui ricci.<\/span>[\/vc_column_text][vc_separator][vc_column_text]<strong>PERCH\u00c8 AMERAI CURL SWITCH:<br \/>\n<\/strong><span style=\"font-weight: 400;\">Dopo aver applicato questa maschera, se avrai seguito gli step indicati nel modo corretto, sentirai i tuoi capelli morbidi, elastici e nutriti ma non appesantiti. Saranno pronti per ricevere lo styling successivo. Per questa tipologia di riccio, suggeriamo l\u2019applicazione della\u00a0<\/span><b>crema di styling\u00a0<\/b><a href=\"https:\/\/www.ilovericcio.it\/prodotto\/i-love-riccio-rockn-go\/\"><b>Rock\u2019n Go<\/b><\/a><span style=\"font-weight: 400;\">.<\/span>[\/vc_column_text][vc_separator][vc_column_text]<strong>TEXTURE:<br \/>\n<\/strong>Morbida e cremosa.[\/vc_column_text][vc_separator][vc_column_text]<strong>SOSTANZE FUNZIONALI:<br \/>\n<\/strong><span style=\"font-weight: 400;\">Olio di argan, macadamia, jojoba<\/span>[\/vc_column_text][vc_separator][vc_column_text]<b>FAQ<\/b>[\/vc_column_text][vc_toggle title=&#8221;Quanto devo sciacquarla?&#8221;]Dipende da quanto sono disidratati i tuoi capelli ricci: pochi secondi se sono molto secchi, un minuto se si tratta di un riccio elastico e non particolarmente disidratato.[\/vc_toggle][vc_toggle title=&#8221;Posso usarla ad ogni lavaggio?&#8221;]Certo, far\u00e0 solo bene ai tuoi capelli ricci.[\/vc_toggle][vc_separator][vc_column_text]<strong>INCI<\/strong>: aqua (water), myristyl alcohol, propylene glycol, caprilic capryc triglycerides, cetearyl alcohol, behentrimonium chloride, simmondsia chinensis oil, argania spinosa oil, macadamia ternifolia seed oil, polyquaternium 10, tocopheryl acetate, methylchloroisothiazolinone, methylisothiazolinone, magnesium chloride, magnesium nitrate, isopropyl alcohol, citric acid, parfum (fragrance).<\/p>\n<p>250ml[\/vc_column_text][\/vc_column_inner][\/vc_row_inner][\/vc_column][\/vc_row]<\/p>\n","protected":false},"excerpt":{"rendered":"<p>I Love Riccio ha creato la maschera <strong>Curl Switch<\/strong> per nutrire e idratare in profondit\u00e0 i tuoi capelli, senza appesantirli. Applicata dopo lo shampoo, render\u00e0 i tuoi capelli mossi o ricci <strong>definiti, morbidi e lucidi<\/strong>.<\/p>\n","protected":false},"featured_media":65413,"template":"","meta":{"_acf_changed":false},"product_brand":[],"product_cat":[99,240,104,354,356,368,366,367],"product_tag":[],"class_list":{"0":"post-3275","1":"product","2":"type-product","3":"status-publish","4":"has-post-thumbnail","6":"product_cat-conditioner-capelli-ricci","7":"product_cat-deep-conditioner","8":"product_cat-i-love-riccio","9":"product_cat-linea-capelli-ricci-donna","10":"product_cat-linee-capelli-ricci","11":"product_cat-prodotti-per-capelli-crespi","12":"product_cat-prodotti-per-capelli-ondulati","13":"product_cat-prodotti-per-capelli-ricci","14":"pa_curl_type-3a-3b-3c","15":"pa_curl_type-4a-4b-4c","16":"pa_curl_type-2a-2b-2c","18":"first","19":"instock","20":"purchasable","21":"product-type-simple"},"acf":[],"yoast_head":"<!-- This site is optimized with the Yoast SEO plugin v27.0 - https:\/\/yoast.com\/product\/yoast-seo-wordpress\/ -->\n<title>Maschera nutriente per capelli ricci Curl Switch\u00ae | I Love Riccio<\/title>\n<meta name=\"description\" content=\"Scopri la maschera nutriente per capelli ricci Curl Switch\u00ae, non li appesantisce, elimina il crespo e dona elasticit\u00e0. Acquistala ora!\" \/>\n<meta name=\"robots\" content=\"index, follow, max-snippet:-1, max-image-preview:large, max-video-preview:-1\" \/>\n<link rel=\"canonical\" href=\"https:\/\/www.ilovericcio.com\/it\/prodotto\/i-love-riccio-curl-switch\/\" \/>\n<meta property=\"og:locale\" content=\"it_IT\" \/>\n<meta property=\"og:type\" content=\"article\" \/>\n<meta property=\"og:title\" content=\"Maschera nutriente per capelli ricci Curl Switch\u00ae | I Love Riccio\" \/>\n<meta property=\"og:description\" content=\"Scopri la maschera nutriente per capelli ricci Curl Switch\u00ae, non li appesantisce, elimina il crespo e dona elasticit\u00e0. Acquistala ora!\" \/>\n<meta property=\"og:url\" content=\"https:\/\/www.ilovericcio.com\/it\/prodotto\/i-love-riccio-curl-switch\/\" \/>\n<meta property=\"og:site_name\" content=\"I Love Riccio\" \/>\n<meta property=\"article:publisher\" content=\"https:\/\/www.facebook.com\/ILoveRiccio\" \/>\n<meta property=\"article:modified_time\" content=\"2026-04-13T20:07:11+00:00\" \/>\n<meta property=\"og:image\" content=\"https:\/\/www.ilovericcio.com\/wp-content\/uploads\/2020\/03\/curl-switch-2.png\" \/>\n\t<meta property=\"og:image:width\" content=\"1080\" \/>\n\t<meta property=\"og:image:height\" content=\"1080\" \/>\n\t<meta property=\"og:image:type\" content=\"image\/png\" \/>\n<meta name=\"twitter:card\" content=\"summary_large_image\" \/>\n<meta name=\"twitter:label1\" content=\"Tempo di lettura stimato\" \/>\n\t<meta name=\"twitter:data1\" content=\"3 minuti\" \/>\n<script type=\"application\/ld+json\" class=\"yoast-schema-graph\">{\"@context\":\"https:\/\/schema.org\",\"@graph\":[{\"@type\":\"WebPage\",\"@id\":\"https:\/\/www.ilovericcio.com\/it\/prodotto\/i-love-riccio-curl-switch\/\",\"url\":\"https:\/\/www.ilovericcio.com\/it\/prodotto\/i-love-riccio-curl-switch\/\",\"name\":\"Maschera nutriente per capelli ricci Curl Switch\u00ae | I Love Riccio\",\"isPartOf\":{\"@id\":\"https:\/\/www.ilovericcio.com\/it\/#website\"},\"primaryImageOfPage\":{\"@id\":\"https:\/\/www.ilovericcio.com\/it\/prodotto\/i-love-riccio-curl-switch\/#primaryimage\"},\"image\":{\"@id\":\"https:\/\/www.ilovericcio.com\/it\/prodotto\/i-love-riccio-curl-switch\/#primaryimage\"},\"thumbnailUrl\":\"https:\/\/www.ilovericcio.com\/wp-content\/uploads\/2020\/03\/curl-switch-2.png\",\"datePublished\":\"2020-03-05T13:47:52+00:00\",\"dateModified\":\"2026-04-13T20:07:11+00:00\",\"description\":\"Scopri la maschera nutriente per capelli ricci Curl Switch\u00ae, non li appesantisce, elimina il crespo e dona elasticit\u00e0. Acquistala ora!\",\"breadcrumb\":{\"@id\":\"https:\/\/www.ilovericcio.com\/it\/prodotto\/i-love-riccio-curl-switch\/#breadcrumb\"},\"inLanguage\":\"it-IT\",\"potentialAction\":[{\"@type\":\"ReadAction\",\"target\":[\"https:\/\/www.ilovericcio.com\/it\/prodotto\/i-love-riccio-curl-switch\/\"]}]},{\"@type\":\"ImageObject\",\"inLanguage\":\"it-IT\",\"@id\":\"https:\/\/www.ilovericcio.com\/it\/prodotto\/i-love-riccio-curl-switch\/#primaryimage\",\"url\":\"https:\/\/www.ilovericcio.com\/wp-content\/uploads\/2020\/03\/curl-switch-2.png\",\"contentUrl\":\"https:\/\/www.ilovericcio.com\/wp-content\/uploads\/2020\/03\/curl-switch-2.png\",\"width\":1080,\"height\":1080},{\"@type\":\"BreadcrumbList\",\"@id\":\"https:\/\/www.ilovericcio.com\/it\/prodotto\/i-love-riccio-curl-switch\/#breadcrumb\",\"itemListElement\":[{\"@type\":\"ListItem\",\"position\":1,\"name\":\"Home\",\"item\":\"https:\/\/www.ilovericcio.com\/it\/\"},{\"@type\":\"ListItem\",\"position\":2,\"name\":\"Shop\",\"item\":\"https:\/\/www.ilovericcio.com\/it\/shop\/\"},{\"@type\":\"ListItem\",\"position\":3,\"name\":\"Curl Switch\u00ae Maschera Nutriente I Love Riccio\"}]},{\"@type\":\"WebSite\",\"@id\":\"https:\/\/www.ilovericcio.com\/it\/#website\",\"url\":\"https:\/\/www.ilovericcio.com\/it\/\",\"name\":\"I Love Riccio\",\"description\":\"Prodotti per capelli ricci creati da noi, perfetti per te\",\"publisher\":{\"@id\":\"https:\/\/www.ilovericcio.com\/it\/#organization\"},\"alternateName\":\"ilovericcio\",\"potentialAction\":[{\"@type\":\"SearchAction\",\"target\":{\"@type\":\"EntryPoint\",\"urlTemplate\":\"https:\/\/www.ilovericcio.com\/it\/?s={search_term_string}\"},\"query-input\":{\"@type\":\"PropertyValueSpecification\",\"valueRequired\":true,\"valueName\":\"search_term_string\"}}],\"inLanguage\":\"it-IT\"},{\"@type\":\"Organization\",\"@id\":\"https:\/\/www.ilovericcio.com\/it\/#organization\",\"name\":\"I Love Riccio\",\"alternateName\":\"ilovericcio\",\"url\":\"https:\/\/www.ilovericcio.com\/it\/\",\"logo\":{\"@type\":\"ImageObject\",\"inLanguage\":\"it-IT\",\"@id\":\"https:\/\/www.ilovericcio.com\/it\/#\/schema\/logo\/image\/\",\"url\":\"https:\/\/www.ilovericcio.com\/wp-content\/uploads\/2022\/10\/I-love-riccio-logo-black-def.png\",\"contentUrl\":\"https:\/\/www.ilovericcio.com\/wp-content\/uploads\/2022\/10\/I-love-riccio-logo-black-def.png\",\"width\":186,\"height\":41,\"caption\":\"I Love Riccio\"},\"image\":{\"@id\":\"https:\/\/www.ilovericcio.com\/it\/#\/schema\/logo\/image\/\"},\"sameAs\":[\"https:\/\/www.facebook.com\/ILoveRiccio\",\"https:\/\/www.instagram.com\/i_love_riccio\/\",\"https:\/\/www.youtube.com\/user\/Ilovericcio\",\"https:\/\/it.pinterest.com\/ilovericcio\/\",\"https:\/\/www.tiktok.com\/@i_love_riccio\",\"https:\/\/www.feedaty.com\/recensioni\/ilovericcio\"]}]}<\/script>\n<!-- \/ Yoast SEO plugin. -->","yoast_head_json":{"title":"Maschera nutriente per capelli ricci Curl Switch\u00ae | I Love Riccio","description":"Scopri la maschera nutriente per capelli ricci Curl Switch\u00ae, non li appesantisce, elimina il crespo e dona elasticit\u00e0. Acquistala ora!","robots":{"index":"index","follow":"follow","max-snippet":"max-snippet:-1","max-image-preview":"max-image-preview:large","max-video-preview":"max-video-preview:-1"},"canonical":"https:\/\/www.ilovericcio.com\/it\/prodotto\/i-love-riccio-curl-switch\/","og_locale":"it_IT","og_type":"article","og_title":"Maschera nutriente per capelli ricci Curl Switch\u00ae | I Love Riccio","og_description":"Scopri la maschera nutriente per capelli ricci Curl Switch\u00ae, non li appesantisce, elimina il crespo e dona elasticit\u00e0. Acquistala ora!","og_url":"https:\/\/www.ilovericcio.com\/it\/prodotto\/i-love-riccio-curl-switch\/","og_site_name":"I Love Riccio","article_publisher":"https:\/\/www.facebook.com\/ILoveRiccio","article_modified_time":"2026-04-13T20:07:11+00:00","og_image":[{"width":1080,"height":1080,"url":"https:\/\/www.ilovericcio.com\/wp-content\/uploads\/2020\/03\/curl-switch-2.png","type":"image\/png"}],"twitter_card":"summary_large_image","twitter_misc":{"Tempo di lettura stimato":"3 minuti"},"schema":{"@context":"https:\/\/schema.org","@graph":[{"@type":"WebPage","@id":"https:\/\/www.ilovericcio.com\/it\/prodotto\/i-love-riccio-curl-switch\/","url":"https:\/\/www.ilovericcio.com\/it\/prodotto\/i-love-riccio-curl-switch\/","name":"Maschera nutriente per capelli ricci Curl Switch\u00ae | I Love Riccio","isPartOf":{"@id":"https:\/\/www.ilovericcio.com\/it\/#website"},"primaryImageOfPage":{"@id":"https:\/\/www.ilovericcio.com\/it\/prodotto\/i-love-riccio-curl-switch\/#primaryimage"},"image":{"@id":"https:\/\/www.ilovericcio.com\/it\/prodotto\/i-love-riccio-curl-switch\/#primaryimage"},"thumbnailUrl":"https:\/\/www.ilovericcio.com\/wp-content\/uploads\/2020\/03\/curl-switch-2.png","datePublished":"2020-03-05T13:47:52+00:00","dateModified":"2026-04-13T20:07:11+00:00","description":"Scopri la maschera nutriente per capelli ricci Curl Switch\u00ae, non li appesantisce, elimina il crespo e dona elasticit\u00e0. Acquistala ora!","breadcrumb":{"@id":"https:\/\/www.ilovericcio.com\/it\/prodotto\/i-love-riccio-curl-switch\/#breadcrumb"},"inLanguage":"it-IT","potentialAction":[{"@type":"ReadAction","target":["https:\/\/www.ilovericcio.com\/it\/prodotto\/i-love-riccio-curl-switch\/"]}]},{"@type":"ImageObject","inLanguage":"it-IT","@id":"https:\/\/www.ilovericcio.com\/it\/prodotto\/i-love-riccio-curl-switch\/#primaryimage","url":"https:\/\/www.ilovericcio.com\/wp-content\/uploads\/2020\/03\/curl-switch-2.png","contentUrl":"https:\/\/www.ilovericcio.com\/wp-content\/uploads\/2020\/03\/curl-switch-2.png","width":1080,"height":1080},{"@type":"BreadcrumbList","@id":"https:\/\/www.ilovericcio.com\/it\/prodotto\/i-love-riccio-curl-switch\/#breadcrumb","itemListElement":[{"@type":"ListItem","position":1,"name":"Home","item":"https:\/\/www.ilovericcio.com\/it\/"},{"@type":"ListItem","position":2,"name":"Shop","item":"https:\/\/www.ilovericcio.com\/it\/shop\/"},{"@type":"ListItem","position":3,"name":"Curl Switch\u00ae Maschera Nutriente I Love Riccio"}]},{"@type":"WebSite","@id":"https:\/\/www.ilovericcio.com\/it\/#website","url":"https:\/\/www.ilovericcio.com\/it\/","name":"I Love Riccio","description":"Prodotti per capelli ricci creati da noi, perfetti per te","publisher":{"@id":"https:\/\/www.ilovericcio.com\/it\/#organization"},"alternateName":"ilovericcio","potentialAction":[{"@type":"SearchAction","target":{"@type":"EntryPoint","urlTemplate":"https:\/\/www.ilovericcio.com\/it\/?s={search_term_string}"},"query-input":{"@type":"PropertyValueSpecification","valueRequired":true,"valueName":"search_term_string"}}],"inLanguage":"it-IT"},{"@type":"Organization","@id":"https:\/\/www.ilovericcio.com\/it\/#organization","name":"I Love Riccio","alternateName":"ilovericcio","url":"https:\/\/www.ilovericcio.com\/it\/","logo":{"@type":"ImageObject","inLanguage":"it-IT","@id":"https:\/\/www.ilovericcio.com\/it\/#\/schema\/logo\/image\/","url":"https:\/\/www.ilovericcio.com\/wp-content\/uploads\/2022\/10\/I-love-riccio-logo-black-def.png","contentUrl":"https:\/\/www.ilovericcio.com\/wp-content\/uploads\/2022\/10\/I-love-riccio-logo-black-def.png","width":186,"height":41,"caption":"I Love Riccio"},"image":{"@id":"https:\/\/www.ilovericcio.com\/it\/#\/schema\/logo\/image\/"},"sameAs":["https:\/\/www.facebook.com\/ILoveRiccio","https:\/\/www.instagram.com\/i_love_riccio\/","https:\/\/www.youtube.com\/user\/Ilovericcio","https:\/\/it.pinterest.com\/ilovericcio\/","https:\/\/www.tiktok.com\/@i_love_riccio","https:\/\/www.feedaty.com\/recensioni\/ilovericcio"]}]}},"_links":{"self":[{"href":"https:\/\/www.ilovericcio.com\/it\/wp-json\/wp\/v2\/product\/3275","targetHints":{"allow":["GET"]}}],"collection":[{"href":"https:\/\/www.ilovericcio.com\/it\/wp-json\/wp\/v2\/product"}],"about":[{"href":"https:\/\/www.ilovericcio.com\/it\/wp-json\/wp\/v2\/types\/product"}],"wp:featuredmedia":[{"embeddable":true,"href":"https:\/\/www.ilovericcio.com\/it\/wp-json\/wp\/v2\/media\/65413"}],"wp:attachment":[{"href":"https:\/\/www.ilovericcio.com\/it\/wp-json\/wp\/v2\/media?parent=3275"}],"wp:term":[{"taxonomy":"product_brand","embeddable":true,"href":"https:\/\/www.ilovericcio.com\/it\/wp-json\/wp\/v2\/product_brand?post=3275"},{"taxonomy":"product_cat","embeddable":true,"href":"https:\/\/www.ilovericcio.com\/it\/wp-json\/wp\/v2\/product_cat?post=3275"},{"taxonomy":"product_tag","embeddable":true,"href":"https:\/\/www.ilovericcio.com\/it\/wp-json\/wp\/v2\/product_tag?post=3275"}],"curies":[{"name":"wp","href":"https:\/\/api.w.org\/{rel}","templated":true}]}}