{"id":24386,"date":"2021-06-23T14:22:55","date_gmt":"2021-06-23T12:22:55","guid":{"rendered":"https:\/\/www.ilovericcio.it\/?post_type=product&#038;p=24386"},"modified":"2026-04-24T11:12:58","modified_gmt":"2026-04-24T09:12:58","slug":"i-love-riccio-curl-switch-100ml","status":"publish","type":"product","link":"https:\/\/www.ilovericcio.com\/it\/prodotto\/i-love-riccio-curl-switch-100ml\/","title":{"rendered":"Curl Switch\u00ae Mini Size 100ml I Love Riccio"},"content":{"rendered":"<p><iframe loading=\"lazy\" style=\"float: left; padding-right: 20px; padding-bottom: 20px;\" src=\"https:\/\/www.youtube.com\/embed\/OC3h78fURn8?autoplay=1&amp;rel=0\" width=\"560\" height=\"315\" frameborder=\"0\" allowfullscreen=\"allowfullscreen\"><span data-mce-type=\"bookmark\" style=\"display: inline-block; width: 0px; overflow: hidden; line-height: 0;\" class=\"mce_SELRES_start\"><\/span><\/iframe><\/p>\n<p>Maschera di nutrizione profonda, grazie alle sue propriet\u00e0 idrata, elasticizza, definisce ed elimina il crespo dai ricci.<\/p>\n<p>Abbiamo creato una maschera morbida, non grassa, di facile utilizzo e di grande efficacia. E&#8217; il prodotto pi\u00f9&#8217; utilizzato dal mio Staff e da me perch\u00e9 si riesce a reidratare anche il riccio pi\u00f9&#8217; difficile, pi\u00f9 crespo e secco. L&#8217;idratazione, a differenza della maggior parte dei prodotti che avete provato, entrer\u00e0 all&#8217;interno del riccio rendendolo corposo, robusto ed elastico, senza lasciare residui grassi all&#8217;esterno!<\/p>\n<p><strong>Modo d\u2019uso:<\/strong> dopo aver lavato i capelli applicate una noce su radici, lunghezze e punte massaggiando con le dita e districando i ricci con delicatezza. Risciacquate a seconda di quanto sono aridi i vostri capelli, da 5 secondi se sono molto secchi e grossi a 15 se sono sottili. Questo per far s\u00ec che rimanga del prodotto idratante sui ricci.<\/p>\n<p>Deep nourishing mask, thanks its proprieties hydrates, gives elasticity, defines and eliminates frizz from the curls.<\/p>\n<p>Directions: after washing the hair apply a small quantity of product on the roots, lengths and the ends, all distributing on all the curl with fingers and untangling the curls gently. Rinse according to the hair aridity: from 5 second if they are very dry and thick to 15 second if they are thin. This is to ensure that some moisturizer remains on curls.<\/p>\n<p><strong>INCI<\/strong>: aqua (water), myristyl alcohol, propylene glycol, caprilic capryc triglycerides, cetearyl alcohol, behentrimonium chloride, simmondsia chinensis oil, argania spinosa oil, macadamia ternifolia seed oil, polyquaternium 10, tocopheryl acetate, methylchloroisothiazolinone, methylisothiazolinone, magnesium chloride, magnesium nitrate, isopropyl alcohol, citric acid, parfum (fragrance).<\/p>\n<p>100ml<\/p>\n","protected":false},"excerpt":{"rendered":"<p>I Love Riccio ha creato la maschera <strong>Curl Switch Travel Size<\/strong> per nutrire e idratare in profondit\u00e0 i tuoi capelli anche in viaggio, senza appesantirli. Applicata dopo lo shampoo, render\u00e0 i vostri capelli mossi o ricci <strong>definiti, morbidi e lucidi<\/strong>.<\/p>\n","protected":false},"featured_media":65412,"template":"","meta":{"_acf_changed":false},"product_brand":[],"product_cat":[99,240,104,354,356,368,366,367],"product_tag":[],"class_list":{"0":"post-24386","1":"product","2":"type-product","3":"status-publish","4":"has-post-thumbnail","6":"product_cat-conditioner-capelli-ricci","7":"product_cat-deep-conditioner","8":"product_cat-i-love-riccio","9":"product_cat-linea-capelli-ricci-donna","10":"product_cat-linee-capelli-ricci","11":"product_cat-prodotti-per-capelli-crespi","12":"product_cat-prodotti-per-capelli-ondulati","13":"product_cat-prodotti-per-capelli-ricci","14":"pa_curl_type-3a-3b-3c","15":"pa_curl_type-4a-4b-4c","16":"pa_curl_type-2a-2b-2c","18":"first","19":"instock","20":"purchasable","21":"product-type-simple"},"acf":[],"yoast_head":"<!-- This site is optimized with the Yoast SEO plugin v27.0 - https:\/\/yoast.com\/product\/yoast-seo-wordpress\/ -->\n<title>Maschera nutriente per ricci formato 100 ml Curl Switch\u00ae | I Love Riccio<\/title>\n<meta name=\"description\" content=\"Scopri la maschera nutriente per capelli ricci Curl Switch\u00ae Travel Size 100ml, elimina il crespo e dona elasticit\u00e0. Portala in viaggio con te!\" \/>\n<meta name=\"robots\" content=\"index, follow, max-snippet:-1, max-image-preview:large, max-video-preview:-1\" \/>\n<link rel=\"canonical\" href=\"https:\/\/www.ilovericcio.com\/it\/prodotto\/i-love-riccio-curl-switch-100ml\/\" \/>\n<meta property=\"og:locale\" content=\"it_IT\" \/>\n<meta property=\"og:type\" content=\"article\" \/>\n<meta property=\"og:title\" content=\"Maschera nutriente per ricci formato 100 ml Curl Switch\u00ae | I Love Riccio\" \/>\n<meta property=\"og:description\" content=\"Scopri la maschera nutriente per capelli ricci Curl Switch\u00ae Travel Size 100ml, elimina il crespo e dona elasticit\u00e0. Portala in viaggio con te!\" \/>\n<meta property=\"og:url\" content=\"https:\/\/www.ilovericcio.com\/it\/prodotto\/i-love-riccio-curl-switch-100ml\/\" \/>\n<meta property=\"og:site_name\" content=\"I Love Riccio\" \/>\n<meta property=\"article:publisher\" content=\"https:\/\/www.facebook.com\/ILoveRiccio\" \/>\n<meta property=\"article:modified_time\" content=\"2026-04-24T09:12:58+00:00\" \/>\n<meta property=\"og:image\" content=\"https:\/\/www.ilovericcio.com\/wp-content\/uploads\/2021\/06\/curl-switch-minisize-2.png\" \/>\n\t<meta property=\"og:image:width\" content=\"1080\" \/>\n\t<meta property=\"og:image:height\" content=\"1080\" \/>\n\t<meta property=\"og:image:type\" content=\"image\/png\" \/>\n<meta name=\"twitter:card\" content=\"summary_large_image\" \/>\n<meta name=\"twitter:label1\" content=\"Tempo di lettura stimato\" \/>\n\t<meta name=\"twitter:data1\" content=\"2 minuti\" \/>\n<script type=\"application\/ld+json\" class=\"yoast-schema-graph\">{\"@context\":\"https:\/\/schema.org\",\"@graph\":[{\"@type\":\"WebPage\",\"@id\":\"https:\/\/www.ilovericcio.com\/it\/prodotto\/i-love-riccio-curl-switch-100ml\/\",\"url\":\"https:\/\/www.ilovericcio.com\/it\/prodotto\/i-love-riccio-curl-switch-100ml\/\",\"name\":\"Maschera nutriente per ricci formato 100 ml Curl Switch\u00ae | I Love Riccio\",\"isPartOf\":{\"@id\":\"https:\/\/www.ilovericcio.com\/it\/#website\"},\"primaryImageOfPage\":{\"@id\":\"https:\/\/www.ilovericcio.com\/it\/prodotto\/i-love-riccio-curl-switch-100ml\/#primaryimage\"},\"image\":{\"@id\":\"https:\/\/www.ilovericcio.com\/it\/prodotto\/i-love-riccio-curl-switch-100ml\/#primaryimage\"},\"thumbnailUrl\":\"https:\/\/www.ilovericcio.com\/wp-content\/uploads\/2021\/06\/curl-switch-minisize-2.png\",\"datePublished\":\"2021-06-23T12:22:55+00:00\",\"dateModified\":\"2026-04-24T09:12:58+00:00\",\"description\":\"Scopri la maschera nutriente per capelli ricci Curl Switch\u00ae Travel Size 100ml, elimina il crespo e dona elasticit\u00e0. Portala in viaggio con te!\",\"breadcrumb\":{\"@id\":\"https:\/\/www.ilovericcio.com\/it\/prodotto\/i-love-riccio-curl-switch-100ml\/#breadcrumb\"},\"inLanguage\":\"it-IT\",\"potentialAction\":[{\"@type\":\"ReadAction\",\"target\":[\"https:\/\/www.ilovericcio.com\/it\/prodotto\/i-love-riccio-curl-switch-100ml\/\"]}]},{\"@type\":\"ImageObject\",\"inLanguage\":\"it-IT\",\"@id\":\"https:\/\/www.ilovericcio.com\/it\/prodotto\/i-love-riccio-curl-switch-100ml\/#primaryimage\",\"url\":\"https:\/\/www.ilovericcio.com\/wp-content\/uploads\/2021\/06\/curl-switch-minisize-2.png\",\"contentUrl\":\"https:\/\/www.ilovericcio.com\/wp-content\/uploads\/2021\/06\/curl-switch-minisize-2.png\",\"width\":1080,\"height\":1080},{\"@type\":\"BreadcrumbList\",\"@id\":\"https:\/\/www.ilovericcio.com\/it\/prodotto\/i-love-riccio-curl-switch-100ml\/#breadcrumb\",\"itemListElement\":[{\"@type\":\"ListItem\",\"position\":1,\"name\":\"Home\",\"item\":\"https:\/\/www.ilovericcio.com\/it\/\"},{\"@type\":\"ListItem\",\"position\":2,\"name\":\"Shop\",\"item\":\"https:\/\/www.ilovericcio.com\/it\/shop\/\"},{\"@type\":\"ListItem\",\"position\":3,\"name\":\"Curl Switch\u00ae Mini Size 100ml I Love Riccio\"}]},{\"@type\":\"WebSite\",\"@id\":\"https:\/\/www.ilovericcio.com\/it\/#website\",\"url\":\"https:\/\/www.ilovericcio.com\/it\/\",\"name\":\"I Love Riccio\",\"description\":\"Prodotti per capelli ricci creati da noi, perfetti per te\",\"publisher\":{\"@id\":\"https:\/\/www.ilovericcio.com\/it\/#organization\"},\"alternateName\":\"ilovericcio\",\"potentialAction\":[{\"@type\":\"SearchAction\",\"target\":{\"@type\":\"EntryPoint\",\"urlTemplate\":\"https:\/\/www.ilovericcio.com\/it\/?s={search_term_string}\"},\"query-input\":{\"@type\":\"PropertyValueSpecification\",\"valueRequired\":true,\"valueName\":\"search_term_string\"}}],\"inLanguage\":\"it-IT\"},{\"@type\":\"Organization\",\"@id\":\"https:\/\/www.ilovericcio.com\/it\/#organization\",\"name\":\"I Love Riccio\",\"alternateName\":\"ilovericcio\",\"url\":\"https:\/\/www.ilovericcio.com\/it\/\",\"logo\":{\"@type\":\"ImageObject\",\"inLanguage\":\"it-IT\",\"@id\":\"https:\/\/www.ilovericcio.com\/it\/#\/schema\/logo\/image\/\",\"url\":\"https:\/\/www.ilovericcio.com\/wp-content\/uploads\/2022\/10\/I-love-riccio-logo-black-def.png\",\"contentUrl\":\"https:\/\/www.ilovericcio.com\/wp-content\/uploads\/2022\/10\/I-love-riccio-logo-black-def.png\",\"width\":186,\"height\":41,\"caption\":\"I Love Riccio\"},\"image\":{\"@id\":\"https:\/\/www.ilovericcio.com\/it\/#\/schema\/logo\/image\/\"},\"sameAs\":[\"https:\/\/www.facebook.com\/ILoveRiccio\",\"https:\/\/www.instagram.com\/i_love_riccio\/\",\"https:\/\/www.youtube.com\/user\/Ilovericcio\",\"https:\/\/it.pinterest.com\/ilovericcio\/\",\"https:\/\/www.tiktok.com\/@i_love_riccio\",\"https:\/\/www.feedaty.com\/recensioni\/ilovericcio\"]}]}<\/script>\n<!-- \/ Yoast SEO plugin. -->","yoast_head_json":{"title":"Maschera nutriente per ricci formato 100 ml Curl Switch\u00ae | I Love Riccio","description":"Scopri la maschera nutriente per capelli ricci Curl Switch\u00ae Travel Size 100ml, elimina il crespo e dona elasticit\u00e0. Portala in viaggio con te!","robots":{"index":"index","follow":"follow","max-snippet":"max-snippet:-1","max-image-preview":"max-image-preview:large","max-video-preview":"max-video-preview:-1"},"canonical":"https:\/\/www.ilovericcio.com\/it\/prodotto\/i-love-riccio-curl-switch-100ml\/","og_locale":"it_IT","og_type":"article","og_title":"Maschera nutriente per ricci formato 100 ml Curl Switch\u00ae | I Love Riccio","og_description":"Scopri la maschera nutriente per capelli ricci Curl Switch\u00ae Travel Size 100ml, elimina il crespo e dona elasticit\u00e0. Portala in viaggio con te!","og_url":"https:\/\/www.ilovericcio.com\/it\/prodotto\/i-love-riccio-curl-switch-100ml\/","og_site_name":"I Love Riccio","article_publisher":"https:\/\/www.facebook.com\/ILoveRiccio","article_modified_time":"2026-04-24T09:12:58+00:00","og_image":[{"width":1080,"height":1080,"url":"https:\/\/www.ilovericcio.com\/wp-content\/uploads\/2021\/06\/curl-switch-minisize-2.png","type":"image\/png"}],"twitter_card":"summary_large_image","twitter_misc":{"Tempo di lettura stimato":"2 minuti"},"schema":{"@context":"https:\/\/schema.org","@graph":[{"@type":"WebPage","@id":"https:\/\/www.ilovericcio.com\/it\/prodotto\/i-love-riccio-curl-switch-100ml\/","url":"https:\/\/www.ilovericcio.com\/it\/prodotto\/i-love-riccio-curl-switch-100ml\/","name":"Maschera nutriente per ricci formato 100 ml Curl Switch\u00ae | I Love Riccio","isPartOf":{"@id":"https:\/\/www.ilovericcio.com\/it\/#website"},"primaryImageOfPage":{"@id":"https:\/\/www.ilovericcio.com\/it\/prodotto\/i-love-riccio-curl-switch-100ml\/#primaryimage"},"image":{"@id":"https:\/\/www.ilovericcio.com\/it\/prodotto\/i-love-riccio-curl-switch-100ml\/#primaryimage"},"thumbnailUrl":"https:\/\/www.ilovericcio.com\/wp-content\/uploads\/2021\/06\/curl-switch-minisize-2.png","datePublished":"2021-06-23T12:22:55+00:00","dateModified":"2026-04-24T09:12:58+00:00","description":"Scopri la maschera nutriente per capelli ricci Curl Switch\u00ae Travel Size 100ml, elimina il crespo e dona elasticit\u00e0. Portala in viaggio con te!","breadcrumb":{"@id":"https:\/\/www.ilovericcio.com\/it\/prodotto\/i-love-riccio-curl-switch-100ml\/#breadcrumb"},"inLanguage":"it-IT","potentialAction":[{"@type":"ReadAction","target":["https:\/\/www.ilovericcio.com\/it\/prodotto\/i-love-riccio-curl-switch-100ml\/"]}]},{"@type":"ImageObject","inLanguage":"it-IT","@id":"https:\/\/www.ilovericcio.com\/it\/prodotto\/i-love-riccio-curl-switch-100ml\/#primaryimage","url":"https:\/\/www.ilovericcio.com\/wp-content\/uploads\/2021\/06\/curl-switch-minisize-2.png","contentUrl":"https:\/\/www.ilovericcio.com\/wp-content\/uploads\/2021\/06\/curl-switch-minisize-2.png","width":1080,"height":1080},{"@type":"BreadcrumbList","@id":"https:\/\/www.ilovericcio.com\/it\/prodotto\/i-love-riccio-curl-switch-100ml\/#breadcrumb","itemListElement":[{"@type":"ListItem","position":1,"name":"Home","item":"https:\/\/www.ilovericcio.com\/it\/"},{"@type":"ListItem","position":2,"name":"Shop","item":"https:\/\/www.ilovericcio.com\/it\/shop\/"},{"@type":"ListItem","position":3,"name":"Curl Switch\u00ae Mini Size 100ml I Love Riccio"}]},{"@type":"WebSite","@id":"https:\/\/www.ilovericcio.com\/it\/#website","url":"https:\/\/www.ilovericcio.com\/it\/","name":"I Love Riccio","description":"Prodotti per capelli ricci creati da noi, perfetti per te","publisher":{"@id":"https:\/\/www.ilovericcio.com\/it\/#organization"},"alternateName":"ilovericcio","potentialAction":[{"@type":"SearchAction","target":{"@type":"EntryPoint","urlTemplate":"https:\/\/www.ilovericcio.com\/it\/?s={search_term_string}"},"query-input":{"@type":"PropertyValueSpecification","valueRequired":true,"valueName":"search_term_string"}}],"inLanguage":"it-IT"},{"@type":"Organization","@id":"https:\/\/www.ilovericcio.com\/it\/#organization","name":"I Love Riccio","alternateName":"ilovericcio","url":"https:\/\/www.ilovericcio.com\/it\/","logo":{"@type":"ImageObject","inLanguage":"it-IT","@id":"https:\/\/www.ilovericcio.com\/it\/#\/schema\/logo\/image\/","url":"https:\/\/www.ilovericcio.com\/wp-content\/uploads\/2022\/10\/I-love-riccio-logo-black-def.png","contentUrl":"https:\/\/www.ilovericcio.com\/wp-content\/uploads\/2022\/10\/I-love-riccio-logo-black-def.png","width":186,"height":41,"caption":"I Love Riccio"},"image":{"@id":"https:\/\/www.ilovericcio.com\/it\/#\/schema\/logo\/image\/"},"sameAs":["https:\/\/www.facebook.com\/ILoveRiccio","https:\/\/www.instagram.com\/i_love_riccio\/","https:\/\/www.youtube.com\/user\/Ilovericcio","https:\/\/it.pinterest.com\/ilovericcio\/","https:\/\/www.tiktok.com\/@i_love_riccio","https:\/\/www.feedaty.com\/recensioni\/ilovericcio"]}]}},"_links":{"self":[{"href":"https:\/\/www.ilovericcio.com\/it\/wp-json\/wp\/v2\/product\/24386","targetHints":{"allow":["GET"]}}],"collection":[{"href":"https:\/\/www.ilovericcio.com\/it\/wp-json\/wp\/v2\/product"}],"about":[{"href":"https:\/\/www.ilovericcio.com\/it\/wp-json\/wp\/v2\/types\/product"}],"wp:featuredmedia":[{"embeddable":true,"href":"https:\/\/www.ilovericcio.com\/it\/wp-json\/wp\/v2\/media\/65412"}],"wp:attachment":[{"href":"https:\/\/www.ilovericcio.com\/it\/wp-json\/wp\/v2\/media?parent=24386"}],"wp:term":[{"taxonomy":"product_brand","embeddable":true,"href":"https:\/\/www.ilovericcio.com\/it\/wp-json\/wp\/v2\/product_brand?post=24386"},{"taxonomy":"product_cat","embeddable":true,"href":"https:\/\/www.ilovericcio.com\/it\/wp-json\/wp\/v2\/product_cat?post=24386"},{"taxonomy":"product_tag","embeddable":true,"href":"https:\/\/www.ilovericcio.com\/it\/wp-json\/wp\/v2\/product_tag?post=24386"}],"curies":[{"name":"wp","href":"https:\/\/api.w.org\/{rel}","templated":true}]}}