{"id":3540,"date":"2020-03-12T17:19:59","date_gmt":"2020-03-12T16:19:59","guid":{"rendered":"http:\/\/ilovericcio.it\/?page_id=3540"},"modified":"2026-02-18T16:00:04","modified_gmt":"2026-02-18T15:00:04","slug":"regolamento-raccolta-punti","status":"publish","type":"page","link":"https:\/\/www.ilovericcio.com\/it\/regolamento-raccolta-punti\/","title":{"rendered":"Regolamento Raccolta Punti"},"content":{"rendered":"<h3><b>Benvenuto nella Raccolta Punti I Love Riccio. Scopri come funziona.<\/b><\/h3>\n<p><span style=\"font-weight: 400;\">In <\/span><b>I Love Riccio<\/b><span style=\"font-weight: 400;\">, ogni tuo acquisto nello shop online e ogni tua azione valgono di pi\u00f9. Abbiamo creato un sistema a premi pensato per valorizzare la tua fedelt\u00e0 e aiutarti a prenderti cura dei tuoi capelli con i migliori prodotti professionali.<\/span><\/p>\n<p><span style=\"font-weight: 400;\">Scopri come <strong>accumulare punti, scalare i livelli e ottenere sconti esclusivi<\/strong> per il tuo shopping online.<\/span><\/p>\n<h3><b>1. Come accumulare i punti<\/b><\/h3>\n<p><span style=\"font-weight: 400;\">La partecipazione al programma \u00e8 gratuita ed \u00e8 automatica per tutti gli utenti che creano <strong>un account di registrazione sul sito www.ilovericcio.com.<\/strong><\/span><\/p>\n<p><span style=\"font-weight: 400;\">Accumulare punti \u00e8 semplicissimo: <\/span><b>per ogni 1\u20ac speso sul nostro shop, ricevi 1 Punto.<\/b><span style=\"font-weight: 400;\"> Ma non finisce qui! Puoi far crescere il tuo salvadanaio anche attraverso azioni speciali:<\/span><\/p>\n<ul>\n<li style=\"font-weight: 400;\" aria-level=\"1\"><b>Benvenuto:<\/b><span style=\"font-weight: 400;\"> ricevi subito <\/span><b>20 punti<\/b><span style=\"font-weight: 400;\"> alla tua prima registrazione sul sito.<\/span><\/li>\n<li style=\"font-weight: 400;\" aria-level=\"1\"><b>Passaparola (Referral):<\/b><span style=\"font-weight: 400;\"> invita un amico! Se si registra tramite il tuo link e conclude il 1\u00b0 ordine, <\/span><span style=\"font-weight: 400;\">tu ricevi ben <\/span><b>50<\/b><span style=\"font-weight: 400;\"> punti bonus.<\/span><\/li>\n<li style=\"font-weight: 400;\" aria-level=\"1\"><b>Obiettivo ordini:<\/b><span style=\"font-weight: 400;\"> premiamo la tua costanza! Ottieni <\/span><b>50 punti extra<\/b><span style=\"font-weight: 400;\"> al completamento del tuo 3\u00b0 ordine e altri <\/span><b>50 punti extra<\/b><span style=\"font-weight: 400;\"> al raggiungimento del 5\u00b0 ordine.<\/span><\/li>\n<\/ul>\n<p><b>Nota bene:<\/b><strong> l&#8217;acquisto di Gift Card non genera l&#8217;accumulo di punti.<\/strong><\/p>\n<p><span style=\"font-weight: 400;\">I punti vengono accreditati al completamento dell\u2019ordine e calcolati sull\u2019importo totale dei prodotti acquistati, <\/span><b>escluse le spese di spedizione<\/b><span style=\"font-weight: 400;\"> ed al netto dello sconto applicato al prodotto in caso di promozioni.\u00a0<\/span><\/p>\n<h3><b>2. Scala i Livelli: Lover, Icon e Legend<\/b><\/h3>\n<p><span style=\"font-weight: 400;\">Pi\u00f9 punti accumuli, pi\u00f9 sali di livello, sbloccando bonus immediati che accelerano la tua raccolta:<\/span><\/p>\n<table>\n<tbody>\n<tr>\n<td><b>Livello<\/b><\/td>\n<td><b>Soglia Minima<\/b><\/td>\n<td><b>Bonus di Ingresso<\/b><\/td>\n<\/tr>\n<tr>\n<td><b>Lover<\/b><\/td>\n<td><span style=\"font-weight: 400;\">0 Punti<\/span><\/td>\n<td><b>20 punti<\/b><span style=\"font-weight: 400;\"> (PER I NUOVI ISCRITTI)<\/span><\/td>\n<\/tr>\n<tr>\n<td><b>Icon<\/b><\/td>\n<td><span style=\"font-weight: 400;\">250 Punti<\/span><\/td>\n<td><b>50 punti<\/b><span style=\"font-weight: 400;\"> extra di bonus<\/span><\/td>\n<\/tr>\n<tr>\n<td><b>Legend<\/b><\/td>\n<td><span style=\"font-weight: 400;\">500 Punti<\/span><\/td>\n<td><b>160 punti<\/b><span style=\"font-weight: 400;\"> extra di bonus<\/span><\/td>\n<\/tr>\n<\/tbody>\n<\/table>\n<p><i><span style=\"font-weight: 400;\">Raggiungere i livelli superiori \u00e8 facile combinando i tuoi acquisti con le azioni di gamification (come invitare amiche o completare pi\u00f9 ordini).<\/span><\/i><\/p>\n<p><span style=\"font-weight: 400;\">Il livello raggiunto e il relativo badge sono visibili e consultabili all\u2019interno dell\u2019<\/span><b>area riservata \u201cIl mio Account\u201d<\/b><span style=\"font-weight: 400;\">.<\/span><span style=\"font-weight: 400;\"><br \/>\n<\/span><span style=\"font-weight: 400;\">I criteri di accesso e le soglie dei livelli sono definiti da <\/span><b>I Love Riccio<\/b><span style=\"font-weight: 400;\">, che si riserva il diritto di modificarli in qualsiasi momento, dandone comunicazione sul sito ufficiale.<\/span><\/p>\n<p>&nbsp;<\/p>\n<h3><b>3. Come trasformare i punti in sconti<\/b><\/h3>\n<p><span style=\"font-weight: 400;\">Una volta accumulati abbastanza punti, potrai convertirli direttamente nel carrello per i tuoi acquisti futuri. Ecco le regole per il riscatto:<\/span><\/p>\n<ul>\n<li style=\"font-weight: 400;\" aria-level=\"1\"><b>Valore:<\/b><span style=\"font-weight: 400;\"> ogni <\/span><b>250 punti<\/b><span style=\"font-weight: 400;\"> accumulati corrispondono a <\/span><b>10\u20ac di sconto<\/b><span style=\"font-weight: 400;\">.<\/span><\/li>\n<li style=\"font-weight: 400;\" aria-level=\"1\"><b>Sconto Massimo:<\/b><span style=\"font-weight: 400;\"> puoi utilizzare fino a un massimo di <\/span><b>500 punti per singolo ordine<\/b><span style=\"font-weight: 400;\">, ottenendo cos\u00ec uno sconto immediato di <\/span><b>20\u20ac<\/b><span style=\"font-weight: 400;\">.<\/span><\/li>\n<li style=\"font-weight: 400;\" aria-level=\"1\"><b>Soglia di utilizzo:<\/b><span style=\"font-weight: 400;\"> per applicare i tuoi punti, il carrello deve avere un valore minimo di <\/span><b>50\u20ac<\/b><span style=\"font-weight: 400;\">.<\/span><\/li>\n<li style=\"font-weight: 400;\" aria-level=\"1\"><b>Esclusioni:<\/b><span style=\"font-weight: 400;\"> i punti non possono essere utilizzati per l&#8217;acquisto di Gift Card.<\/span><\/li>\n<\/ul>\n<p><span style=\"font-weight: 400;\">\u26a0\ufe0f <\/span><b>Nota bene:<\/b><span style=\"font-weight: 400;\"> l\u2019utilizzo dei punti <\/span><b>non \u00e8 cumulabile con altri sconti, codici promozionali o iniziative in corso<\/b><span style=\"font-weight: 400;\">, salvo diversa indicazione.<\/span><\/p>\n<p>&nbsp;<\/p>\n<h3><b>4. Scadenza dei punti<\/b><\/h3>\n<p><span style=\"font-weight: 400;\">Ricorda di coccolare i tuoi ricci regolarmente! I punti hanno una validit\u00e0 di <\/span><b>12 mesi dalla data in cui ti sono stati assegnati<\/b><span style=\"font-weight: 400;\">. Non lasciarli scadere: trasformali in cura e coccole per i tuoi capelli!<\/span><\/p>\n<p>&nbsp;<\/p>\n<h3><b>3. Programma Referral di affiliazione: Invita un amico<\/b><\/h3>\n<p><span style=\"font-weight: 400;\">All\u2019interno del Programma Fedelt\u00e0 \u201cI Love Riccio\u201d \u00e8 attivo un <\/span><b>Programma Referral (Invita un amico)<\/b><span style=\"font-weight: 400;\"> che permette agli utenti registrati di ottenere punti bonus invitando nuovi clienti a iscriversi e acquistare sul sito <\/span><a href=\"https:\/\/www.ilovericcio.com\/it\/\"><b>www.ilovericcio.com<\/b><\/a><span style=\"font-weight: 400;\">.<\/span><\/p>\n<ul>\n<li style=\"font-weight: 400;\" aria-level=\"1\"><b>Utente Referrer (promotore)<\/b><b><br \/>\n<\/b><span style=\"font-weight: 400;\">\u00c8 la persona che invita. \u00c8 l&#8217;utente gi\u00e0 iscritto al servizio che decide di condividere il proprio link personalizzato con altri<\/span><span style=\"font-weight: 400;\">: per ogni utente invitato che completa il <\/span><b>primo ordine<\/b><span style=\"font-weight: 400;\"> tramite il link di referral, il referrer riceve ulteriori <\/span><b>+50 punti bonus<\/b><span style=\"font-weight: 400;\">.<\/span><\/li>\n<li style=\"font-weight: 400;\" aria-level=\"1\"><b>Utente Referral (invitato)<\/b><b><br \/>\n<\/b><span style=\"font-weight: 400;\">\u00c8 il nuovo utente che non \u00e8 ancora iscritto e che entra nel programma grazie al suggerimento del Referrer. <\/span><span style=\"font-weight: 400;\">Dopo il completamento della registrazione account e del completamento del primo ordine, l\u2019utente referral ricever\u00e0 i <\/span><b>punti premianti <\/b><span style=\"font-weight: 400;\">previsti dal Programma Fedelt\u00e0, calcolati in base all\u2019importo della spesa sostenuta.<\/span><\/li>\n<\/ul>\n<p><span style=\"font-weight: 400;\">I punti bonus del Programma Referral vengono accreditati <\/span><b>solo dopo la conclusione del primo ordine<\/b><span style=\"font-weight: 400;\"> dell\u2019utente referral e <\/span><b>una sola volta per ciascun nuovo utente invitato<\/b><span style=\"font-weight: 400;\">.<\/span><\/p>\n<p>&nbsp;<\/p>\n<h3><b>Dove trovare il proprio link Referral<\/b><\/h3>\n<p><span style=\"font-weight: 400;\">Ogni utente registrato pu\u00f2 trovare il proprio <\/span><b>link personale di referral<\/b><span style=\"font-weight: 400;\"> accedendo alla sezione <\/span><b>\u201cMy Account\u201d<\/b><span style=\"font-weight: 400;\"> del sito.<\/span><span style=\"font-weight: 400;\"><br \/>\n<\/span><span style=\"font-weight: 400;\">All\u2019interno dell\u2019area <\/span><b>\u201cI Miei Punti\u201d<\/b><span style=\"font-weight: 400;\"> \u00e8 presente una sezione dedicata al <\/span><b>Programma Referral<\/b><span style=\"font-weight: 400;\">, nella quale viene mostrato il link referral personale, che pu\u00f2 essere <\/span><b>copiato e condiviso<\/b><span style=\"font-weight: 400;\"> con amici e conoscenti per invitarli a iscriversi al Programma Fedelt\u00e0 \u201cI Love Riccio\u201d.<\/span><\/p>\n<p>&nbsp;<\/p>\n<h3><b>6. MODIFICHE AL REGOLAMENTO<\/b><\/h3>\n<p><span style=\"font-weight: 400;\">I Love Riccio si riserva il diritto di modificare, sospendere o interrompere il Programma Fedelt\u00e0 in qualsiasi momento, dandone comunicazione sul sito ufficiale.<\/span><\/p>\n<p><span style=\"font-weight: 400;\"><br \/>\n<\/span><b>Hai bisogno di supporto?<\/b><\/p>\n<p><span style=\"font-weight: 400;\">Puoi controllare il tuo saldo punti e il tuo livello attuale in qualsiasi momento accedendo alla tua <\/span><b>Area Personale<\/b><span style=\"font-weight: 400;\">.<\/span><\/p>\n<p><b>Vuoi iniziare subito a scalare la classifica?<\/b><\/p>\n<p><strong><a href=\"https:\/\/www.ilovericcio.com\/it\/my-account\/\">Registrati ora o Accedi al tuo account<\/a> per vedere i tuoi punti<\/strong><\/p>\n<p>&nbsp;<\/p>\n","protected":false},"excerpt":{"rendered":"<p>Benvenuto nella Raccolta Punti I Love Riccio. Scopri come funziona. In I Love Riccio, ogni tuo acquisto nello shop online e ogni tua azione valgono di pi\u00f9. Abbiamo creato un sistema a premi pensato per valorizzare la tua fedelt\u00e0 e aiutarti a prenderti cura dei tuoi capelli con i migliori prodotti professionali. Scopri come accumulare [&hellip;]<\/p>\n","protected":false},"author":30709,"featured_media":0,"parent":0,"menu_order":0,"comment_status":"closed","ping_status":"closed","template":"blank-page.php","meta":{"_acf_changed":false,"footnotes":""},"class_list":["post-3540","page","type-page","status-publish","hentry"],"acf":[],"yoast_head":"<!-- This site is optimized with the Yoast SEO plugin v27.0 - https:\/\/yoast.com\/product\/yoast-seo-wordpress\/ -->\n<title>Regolamento Raccolta Punti per Acquisti Online | I Love Riccio<\/title>\n<meta name=\"description\" content=\"Partecipa alla nostra raccolta punti ed accumuli sconti esclusivi per i tuoi ricci! Consulta il nostro regolamento, iscriviti e inizia subito.\" \/>\n<meta name=\"robots\" content=\"index, follow, max-snippet:-1, max-image-preview:large, max-video-preview:-1\" \/>\n<link rel=\"canonical\" href=\"https:\/\/www.ilovericcio.com\/it\/regolamento-raccolta-punti\/\" \/>\n<meta property=\"og:locale\" content=\"it_IT\" \/>\n<meta property=\"og:type\" content=\"article\" \/>\n<meta property=\"og:title\" content=\"Regolamento Raccolta Punti per Acquisti Online | I Love Riccio\" \/>\n<meta property=\"og:description\" content=\"Partecipa alla nostra raccolta punti ed accumuli sconti esclusivi per i tuoi ricci! Consulta il nostro regolamento, iscriviti e inizia subito.\" \/>\n<meta property=\"og:url\" content=\"https:\/\/www.ilovericcio.com\/it\/regolamento-raccolta-punti\/\" \/>\n<meta property=\"og:site_name\" content=\"I Love Riccio\" \/>\n<meta property=\"article:publisher\" content=\"https:\/\/www.facebook.com\/ILoveRiccio\" \/>\n<meta property=\"article:modified_time\" content=\"2026-02-18T15:00:04+00:00\" \/>\n<meta property=\"og:image\" content=\"https:\/\/www.ilovericcio.com\/wp-content\/uploads\/2022\/10\/01-ilr-home-hero-1080x1080-mobile.jpg\" \/>\n\t<meta property=\"og:image:width\" content=\"1080\" \/>\n\t<meta property=\"og:image:height\" content=\"1080\" \/>\n\t<meta property=\"og:image:type\" content=\"image\/jpeg\" \/>\n<meta name=\"twitter:card\" content=\"summary_large_image\" \/>\n<meta name=\"twitter:label1\" content=\"Tempo di lettura stimato\" \/>\n\t<meta name=\"twitter:data1\" content=\"5 minuti\" \/>\n<script type=\"application\/ld+json\" class=\"yoast-schema-graph\">{\"@context\":\"https:\/\/schema.org\",\"@graph\":[{\"@type\":\"WebPage\",\"@id\":\"https:\/\/www.ilovericcio.com\/it\/regolamento-raccolta-punti\/\",\"url\":\"https:\/\/www.ilovericcio.com\/it\/regolamento-raccolta-punti\/\",\"name\":\"Regolamento Raccolta Punti per Acquisti Online | I Love Riccio\",\"isPartOf\":{\"@id\":\"https:\/\/www.ilovericcio.com\/it\/#website\"},\"datePublished\":\"2020-03-12T16:19:59+00:00\",\"dateModified\":\"2026-02-18T15:00:04+00:00\",\"description\":\"Partecipa alla nostra raccolta punti ed accumuli sconti esclusivi per i tuoi ricci! Consulta il nostro regolamento, iscriviti e inizia subito.\",\"breadcrumb\":{\"@id\":\"https:\/\/www.ilovericcio.com\/it\/regolamento-raccolta-punti\/#breadcrumb\"},\"inLanguage\":\"it-IT\",\"potentialAction\":[{\"@type\":\"ReadAction\",\"target\":[\"https:\/\/www.ilovericcio.com\/it\/regolamento-raccolta-punti\/\"]}]},{\"@type\":\"BreadcrumbList\",\"@id\":\"https:\/\/www.ilovericcio.com\/it\/regolamento-raccolta-punti\/#breadcrumb\",\"itemListElement\":[{\"@type\":\"ListItem\",\"position\":1,\"name\":\"Home\",\"item\":\"https:\/\/www.ilovericcio.com\/it\/\"},{\"@type\":\"ListItem\",\"position\":2,\"name\":\"Regolamento Raccolta Punti\"}]},{\"@type\":\"WebSite\",\"@id\":\"https:\/\/www.ilovericcio.com\/it\/#website\",\"url\":\"https:\/\/www.ilovericcio.com\/it\/\",\"name\":\"I Love Riccio\",\"description\":\"Prodotti per capelli ricci creati da noi, perfetti per te\",\"publisher\":{\"@id\":\"https:\/\/www.ilovericcio.com\/it\/#organization\"},\"alternateName\":\"ilovericcio\",\"potentialAction\":[{\"@type\":\"SearchAction\",\"target\":{\"@type\":\"EntryPoint\",\"urlTemplate\":\"https:\/\/www.ilovericcio.com\/it\/?s={search_term_string}\"},\"query-input\":{\"@type\":\"PropertyValueSpecification\",\"valueRequired\":true,\"valueName\":\"search_term_string\"}}],\"inLanguage\":\"it-IT\"},{\"@type\":\"Organization\",\"@id\":\"https:\/\/www.ilovericcio.com\/it\/#organization\",\"name\":\"I Love Riccio\",\"alternateName\":\"ilovericcio\",\"url\":\"https:\/\/www.ilovericcio.com\/it\/\",\"logo\":{\"@type\":\"ImageObject\",\"inLanguage\":\"it-IT\",\"@id\":\"https:\/\/www.ilovericcio.com\/it\/#\/schema\/logo\/image\/\",\"url\":\"https:\/\/www.ilovericcio.com\/wp-content\/uploads\/2022\/10\/I-love-riccio-logo-black-def.png\",\"contentUrl\":\"https:\/\/www.ilovericcio.com\/wp-content\/uploads\/2022\/10\/I-love-riccio-logo-black-def.png\",\"width\":186,\"height\":41,\"caption\":\"I Love Riccio\"},\"image\":{\"@id\":\"https:\/\/www.ilovericcio.com\/it\/#\/schema\/logo\/image\/\"},\"sameAs\":[\"https:\/\/www.facebook.com\/ILoveRiccio\",\"https:\/\/www.instagram.com\/i_love_riccio\/\",\"https:\/\/www.youtube.com\/user\/Ilovericcio\",\"https:\/\/it.pinterest.com\/ilovericcio\/\",\"https:\/\/www.tiktok.com\/@i_love_riccio\",\"https:\/\/www.feedaty.com\/recensioni\/ilovericcio\"]}]}<\/script>\n<!-- \/ Yoast SEO plugin. -->","yoast_head_json":{"title":"Regolamento Raccolta Punti per Acquisti Online | I Love Riccio","description":"Partecipa alla nostra raccolta punti ed accumuli sconti esclusivi per i tuoi ricci! Consulta il nostro regolamento, iscriviti e inizia subito.","robots":{"index":"index","follow":"follow","max-snippet":"max-snippet:-1","max-image-preview":"max-image-preview:large","max-video-preview":"max-video-preview:-1"},"canonical":"https:\/\/www.ilovericcio.com\/it\/regolamento-raccolta-punti\/","og_locale":"it_IT","og_type":"article","og_title":"Regolamento Raccolta Punti per Acquisti Online | I Love Riccio","og_description":"Partecipa alla nostra raccolta punti ed accumuli sconti esclusivi per i tuoi ricci! Consulta il nostro regolamento, iscriviti e inizia subito.","og_url":"https:\/\/www.ilovericcio.com\/it\/regolamento-raccolta-punti\/","og_site_name":"I Love Riccio","article_publisher":"https:\/\/www.facebook.com\/ILoveRiccio","article_modified_time":"2026-02-18T15:00:04+00:00","og_image":[{"width":1080,"height":1080,"url":"https:\/\/www.ilovericcio.com\/wp-content\/uploads\/2022\/10\/01-ilr-home-hero-1080x1080-mobile.jpg","type":"image\/jpeg"}],"twitter_card":"summary_large_image","twitter_misc":{"Tempo di lettura stimato":"5 minuti"},"schema":{"@context":"https:\/\/schema.org","@graph":[{"@type":"WebPage","@id":"https:\/\/www.ilovericcio.com\/it\/regolamento-raccolta-punti\/","url":"https:\/\/www.ilovericcio.com\/it\/regolamento-raccolta-punti\/","name":"Regolamento Raccolta Punti per Acquisti Online | I Love Riccio","isPartOf":{"@id":"https:\/\/www.ilovericcio.com\/it\/#website"},"datePublished":"2020-03-12T16:19:59+00:00","dateModified":"2026-02-18T15:00:04+00:00","description":"Partecipa alla nostra raccolta punti ed accumuli sconti esclusivi per i tuoi ricci! Consulta il nostro regolamento, iscriviti e inizia subito.","breadcrumb":{"@id":"https:\/\/www.ilovericcio.com\/it\/regolamento-raccolta-punti\/#breadcrumb"},"inLanguage":"it-IT","potentialAction":[{"@type":"ReadAction","target":["https:\/\/www.ilovericcio.com\/it\/regolamento-raccolta-punti\/"]}]},{"@type":"BreadcrumbList","@id":"https:\/\/www.ilovericcio.com\/it\/regolamento-raccolta-punti\/#breadcrumb","itemListElement":[{"@type":"ListItem","position":1,"name":"Home","item":"https:\/\/www.ilovericcio.com\/it\/"},{"@type":"ListItem","position":2,"name":"Regolamento Raccolta Punti"}]},{"@type":"WebSite","@id":"https:\/\/www.ilovericcio.com\/it\/#website","url":"https:\/\/www.ilovericcio.com\/it\/","name":"I Love Riccio","description":"Prodotti per capelli ricci creati da noi, perfetti per te","publisher":{"@id":"https:\/\/www.ilovericcio.com\/it\/#organization"},"alternateName":"ilovericcio","potentialAction":[{"@type":"SearchAction","target":{"@type":"EntryPoint","urlTemplate":"https:\/\/www.ilovericcio.com\/it\/?s={search_term_string}"},"query-input":{"@type":"PropertyValueSpecification","valueRequired":true,"valueName":"search_term_string"}}],"inLanguage":"it-IT"},{"@type":"Organization","@id":"https:\/\/www.ilovericcio.com\/it\/#organization","name":"I Love Riccio","alternateName":"ilovericcio","url":"https:\/\/www.ilovericcio.com\/it\/","logo":{"@type":"ImageObject","inLanguage":"it-IT","@id":"https:\/\/www.ilovericcio.com\/it\/#\/schema\/logo\/image\/","url":"https:\/\/www.ilovericcio.com\/wp-content\/uploads\/2022\/10\/I-love-riccio-logo-black-def.png","contentUrl":"https:\/\/www.ilovericcio.com\/wp-content\/uploads\/2022\/10\/I-love-riccio-logo-black-def.png","width":186,"height":41,"caption":"I Love Riccio"},"image":{"@id":"https:\/\/www.ilovericcio.com\/it\/#\/schema\/logo\/image\/"},"sameAs":["https:\/\/www.facebook.com\/ILoveRiccio","https:\/\/www.instagram.com\/i_love_riccio\/","https:\/\/www.youtube.com\/user\/Ilovericcio","https:\/\/it.pinterest.com\/ilovericcio\/","https:\/\/www.tiktok.com\/@i_love_riccio","https:\/\/www.feedaty.com\/recensioni\/ilovericcio"]}]}},"_links":{"self":[{"href":"https:\/\/www.ilovericcio.com\/it\/wp-json\/wp\/v2\/pages\/3540","targetHints":{"allow":["GET"]}}],"collection":[{"href":"https:\/\/www.ilovericcio.com\/it\/wp-json\/wp\/v2\/pages"}],"about":[{"href":"https:\/\/www.ilovericcio.com\/it\/wp-json\/wp\/v2\/types\/page"}],"author":[{"embeddable":true,"href":"https:\/\/www.ilovericcio.com\/it\/wp-json\/wp\/v2\/users\/30709"}],"replies":[{"embeddable":true,"href":"https:\/\/www.ilovericcio.com\/it\/wp-json\/wp\/v2\/comments?post=3540"}],"version-history":[{"count":0,"href":"https:\/\/www.ilovericcio.com\/it\/wp-json\/wp\/v2\/pages\/3540\/revisions"}],"wp:attachment":[{"href":"https:\/\/www.ilovericcio.com\/it\/wp-json\/wp\/v2\/media?parent=3540"}],"curies":[{"name":"wp","href":"https:\/\/api.w.org\/{rel}","templated":true}]}}