{"id":131800,"date":"2020-03-05T14:47:52","date_gmt":"2020-03-05T13:47:52","guid":{"rendered":"https:\/\/www.ilovericcio.it\/prodotto\/i-love-riccio-washn-go\/"},"modified":"2026-02-16T00:03:02","modified_gmt":"2026-02-15T23:03:02","slug":"i-love-riccio-washn-go","status":"publish","type":"product","link":"https:\/\/www.ilovericcio.com\/en\/product\/i-love-riccio-wash-n-go\/","title":{"rendered":"I Love Riccio Wash\u2019n Go\u00ae Co Wash Cleansing Cream"},"content":{"rendered":"<p>[vc_row][vc_column][vc_row_inner][vc_column_inner width=&#8221;1\/2&#8243; is_sticky=&#8221;yes&#8221; sticky_min_width=&#8221;767&#8243; sticky_top=&#8221;200&#8243; sticky_bottom=&#8221;0&#8243;][vc_column_text]<iframe loading=\"lazy\" style=\"float: left; padding-right: 20px; padding-bottom: 20px;\" src=\"https:\/\/www.youtube.com\/embed\/-CPoIwaY1vs?autoplay=1&amp;rel=0\" width=\"560\" height=\"315\" frameborder=\"0\" allowfullscreen=\"allowfullscreen\"><\/iframe><\/p>\n<p>[\/vc_column_text][\/vc_column_inner][vc_column_inner width=&#8221;1\/2&#8243;][vc_column_text]<strong>COS\u2019\u00c8:<br \/>\n<b>Wash\u2019n Go<\/b><span style=\"font-weight: 400;\">\u00a0\u00e8 uno shampoo detergente in crema <\/span><b>senza tensioattivi<\/b><span style=\"font-weight: 400;\">. I Love Riccio \u00e8 stato uno dei primi brand in Italia a parlare di Co-Wash, e da qui tra i primi a creare un prodotto per capelli ricci lavante e senza schiuma, in crema! Hanno parlato di\u00a0<\/span><b>Wash\u2019n Go<\/b><span style=\"font-weight: 400;\">\u00a0le pi\u00f9 importanti testate di Beauty e moda, da\u00a0<\/span><b>Vanity Fair<\/b><span style=\"font-weight: 400;\">\u00a0a\u00a0<\/span><b>Grazia<\/b><span style=\"font-weight: 400;\">, cosa aspetti a provarlo?<\/span><br \/>\n<\/strong>[\/vc_column_text][vc_separator color=&#8221;custom&#8221; accent_color=&#8221;#eaeaea&#8221;][vc_column_text]<strong>A COSA SERVE?<br \/>\n<\/strong><span style=\"font-weight: 400;\">Questa crema detergente serve per lavare cute e capelli ricci particolarmente secchi e aridi per propria natura o perch\u00e9 sottoposti a trattamenti chimici aggressivi. \u00c8 perfetta se desideri capelli ricci idratati e allo stesso tempo elastici;\u00a0<\/span><b>Wash\u2019n Go<\/b><span style=\"font-weight: 400;\">\u00a0\u00e8 indicato per\u00a0<\/span><b>capelli ricci molto secchi e molto grossi<\/b><span style=\"font-weight: 400;\">\u00a0che hanno bisogno di essere lavati e idratati nello stesso momento.<\/span>[\/vc_column_text][vc_separator color=&#8221;custom&#8221; accent_color=&#8221;#eaeaea&#8221;][vc_column_text]<strong>A CHI NON \u00c8 INDICATO?<br \/>\n<\/strong><b>Wash\u2019n Go<\/b><span style=\"font-weight: 400;\">\u00a0non \u00e8 indicato per ricci sottili che tendono ad appesantirsi facilmente. Per quest\u2019ultima tipologia, invece, I Love Riccio consiglia lo\u00a0<\/span><b>shampoo\u00a0<\/b><a href=\"https:\/\/www.ilovericcio.it\/prodotto\/i-love-riccio-curlshine\"><b>Curlshine<\/b><\/a><b>.<\/b>[\/vc_column_text][vc_separator color=&#8221;custom&#8221; accent_color=&#8221;#eaeaea&#8221;][vc_column_text]<strong>COME SI USA?<br \/>\n<\/strong><\/p>\n<div class=\"curly-link prodotti-i-love sticky-bannerino\">\n<p><a href=\"https:\/\/www.ilovericcio.it\/bugiardino-scheda-prodotto\/ILOVERICCIO_BUGIARDINO.pdf\" target=\"_blank\" rel=\"noopener\">SCARICA LA GUIDA COMPLETA<br \/>\nALL&#8217;USO DEI PRODOTTI I LOVE RICCIO<\/a><\/p>\n<div class=\"cont-freccia\"><a href=\"https:\/\/www.ilovericcio.it\/bugiardino-scheda-prodotto\/ILOVERICCIO_BUGIARDINO.pdf\" target=\"_blank\" rel=\"noopener\"><img decoding=\"async\" src=\"https:\/\/www.ilovericcio.com\/wp-content\/uploads\/2021\/10\/downoald.png\" \/><\/a><\/div>\n<\/div>\n<p><span style=\"font-weight: 400;\">Dopo aver inumidito i capelli, applica una noce di crema sulla cute; massaggia il prodotto e distribuiscilo bene su tutta la testa. Emulsiona con acqua tiepida e con l\u2019aiuto delle dita distribuiscilo su lunghezze e punte, massaggia e risciacqua!<\/span>[\/vc_column_text][vc_separator color=&#8221;custom&#8221; accent_color=&#8221;#eaeaea&#8221;][vc_column_text]<strong>PERCH\u00c8 AMERAI WASH&#8217;N GO?<br \/>\n<\/strong><span style=\"font-weight: 400;\">Utilizzando questa crema detergente sentirai la tua cute e i tuoi capelli ricci lavati ma allo stesso tempo idratati in profondit\u00e0.<\/span>[\/vc_column_text][vc_separator color=&#8221;custom&#8221; accent_color=&#8221;#eaeaea&#8221;][vc_column_text]<strong>SOSTANZE FUNZIONALI:<br \/>\n<\/strong><span style=\"font-weight: 400;\">Estratto idrolizzato di collagene e Oligoelementi di silicio, magnesio,rame, zinco, ferro.<\/span>[\/vc_column_text][vc_separator color=&#8221;custom&#8221; accent_color=&#8221;#eaeaea&#8221;][vc_column_text]<strong>TEXTURE<br \/>\n<\/strong>Morbida, cremosa.[\/vc_column_text][vc_separator color=&#8221;custom&#8221; accent_color=&#8221;#eaeaea&#8221;][vc_column_text]<strong>FAQ<\/strong>[\/vc_column_text][vc_toggle title=&#8221;Ogni quanto posso utilizzarlo?&#8221;]Se hai ricci molto secchi, puoi utilizzarlo anche ad ogni lavaggio; se invece i tuoi capelli ricci non sono particolarmente disidratati, puoi alternarlo allo <a href=\"https:\/\/www.ilovericcio.it\/prodotto\/i-love-riccio-curlshine\"><strong>shampoo Curlshine<\/strong><\/a>.[\/vc_toggle][vc_toggle title=&#8221;Devo sciacquarlo bene?&#8221;]Assolutamente s\u00ec, \u00e8 un detergente di conseguenza bisogna sciacquarlo abbondantemente affinch\u00e9 porti via il sebo cutaneo che si andr\u00e0 a legare con esso.[\/vc_toggle][vc_separator color=&#8221;custom&#8221; accent_color=&#8221;#eaeaea&#8221;][vc_column_text]<strong>INCI:<\/strong> aqua (water), hydrolyzed collagen, myristyl alcohol, lauryl alcohol, cetrimonium chloride cyclopentasiloxane, dimethiconol, saccharomyces silicon ferment, saccharomyces magnesium ferment, saccharomyces copper ferment, saccharomyces iron ferment, saccharomyces zinc ferment, benzophenone-4, propylene glycol, methylchloroisothiazolinone, methylisothiazolinone, magnesium chloride, magnesium nitrate, citric acid, parfum\u00a0 (fragrance), limonene, eugenol, linalool, benzyl (alcohol)<\/p>\n<p>250ml[\/vc_column_text][\/vc_column_inner][\/vc_row_inner][\/vc_column][\/vc_row]<\/p>\n","protected":false},"excerpt":{"rendered":"<p><strong>Wash\u2019n Go<\/strong> is a <strong>Co-Wash<\/strong>: a restructuring, conditioning and nourishing cleansing cream designed to hydrate thick frizzy hair deep down.<\/p>\n","protected":false},"featured_media":110524,"template":"","meta":{"_acf_changed":false},"product_brand":[],"product_cat":[404,406,409,410,405,407,400],"product_tag":[],"class_list":{"0":"post-131800","1":"product","2":"type-product","3":"status-publish","4":"has-post-thumbnail","6":"product_cat-creme-lavanti-co-wash-en","7":"product_cat-curly-hair-lines","8":"product_cat-curly-hair-products","9":"product_cat-curly-hair-shampoo","10":"product_cat-women-curly-hairlines","11":"product_cat-prodotti-per-capelli-crespi-en","12":"product_cat-uncategorized","13":"pa_curl_type-3a-3b-3c-en","14":"pa_curl_type-4a-4b-4c-en","16":"first","17":"instock","18":"purchasable","19":"product-type-simple"},"acf":[],"yoast_head":"<!-- This site is optimized with the Yoast SEO plugin v27.0 - https:\/\/yoast.com\/product\/yoast-seo-wordpress\/ -->\n<title>Co-Wash cleansing cream for curly hair Wash&#039;n Go\u00ae | I Love Riccio<\/title>\n<meta name=\"description\" content=\"Discover Wash&#039;n Go\u00ae, the ideal cleansing cream for dry, dehydrated and dull curls. Discover our foam-free product! Buy online.\" \/>\n<meta name=\"robots\" content=\"index, follow, max-snippet:-1, max-image-preview:large, max-video-preview:-1\" \/>\n<link rel=\"canonical\" href=\"https:\/\/www.ilovericcio.com\/en\/product\/i-love-riccio-wash-n-go\/\" \/>\n<meta property=\"og:locale\" content=\"en_US\" \/>\n<meta property=\"og:type\" content=\"article\" \/>\n<meta property=\"og:title\" content=\"Co-Wash cleansing cream for curly hair Wash&#039;n Go\u00ae | I Love Riccio\" \/>\n<meta property=\"og:description\" content=\"Discover Wash&#039;n Go\u00ae, the ideal cleansing cream for dry, dehydrated and dull curls. Discover our foam-free product! Buy online.\" \/>\n<meta property=\"og:url\" content=\"https:\/\/www.ilovericcio.com\/en\/product\/i-love-riccio-wash-n-go\/\" \/>\n<meta property=\"og:site_name\" content=\"I Love Riccio\" \/>\n<meta property=\"article:publisher\" content=\"https:\/\/www.facebook.com\/ILoveRiccio\" \/>\n<meta property=\"article:modified_time\" content=\"2026-02-15T23:03:02+00:00\" \/>\n<meta property=\"og:image\" content=\"https:\/\/www.ilovericcio.com\/wp-content\/uploads\/2020\/03\/05-WashNGo-inclinato.png\" \/>\n\t<meta property=\"og:image:width\" content=\"1080\" \/>\n\t<meta property=\"og:image:height\" content=\"1080\" \/>\n\t<meta property=\"og:image:type\" content=\"image\/png\" \/>\n<meta name=\"twitter:card\" content=\"summary_large_image\" \/>\n<meta name=\"twitter:label1\" content=\"Est. reading time\" \/>\n\t<meta name=\"twitter:data1\" content=\"3 minutes\" \/>\n<script type=\"application\/ld+json\" class=\"yoast-schema-graph\">{\"@context\":\"https:\/\/schema.org\",\"@graph\":[{\"@type\":\"WebPage\",\"@id\":\"https:\/\/www.ilovericcio.com\/en\/product\/i-love-riccio-wash-n-go\/\",\"url\":\"https:\/\/www.ilovericcio.com\/en\/product\/i-love-riccio-wash-n-go\/\",\"name\":\"Co-Wash cleansing cream for curly hair Wash'n Go\u00ae | I Love Riccio\",\"isPartOf\":{\"@id\":\"https:\/\/www.ilovericcio.com\/en\/#website\"},\"primaryImageOfPage\":{\"@id\":\"https:\/\/www.ilovericcio.com\/en\/product\/i-love-riccio-wash-n-go\/#primaryimage\"},\"image\":{\"@id\":\"https:\/\/www.ilovericcio.com\/en\/product\/i-love-riccio-wash-n-go\/#primaryimage\"},\"thumbnailUrl\":\"https:\/\/www.ilovericcio.com\/wp-content\/uploads\/2020\/03\/05-WashNGo-inclinato.png\",\"datePublished\":\"2020-03-05T13:47:52+00:00\",\"dateModified\":\"2026-02-15T23:03:02+00:00\",\"description\":\"Discover Wash'n Go\u00ae, the ideal cleansing cream for dry, dehydrated and dull curls. Discover our foam-free product! Buy online.\",\"breadcrumb\":{\"@id\":\"https:\/\/www.ilovericcio.com\/en\/product\/i-love-riccio-wash-n-go\/#breadcrumb\"},\"inLanguage\":\"en-US\",\"potentialAction\":[{\"@type\":\"ReadAction\",\"target\":[\"https:\/\/www.ilovericcio.com\/en\/product\/i-love-riccio-wash-n-go\/\"]}]},{\"@type\":\"ImageObject\",\"inLanguage\":\"en-US\",\"@id\":\"https:\/\/www.ilovericcio.com\/en\/product\/i-love-riccio-wash-n-go\/#primaryimage\",\"url\":\"https:\/\/www.ilovericcio.com\/wp-content\/uploads\/2020\/03\/05-WashNGo-inclinato.png\",\"contentUrl\":\"https:\/\/www.ilovericcio.com\/wp-content\/uploads\/2020\/03\/05-WashNGo-inclinato.png\",\"width\":1080,\"height\":1080},{\"@type\":\"BreadcrumbList\",\"@id\":\"https:\/\/www.ilovericcio.com\/en\/product\/i-love-riccio-wash-n-go\/#breadcrumb\",\"itemListElement\":[{\"@type\":\"ListItem\",\"position\":1,\"name\":\"Home\",\"item\":\"https:\/\/www.ilovericcio.com\/en\/\"},{\"@type\":\"ListItem\",\"position\":2,\"name\":\"Shop\",\"item\":\"https:\/\/www.ilovericcio.com\/en\/shop\/\"},{\"@type\":\"ListItem\",\"position\":3,\"name\":\"I Love Riccio Wash\u2019n Go\u00ae Co Wash Cleansing Cream\"}]},{\"@type\":\"WebSite\",\"@id\":\"https:\/\/www.ilovericcio.com\/en\/#website\",\"url\":\"https:\/\/www.ilovericcio.com\/en\/\",\"name\":\"I Love Riccio\",\"description\":\"Prodotti per capelli ricci creati da noi, perfetti per te\",\"publisher\":{\"@id\":\"https:\/\/www.ilovericcio.com\/en\/#organization\"},\"alternateName\":\"ilovericcio\",\"potentialAction\":[{\"@type\":\"SearchAction\",\"target\":{\"@type\":\"EntryPoint\",\"urlTemplate\":\"https:\/\/www.ilovericcio.com\/en\/?s={search_term_string}\"},\"query-input\":{\"@type\":\"PropertyValueSpecification\",\"valueRequired\":true,\"valueName\":\"search_term_string\"}}],\"inLanguage\":\"en-US\"},{\"@type\":\"Organization\",\"@id\":\"https:\/\/www.ilovericcio.com\/en\/#organization\",\"name\":\"I Love Riccio\",\"alternateName\":\"ilovericcio\",\"url\":\"https:\/\/www.ilovericcio.com\/en\/\",\"logo\":{\"@type\":\"ImageObject\",\"inLanguage\":\"en-US\",\"@id\":\"https:\/\/www.ilovericcio.com\/en\/#\/schema\/logo\/image\/\",\"url\":\"https:\/\/www.ilovericcio.com\/wp-content\/uploads\/2022\/10\/I-love-riccio-logo-black-def.png\",\"contentUrl\":\"https:\/\/www.ilovericcio.com\/wp-content\/uploads\/2022\/10\/I-love-riccio-logo-black-def.png\",\"width\":186,\"height\":41,\"caption\":\"I Love Riccio\"},\"image\":{\"@id\":\"https:\/\/www.ilovericcio.com\/en\/#\/schema\/logo\/image\/\"},\"sameAs\":[\"https:\/\/www.facebook.com\/ILoveRiccio\",\"https:\/\/www.instagram.com\/i_love_riccio\/\",\"https:\/\/www.youtube.com\/user\/Ilovericcio\",\"https:\/\/it.pinterest.com\/ilovericcio\/\",\"https:\/\/www.tiktok.com\/@i_love_riccio\",\"https:\/\/www.feedaty.com\/recensioni\/ilovericcio\"]}]}<\/script>\n<!-- \/ Yoast SEO plugin. -->","yoast_head_json":{"title":"Co-Wash cleansing cream for curly hair Wash'n Go\u00ae | I Love Riccio","description":"Discover Wash'n Go\u00ae, the ideal cleansing cream for dry, dehydrated and dull curls. Discover our foam-free product! Buy online.","robots":{"index":"index","follow":"follow","max-snippet":"max-snippet:-1","max-image-preview":"max-image-preview:large","max-video-preview":"max-video-preview:-1"},"canonical":"https:\/\/www.ilovericcio.com\/en\/product\/i-love-riccio-wash-n-go\/","og_locale":"en_US","og_type":"article","og_title":"Co-Wash cleansing cream for curly hair Wash'n Go\u00ae | I Love Riccio","og_description":"Discover Wash'n Go\u00ae, the ideal cleansing cream for dry, dehydrated and dull curls. Discover our foam-free product! Buy online.","og_url":"https:\/\/www.ilovericcio.com\/en\/product\/i-love-riccio-wash-n-go\/","og_site_name":"I Love Riccio","article_publisher":"https:\/\/www.facebook.com\/ILoveRiccio","article_modified_time":"2026-02-15T23:03:02+00:00","og_image":[{"width":1080,"height":1080,"url":"https:\/\/www.ilovericcio.com\/wp-content\/uploads\/2020\/03\/05-WashNGo-inclinato.png","type":"image\/png"}],"twitter_card":"summary_large_image","twitter_misc":{"Est. reading time":"3 minutes"},"schema":{"@context":"https:\/\/schema.org","@graph":[{"@type":"WebPage","@id":"https:\/\/www.ilovericcio.com\/en\/product\/i-love-riccio-wash-n-go\/","url":"https:\/\/www.ilovericcio.com\/en\/product\/i-love-riccio-wash-n-go\/","name":"Co-Wash cleansing cream for curly hair Wash'n Go\u00ae | I Love Riccio","isPartOf":{"@id":"https:\/\/www.ilovericcio.com\/en\/#website"},"primaryImageOfPage":{"@id":"https:\/\/www.ilovericcio.com\/en\/product\/i-love-riccio-wash-n-go\/#primaryimage"},"image":{"@id":"https:\/\/www.ilovericcio.com\/en\/product\/i-love-riccio-wash-n-go\/#primaryimage"},"thumbnailUrl":"https:\/\/www.ilovericcio.com\/wp-content\/uploads\/2020\/03\/05-WashNGo-inclinato.png","datePublished":"2020-03-05T13:47:52+00:00","dateModified":"2026-02-15T23:03:02+00:00","description":"Discover Wash'n Go\u00ae, the ideal cleansing cream for dry, dehydrated and dull curls. Discover our foam-free product! Buy online.","breadcrumb":{"@id":"https:\/\/www.ilovericcio.com\/en\/product\/i-love-riccio-wash-n-go\/#breadcrumb"},"inLanguage":"en-US","potentialAction":[{"@type":"ReadAction","target":["https:\/\/www.ilovericcio.com\/en\/product\/i-love-riccio-wash-n-go\/"]}]},{"@type":"ImageObject","inLanguage":"en-US","@id":"https:\/\/www.ilovericcio.com\/en\/product\/i-love-riccio-wash-n-go\/#primaryimage","url":"https:\/\/www.ilovericcio.com\/wp-content\/uploads\/2020\/03\/05-WashNGo-inclinato.png","contentUrl":"https:\/\/www.ilovericcio.com\/wp-content\/uploads\/2020\/03\/05-WashNGo-inclinato.png","width":1080,"height":1080},{"@type":"BreadcrumbList","@id":"https:\/\/www.ilovericcio.com\/en\/product\/i-love-riccio-wash-n-go\/#breadcrumb","itemListElement":[{"@type":"ListItem","position":1,"name":"Home","item":"https:\/\/www.ilovericcio.com\/en\/"},{"@type":"ListItem","position":2,"name":"Shop","item":"https:\/\/www.ilovericcio.com\/en\/shop\/"},{"@type":"ListItem","position":3,"name":"I Love Riccio Wash\u2019n Go\u00ae Co Wash Cleansing Cream"}]},{"@type":"WebSite","@id":"https:\/\/www.ilovericcio.com\/en\/#website","url":"https:\/\/www.ilovericcio.com\/en\/","name":"I Love Riccio","description":"Prodotti per capelli ricci creati da noi, perfetti per te","publisher":{"@id":"https:\/\/www.ilovericcio.com\/en\/#organization"},"alternateName":"ilovericcio","potentialAction":[{"@type":"SearchAction","target":{"@type":"EntryPoint","urlTemplate":"https:\/\/www.ilovericcio.com\/en\/?s={search_term_string}"},"query-input":{"@type":"PropertyValueSpecification","valueRequired":true,"valueName":"search_term_string"}}],"inLanguage":"en-US"},{"@type":"Organization","@id":"https:\/\/www.ilovericcio.com\/en\/#organization","name":"I Love Riccio","alternateName":"ilovericcio","url":"https:\/\/www.ilovericcio.com\/en\/","logo":{"@type":"ImageObject","inLanguage":"en-US","@id":"https:\/\/www.ilovericcio.com\/en\/#\/schema\/logo\/image\/","url":"https:\/\/www.ilovericcio.com\/wp-content\/uploads\/2022\/10\/I-love-riccio-logo-black-def.png","contentUrl":"https:\/\/www.ilovericcio.com\/wp-content\/uploads\/2022\/10\/I-love-riccio-logo-black-def.png","width":186,"height":41,"caption":"I Love Riccio"},"image":{"@id":"https:\/\/www.ilovericcio.com\/en\/#\/schema\/logo\/image\/"},"sameAs":["https:\/\/www.facebook.com\/ILoveRiccio","https:\/\/www.instagram.com\/i_love_riccio\/","https:\/\/www.youtube.com\/user\/Ilovericcio","https:\/\/it.pinterest.com\/ilovericcio\/","https:\/\/www.tiktok.com\/@i_love_riccio","https:\/\/www.feedaty.com\/recensioni\/ilovericcio"]}]}},"_links":{"self":[{"href":"https:\/\/www.ilovericcio.com\/en\/wp-json\/wp\/v2\/product\/131800","targetHints":{"allow":["GET"]}}],"collection":[{"href":"https:\/\/www.ilovericcio.com\/en\/wp-json\/wp\/v2\/product"}],"about":[{"href":"https:\/\/www.ilovericcio.com\/en\/wp-json\/wp\/v2\/types\/product"}],"wp:featuredmedia":[{"embeddable":true,"href":"https:\/\/www.ilovericcio.com\/en\/wp-json\/wp\/v2\/media\/110524"}],"wp:attachment":[{"href":"https:\/\/www.ilovericcio.com\/en\/wp-json\/wp\/v2\/media?parent=131800"}],"wp:term":[{"taxonomy":"product_brand","embeddable":true,"href":"https:\/\/www.ilovericcio.com\/en\/wp-json\/wp\/v2\/product_brand?post=131800"},{"taxonomy":"product_cat","embeddable":true,"href":"https:\/\/www.ilovericcio.com\/en\/wp-json\/wp\/v2\/product_cat?post=131800"},{"taxonomy":"product_tag","embeddable":true,"href":"https:\/\/www.ilovericcio.com\/en\/wp-json\/wp\/v2\/product_tag?post=131800"}],"curies":[{"name":"wp","href":"https:\/\/api.w.org\/{rel}","templated":true}]}}