{"id":131792,"date":"2020-03-05T14:47:52","date_gmt":"2020-03-05T13:47:52","guid":{"rendered":"https:\/\/www.ilovericcio.it\/prodotto\/i-love-riccio-twistn-go\/"},"modified":"2026-04-23T21:44:15","modified_gmt":"2026-04-23T19:44:15","slug":"i-love-riccio-twistn-go","status":"publish","type":"product","link":"https:\/\/www.ilovericcio.com\/en\/product\/i-love-riccio-twistn-go\/","title":{"rendered":"I Love Riccio Twist\u2019n Go\u00ae Styling Gel"},"content":{"rendered":"<p>[vc_row][vc_column][vc_row_inner][vc_column_inner width=&#8221;1\/2&#8243; is_sticky=&#8221;yes&#8221; sticky_min_width=&#8221;767&#8243; sticky_top=&#8221;200&#8243; sticky_bottom=&#8221;0&#8243;][vc_column_text]<iframe loading=\"lazy\" style=\"float: left; padding-right: 20px; padding-bottom: 20px;\" src=\"https:\/\/www.youtube.com\/embed\/s-waQdurHE0?autoplay=1&amp;rel=0\" width=\"560\" height=\"315\" frameborder=\"0\" allowfullscreen=\"allowfullscreen\"><\/iframe><\/p>\n<p>[\/vc_column_text][\/vc_column_inner][vc_column_inner width=&#8221;1\/2&#8243;][vc_column_text]<b>COS\u2019\u00c8:<br \/>\n<\/b><span style=\"font-weight: 400;\">Quanti gel ho testato prima di arrivare a Twist\u2019n Go? Decine e decine\u2026 <\/span><span style=\"font-weight: 400;\">Il problema era sempre lo stesso: i gel lasciavano il capello troppo unto o troppo secco, con effetto bagnato, o il riccio troppo plastificato. <\/span><span style=\"font-weight: 400;\">Questo perch\u00e9 i gel per capelli ricci presenti sul mercato arrivano perlopi\u00f9 dagli Stati Uniti dove la richiesta \u00e8 veramente diversa. L\u00ec vengono richieste chiome super definite con effetto bagnato e abbastanza piatte. A noi piacciono definite ma voluminose e vaporose! Ecco perch\u00e9 a volte facciamo fatica con i loro prodotti.\u00a0<\/span><span style=\"font-weight: 400;\">Ma dopo tanta fatica e studio \u00e8 nato <strong>Twist\u2019n Go<\/strong>!<\/span>[\/vc_column_text][vc_separator][vc_column_text]<b>A COSA SERVE:<br \/>\n<\/b><span style=\"font-weight: 400;\"><strong>Twist\u2019n go<\/strong> dona ricci definiti, vaporosi, morbidi, senza effetto bagnato o unto.<\/span>[\/vc_column_text][vc_separator][vc_column_text]<b>A CHI NON E\u2019INDICATO:<br \/>\n<\/b><span style=\"font-weight: 400;\">Questo styling gel non \u00e8 indicato per capelli ondulati, fini e poco mossi, perfetto invece se avete ricci corposi particolarmente secchi e disidratati.<\/span>[\/vc_column_text][vc_separator][vc_column_text]<b>COME SI USA:<br \/>\n<\/b><\/p>\n<div class=\"curly-link prodotti-i-love sticky-bannerino\">\n<p><a href=\"https:\/\/www.ilovericcio.it\/bugiardino-scheda-prodotto\/ILOVERICCIO_BUGIARDINO.pdf\" target=\"_blank\" rel=\"noopener\">SCARICA LA GUIDA COMPLETA<br \/>\nALL&#8217;USO DEI PRODOTTI I LOVE RICCIO<\/a><\/p>\n<div class=\"cont-freccia\"><a href=\"https:\/\/www.ilovericcio.it\/bugiardino-scheda-prodotto\/ILOVERICCIO_BUGIARDINO.pdf\" target=\"_blank\" rel=\"noopener\"><img decoding=\"async\" src=\"https:\/\/www.ilovericcio.com\/wp-content\/uploads\/2021\/10\/downoald.png\" \/><\/a><\/div>\n<\/div>\n<p><span style=\"font-weight: 400;\">Preleva una noce di prodotto e prima di applicarlo sui ricci scaldalo strofinandolo sulle mani, poi una volta che si \u00e8 ammorbidito ed \u00e8 ben distribuito sul palmo delle mani applicalo su lunghezze e punte a capelli fradici, distribuendolo bene con le dita uniformemente su tutti i ricci. E molto importante prima di applicare il gel avere tutti i ricci perfettamente districati senza nodi e senza aggrovigliamenti. <\/span><span style=\"font-weight: 400;\">Esegui lo scrunching, ossia accartoccia i ricci nel palmo della mano e strizzali avvicinandoli alla cute.<\/span><\/p>\n<p><span style=\"font-weight: 400;\">Asciuga ora con diffusore senza mai toccare i capelli. <\/span><span style=\"font-weight: 400;\">Se hai ricci particolarmente stretti, ti consiglio di eseguire sempre a capelli fradici delle sezioni orizzontali di circa 3 cm dalla nuca e applicare per ogni sezione mezzo cucchiaio di gel sempre distribuendolo bene dalle radici alle punte . Questa tecnica \u00e8 perfetta per ottenere definizione ed allungare il riccio molto stretto tipico dei capelli afro.<\/span><\/p>\n<p><span style=\"font-weight: 400;\">Una volta asciutti, massaggiali e goditi il risultato!<\/span>[\/vc_column_text][vc_separator][vc_column_text]<b>PERCHE\u2019 AMERAI TWIST\u2019N GO:<br \/>\n<\/b><span style=\"font-weight: 400;\">Amerai questo gel perch\u00e9 doner\u00e0 idratazione e una definizione perfetta ai tuoi ricci ma non dovrai rinunciare al volume!<\/span>[\/vc_column_text][vc_separator][vc_column_text]<b>SOSTANZE FUNZIONALI:<br \/>\n<\/b><span style=\"font-weight: 400;\">Glicerina, estratto di meringa oleifera, olio di ricino idrogenato.<\/span>[\/vc_column_text][vc_separator][vc_column_text]<strong>INCI<\/strong>: aqua (water), acrylates \/ steareth-20 itaconate copolymer, glycerin, carbomer, triethanolamine, propylene glycol, moringa oleifera leaf extract, tetrasodium edta, peg-40 hydrogenated castor oil, sodium lauryl sulfate, phenoxyethanol, imidazolidinyl urea, dehydroacetic acid, 2-bromo-2-nitropropane-1,3-diol, ethoxydiglycol, parfum (fragrance).<\/p>\n<p>250ml[\/vc_column_text][\/vc_column_inner][\/vc_row_inner][\/vc_column][\/vc_row]<\/p>\n","protected":false},"excerpt":{"rendered":"<p><strong>Twist\u2019n Go<\/strong> is a hydrating styling gel for soft, nourished and ultra-defined curls. The ideal solution for medium-thick hair.<\/p>\n","protected":false},"featured_media":148248,"template":"","meta":{"_acf_changed":false},"product_brand":[],"product_cat":[406,409,444,507,405,407,400],"product_tag":[],"class_list":{"0":"post-131792","1":"product","2":"type-product","3":"status-publish","4":"has-post-thumbnail","6":"product_cat-curly-hair-lines","7":"product_cat-curly-hair-products","8":"product_cat-curly-hair-styling","9":"product_cat-gel-en","10":"product_cat-women-curly-hairlines","11":"product_cat-prodotti-per-capelli-crespi-en","12":"product_cat-uncategorized","13":"pa_curl_type-3a-3b-3c-en","14":"pa_curl_type-4a-4b-4c-en","16":"first","17":"instock","18":"purchasable","19":"product-type-simple"},"acf":[],"yoast_head":"<!-- This site is optimized with the Yoast SEO plugin v27.0 - https:\/\/yoast.com\/product\/yoast-seo-wordpress\/ -->\n<title>Styling gel for defined curls Twist&#039;n Go\u00ae | I Love Riccio<\/title>\n<meta name=\"description\" content=\"Discover Twist&#039;n Go\u00ae: the styling gel for defined curls! Nourishing and elasticizing, it leaves your curls soft and voluminous. Try it now!\" \/>\n<meta name=\"robots\" content=\"index, follow, max-snippet:-1, max-image-preview:large, max-video-preview:-1\" \/>\n<link rel=\"canonical\" href=\"https:\/\/www.ilovericcio.com\/en\/product\/i-love-riccio-twistn-go\/\" \/>\n<meta property=\"og:locale\" content=\"en_US\" \/>\n<meta property=\"og:type\" content=\"article\" \/>\n<meta property=\"og:title\" content=\"Styling gel for defined curls Twist&#039;n Go\u00ae | I Love Riccio\" \/>\n<meta property=\"og:description\" content=\"Discover Twist&#039;n Go\u00ae: the styling gel for defined curls! Nourishing and elasticizing, it leaves your curls soft and voluminous. Try it now!\" \/>\n<meta property=\"og:url\" content=\"https:\/\/www.ilovericcio.com\/en\/product\/i-love-riccio-twistn-go\/\" \/>\n<meta property=\"og:site_name\" content=\"I Love Riccio\" \/>\n<meta property=\"article:publisher\" content=\"https:\/\/www.facebook.com\/ILoveRiccio\" \/>\n<meta property=\"article:modified_time\" content=\"2026-04-23T19:44:15+00:00\" \/>\n<meta property=\"og:image\" content=\"https:\/\/www.ilovericcio.com\/wp-content\/uploads\/2020\/03\/TwistNGo1080-Inclinato.png\" \/>\n\t<meta property=\"og:image:width\" content=\"1080\" \/>\n\t<meta property=\"og:image:height\" content=\"1080\" \/>\n\t<meta property=\"og:image:type\" content=\"image\/png\" \/>\n<meta name=\"twitter:card\" content=\"summary_large_image\" \/>\n<meta name=\"twitter:label1\" content=\"Est. reading time\" \/>\n\t<meta name=\"twitter:data1\" content=\"3 minutes\" \/>\n<script type=\"application\/ld+json\" class=\"yoast-schema-graph\">{\"@context\":\"https:\/\/schema.org\",\"@graph\":[{\"@type\":\"WebPage\",\"@id\":\"https:\/\/www.ilovericcio.com\/en\/product\/i-love-riccio-twistn-go\/\",\"url\":\"https:\/\/www.ilovericcio.com\/en\/product\/i-love-riccio-twistn-go\/\",\"name\":\"Styling gel for defined curls Twist'n Go\u00ae | I Love Riccio\",\"isPartOf\":{\"@id\":\"https:\/\/www.ilovericcio.com\/en\/#website\"},\"primaryImageOfPage\":{\"@id\":\"https:\/\/www.ilovericcio.com\/en\/product\/i-love-riccio-twistn-go\/#primaryimage\"},\"image\":{\"@id\":\"https:\/\/www.ilovericcio.com\/en\/product\/i-love-riccio-twistn-go\/#primaryimage\"},\"thumbnailUrl\":\"https:\/\/www.ilovericcio.com\/wp-content\/uploads\/2020\/03\/TwistNGo1080-Inclinato.png\",\"datePublished\":\"2020-03-05T13:47:52+00:00\",\"dateModified\":\"2026-04-23T19:44:15+00:00\",\"description\":\"Discover Twist'n Go\u00ae: the styling gel for defined curls! Nourishing and elasticizing, it leaves your curls soft and voluminous. Try it now!\",\"breadcrumb\":{\"@id\":\"https:\/\/www.ilovericcio.com\/en\/product\/i-love-riccio-twistn-go\/#breadcrumb\"},\"inLanguage\":\"en-US\",\"potentialAction\":[{\"@type\":\"ReadAction\",\"target\":[\"https:\/\/www.ilovericcio.com\/en\/product\/i-love-riccio-twistn-go\/\"]}]},{\"@type\":\"ImageObject\",\"inLanguage\":\"en-US\",\"@id\":\"https:\/\/www.ilovericcio.com\/en\/product\/i-love-riccio-twistn-go\/#primaryimage\",\"url\":\"https:\/\/www.ilovericcio.com\/wp-content\/uploads\/2020\/03\/TwistNGo1080-Inclinato.png\",\"contentUrl\":\"https:\/\/www.ilovericcio.com\/wp-content\/uploads\/2020\/03\/TwistNGo1080-Inclinato.png\",\"width\":1080,\"height\":1080},{\"@type\":\"BreadcrumbList\",\"@id\":\"https:\/\/www.ilovericcio.com\/en\/product\/i-love-riccio-twistn-go\/#breadcrumb\",\"itemListElement\":[{\"@type\":\"ListItem\",\"position\":1,\"name\":\"Home\",\"item\":\"https:\/\/www.ilovericcio.com\/en\/\"},{\"@type\":\"ListItem\",\"position\":2,\"name\":\"Shop\",\"item\":\"https:\/\/www.ilovericcio.com\/en\/shop\/\"},{\"@type\":\"ListItem\",\"position\":3,\"name\":\"I Love Riccio Twist\u2019n Go\u00ae Styling Gel\"}]},{\"@type\":\"WebSite\",\"@id\":\"https:\/\/www.ilovericcio.com\/en\/#website\",\"url\":\"https:\/\/www.ilovericcio.com\/en\/\",\"name\":\"I Love Riccio\",\"description\":\"Prodotti per capelli ricci creati da noi, perfetti per te\",\"publisher\":{\"@id\":\"https:\/\/www.ilovericcio.com\/en\/#organization\"},\"alternateName\":\"ilovericcio\",\"potentialAction\":[{\"@type\":\"SearchAction\",\"target\":{\"@type\":\"EntryPoint\",\"urlTemplate\":\"https:\/\/www.ilovericcio.com\/en\/?s={search_term_string}\"},\"query-input\":{\"@type\":\"PropertyValueSpecification\",\"valueRequired\":true,\"valueName\":\"search_term_string\"}}],\"inLanguage\":\"en-US\"},{\"@type\":\"Organization\",\"@id\":\"https:\/\/www.ilovericcio.com\/en\/#organization\",\"name\":\"I Love Riccio\",\"alternateName\":\"ilovericcio\",\"url\":\"https:\/\/www.ilovericcio.com\/en\/\",\"logo\":{\"@type\":\"ImageObject\",\"inLanguage\":\"en-US\",\"@id\":\"https:\/\/www.ilovericcio.com\/en\/#\/schema\/logo\/image\/\",\"url\":\"https:\/\/www.ilovericcio.com\/wp-content\/uploads\/2022\/10\/I-love-riccio-logo-black-def.png\",\"contentUrl\":\"https:\/\/www.ilovericcio.com\/wp-content\/uploads\/2022\/10\/I-love-riccio-logo-black-def.png\",\"width\":186,\"height\":41,\"caption\":\"I Love Riccio\"},\"image\":{\"@id\":\"https:\/\/www.ilovericcio.com\/en\/#\/schema\/logo\/image\/\"},\"sameAs\":[\"https:\/\/www.facebook.com\/ILoveRiccio\",\"https:\/\/www.instagram.com\/i_love_riccio\/\",\"https:\/\/www.youtube.com\/user\/Ilovericcio\",\"https:\/\/it.pinterest.com\/ilovericcio\/\",\"https:\/\/www.tiktok.com\/@i_love_riccio\",\"https:\/\/www.feedaty.com\/recensioni\/ilovericcio\"]}]}<\/script>\n<!-- \/ Yoast SEO plugin. -->","yoast_head_json":{"title":"Styling gel for defined curls Twist'n Go\u00ae | I Love Riccio","description":"Discover Twist'n Go\u00ae: the styling gel for defined curls! Nourishing and elasticizing, it leaves your curls soft and voluminous. Try it now!","robots":{"index":"index","follow":"follow","max-snippet":"max-snippet:-1","max-image-preview":"max-image-preview:large","max-video-preview":"max-video-preview:-1"},"canonical":"https:\/\/www.ilovericcio.com\/en\/product\/i-love-riccio-twistn-go\/","og_locale":"en_US","og_type":"article","og_title":"Styling gel for defined curls Twist'n Go\u00ae | I Love Riccio","og_description":"Discover Twist'n Go\u00ae: the styling gel for defined curls! Nourishing and elasticizing, it leaves your curls soft and voluminous. Try it now!","og_url":"https:\/\/www.ilovericcio.com\/en\/product\/i-love-riccio-twistn-go\/","og_site_name":"I Love Riccio","article_publisher":"https:\/\/www.facebook.com\/ILoveRiccio","article_modified_time":"2026-04-23T19:44:15+00:00","og_image":[{"width":1080,"height":1080,"url":"https:\/\/www.ilovericcio.com\/wp-content\/uploads\/2020\/03\/TwistNGo1080-Inclinato.png","type":"image\/png"}],"twitter_card":"summary_large_image","twitter_misc":{"Est. reading time":"3 minutes"},"schema":{"@context":"https:\/\/schema.org","@graph":[{"@type":"WebPage","@id":"https:\/\/www.ilovericcio.com\/en\/product\/i-love-riccio-twistn-go\/","url":"https:\/\/www.ilovericcio.com\/en\/product\/i-love-riccio-twistn-go\/","name":"Styling gel for defined curls Twist'n Go\u00ae | I Love Riccio","isPartOf":{"@id":"https:\/\/www.ilovericcio.com\/en\/#website"},"primaryImageOfPage":{"@id":"https:\/\/www.ilovericcio.com\/en\/product\/i-love-riccio-twistn-go\/#primaryimage"},"image":{"@id":"https:\/\/www.ilovericcio.com\/en\/product\/i-love-riccio-twistn-go\/#primaryimage"},"thumbnailUrl":"https:\/\/www.ilovericcio.com\/wp-content\/uploads\/2020\/03\/TwistNGo1080-Inclinato.png","datePublished":"2020-03-05T13:47:52+00:00","dateModified":"2026-04-23T19:44:15+00:00","description":"Discover Twist'n Go\u00ae: the styling gel for defined curls! Nourishing and elasticizing, it leaves your curls soft and voluminous. Try it now!","breadcrumb":{"@id":"https:\/\/www.ilovericcio.com\/en\/product\/i-love-riccio-twistn-go\/#breadcrumb"},"inLanguage":"en-US","potentialAction":[{"@type":"ReadAction","target":["https:\/\/www.ilovericcio.com\/en\/product\/i-love-riccio-twistn-go\/"]}]},{"@type":"ImageObject","inLanguage":"en-US","@id":"https:\/\/www.ilovericcio.com\/en\/product\/i-love-riccio-twistn-go\/#primaryimage","url":"https:\/\/www.ilovericcio.com\/wp-content\/uploads\/2020\/03\/TwistNGo1080-Inclinato.png","contentUrl":"https:\/\/www.ilovericcio.com\/wp-content\/uploads\/2020\/03\/TwistNGo1080-Inclinato.png","width":1080,"height":1080},{"@type":"BreadcrumbList","@id":"https:\/\/www.ilovericcio.com\/en\/product\/i-love-riccio-twistn-go\/#breadcrumb","itemListElement":[{"@type":"ListItem","position":1,"name":"Home","item":"https:\/\/www.ilovericcio.com\/en\/"},{"@type":"ListItem","position":2,"name":"Shop","item":"https:\/\/www.ilovericcio.com\/en\/shop\/"},{"@type":"ListItem","position":3,"name":"I Love Riccio Twist\u2019n Go\u00ae Styling Gel"}]},{"@type":"WebSite","@id":"https:\/\/www.ilovericcio.com\/en\/#website","url":"https:\/\/www.ilovericcio.com\/en\/","name":"I Love Riccio","description":"Prodotti per capelli ricci creati da noi, perfetti per te","publisher":{"@id":"https:\/\/www.ilovericcio.com\/en\/#organization"},"alternateName":"ilovericcio","potentialAction":[{"@type":"SearchAction","target":{"@type":"EntryPoint","urlTemplate":"https:\/\/www.ilovericcio.com\/en\/?s={search_term_string}"},"query-input":{"@type":"PropertyValueSpecification","valueRequired":true,"valueName":"search_term_string"}}],"inLanguage":"en-US"},{"@type":"Organization","@id":"https:\/\/www.ilovericcio.com\/en\/#organization","name":"I Love Riccio","alternateName":"ilovericcio","url":"https:\/\/www.ilovericcio.com\/en\/","logo":{"@type":"ImageObject","inLanguage":"en-US","@id":"https:\/\/www.ilovericcio.com\/en\/#\/schema\/logo\/image\/","url":"https:\/\/www.ilovericcio.com\/wp-content\/uploads\/2022\/10\/I-love-riccio-logo-black-def.png","contentUrl":"https:\/\/www.ilovericcio.com\/wp-content\/uploads\/2022\/10\/I-love-riccio-logo-black-def.png","width":186,"height":41,"caption":"I Love Riccio"},"image":{"@id":"https:\/\/www.ilovericcio.com\/en\/#\/schema\/logo\/image\/"},"sameAs":["https:\/\/www.facebook.com\/ILoveRiccio","https:\/\/www.instagram.com\/i_love_riccio\/","https:\/\/www.youtube.com\/user\/Ilovericcio","https:\/\/it.pinterest.com\/ilovericcio\/","https:\/\/www.tiktok.com\/@i_love_riccio","https:\/\/www.feedaty.com\/recensioni\/ilovericcio"]}]}},"_links":{"self":[{"href":"https:\/\/www.ilovericcio.com\/en\/wp-json\/wp\/v2\/product\/131792","targetHints":{"allow":["GET"]}}],"collection":[{"href":"https:\/\/www.ilovericcio.com\/en\/wp-json\/wp\/v2\/product"}],"about":[{"href":"https:\/\/www.ilovericcio.com\/en\/wp-json\/wp\/v2\/types\/product"}],"wp:featuredmedia":[{"embeddable":true,"href":"https:\/\/www.ilovericcio.com\/en\/wp-json\/wp\/v2\/media\/148248"}],"wp:attachment":[{"href":"https:\/\/www.ilovericcio.com\/en\/wp-json\/wp\/v2\/media?parent=131792"}],"wp:term":[{"taxonomy":"product_brand","embeddable":true,"href":"https:\/\/www.ilovericcio.com\/en\/wp-json\/wp\/v2\/product_brand?post=131792"},{"taxonomy":"product_cat","embeddable":true,"href":"https:\/\/www.ilovericcio.com\/en\/wp-json\/wp\/v2\/product_cat?post=131792"},{"taxonomy":"product_tag","embeddable":true,"href":"https:\/\/www.ilovericcio.com\/en\/wp-json\/wp\/v2\/product_tag?post=131792"}],"curies":[{"name":"wp","href":"https:\/\/api.w.org\/{rel}","templated":true}]}}