{"id":131116,"date":"2020-03-05T14:49:11","date_gmt":"2020-03-05T13:49:11","guid":{"rendered":"https:\/\/www.ilovericcio.it\/prodotto\/i-love-riccio-supercurly-booster\/"},"modified":"2026-03-31T07:35:43","modified_gmt":"2026-03-31T05:35:43","slug":"i-love-riccio-supercurly-booster","status":"publish","type":"product","link":"https:\/\/www.ilovericcio.com\/en\/product\/i-love-riccio-supercurly-booster\/","title":{"rendered":"I Love Riccio SuperCurly Booster\u00ae Protein Rebuilder"},"content":{"rendered":"<p>[vc_row][vc_column][vc_column_text]2[\/vc_column_text][\/vc_column][\/vc_row][vc_row][vc_column][vc_row_inner][vc_column_inner width=&#8221;1\/2&#8243; is_sticky=&#8221;yes&#8221; sticky_min_width=&#8221;767&#8243; sticky_top=&#8221;200&#8243; sticky_bottom=&#8221;0&#8243;][vc_column_text]<strong>COS\u2019\u00c8:<br \/>\n<\/strong><b>Supercurly Booster<\/b><span style=\"font-weight: 400;\"> \u00e8 un ricostruttore proteico a base di cheratina e collagene idrolizzati, ideale capelli ondulati e ricci danneggiati chimicamente da decolorazioni o dal calore delle continue stirature con la piastra. <\/span><span style=\"font-weight: 400;\">La cheratina nutre e idrata i capelli, il collagene riempie la fibra capillare e la rinforza, in pi\u00f9 libera speciali proteine che creano un film protettivo sulla superficie del capello.\u00a0<\/span><\/p>\n<p><strong>\u00a0<\/strong>[\/vc_column_text][vc_column_text]<iframe loading=\"lazy\" style=\"float: left; padding-right: 20px; padding-bottom: 20px;\" src=\"https:\/\/www.youtube.com\/embed\/XZ4Ka_mXh8Q?autoplay=1&amp;rel=0\" width=\"560\" height=\"315\" frameborder=\"0\" allowfullscreen=\"allowfullscreen\"><span data-mce-type=\"bookmark\" style=\"display: inline-block; width: 0px; overflow: hidden; line-height: 0;\" class=\"mce_SELRES_start\"><\/span><\/iframe><\/p>\n<p>&nbsp;<\/p>\n<div class=\"vc_row wpb_row row\">\n<div class=\"vc_column_container col-md-12\">\n<div class=\"wpb_wrapper vc_column-inner\">\n<div class=\"wpb_text_column wpb_content_element modale-video-prodotto porto-modal-trigger\" data-trigger-id=\"https:\/\/www.youtube.com\/watch?v=aU5xWlgoPik\" data-type=\"iframe\" data-overlay-class=\"mfp-fade\">\n<div class=\"wpb_wrapper\"><\/div>\n<\/div>\n<div class=\"porto-modal-input-wrapper \"><\/div>\n<div id=\"https:\/\/www.youtube.com\/watch?v=aU5xWlgoPik\" class=\"mfp-hide \">\n<div class=\"porto-modal-content\"><\/div>\n<\/div>\n<\/div>\n<\/div>\n<\/div>\n<p>[\/vc_column_text][\/vc_column_inner][vc_column_inner width=&#8221;1\/2&#8243;][vc_separator][vc_column_text]<strong>A COSA SERVE:<br \/>\n<\/strong><span style=\"font-weight: 400;\">Questo trattamento ha l\u2019obbiettivo di riparare e \u00a0<\/span><b>ricostruire i capelli mossi e ricci danneggiati<\/b><span style=\"font-weight: 400;\">\u00a0da decolorazioni, tinte, permanenti o tagli sfoltiti e sfilati che hanno intaccato la struttura cheratinica del riccio rendendolo debole, pi\u00f9 liscio sulle punte e tendente a spezzarsi, facendo cos\u00ec fatica a crescere.\u00a0<\/span><b>Supercurly booster<\/b><span style=\"font-weight: 400;\">\u00a0\u00e8 indicato per quei capelli danneggiati che, per colpa di trattamenti chimici o danni fisici come tagli sfilati o sfoltiti, fanno fatica ad arricciarsi e che hanno perso massa e volume a causa di decolorazioni e schiariture.<\/span>[\/vc_column_text][vc_separator][vc_column_text]<strong>A CHI NON \u00c8 INDICATO:<br \/>\n<\/strong><span style=\"font-weight: 400;\">Supercurly Booster non ha controindicazioni! E\u2019 indicato per tutti coloro i quali hanno capelli mossi o ricci sensibilizzati da trattamenti chimici e fisici ma anche per chi ha capelli non trattati ma vuole prendersene cura e prevenire eventuali danni.<\/span>[\/vc_column_text][vc_separator][vc_column_text]<strong>COME SI USA:<br \/>\n<\/strong><\/p>\n<div class=\"curly-link prodotti-i-love sticky-bannerino\">\n<p><a href=\"https:\/\/www.ilovericcio.it\/bugiardino-scheda-prodotto\/ILOVERICCIO_BUGIARDINO.pdf\" target=\"_blank\" rel=\"noopener\">SCARICA LA GUIDA COMPLETA<br \/>\nALL&#8217;USO DEI PRODOTTI I LOVE RICCIO<\/a><\/p>\n<div class=\"cont-freccia\"><a href=\"https:\/\/www.ilovericcio.it\/bugiardino-scheda-prodotto\/ILOVERICCIO_BUGIARDINO.pdf\" target=\"_blank\" rel=\"noopener\"><img decoding=\"async\" src=\"https:\/\/www.ilovericcio.com\/wp-content\/uploads\/2021\/10\/downoald.png\" \/><\/a><\/div>\n<\/div>\n<p><span style=\"font-weight: 400;\">Dopo aver lavato i capelli e averli ammorbiditi con la maschera idratante se necessario, risciacquare molto bene e applicare Supercurly Booster sui capelli ben tamponati, ciocca per ciocca, dalle radici alle punte, distribuendo bene il prodotto con le mani. Lascia in posa dai 30 ai 45 minuti, risciacqua e applica la maschera idratante; termina applicando a capelli bagnati lo <\/span><a href=\"https:\/\/www.ilovericcio.it\/categoria\/styling\/\"><strong>styling<\/strong><\/a><a href=\"https:\/\/www.ilovericcio.it\/categoria\/styling\/\"><strong> I Love Riccio<\/strong><\/a> <span style=\"font-weight: 400;\">preferito. Per ricci sempre forti e idratati, ripetere il trattamento 2 volte al mese. Per un\u2019azione d\u2019urto puoi eseguire un trattamento settimanale per 4 volte consecutive. Con un flacone di SuperCurly Booster si possono effettuare circa 8-10 trattamenti su capelli medio lunghi.<\/span>[\/vc_column_text][vc_separator][vc_column_text]<strong>PERCH\u00c8 AMERAI SUPERCURLY BOOSTER:<br \/>\n<\/strong><span style=\"font-weight: 400;\">Amerai scoprire i tuoi capelli mossi o ricci riprendere forza, forma, massa e volume sempre pi\u00f9 dopo ogni trattamento. Non si spezzeranno pi\u00f9 e finalmente li vedrai crescere!<\/span>[\/vc_column_text][vc_separator][vc_column_text]<strong>TEXTURE:<br \/>\n<\/strong>Liquida. Se scaldata con phon tende a seccarsi sui ricci, per poi lasciare un riccio morbido una volta risciacquata ed applicata la maschera idratante.[\/vc_column_text][vc_separator][vc_column_text]<strong>SOSTANZE FUNZIONALI:<br \/>\n<\/strong><span style=\"font-weight: 400;\">Cheratina e collagene idrolizzati<\/span>[\/vc_column_text][vc_separator][vc_column_text]<b>FAQ<\/b>[\/vc_column_text][vc_toggle title=&#8221;Ogni quanto devo riutilizzarlo?&#8221;]Una volta a settimana.[\/vc_toggle][vc_toggle title=&#8221;Prima di applicarlo devo utilizzare shampoo e maschera?&#8221;]&#8221;S\u00ec, per ammorbidire i ricci e permettere un\u2019applicazione del prodotto pi\u00f9 \u201ccomoda\u201d.[\/vc_toggle][vc_toggle title=&#8221;Poi va risciacquato?&#8221;]S\u00ec, certamente, poi applica la maschera idratante per qualche minuto, risciacqua e passa allo styling.[\/vc_toggle][vc_toggle title=&#8221;Posso tenerlo su pi\u00f9 tempo?&#8221;]S\u00ec, anche diverse ore: far\u00e0 solo bene ai tuoi ricci.[\/vc_toggle][vc_toggle title=&#8221;Devo scaldare con il phon?&#8221;]Non \u00e8 necessario, ma se preferisci per togliere l&#8217;umidit\u00e0 che pu\u00f2 essere fastidiosa in cute puoi scaldare con il diffusore fino a rendere il trattamento asciutto.[\/vc_toggle][vc_separator][vc_column_text]<strong>INGREDIENTI<\/strong>: aqua (water), hydrolyzed collagen, polyquaternium-11, hydrolyzed keratin, cetrimonium chloride, peg-40 hydrogenated castor oil, ethoxydiglycol, peg\/ppg \u2013 18\/18 dimethicone , parfum (fragrance), benzyl salicylate, citral, limonene, eugenol, geraniol, hexil cinnamal, linalool, methylchloroisothiazolinone, methylisothiazolinone, magnesium chloride, magnesium nitrate imidazolidinyl urea, citric acid, 2-bromo-2-nitropropane 1,3 diol.<\/p>\n<p>&nbsp;<\/p>\n<p>200ml[\/vc_column_text][\/vc_column_inner][\/vc_row_inner][\/vc_column][\/vc_row]<\/p>\n","protected":false},"excerpt":{"rendered":"<p><strong>Supercurly booster<\/strong> is a protein rebuilder for lightened, bleached and dyed wavy and curly hair lacking in hydration and nourishment, body and volume, which is dull, breaks easily and struggles to grow. With this product it reacquires its strength, structure, volume and definition!<\/p>\n<div class=\"vc_row wpb_row row\">\n<div class=\"vc_column_container col-md-12\">\n<div class=\"wpb_wrapper vc_column-inner\">\n<div id=\"https:\/\/www.youtube.com\/watch?v=aU5xWlgoPik\" class=\"mfp-hide \">\n<div class=\"porto-modal-content\"><\/div>\n<\/div>\n<\/div>\n<\/div>\n<\/div>\n","protected":false},"featured_media":111792,"template":"","meta":{"_acf_changed":false},"product_brand":[],"product_cat":[406,409,490,405,407,408,400],"product_tag":[534,535,477,504,478,532,511,512],"class_list":{"0":"post-131116","1":"product","2":"type-product","3":"status-publish","4":"has-post-thumbnail","6":"product_cat-curly-hair-lines","7":"product_cat-curly-hair-products","8":"product_cat-curly-hair-treatments","9":"product_cat-women-curly-hairlines","10":"product_cat-prodotti-per-capelli-crespi-en","11":"product_cat-prodotti-per-capelli-ondulati-en","12":"product_cat-uncategorized","13":"product_tag-curly-test-2-en","14":"product_tag-curly-test-2-b-en","15":"product_tag-curly-test-22-en","16":"product_tag-curly-test-23-en","17":"product_tag-curly-test-24-en","18":"product_tag-curly-test-4-en","19":"product_tag-curly-test-6-en","20":"product_tag-curly-test-6-b-en","21":"pa_curl_type-3a-3b-3c-en","22":"pa_curl_type-4a-4b-4c-en","23":"pa_curl_type-2a-2b-2c-en","25":"first","26":"instock","27":"purchasable","28":"product-type-simple"},"acf":[],"yoast_head":"<!-- This site is optimized with the Yoast SEO plugin v27.0 - https:\/\/yoast.com\/product\/yoast-seo-wordpress\/ -->\n<title>Protein Reconstructor for Bleached Curls Supercurly Booster\u00ae | I Love Riccio<\/title>\n<meta name=\"description\" content=\"Discover the protein reconstructor for curly hair. Ideal for restoring volume and definition to curls that break easily, bleached and weakened by chemical and physical treatments.\" \/>\n<meta name=\"robots\" content=\"index, follow, max-snippet:-1, max-image-preview:large, max-video-preview:-1\" \/>\n<link rel=\"canonical\" href=\"https:\/\/www.ilovericcio.com\/en\/product\/i-love-riccio-supercurly-booster\/\" \/>\n<meta property=\"og:locale\" content=\"en_US\" \/>\n<meta property=\"og:type\" content=\"article\" \/>\n<meta property=\"og:title\" content=\"Protein Reconstructor for Bleached Curls Supercurly Booster\u00ae | I Love Riccio\" \/>\n<meta property=\"og:description\" content=\"Discover the protein reconstructor for curly hair. Ideal for restoring volume and definition to curls that break easily, bleached and weakened by chemical and physical treatments.\" \/>\n<meta property=\"og:url\" content=\"https:\/\/www.ilovericcio.com\/en\/product\/i-love-riccio-supercurly-booster\/\" \/>\n<meta property=\"og:site_name\" content=\"I Love Riccio\" \/>\n<meta property=\"article:publisher\" content=\"https:\/\/www.facebook.com\/ILoveRiccio\" \/>\n<meta property=\"article:modified_time\" content=\"2026-03-31T05:35:43+00:00\" \/>\n<meta property=\"og:image\" content=\"https:\/\/www.ilovericcio.com\/wp-content\/uploads\/2020\/03\/18-SupercurlyBooster-inclinato-1.png\" \/>\n\t<meta property=\"og:image:width\" content=\"1080\" \/>\n\t<meta property=\"og:image:height\" content=\"1080\" \/>\n\t<meta property=\"og:image:type\" content=\"image\/png\" \/>\n<meta name=\"twitter:card\" content=\"summary_large_image\" \/>\n<meta name=\"twitter:label1\" content=\"Est. reading time\" \/>\n\t<meta name=\"twitter:data1\" content=\"4 minutes\" \/>\n<script type=\"application\/ld+json\" class=\"yoast-schema-graph\">{\"@context\":\"https:\/\/schema.org\",\"@graph\":[{\"@type\":\"WebPage\",\"@id\":\"https:\/\/www.ilovericcio.com\/en\/product\/i-love-riccio-supercurly-booster\/\",\"url\":\"https:\/\/www.ilovericcio.com\/en\/product\/i-love-riccio-supercurly-booster\/\",\"name\":\"Protein Reconstructor for Bleached Curls Supercurly Booster\u00ae | I Love Riccio\",\"isPartOf\":{\"@id\":\"https:\/\/www.ilovericcio.com\/en\/#website\"},\"primaryImageOfPage\":{\"@id\":\"https:\/\/www.ilovericcio.com\/en\/product\/i-love-riccio-supercurly-booster\/#primaryimage\"},\"image\":{\"@id\":\"https:\/\/www.ilovericcio.com\/en\/product\/i-love-riccio-supercurly-booster\/#primaryimage\"},\"thumbnailUrl\":\"https:\/\/www.ilovericcio.com\/wp-content\/uploads\/2020\/03\/18-SupercurlyBooster-inclinato-1.png\",\"datePublished\":\"2020-03-05T13:49:11+00:00\",\"dateModified\":\"2026-03-31T05:35:43+00:00\",\"description\":\"Discover the protein reconstructor for curly hair. Ideal for restoring volume and definition to curls that break easily, bleached and weakened by chemical and physical treatments.\",\"breadcrumb\":{\"@id\":\"https:\/\/www.ilovericcio.com\/en\/product\/i-love-riccio-supercurly-booster\/#breadcrumb\"},\"inLanguage\":\"en-US\",\"potentialAction\":[{\"@type\":\"ReadAction\",\"target\":[\"https:\/\/www.ilovericcio.com\/en\/product\/i-love-riccio-supercurly-booster\/\"]}]},{\"@type\":\"ImageObject\",\"inLanguage\":\"en-US\",\"@id\":\"https:\/\/www.ilovericcio.com\/en\/product\/i-love-riccio-supercurly-booster\/#primaryimage\",\"url\":\"https:\/\/www.ilovericcio.com\/wp-content\/uploads\/2020\/03\/18-SupercurlyBooster-inclinato-1.png\",\"contentUrl\":\"https:\/\/www.ilovericcio.com\/wp-content\/uploads\/2020\/03\/18-SupercurlyBooster-inclinato-1.png\",\"width\":1080,\"height\":1080},{\"@type\":\"BreadcrumbList\",\"@id\":\"https:\/\/www.ilovericcio.com\/en\/product\/i-love-riccio-supercurly-booster\/#breadcrumb\",\"itemListElement\":[{\"@type\":\"ListItem\",\"position\":1,\"name\":\"Home\",\"item\":\"https:\/\/www.ilovericcio.com\/en\/\"},{\"@type\":\"ListItem\",\"position\":2,\"name\":\"Shop\",\"item\":\"https:\/\/www.ilovericcio.com\/en\/shop\/\"},{\"@type\":\"ListItem\",\"position\":3,\"name\":\"I Love Riccio SuperCurly Booster\u00ae Protein Rebuilder\"}]},{\"@type\":\"WebSite\",\"@id\":\"https:\/\/www.ilovericcio.com\/en\/#website\",\"url\":\"https:\/\/www.ilovericcio.com\/en\/\",\"name\":\"I Love Riccio\",\"description\":\"Prodotti per capelli ricci creati da noi, perfetti per te\",\"publisher\":{\"@id\":\"https:\/\/www.ilovericcio.com\/en\/#organization\"},\"alternateName\":\"ilovericcio\",\"potentialAction\":[{\"@type\":\"SearchAction\",\"target\":{\"@type\":\"EntryPoint\",\"urlTemplate\":\"https:\/\/www.ilovericcio.com\/en\/?s={search_term_string}\"},\"query-input\":{\"@type\":\"PropertyValueSpecification\",\"valueRequired\":true,\"valueName\":\"search_term_string\"}}],\"inLanguage\":\"en-US\"},{\"@type\":\"Organization\",\"@id\":\"https:\/\/www.ilovericcio.com\/en\/#organization\",\"name\":\"I Love Riccio\",\"alternateName\":\"ilovericcio\",\"url\":\"https:\/\/www.ilovericcio.com\/en\/\",\"logo\":{\"@type\":\"ImageObject\",\"inLanguage\":\"en-US\",\"@id\":\"https:\/\/www.ilovericcio.com\/en\/#\/schema\/logo\/image\/\",\"url\":\"https:\/\/www.ilovericcio.com\/wp-content\/uploads\/2022\/10\/I-love-riccio-logo-black-def.png\",\"contentUrl\":\"https:\/\/www.ilovericcio.com\/wp-content\/uploads\/2022\/10\/I-love-riccio-logo-black-def.png\",\"width\":186,\"height\":41,\"caption\":\"I Love Riccio\"},\"image\":{\"@id\":\"https:\/\/www.ilovericcio.com\/en\/#\/schema\/logo\/image\/\"},\"sameAs\":[\"https:\/\/www.facebook.com\/ILoveRiccio\",\"https:\/\/www.instagram.com\/i_love_riccio\/\",\"https:\/\/www.youtube.com\/user\/Ilovericcio\",\"https:\/\/it.pinterest.com\/ilovericcio\/\",\"https:\/\/www.tiktok.com\/@i_love_riccio\",\"https:\/\/www.feedaty.com\/recensioni\/ilovericcio\"]}]}<\/script>\n<!-- \/ Yoast SEO plugin. -->","yoast_head_json":{"title":"Protein Reconstructor for Bleached Curls Supercurly Booster\u00ae | I Love Riccio","description":"Discover the protein reconstructor for curly hair. Ideal for restoring volume and definition to curls that break easily, bleached and weakened by chemical and physical treatments.","robots":{"index":"index","follow":"follow","max-snippet":"max-snippet:-1","max-image-preview":"max-image-preview:large","max-video-preview":"max-video-preview:-1"},"canonical":"https:\/\/www.ilovericcio.com\/en\/product\/i-love-riccio-supercurly-booster\/","og_locale":"en_US","og_type":"article","og_title":"Protein Reconstructor for Bleached Curls Supercurly Booster\u00ae | I Love Riccio","og_description":"Discover the protein reconstructor for curly hair. Ideal for restoring volume and definition to curls that break easily, bleached and weakened by chemical and physical treatments.","og_url":"https:\/\/www.ilovericcio.com\/en\/product\/i-love-riccio-supercurly-booster\/","og_site_name":"I Love Riccio","article_publisher":"https:\/\/www.facebook.com\/ILoveRiccio","article_modified_time":"2026-03-31T05:35:43+00:00","og_image":[{"width":1080,"height":1080,"url":"https:\/\/www.ilovericcio.com\/wp-content\/uploads\/2020\/03\/18-SupercurlyBooster-inclinato-1.png","type":"image\/png"}],"twitter_card":"summary_large_image","twitter_misc":{"Est. reading time":"4 minutes"},"schema":{"@context":"https:\/\/schema.org","@graph":[{"@type":"WebPage","@id":"https:\/\/www.ilovericcio.com\/en\/product\/i-love-riccio-supercurly-booster\/","url":"https:\/\/www.ilovericcio.com\/en\/product\/i-love-riccio-supercurly-booster\/","name":"Protein Reconstructor for Bleached Curls Supercurly Booster\u00ae | I Love Riccio","isPartOf":{"@id":"https:\/\/www.ilovericcio.com\/en\/#website"},"primaryImageOfPage":{"@id":"https:\/\/www.ilovericcio.com\/en\/product\/i-love-riccio-supercurly-booster\/#primaryimage"},"image":{"@id":"https:\/\/www.ilovericcio.com\/en\/product\/i-love-riccio-supercurly-booster\/#primaryimage"},"thumbnailUrl":"https:\/\/www.ilovericcio.com\/wp-content\/uploads\/2020\/03\/18-SupercurlyBooster-inclinato-1.png","datePublished":"2020-03-05T13:49:11+00:00","dateModified":"2026-03-31T05:35:43+00:00","description":"Discover the protein reconstructor for curly hair. Ideal for restoring volume and definition to curls that break easily, bleached and weakened by chemical and physical treatments.","breadcrumb":{"@id":"https:\/\/www.ilovericcio.com\/en\/product\/i-love-riccio-supercurly-booster\/#breadcrumb"},"inLanguage":"en-US","potentialAction":[{"@type":"ReadAction","target":["https:\/\/www.ilovericcio.com\/en\/product\/i-love-riccio-supercurly-booster\/"]}]},{"@type":"ImageObject","inLanguage":"en-US","@id":"https:\/\/www.ilovericcio.com\/en\/product\/i-love-riccio-supercurly-booster\/#primaryimage","url":"https:\/\/www.ilovericcio.com\/wp-content\/uploads\/2020\/03\/18-SupercurlyBooster-inclinato-1.png","contentUrl":"https:\/\/www.ilovericcio.com\/wp-content\/uploads\/2020\/03\/18-SupercurlyBooster-inclinato-1.png","width":1080,"height":1080},{"@type":"BreadcrumbList","@id":"https:\/\/www.ilovericcio.com\/en\/product\/i-love-riccio-supercurly-booster\/#breadcrumb","itemListElement":[{"@type":"ListItem","position":1,"name":"Home","item":"https:\/\/www.ilovericcio.com\/en\/"},{"@type":"ListItem","position":2,"name":"Shop","item":"https:\/\/www.ilovericcio.com\/en\/shop\/"},{"@type":"ListItem","position":3,"name":"I Love Riccio SuperCurly Booster\u00ae Protein Rebuilder"}]},{"@type":"WebSite","@id":"https:\/\/www.ilovericcio.com\/en\/#website","url":"https:\/\/www.ilovericcio.com\/en\/","name":"I Love Riccio","description":"Prodotti per capelli ricci creati da noi, perfetti per te","publisher":{"@id":"https:\/\/www.ilovericcio.com\/en\/#organization"},"alternateName":"ilovericcio","potentialAction":[{"@type":"SearchAction","target":{"@type":"EntryPoint","urlTemplate":"https:\/\/www.ilovericcio.com\/en\/?s={search_term_string}"},"query-input":{"@type":"PropertyValueSpecification","valueRequired":true,"valueName":"search_term_string"}}],"inLanguage":"en-US"},{"@type":"Organization","@id":"https:\/\/www.ilovericcio.com\/en\/#organization","name":"I Love Riccio","alternateName":"ilovericcio","url":"https:\/\/www.ilovericcio.com\/en\/","logo":{"@type":"ImageObject","inLanguage":"en-US","@id":"https:\/\/www.ilovericcio.com\/en\/#\/schema\/logo\/image\/","url":"https:\/\/www.ilovericcio.com\/wp-content\/uploads\/2022\/10\/I-love-riccio-logo-black-def.png","contentUrl":"https:\/\/www.ilovericcio.com\/wp-content\/uploads\/2022\/10\/I-love-riccio-logo-black-def.png","width":186,"height":41,"caption":"I Love Riccio"},"image":{"@id":"https:\/\/www.ilovericcio.com\/en\/#\/schema\/logo\/image\/"},"sameAs":["https:\/\/www.facebook.com\/ILoveRiccio","https:\/\/www.instagram.com\/i_love_riccio\/","https:\/\/www.youtube.com\/user\/Ilovericcio","https:\/\/it.pinterest.com\/ilovericcio\/","https:\/\/www.tiktok.com\/@i_love_riccio","https:\/\/www.feedaty.com\/recensioni\/ilovericcio"]}]}},"_links":{"self":[{"href":"https:\/\/www.ilovericcio.com\/en\/wp-json\/wp\/v2\/product\/131116","targetHints":{"allow":["GET"]}}],"collection":[{"href":"https:\/\/www.ilovericcio.com\/en\/wp-json\/wp\/v2\/product"}],"about":[{"href":"https:\/\/www.ilovericcio.com\/en\/wp-json\/wp\/v2\/types\/product"}],"wp:featuredmedia":[{"embeddable":true,"href":"https:\/\/www.ilovericcio.com\/en\/wp-json\/wp\/v2\/media\/111792"}],"wp:attachment":[{"href":"https:\/\/www.ilovericcio.com\/en\/wp-json\/wp\/v2\/media?parent=131116"}],"wp:term":[{"taxonomy":"product_brand","embeddable":true,"href":"https:\/\/www.ilovericcio.com\/en\/wp-json\/wp\/v2\/product_brand?post=131116"},{"taxonomy":"product_cat","embeddable":true,"href":"https:\/\/www.ilovericcio.com\/en\/wp-json\/wp\/v2\/product_cat?post=131116"},{"taxonomy":"product_tag","embeddable":true,"href":"https:\/\/www.ilovericcio.com\/en\/wp-json\/wp\/v2\/product_tag?post=131116"}],"curies":[{"name":"wp","href":"https:\/\/api.w.org\/{rel}","templated":true}]}}