{"id":131072,"date":"2021-06-23T14:21:13","date_gmt":"2021-06-23T12:21:13","guid":{"rendered":"https:\/\/www.ilovericcio.it\/prodotto\/i-love-riccio-rockn-go-100ml\/"},"modified":"2026-02-19T10:05:20","modified_gmt":"2026-02-19T09:05:20","slug":"i-love-riccio-rockn-go-100ml","status":"publish","type":"product","link":"https:\/\/www.ilovericcio.com\/en\/product\/i-love-riccio-rockn-go-100ml\/","title":{"rendered":"I Love Riccio Rock\u2019n Go\u00ae Mini Size 100ml"},"content":{"rendered":"<p><iframe loading=\"lazy\" style=\"float: left; padding-right: 20px; padding-bottom: 20px;\" src=\"https:\/\/www.youtube.com\/embed\/ISTqFZNbt4c?autoplay=1&amp;rel=0\" width=\"560\" height=\"315\" frameborder=\"0\" allowfullscreen=\"allowfullscreen\"><\/iframe><\/p>\n<p>Crema idratante ed elasticizzante, dona elasticit\u00e0, definizione ed elimina il crespo.<\/p>\n<p>Rock&#8217;n Go \u00e8 sicuramente il nostro cavallo di battaglia, perch\u00e9 racchiude in s\u00e9 tutte le caratteristiche di un finish perfetto per i capelli ricci: idrata, definisce, elasticizza, nutre. Non ha: effetto bagnato, non lascia residui sui capelli, non appiccica. Inoltre \u00e8 indicato per tutte le tipologie di ricci, basta variare la quantit\u00e0. Se lo utilizziamo per un riccio 2a 2b o 2c (ricci ondulati) ne baster\u00e0 mezza noce, se lo utilizziamo su ricci 3a 3b 3c ne utilizzeremo una noce piena. Se i ricci sono particolarmente secchi, crespi e tanti, lo utilizzeremo a Loc, ossia a capelli fradici eseguiremo delle sezioni orizzontali di circa 3 cm partendo dalla nuca e distribuiremo il prodotto (1\/4 di noce) dalle radici alle punte con le mani. Il risultato vi sbalordir\u00e0!<\/p>\n<p>Sostanze funzionali presenti nel prodotto: glicerina, oli di cocco e jojoba, cheratina idrolizzata, collagene idrolizzato.<\/p>\n<p><strong>Modo d\u2019uso<\/strong><\/p>\n<p>Applica una noce di prodotto su lunghezze e punte a capelli bagnati, distribuendo bene con le dita uniformemente su tutti i ricci.<\/p>\n<p>Esegui lo scrunch, ossia accartoccia i ricci nel palmo della mano e strizzali avvicinandoli alla cute<\/p>\n<p>Asciuga con diffusore senza mai toccare i capelli.<\/p>\n<p>Una volta asciutti, massaggiali e falli esplodere !<\/p>\n<p>&nbsp;<\/p>\n<p>Mosturizing and elasticizing hair cream, thanks to its proprieties\u00a0 gives elasticity and eliminates frizz. Directions: on soaked hair, apply a small quantity of product on the lengths and the ends, all distributing on all the curl with fingers. Scrunch the hair, closing the curls in the palm of the hand and squeezing them close to the skin; dry with the diffuser avoiding touch it!<\/p>\n<p><strong>INCI<\/strong>: aqua (water), pvp va copolymer, cetearyl alcohol, polyquaternium 4, glycerin, cetrimonium chloride, propylene glycol, cocos nucifera oil (coconut oil), simmondsia chinensis oil, argania spinosa oil, macadamia ternifolia seed oil, hydrolyzed keratin, hydrolyzed collagen, tetrasodium edta, benzophenone-4, dehydroacetic acid, benzyl alcohol, parfum (fragrance), citric acid, CI 19140.<\/p>\n<p>100ml<\/p>\n<h2 class=\"title style-scope ytd-video-primary-info-renderer\"><\/h2>\n","protected":false},"excerpt":{"rendered":"<p><strong>Rock\u2019n Go Travel Size<\/strong> is the styling cream par excellence for curly and wavy hair! If you need <strong>hydration, nourishment and volume<\/strong> also when travelling then this is the product for you.<\/p>\n","protected":false},"featured_media":114052,"template":"","meta":{"_acf_changed":false},"product_brand":[],"product_cat":[455,406,409,444,405,408,400],"product_tag":[],"class_list":{"0":"post-131072","1":"product","2":"type-product","3":"status-publish","4":"has-post-thumbnail","6":"product_cat-creme-en","7":"product_cat-curly-hair-lines","8":"product_cat-curly-hair-products","9":"product_cat-curly-hair-styling","10":"product_cat-women-curly-hairlines","11":"product_cat-prodotti-per-capelli-ondulati-en","12":"product_cat-uncategorized","13":"pa_curl_type-3a-3b-3c-en","14":"pa_curl_type-2a-2b-2c-en","16":"first","17":"instock","18":"purchasable","19":"product-type-simple"},"acf":[],"yoast_head":"<!-- This site is optimized with the Yoast SEO plugin v27.0 - https:\/\/yoast.com\/product\/yoast-seo-wordpress\/ -->\n<title>Styling for curly hair 100 ml Rock&#039;n Go\u00ae | I Love Riccio<\/title>\n<meta name=\"description\" content=\"Rock&#039;n Go\u00ae: travel-size curly hair styling 100ml. Always carry with you the #1 styling cream, for defined and perfect curls even on vacation.\" \/>\n<meta name=\"robots\" content=\"index, follow, max-snippet:-1, max-image-preview:large, max-video-preview:-1\" \/>\n<link rel=\"canonical\" href=\"https:\/\/www.ilovericcio.com\/en\/product\/i-love-riccio-rockn-go-100ml\/\" \/>\n<meta property=\"og:locale\" content=\"en_US\" \/>\n<meta property=\"og:type\" content=\"article\" \/>\n<meta property=\"og:title\" content=\"Styling for curly hair 100 ml Rock&#039;n Go\u00ae | I Love Riccio\" \/>\n<meta property=\"og:description\" content=\"Rock&#039;n Go\u00ae: travel-size curly hair styling 100ml. Always carry with you the #1 styling cream, for defined and perfect curls even on vacation.\" \/>\n<meta property=\"og:url\" content=\"https:\/\/www.ilovericcio.com\/en\/product\/i-love-riccio-rockn-go-100ml\/\" \/>\n<meta property=\"og:site_name\" content=\"I Love Riccio\" \/>\n<meta property=\"article:publisher\" content=\"https:\/\/www.facebook.com\/ILoveRiccio\" \/>\n<meta property=\"article:modified_time\" content=\"2026-02-19T09:05:20+00:00\" \/>\n<meta property=\"og:image\" content=\"https:\/\/www.ilovericcio.com\/wp-content\/uploads\/2021\/06\/ronck-n-go-100ml.png\" \/>\n\t<meta property=\"og:image:width\" content=\"1080\" \/>\n\t<meta property=\"og:image:height\" content=\"1080\" \/>\n\t<meta property=\"og:image:type\" content=\"image\/png\" \/>\n<meta name=\"twitter:card\" content=\"summary_large_image\" \/>\n<meta name=\"twitter:label1\" content=\"Est. reading time\" \/>\n\t<meta name=\"twitter:data1\" content=\"2 minutes\" \/>\n<script type=\"application\/ld+json\" class=\"yoast-schema-graph\">{\"@context\":\"https:\/\/schema.org\",\"@graph\":[{\"@type\":\"WebPage\",\"@id\":\"https:\/\/www.ilovericcio.com\/en\/product\/i-love-riccio-rockn-go-100ml\/\",\"url\":\"https:\/\/www.ilovericcio.com\/en\/product\/i-love-riccio-rockn-go-100ml\/\",\"name\":\"Styling for curly hair 100 ml Rock'n Go\u00ae | I Love Riccio\",\"isPartOf\":{\"@id\":\"https:\/\/www.ilovericcio.com\/en\/#website\"},\"primaryImageOfPage\":{\"@id\":\"https:\/\/www.ilovericcio.com\/en\/product\/i-love-riccio-rockn-go-100ml\/#primaryimage\"},\"image\":{\"@id\":\"https:\/\/www.ilovericcio.com\/en\/product\/i-love-riccio-rockn-go-100ml\/#primaryimage\"},\"thumbnailUrl\":\"https:\/\/www.ilovericcio.com\/wp-content\/uploads\/2021\/06\/ronck-n-go-100ml.png\",\"datePublished\":\"2021-06-23T12:21:13+00:00\",\"dateModified\":\"2026-02-19T09:05:20+00:00\",\"description\":\"Rock'n Go\u00ae: travel-size curly hair styling 100ml. Always carry with you the #1 styling cream, for defined and perfect curls even on vacation.\",\"breadcrumb\":{\"@id\":\"https:\/\/www.ilovericcio.com\/en\/product\/i-love-riccio-rockn-go-100ml\/#breadcrumb\"},\"inLanguage\":\"en-US\",\"potentialAction\":[{\"@type\":\"ReadAction\",\"target\":[\"https:\/\/www.ilovericcio.com\/en\/product\/i-love-riccio-rockn-go-100ml\/\"]}]},{\"@type\":\"ImageObject\",\"inLanguage\":\"en-US\",\"@id\":\"https:\/\/www.ilovericcio.com\/en\/product\/i-love-riccio-rockn-go-100ml\/#primaryimage\",\"url\":\"https:\/\/www.ilovericcio.com\/wp-content\/uploads\/2021\/06\/ronck-n-go-100ml.png\",\"contentUrl\":\"https:\/\/www.ilovericcio.com\/wp-content\/uploads\/2021\/06\/ronck-n-go-100ml.png\",\"width\":1080,\"height\":1080},{\"@type\":\"BreadcrumbList\",\"@id\":\"https:\/\/www.ilovericcio.com\/en\/product\/i-love-riccio-rockn-go-100ml\/#breadcrumb\",\"itemListElement\":[{\"@type\":\"ListItem\",\"position\":1,\"name\":\"Home\",\"item\":\"https:\/\/www.ilovericcio.com\/en\/\"},{\"@type\":\"ListItem\",\"position\":2,\"name\":\"Shop\",\"item\":\"https:\/\/www.ilovericcio.com\/en\/shop\/\"},{\"@type\":\"ListItem\",\"position\":3,\"name\":\"I Love Riccio Rock\u2019n Go\u00ae Mini Size 100ml\"}]},{\"@type\":\"WebSite\",\"@id\":\"https:\/\/www.ilovericcio.com\/en\/#website\",\"url\":\"https:\/\/www.ilovericcio.com\/en\/\",\"name\":\"I Love Riccio\",\"description\":\"Prodotti per capelli ricci creati da noi, perfetti per te\",\"publisher\":{\"@id\":\"https:\/\/www.ilovericcio.com\/en\/#organization\"},\"alternateName\":\"ilovericcio\",\"potentialAction\":[{\"@type\":\"SearchAction\",\"target\":{\"@type\":\"EntryPoint\",\"urlTemplate\":\"https:\/\/www.ilovericcio.com\/en\/?s={search_term_string}\"},\"query-input\":{\"@type\":\"PropertyValueSpecification\",\"valueRequired\":true,\"valueName\":\"search_term_string\"}}],\"inLanguage\":\"en-US\"},{\"@type\":\"Organization\",\"@id\":\"https:\/\/www.ilovericcio.com\/en\/#organization\",\"name\":\"I Love Riccio\",\"alternateName\":\"ilovericcio\",\"url\":\"https:\/\/www.ilovericcio.com\/en\/\",\"logo\":{\"@type\":\"ImageObject\",\"inLanguage\":\"en-US\",\"@id\":\"https:\/\/www.ilovericcio.com\/en\/#\/schema\/logo\/image\/\",\"url\":\"https:\/\/www.ilovericcio.com\/wp-content\/uploads\/2022\/10\/I-love-riccio-logo-black-def.png\",\"contentUrl\":\"https:\/\/www.ilovericcio.com\/wp-content\/uploads\/2022\/10\/I-love-riccio-logo-black-def.png\",\"width\":186,\"height\":41,\"caption\":\"I Love Riccio\"},\"image\":{\"@id\":\"https:\/\/www.ilovericcio.com\/en\/#\/schema\/logo\/image\/\"},\"sameAs\":[\"https:\/\/www.facebook.com\/ILoveRiccio\",\"https:\/\/www.instagram.com\/i_love_riccio\/\",\"https:\/\/www.youtube.com\/user\/Ilovericcio\",\"https:\/\/it.pinterest.com\/ilovericcio\/\",\"https:\/\/www.tiktok.com\/@i_love_riccio\",\"https:\/\/www.feedaty.com\/recensioni\/ilovericcio\"]}]}<\/script>\n<!-- \/ Yoast SEO plugin. -->","yoast_head_json":{"title":"Styling for curly hair 100 ml Rock'n Go\u00ae | I Love Riccio","description":"Rock'n Go\u00ae: travel-size curly hair styling 100ml. Always carry with you the #1 styling cream, for defined and perfect curls even on vacation.","robots":{"index":"index","follow":"follow","max-snippet":"max-snippet:-1","max-image-preview":"max-image-preview:large","max-video-preview":"max-video-preview:-1"},"canonical":"https:\/\/www.ilovericcio.com\/en\/product\/i-love-riccio-rockn-go-100ml\/","og_locale":"en_US","og_type":"article","og_title":"Styling for curly hair 100 ml Rock'n Go\u00ae | I Love Riccio","og_description":"Rock'n Go\u00ae: travel-size curly hair styling 100ml. Always carry with you the #1 styling cream, for defined and perfect curls even on vacation.","og_url":"https:\/\/www.ilovericcio.com\/en\/product\/i-love-riccio-rockn-go-100ml\/","og_site_name":"I Love Riccio","article_publisher":"https:\/\/www.facebook.com\/ILoveRiccio","article_modified_time":"2026-02-19T09:05:20+00:00","og_image":[{"width":1080,"height":1080,"url":"https:\/\/www.ilovericcio.com\/wp-content\/uploads\/2021\/06\/ronck-n-go-100ml.png","type":"image\/png"}],"twitter_card":"summary_large_image","twitter_misc":{"Est. reading time":"2 minutes"},"schema":{"@context":"https:\/\/schema.org","@graph":[{"@type":"WebPage","@id":"https:\/\/www.ilovericcio.com\/en\/product\/i-love-riccio-rockn-go-100ml\/","url":"https:\/\/www.ilovericcio.com\/en\/product\/i-love-riccio-rockn-go-100ml\/","name":"Styling for curly hair 100 ml Rock'n Go\u00ae | I Love Riccio","isPartOf":{"@id":"https:\/\/www.ilovericcio.com\/en\/#website"},"primaryImageOfPage":{"@id":"https:\/\/www.ilovericcio.com\/en\/product\/i-love-riccio-rockn-go-100ml\/#primaryimage"},"image":{"@id":"https:\/\/www.ilovericcio.com\/en\/product\/i-love-riccio-rockn-go-100ml\/#primaryimage"},"thumbnailUrl":"https:\/\/www.ilovericcio.com\/wp-content\/uploads\/2021\/06\/ronck-n-go-100ml.png","datePublished":"2021-06-23T12:21:13+00:00","dateModified":"2026-02-19T09:05:20+00:00","description":"Rock'n Go\u00ae: travel-size curly hair styling 100ml. Always carry with you the #1 styling cream, for defined and perfect curls even on vacation.","breadcrumb":{"@id":"https:\/\/www.ilovericcio.com\/en\/product\/i-love-riccio-rockn-go-100ml\/#breadcrumb"},"inLanguage":"en-US","potentialAction":[{"@type":"ReadAction","target":["https:\/\/www.ilovericcio.com\/en\/product\/i-love-riccio-rockn-go-100ml\/"]}]},{"@type":"ImageObject","inLanguage":"en-US","@id":"https:\/\/www.ilovericcio.com\/en\/product\/i-love-riccio-rockn-go-100ml\/#primaryimage","url":"https:\/\/www.ilovericcio.com\/wp-content\/uploads\/2021\/06\/ronck-n-go-100ml.png","contentUrl":"https:\/\/www.ilovericcio.com\/wp-content\/uploads\/2021\/06\/ronck-n-go-100ml.png","width":1080,"height":1080},{"@type":"BreadcrumbList","@id":"https:\/\/www.ilovericcio.com\/en\/product\/i-love-riccio-rockn-go-100ml\/#breadcrumb","itemListElement":[{"@type":"ListItem","position":1,"name":"Home","item":"https:\/\/www.ilovericcio.com\/en\/"},{"@type":"ListItem","position":2,"name":"Shop","item":"https:\/\/www.ilovericcio.com\/en\/shop\/"},{"@type":"ListItem","position":3,"name":"I Love Riccio Rock\u2019n Go\u00ae Mini Size 100ml"}]},{"@type":"WebSite","@id":"https:\/\/www.ilovericcio.com\/en\/#website","url":"https:\/\/www.ilovericcio.com\/en\/","name":"I Love Riccio","description":"Prodotti per capelli ricci creati da noi, perfetti per te","publisher":{"@id":"https:\/\/www.ilovericcio.com\/en\/#organization"},"alternateName":"ilovericcio","potentialAction":[{"@type":"SearchAction","target":{"@type":"EntryPoint","urlTemplate":"https:\/\/www.ilovericcio.com\/en\/?s={search_term_string}"},"query-input":{"@type":"PropertyValueSpecification","valueRequired":true,"valueName":"search_term_string"}}],"inLanguage":"en-US"},{"@type":"Organization","@id":"https:\/\/www.ilovericcio.com\/en\/#organization","name":"I Love Riccio","alternateName":"ilovericcio","url":"https:\/\/www.ilovericcio.com\/en\/","logo":{"@type":"ImageObject","inLanguage":"en-US","@id":"https:\/\/www.ilovericcio.com\/en\/#\/schema\/logo\/image\/","url":"https:\/\/www.ilovericcio.com\/wp-content\/uploads\/2022\/10\/I-love-riccio-logo-black-def.png","contentUrl":"https:\/\/www.ilovericcio.com\/wp-content\/uploads\/2022\/10\/I-love-riccio-logo-black-def.png","width":186,"height":41,"caption":"I Love Riccio"},"image":{"@id":"https:\/\/www.ilovericcio.com\/en\/#\/schema\/logo\/image\/"},"sameAs":["https:\/\/www.facebook.com\/ILoveRiccio","https:\/\/www.instagram.com\/i_love_riccio\/","https:\/\/www.youtube.com\/user\/Ilovericcio","https:\/\/it.pinterest.com\/ilovericcio\/","https:\/\/www.tiktok.com\/@i_love_riccio","https:\/\/www.feedaty.com\/recensioni\/ilovericcio"]}]}},"_links":{"self":[{"href":"https:\/\/www.ilovericcio.com\/en\/wp-json\/wp\/v2\/product\/131072","targetHints":{"allow":["GET"]}}],"collection":[{"href":"https:\/\/www.ilovericcio.com\/en\/wp-json\/wp\/v2\/product"}],"about":[{"href":"https:\/\/www.ilovericcio.com\/en\/wp-json\/wp\/v2\/types\/product"}],"wp:featuredmedia":[{"embeddable":true,"href":"https:\/\/www.ilovericcio.com\/en\/wp-json\/wp\/v2\/media\/114052"}],"wp:attachment":[{"href":"https:\/\/www.ilovericcio.com\/en\/wp-json\/wp\/v2\/media?parent=131072"}],"wp:term":[{"taxonomy":"product_brand","embeddable":true,"href":"https:\/\/www.ilovericcio.com\/en\/wp-json\/wp\/v2\/product_brand?post=131072"},{"taxonomy":"product_cat","embeddable":true,"href":"https:\/\/www.ilovericcio.com\/en\/wp-json\/wp\/v2\/product_cat?post=131072"},{"taxonomy":"product_tag","embeddable":true,"href":"https:\/\/www.ilovericcio.com\/en\/wp-json\/wp\/v2\/product_tag?post=131072"}],"curies":[{"name":"wp","href":"https:\/\/api.w.org\/{rel}","templated":true}]}}