{"id":130893,"date":"2020-03-05T14:47:52","date_gmt":"2020-03-05T13:47:52","guid":{"rendered":"https:\/\/www.ilovericcio.it\/prodotto\/i-love-riccio-rockn-go\/"},"modified":"2026-04-16T12:47:41","modified_gmt":"2026-04-16T10:47:41","slug":"i-love-riccio-rockn-go","status":"publish","type":"product","link":"https:\/\/www.ilovericcio.com\/en\/product\/i-love-riccio-rockn-go\/","title":{"rendered":"I Love Riccio Rock\u2019n Go\u00ae Styling Cream"},"content":{"rendered":"<p>[vc_row][vc_column][vc_row_inner][vc_column_inner width=&#8221;1\/2&#8243; is_sticky=&#8221;yes&#8221; sticky_min_width=&#8221;767&#8243; sticky_top=&#8221;200&#8243; sticky_bottom=&#8221;0&#8243;][vc_column_text]<iframe loading=\"lazy\" style=\"float: left; padding-right: 20px; padding-bottom: 20px;\" src=\"https:\/\/www.youtube.com\/embed\/ISTqFZNbt4c\" width=\"560\" height=\"315\" frameborder=\"0\" allowfullscreen=\"allowfullscreen\"><\/iframe><\/p>\n<h2 class=\"title style-scope ytd-video-primary-info-renderer\"><\/h2>\n<p>[\/vc_column_text][\/vc_column_inner][vc_column_inner width=&#8221;1\/2&#8243;][vc_column_text]<strong>COS\u2019\u00c8:<br \/>\n<\/strong><span style=\"font-weight: 400;\">Lo styling in crema Rock\u2019n Go \u00e8 sicuramente il nostro cavallo di battaglia, perch\u00e9 racchiude in s\u00e9 tutte le caratteristiche di un finish perfetto per capelli mossi o ricci: idrata, nutre, definisce, elasticizza, conferisce volume.<\/span>[\/vc_column_text][vc_separator][vc_column_text]<strong>A COSA SERVE?<br \/>\n<\/strong><span style=\"font-weight: 400;\">Rock\u2019n Go modella, disciplina e definisce onde e ricci naturali. Riattiva<\/span> <span style=\"font-weight: 400;\">l\u2019ondulazione e la spirale in modo flessuoso. Con <\/span><b>fattore elasticizzante e plasmante<\/b><span style=\"font-weight: 400;\">, integrato da cheratina e collagene, ristruttura e protegge a lungo le forme dal calore del phon, dall\u2019umidit\u00e0 e dalle aggressioni ambientali.<\/span><\/p>\n<p><span style=\"font-weight: 400;\">Grazie alla presenza di oli vegetali nutrienti e idratanti affini alla struttura dei capelli Rock\u2019n Go integra la parte lipidica e migliora l\u2019elasticit\u00e0, l\u2019idratazione e la lucentezza delle tue onde e dei tuoi ricci. <\/span><span style=\"font-weight: 400;\">Non per ultimo, elimina il crespo, affermandosi come il finish perfetto per tutti quei capelli ricci che hanno bisogno di ottenere definizione e volume ed essere idratati in profondit\u00e0 rimanendo morbidi al tatto.<\/span>[\/vc_column_text][vc_separator][vc_column_text]<strong>A CHI NON \u00c8 INDICATO?<\/strong><br \/>\n<strong><span style=\"font-weight: 400;\">Rock\u2019n Go non \u00e8 particolarmente indicato per capelli molto sottili. In questo specifico caso, consigliamo lo <\/span>styling in mousse <a href=\"https:\/\/www.ilovericcio.it\/prodotto\/i-love-riccio-delicious-curls\">Delicious Curl<\/a><\/strong>[\/vc_column_text][vc_separator][vc_column_text]<strong>COME SI USA?<br \/>\n<\/strong><\/p>\n<div class=\"curly-link prodotti-i-love sticky-bannerino\">\n<p><a href=\"https:\/\/www.ilovericcio.it\/bugiardino-scheda-prodotto\/ILOVERICCIO_BUGIARDINO.pdf\" target=\"_blank\" rel=\"noopener\">SCARICA LA GUIDA COMPLETA<br \/>\nALL&#8217;USO DEI PRODOTTI I LOVE RICCIO<\/a><\/p>\n<div class=\"cont-freccia\"><a href=\"https:\/\/www.ilovericcio.it\/bugiardino-scheda-prodotto\/ILOVERICCIO_BUGIARDINO.pdf\" target=\"_blank\" rel=\"noopener\"><img decoding=\"async\" src=\"https:\/\/www.ilovericcio.com\/wp-content\/uploads\/2021\/10\/downoald.png\" \/><\/a><\/div>\n<\/div>\n<p><span style=\"font-weight: 400;\">Quantit\u00e0 da applicare: 1 noce su capelli corti, 2 noci su capelli alle spalle.<\/span><\/p>\n<p><span style=\"font-weight: 400;\">Se hai capelli molto lunghi e grossi ti consigliamo di applicare Rock\u2019n Go a sezioni orizzontali di 4cm (1 ciliegia di prodotto per sezione). <\/span><span style=\"font-weight: 400;\">Applica su lunghezze e punte a capelli molto bagnati distribuendolo uniformemente con le dita su tutta la chioma. Esegui ora lo scrunching, ossia accartoccia i ricci nel palmo della mano e strizzali avvicinandoli alla cute. Ripeti ora utilizzando un panno in microfibra o una t-shirt di cotone. Asciuga completamente con diffusore <\/span><b>senza mai toccare<\/b><span style=\"font-weight: 400;\"> i capelli. Una volta asciutti, attiva il prodotto massaggiandoli delicatamente e falli esplodere!<\/span>[\/vc_column_text][vc_separator][vc_column_text]<strong>PERCH\u00c8 AMERAI ROCK\u2019N GO?<br \/>\n<\/strong><span style=\"font-weight: 400;\">Le tue onde e i tuoi ricci, dopo l\u2019utilizzo di questa styling cream, saranno idratati, voluminosi, morbidi al tatto ed elastici a lungo.<\/span>[\/vc_column_text][vc_separator][vc_column_text]<strong>SOSTANZE FUNZIONALI:<br \/>\n<\/strong><span style=\"font-weight: 400;\">Olio di argan, macadamia, jojoba, cheratina, collagene<\/span>[\/vc_column_text][vc_separator][vc_column_text]<strong>FAQ<\/strong>[\/vc_column_text][vc_toggle title=&#8221;Lo posso mettere a capelli asciutti?&#8221;]No, solo da bagnati.[\/vc_toggle][vc_toggle title=&#8221;Lo posso utilizzare per ridefinire il riccio i giorni successivi?&#8221;]No, meglio la <a href=\"https:\/\/www.ilovericcio.it\/prodotto\/i-love-riccio-floo-cream\"><strong>Floo Cream<\/strong><\/a> che nasce per questo scopo.[\/vc_toggle][vc_toggle title=&#8221;Quanto devo metterne su una testa di ricci fino alle spalle?&#8221;]Una mezza noce di prodotto su tutti i ricci a testa in gi\u00f9, oppure se vuoi applicarlo a sezioni, per ogni sezione orizzontale di circa 4cm di spessore, presa da orecchio a orecchio una ciliegia di prodotto.[\/vc_toggle][vc_separator][vc_column_text]<strong>INCI<\/strong>: aqua (water), pvp va copolymer, cetearyl alcohol, polyquaternium 4, glycerin, cetrimonium chloride, propylene glycol, cocos nucifera oil (coconut oil), simmondsia chinensis oil, argania spinosa oil, macadamia ternifolia seed oil, hydrolyzed keratin, hydrolyzed collagen, tetrasodium edta, benzophenone-4, dehydroacetic acid, benzyl alcohol, parfum (fragrance), citric acid, ci 19140.<\/p>\n<p>250ml[\/vc_column_text][\/vc_column_inner][\/vc_row_inner][\/vc_column][\/vc_row][vc_row][vc_column][vc_column_text]<\/p>\n<p>[\/vc_column_text][\/vc_column][\/vc_row][vc_row][vc_column][vc_column_text]<\/p>\n<p>[\/vc_column_text][\/vc_column][\/vc_row][vc_row][vc_column][vc_column_text]<\/p>\n<p>[\/vc_column_text][\/vc_column][\/vc_row]<\/p>\n","protected":false},"excerpt":{"rendered":"<p><strong>Rock&#8217;n Go<\/strong> is the styling cream par excellence for curly and wavy hair! If you need<strong> hydration, nourishment and volume<\/strong> then this is the product for you: it eliminates frizz, leaving the hair fibre light and bouncy.<\/p>\n","protected":false},"featured_media":110504,"template":"","meta":{"_acf_changed":false},"product_brand":[],"product_cat":[455,406,409,444,405,408,400],"product_tag":[],"class_list":{"0":"post-130893","1":"product","2":"type-product","3":"status-publish","4":"has-post-thumbnail","6":"product_cat-creme-en","7":"product_cat-curly-hair-lines","8":"product_cat-curly-hair-products","9":"product_cat-curly-hair-styling","10":"product_cat-women-curly-hairlines","11":"product_cat-prodotti-per-capelli-ondulati-en","12":"product_cat-uncategorized","13":"pa_curl_type-3a-3b-3c-en","14":"pa_curl_type-2a-2b-2c-en","16":"first","17":"instock","18":"purchasable","19":"product-type-simple"},"acf":[],"yoast_head":"<!-- This site is optimized with the Yoast SEO plugin v27.0 - https:\/\/yoast.com\/product\/yoast-seo-wordpress\/ -->\n<title>Styling cream for curly hair Rock&#039;n Go\u00ae | I Love Riccio<\/title>\n<meta name=\"description\" content=\"Discover Rock&#039;n Go\u00ae, the styling cream for curly hair that gives elasticity, definition and fights frizz. Buy now on our website!\" \/>\n<meta name=\"robots\" content=\"index, follow, max-snippet:-1, max-image-preview:large, max-video-preview:-1\" \/>\n<link rel=\"canonical\" href=\"https:\/\/www.ilovericcio.com\/en\/product\/i-love-riccio-rockn-go\/\" \/>\n<meta property=\"og:locale\" content=\"en_US\" \/>\n<meta property=\"og:type\" content=\"article\" \/>\n<meta property=\"og:title\" content=\"Styling cream for curly hair Rock&#039;n Go\u00ae | I Love Riccio\" \/>\n<meta property=\"og:description\" content=\"Discover Rock&#039;n Go\u00ae, the styling cream for curly hair that gives elasticity, definition and fights frizz. Buy now on our website!\" \/>\n<meta property=\"og:url\" content=\"https:\/\/www.ilovericcio.com\/en\/product\/i-love-riccio-rockn-go\/\" \/>\n<meta property=\"og:site_name\" content=\"I Love Riccio\" \/>\n<meta property=\"article:publisher\" content=\"https:\/\/www.facebook.com\/ILoveRiccio\" \/>\n<meta property=\"article:modified_time\" content=\"2026-04-16T10:47:41+00:00\" \/>\n<meta property=\"og:image\" content=\"https:\/\/www.ilovericcio.com\/wp-content\/uploads\/2020\/03\/11-RockNGo_inclinato.png\" \/>\n\t<meta property=\"og:image:width\" content=\"1080\" \/>\n\t<meta property=\"og:image:height\" content=\"1080\" \/>\n\t<meta property=\"og:image:type\" content=\"image\/png\" \/>\n<meta name=\"twitter:card\" content=\"summary_large_image\" \/>\n<meta name=\"twitter:label1\" content=\"Est. reading time\" \/>\n\t<meta name=\"twitter:data1\" content=\"3 minutes\" \/>\n<script type=\"application\/ld+json\" class=\"yoast-schema-graph\">{\"@context\":\"https:\/\/schema.org\",\"@graph\":[{\"@type\":\"WebPage\",\"@id\":\"https:\/\/www.ilovericcio.com\/en\/product\/i-love-riccio-rockn-go\/\",\"url\":\"https:\/\/www.ilovericcio.com\/en\/product\/i-love-riccio-rockn-go\/\",\"name\":\"Styling cream for curly hair Rock'n Go\u00ae | I Love Riccio\",\"isPartOf\":{\"@id\":\"https:\/\/www.ilovericcio.com\/en\/#website\"},\"primaryImageOfPage\":{\"@id\":\"https:\/\/www.ilovericcio.com\/en\/product\/i-love-riccio-rockn-go\/#primaryimage\"},\"image\":{\"@id\":\"https:\/\/www.ilovericcio.com\/en\/product\/i-love-riccio-rockn-go\/#primaryimage\"},\"thumbnailUrl\":\"https:\/\/www.ilovericcio.com\/wp-content\/uploads\/2020\/03\/11-RockNGo_inclinato.png\",\"datePublished\":\"2020-03-05T13:47:52+00:00\",\"dateModified\":\"2026-04-16T10:47:41+00:00\",\"description\":\"Discover Rock'n Go\u00ae, the styling cream for curly hair that gives elasticity, definition and fights frizz. Buy now on our website!\",\"breadcrumb\":{\"@id\":\"https:\/\/www.ilovericcio.com\/en\/product\/i-love-riccio-rockn-go\/#breadcrumb\"},\"inLanguage\":\"en-US\",\"potentialAction\":[{\"@type\":\"ReadAction\",\"target\":[\"https:\/\/www.ilovericcio.com\/en\/product\/i-love-riccio-rockn-go\/\"]}]},{\"@type\":\"ImageObject\",\"inLanguage\":\"en-US\",\"@id\":\"https:\/\/www.ilovericcio.com\/en\/product\/i-love-riccio-rockn-go\/#primaryimage\",\"url\":\"https:\/\/www.ilovericcio.com\/wp-content\/uploads\/2020\/03\/11-RockNGo_inclinato.png\",\"contentUrl\":\"https:\/\/www.ilovericcio.com\/wp-content\/uploads\/2020\/03\/11-RockNGo_inclinato.png\",\"width\":1080,\"height\":1080},{\"@type\":\"BreadcrumbList\",\"@id\":\"https:\/\/www.ilovericcio.com\/en\/product\/i-love-riccio-rockn-go\/#breadcrumb\",\"itemListElement\":[{\"@type\":\"ListItem\",\"position\":1,\"name\":\"Home\",\"item\":\"https:\/\/www.ilovericcio.com\/en\/\"},{\"@type\":\"ListItem\",\"position\":2,\"name\":\"Shop\",\"item\":\"https:\/\/www.ilovericcio.com\/en\/shop\/\"},{\"@type\":\"ListItem\",\"position\":3,\"name\":\"I Love Riccio Rock\u2019n Go\u00ae Styling Cream\"}]},{\"@type\":\"WebSite\",\"@id\":\"https:\/\/www.ilovericcio.com\/en\/#website\",\"url\":\"https:\/\/www.ilovericcio.com\/en\/\",\"name\":\"I Love Riccio\",\"description\":\"Prodotti per capelli ricci creati da noi, perfetti per te\",\"publisher\":{\"@id\":\"https:\/\/www.ilovericcio.com\/en\/#organization\"},\"alternateName\":\"ilovericcio\",\"potentialAction\":[{\"@type\":\"SearchAction\",\"target\":{\"@type\":\"EntryPoint\",\"urlTemplate\":\"https:\/\/www.ilovericcio.com\/en\/?s={search_term_string}\"},\"query-input\":{\"@type\":\"PropertyValueSpecification\",\"valueRequired\":true,\"valueName\":\"search_term_string\"}}],\"inLanguage\":\"en-US\"},{\"@type\":\"Organization\",\"@id\":\"https:\/\/www.ilovericcio.com\/en\/#organization\",\"name\":\"I Love Riccio\",\"alternateName\":\"ilovericcio\",\"url\":\"https:\/\/www.ilovericcio.com\/en\/\",\"logo\":{\"@type\":\"ImageObject\",\"inLanguage\":\"en-US\",\"@id\":\"https:\/\/www.ilovericcio.com\/en\/#\/schema\/logo\/image\/\",\"url\":\"https:\/\/www.ilovericcio.com\/wp-content\/uploads\/2022\/10\/I-love-riccio-logo-black-def.png\",\"contentUrl\":\"https:\/\/www.ilovericcio.com\/wp-content\/uploads\/2022\/10\/I-love-riccio-logo-black-def.png\",\"width\":186,\"height\":41,\"caption\":\"I Love Riccio\"},\"image\":{\"@id\":\"https:\/\/www.ilovericcio.com\/en\/#\/schema\/logo\/image\/\"},\"sameAs\":[\"https:\/\/www.facebook.com\/ILoveRiccio\",\"https:\/\/www.instagram.com\/i_love_riccio\/\",\"https:\/\/www.youtube.com\/user\/Ilovericcio\",\"https:\/\/it.pinterest.com\/ilovericcio\/\",\"https:\/\/www.tiktok.com\/@i_love_riccio\",\"https:\/\/www.feedaty.com\/recensioni\/ilovericcio\"]}]}<\/script>\n<!-- \/ Yoast SEO plugin. -->","yoast_head_json":{"title":"Styling cream for curly hair Rock'n Go\u00ae | I Love Riccio","description":"Discover Rock'n Go\u00ae, the styling cream for curly hair that gives elasticity, definition and fights frizz. Buy now on our website!","robots":{"index":"index","follow":"follow","max-snippet":"max-snippet:-1","max-image-preview":"max-image-preview:large","max-video-preview":"max-video-preview:-1"},"canonical":"https:\/\/www.ilovericcio.com\/en\/product\/i-love-riccio-rockn-go\/","og_locale":"en_US","og_type":"article","og_title":"Styling cream for curly hair Rock'n Go\u00ae | I Love Riccio","og_description":"Discover Rock'n Go\u00ae, the styling cream for curly hair that gives elasticity, definition and fights frizz. Buy now on our website!","og_url":"https:\/\/www.ilovericcio.com\/en\/product\/i-love-riccio-rockn-go\/","og_site_name":"I Love Riccio","article_publisher":"https:\/\/www.facebook.com\/ILoveRiccio","article_modified_time":"2026-04-16T10:47:41+00:00","og_image":[{"width":1080,"height":1080,"url":"https:\/\/www.ilovericcio.com\/wp-content\/uploads\/2020\/03\/11-RockNGo_inclinato.png","type":"image\/png"}],"twitter_card":"summary_large_image","twitter_misc":{"Est. reading time":"3 minutes"},"schema":{"@context":"https:\/\/schema.org","@graph":[{"@type":"WebPage","@id":"https:\/\/www.ilovericcio.com\/en\/product\/i-love-riccio-rockn-go\/","url":"https:\/\/www.ilovericcio.com\/en\/product\/i-love-riccio-rockn-go\/","name":"Styling cream for curly hair Rock'n Go\u00ae | I Love Riccio","isPartOf":{"@id":"https:\/\/www.ilovericcio.com\/en\/#website"},"primaryImageOfPage":{"@id":"https:\/\/www.ilovericcio.com\/en\/product\/i-love-riccio-rockn-go\/#primaryimage"},"image":{"@id":"https:\/\/www.ilovericcio.com\/en\/product\/i-love-riccio-rockn-go\/#primaryimage"},"thumbnailUrl":"https:\/\/www.ilovericcio.com\/wp-content\/uploads\/2020\/03\/11-RockNGo_inclinato.png","datePublished":"2020-03-05T13:47:52+00:00","dateModified":"2026-04-16T10:47:41+00:00","description":"Discover Rock'n Go\u00ae, the styling cream for curly hair that gives elasticity, definition and fights frizz. Buy now on our website!","breadcrumb":{"@id":"https:\/\/www.ilovericcio.com\/en\/product\/i-love-riccio-rockn-go\/#breadcrumb"},"inLanguage":"en-US","potentialAction":[{"@type":"ReadAction","target":["https:\/\/www.ilovericcio.com\/en\/product\/i-love-riccio-rockn-go\/"]}]},{"@type":"ImageObject","inLanguage":"en-US","@id":"https:\/\/www.ilovericcio.com\/en\/product\/i-love-riccio-rockn-go\/#primaryimage","url":"https:\/\/www.ilovericcio.com\/wp-content\/uploads\/2020\/03\/11-RockNGo_inclinato.png","contentUrl":"https:\/\/www.ilovericcio.com\/wp-content\/uploads\/2020\/03\/11-RockNGo_inclinato.png","width":1080,"height":1080},{"@type":"BreadcrumbList","@id":"https:\/\/www.ilovericcio.com\/en\/product\/i-love-riccio-rockn-go\/#breadcrumb","itemListElement":[{"@type":"ListItem","position":1,"name":"Home","item":"https:\/\/www.ilovericcio.com\/en\/"},{"@type":"ListItem","position":2,"name":"Shop","item":"https:\/\/www.ilovericcio.com\/en\/shop\/"},{"@type":"ListItem","position":3,"name":"I Love Riccio Rock\u2019n Go\u00ae Styling Cream"}]},{"@type":"WebSite","@id":"https:\/\/www.ilovericcio.com\/en\/#website","url":"https:\/\/www.ilovericcio.com\/en\/","name":"I Love Riccio","description":"Prodotti per capelli ricci creati da noi, perfetti per te","publisher":{"@id":"https:\/\/www.ilovericcio.com\/en\/#organization"},"alternateName":"ilovericcio","potentialAction":[{"@type":"SearchAction","target":{"@type":"EntryPoint","urlTemplate":"https:\/\/www.ilovericcio.com\/en\/?s={search_term_string}"},"query-input":{"@type":"PropertyValueSpecification","valueRequired":true,"valueName":"search_term_string"}}],"inLanguage":"en-US"},{"@type":"Organization","@id":"https:\/\/www.ilovericcio.com\/en\/#organization","name":"I Love Riccio","alternateName":"ilovericcio","url":"https:\/\/www.ilovericcio.com\/en\/","logo":{"@type":"ImageObject","inLanguage":"en-US","@id":"https:\/\/www.ilovericcio.com\/en\/#\/schema\/logo\/image\/","url":"https:\/\/www.ilovericcio.com\/wp-content\/uploads\/2022\/10\/I-love-riccio-logo-black-def.png","contentUrl":"https:\/\/www.ilovericcio.com\/wp-content\/uploads\/2022\/10\/I-love-riccio-logo-black-def.png","width":186,"height":41,"caption":"I Love Riccio"},"image":{"@id":"https:\/\/www.ilovericcio.com\/en\/#\/schema\/logo\/image\/"},"sameAs":["https:\/\/www.facebook.com\/ILoveRiccio","https:\/\/www.instagram.com\/i_love_riccio\/","https:\/\/www.youtube.com\/user\/Ilovericcio","https:\/\/it.pinterest.com\/ilovericcio\/","https:\/\/www.tiktok.com\/@i_love_riccio","https:\/\/www.feedaty.com\/recensioni\/ilovericcio"]}]}},"_links":{"self":[{"href":"https:\/\/www.ilovericcio.com\/en\/wp-json\/wp\/v2\/product\/130893","targetHints":{"allow":["GET"]}}],"collection":[{"href":"https:\/\/www.ilovericcio.com\/en\/wp-json\/wp\/v2\/product"}],"about":[{"href":"https:\/\/www.ilovericcio.com\/en\/wp-json\/wp\/v2\/types\/product"}],"wp:featuredmedia":[{"embeddable":true,"href":"https:\/\/www.ilovericcio.com\/en\/wp-json\/wp\/v2\/media\/110504"}],"wp:attachment":[{"href":"https:\/\/www.ilovericcio.com\/en\/wp-json\/wp\/v2\/media?parent=130893"}],"wp:term":[{"taxonomy":"product_brand","embeddable":true,"href":"https:\/\/www.ilovericcio.com\/en\/wp-json\/wp\/v2\/product_brand?post=130893"},{"taxonomy":"product_cat","embeddable":true,"href":"https:\/\/www.ilovericcio.com\/en\/wp-json\/wp\/v2\/product_cat?post=130893"},{"taxonomy":"product_tag","embeddable":true,"href":"https:\/\/www.ilovericcio.com\/en\/wp-json\/wp\/v2\/product_tag?post=130893"}],"curies":[{"name":"wp","href":"https:\/\/api.w.org\/{rel}","templated":true}]}}