{"id":129188,"date":"2020-03-05T14:49:44","date_gmt":"2020-03-05T13:49:44","guid":{"rendered":"https:\/\/www.ilovericcio.it\/prodotto\/i-love-riccio-primer-oil\/"},"modified":"2026-03-29T21:54:59","modified_gmt":"2026-03-29T19:54:59","slug":"i-love-riccio-primer-oil","status":"publish","type":"product","link":"https:\/\/www.ilovericcio.com\/en\/product\/i-love-riccio-primer-oil\/","title":{"rendered":"I Love Riccio Primer Oil Pre-Shampoo Treatment"},"content":{"rendered":"<p>[vc_row][vc_column][vc_row_inner][vc_column_inner width=&#8221;1\/2&#8243; is_sticky=&#8221;yes&#8221; sticky_min_width=&#8221;767&#8243; sticky_top=&#8221;200&#8243; sticky_bottom=&#8221;0&#8243;][vc_column_text]<iframe loading=\"lazy\" style=\"float: left; padding-right: 20px; padding-bottom: 20px;\" src=\"https:\/\/www.youtube.com\/embed\/pyBoJiKTaqc?autoplay=1&amp;rel=0\" width=\"560\" height=\"315\" frameborder=\"0\" allowfullscreen=\"allowfullscreen\"><\/iframe><\/p>\n<div class=\"vc_row wpb_row row\">\n<div class=\"vc_column_container col-md-12\">\n<div class=\"wpb_wrapper vc_column-inner\">\n<div class=\"porto-modal-input-wrapper \"><\/div>\n<div id=\"https:\/\/www.youtube.com\/watch?v=7Y1IYLqbBH0\" class=\"mfp-hide \">\n<div class=\"porto-modal-content\"><\/div>\n<\/div>\n<\/div>\n<\/div>\n<\/div>\n<p>[\/vc_column_text][\/vc_column_inner][vc_column_inner width=&#8221;1\/2&#8243;][vc_column_text]<strong>COS\u2019\u00c8:<br \/>\n<\/strong><span style=\"font-weight: 400;\"><strong>Primer oil<\/strong> \u00e8 un trattamento pre-shampoo molto nutriente a base di oli naturali, ideale per idratare e nutrire i capelli prima del lavaggio.<\/span>[\/vc_column_text][vc_separator][vc_column_text]<strong>A COSA SERVE:<br \/>\n<\/strong><span style=\"font-weight: 400;\"><strong>Primer Oil<\/strong> \u00e8 un vero e proporio booster idratante da applicare prima dello shampoo. Grazie ad un concentrato di <\/span><b>oli purissimi<\/b><span style=\"font-weight: 400;\"> (gliceridi di oliva, olio di argan, macadamia, jojoba, mandorle) questo prodotto conferir\u00e0 alle tue onde o ricci idratazione ed elasticit\u00e0 rinforzandoli dall\u2019interno e permettendo cos\u00ec di guadagnare luminosit\u00e0, elasticit\u00e0 e idratazione. Primer Oil \u00e8 ideale per tutti quei capelli secchi e aridi, che hanno bisogno di rinascere internamente. Viceversa, per ricostruirli anche esternamente \u00e8 indicato il\u00a0<\/span><a href=\"https:\/\/www.ilovericcio.it\/prodotto\/i-love-riccio-supercurly-booster\"><b>Supercurly Booster<\/b><\/a><span style=\"font-weight: 400;\">, ricostruttore proteico.<\/span>[\/vc_column_text][vc_separator][vc_column_text]<strong>A CHI NON \u00c8 INDICATO:<br \/>\n<\/strong><span style=\"font-weight: 400;\">Primer oil non \u00e8 indicato per capelli mossi o ricci molti fini che rischiano di appesantirsi. In questo caso, \u00e8 preferibile l\u2019utilizzo del\u00a0<\/span><a href=\"https:\/\/www.ilovericcio.it\/prodotto\/i-love-riccio-supercurly-booster\"><b>Supercurly Booster<\/b><\/a><span style=\"font-weight: 400;\">.<\/span>[\/vc_column_text][vc_separator][vc_column_text]<strong>COME SI USA:<br \/>\n<\/strong><\/p>\n<div class=\"curly-link prodotti-i-love sticky-bannerino\">\n<p><a href=\"https:\/\/www.ilovericcio.it\/bugiardino-scheda-prodotto\/ILOVERICCIO_BUGIARDINO.pdf\" target=\"_blank\" rel=\"noopener\">SCARICA LA GUIDA COMPLETA<br \/>\nALL&#8217;USO DEI PRODOTTI I LOVE RICCIO<\/a><\/p>\n<div class=\"cont-freccia\"><a href=\"https:\/\/www.ilovericcio.it\/bugiardino-scheda-prodotto\/ILOVERICCIO_BUGIARDINO.pdf\" target=\"_blank\" rel=\"noopener\"><img decoding=\"async\" src=\"https:\/\/www.ilovericcio.com\/wp-content\/uploads\/2021\/10\/downoald.png\" \/><\/a><\/div>\n<\/div>\n<p><span style=\"font-weight: 400;\">Applicalo prima dello shampoo a capelli asciutti, distribuendolo con l\u2019applicatore su lunghezze e punte; massaggia bene e lascia in posa 15 minuti. Emulsiona con acqua calda e risciacqua abbondantemente, poi procedi con il lavaggio. Esegui il trattamento una volta ogni 15 giorni.<\/span>[\/vc_column_text][vc_separator][vc_column_text]<strong>PERCH\u00c8 AMERAI PRIMER OIL:<br \/>\n<\/strong><span style=\"font-weight: 400;\">Amerai questo prodotto perch\u00e9 i tuoi ricci torneranno finalmente lucidi ed elastici. L\u2019amore per Primer Oil e per i tuoi ricci andr\u00e0 di pari passo!<\/span>[\/vc_column_text][vc_separator][vc_column_text]<b>FAQ<\/b>[\/vc_column_text][vc_toggle title=&#8221;Posso applicarlo per ravvivare il riccio?&#8221;]No, \u00e8 un trattamento pre-shampoo che deve essere risciacquato.[\/vc_toggle][vc_toggle title=&#8221;Quanto devo risciacquarlo?&#8221;]Emulsionalo con acqua calda fino a creare una schiumetta, poi risciacqua fino ad eliminarlo completamente dal riccio. La sua azione idratante proseguir\u00e0 all&#8217;interno del riccio.[\/vc_toggle][vc_separator][vc_column_text]<strong>TEXTURE:<br \/>\n<\/strong>Olio denso.[\/vc_column_text][vc_separator][vc_column_text]<strong>SOSTANZE FUNZIONALI:<br \/>\n<\/strong><span style=\"font-weight: 400;\">Gliceridi di oliva, olio di mandorle dolci, olio di argan, macadamia e jojoba.<\/span>[\/vc_column_text][vc_separator][vc_column_text]<strong>INCI<\/strong>: peg-10 olive glycerides, prunus amygdalus dulcis (sweet almond) oil, glyceryl oleate, parfum (fragrance), tocopheryl acetate, simmondsia chinensis oil, argania spinosa oil, macadamia ternifolia seed oil, benzyl alcohol, eugenol, limonene, linalool<\/p>\n<p>Quantit\u00e0: 100ml[\/vc_column_text][\/vc_column_inner][\/vc_row_inner][\/vc_column][\/vc_row]<\/p>\n","protected":false},"excerpt":{"rendered":"<p><strong>Primer oil<\/strong> is a pre-shampoo product with antioxidant properties that hydrates and nourishes before washing. If you have dry and dehydrated wavy\/curly hair then you should use this nourishing oil bath at least once a week.<\/p>\n<p>Once you\u2019ve tried it you\u2019ll love this product because <strong>your hair will finally look glossy and bouncy again!<\/strong><\/p>\n","protected":false},"featured_media":110544,"template":"","meta":{"_acf_changed":false},"product_brand":[],"product_cat":[406,409,490,405,407,408,400],"product_tag":[470,472,530,475,503,476,531,532,506,513,514],"class_list":{"0":"post-129188","1":"product","2":"type-product","3":"status-publish","4":"has-post-thumbnail","6":"product_cat-curly-hair-lines","7":"product_cat-curly-hair-products","8":"product_cat-curly-hair-treatments","9":"product_cat-women-curly-hairlines","10":"product_cat-prodotti-per-capelli-crespi-en","11":"product_cat-prodotti-per-capelli-ondulati-en","12":"product_cat-uncategorized","13":"product_tag-curly-test-11-en","14":"product_tag-curly-test-13-en","15":"product_tag-curly-test-17-en","16":"product_tag-curly-test-19-en","17":"product_tag-curly-test-20-en","18":"product_tag-curly-test-21-en","19":"product_tag-curly-test-3-en","20":"product_tag-curly-test-4-en","21":"product_tag-curly-test-8-en","22":"product_tag-curly-test-9-en","23":"product_tag-curly-test-9-b-en","24":"pa_curl_type-3a-3b-3c-en","25":"pa_curl_type-4a-4b-4c-en","26":"pa_curl_type-2a-2b-2c-en","28":"first","29":"instock","30":"purchasable","31":"product-type-simple"},"acf":[],"yoast_head":"<!-- This site is optimized with the Yoast SEO plugin v27.0 - https:\/\/yoast.com\/product\/yoast-seo-wordpress\/ -->\n<title>Pre-shampoo Oil for Curly Hair Primer Oil | I Love Riccio<\/title>\n<meta name=\"description\" content=\"Discover the Primer Oil pre-shampoo for curly hair! Prepare your curls for washing with natural moisturising oils. Ideal for particularly dry curly hair.\" \/>\n<meta name=\"robots\" content=\"index, follow, max-snippet:-1, max-image-preview:large, max-video-preview:-1\" \/>\n<link rel=\"canonical\" href=\"https:\/\/www.ilovericcio.com\/en\/product\/i-love-riccio-primer-oil\/\" \/>\n<meta property=\"og:locale\" content=\"en_US\" \/>\n<meta property=\"og:type\" content=\"article\" \/>\n<meta property=\"og:title\" content=\"Pre-shampoo Oil for Curly Hair Primer Oil | I Love Riccio\" \/>\n<meta property=\"og:description\" content=\"Discover the Primer Oil pre-shampoo for curly hair! Prepare your curls for washing with natural moisturising oils. Ideal for particularly dry curly hair.\" \/>\n<meta property=\"og:url\" content=\"https:\/\/www.ilovericcio.com\/en\/product\/i-love-riccio-primer-oil\/\" \/>\n<meta property=\"og:site_name\" content=\"I Love Riccio\" \/>\n<meta property=\"article:publisher\" content=\"https:\/\/www.facebook.com\/ILoveRiccio\" \/>\n<meta property=\"article:modified_time\" content=\"2026-03-29T19:54:59+00:00\" \/>\n<meta property=\"og:image\" content=\"https:\/\/www.ilovericcio.com\/wp-content\/uploads\/2020\/03\/20-Primer-Oil-inclinato.png\" \/>\n\t<meta property=\"og:image:width\" content=\"1080\" \/>\n\t<meta property=\"og:image:height\" content=\"1080\" \/>\n\t<meta property=\"og:image:type\" content=\"image\/png\" \/>\n<meta name=\"twitter:card\" content=\"summary_large_image\" \/>\n<meta name=\"twitter:label1\" content=\"Est. reading time\" \/>\n\t<meta name=\"twitter:data1\" content=\"3 minutes\" \/>\n<script type=\"application\/ld+json\" class=\"yoast-schema-graph\">{\"@context\":\"https:\/\/schema.org\",\"@graph\":[{\"@type\":\"WebPage\",\"@id\":\"https:\/\/www.ilovericcio.com\/en\/product\/i-love-riccio-primer-oil\/\",\"url\":\"https:\/\/www.ilovericcio.com\/en\/product\/i-love-riccio-primer-oil\/\",\"name\":\"Pre-shampoo Oil for Curly Hair Primer Oil | I Love Riccio\",\"isPartOf\":{\"@id\":\"https:\/\/www.ilovericcio.com\/en\/#website\"},\"primaryImageOfPage\":{\"@id\":\"https:\/\/www.ilovericcio.com\/en\/product\/i-love-riccio-primer-oil\/#primaryimage\"},\"image\":{\"@id\":\"https:\/\/www.ilovericcio.com\/en\/product\/i-love-riccio-primer-oil\/#primaryimage\"},\"thumbnailUrl\":\"https:\/\/www.ilovericcio.com\/wp-content\/uploads\/2020\/03\/20-Primer-Oil-inclinato.png\",\"datePublished\":\"2020-03-05T13:49:44+00:00\",\"dateModified\":\"2026-03-29T19:54:59+00:00\",\"description\":\"Discover the Primer Oil pre-shampoo for curly hair! Prepare your curls for washing with natural moisturising oils. Ideal for particularly dry curly hair.\",\"breadcrumb\":{\"@id\":\"https:\/\/www.ilovericcio.com\/en\/product\/i-love-riccio-primer-oil\/#breadcrumb\"},\"inLanguage\":\"en-US\",\"potentialAction\":[{\"@type\":\"ReadAction\",\"target\":[\"https:\/\/www.ilovericcio.com\/en\/product\/i-love-riccio-primer-oil\/\"]}]},{\"@type\":\"ImageObject\",\"inLanguage\":\"en-US\",\"@id\":\"https:\/\/www.ilovericcio.com\/en\/product\/i-love-riccio-primer-oil\/#primaryimage\",\"url\":\"https:\/\/www.ilovericcio.com\/wp-content\/uploads\/2020\/03\/20-Primer-Oil-inclinato.png\",\"contentUrl\":\"https:\/\/www.ilovericcio.com\/wp-content\/uploads\/2020\/03\/20-Primer-Oil-inclinato.png\",\"width\":1080,\"height\":1080},{\"@type\":\"BreadcrumbList\",\"@id\":\"https:\/\/www.ilovericcio.com\/en\/product\/i-love-riccio-primer-oil\/#breadcrumb\",\"itemListElement\":[{\"@type\":\"ListItem\",\"position\":1,\"name\":\"Home\",\"item\":\"https:\/\/www.ilovericcio.com\/en\/\"},{\"@type\":\"ListItem\",\"position\":2,\"name\":\"Shop\",\"item\":\"https:\/\/www.ilovericcio.com\/en\/shop\/\"},{\"@type\":\"ListItem\",\"position\":3,\"name\":\"I Love Riccio Primer Oil Pre-Shampoo Treatment\"}]},{\"@type\":\"WebSite\",\"@id\":\"https:\/\/www.ilovericcio.com\/en\/#website\",\"url\":\"https:\/\/www.ilovericcio.com\/en\/\",\"name\":\"I Love Riccio\",\"description\":\"Prodotti per capelli ricci creati da noi, perfetti per te\",\"publisher\":{\"@id\":\"https:\/\/www.ilovericcio.com\/en\/#organization\"},\"alternateName\":\"ilovericcio\",\"potentialAction\":[{\"@type\":\"SearchAction\",\"target\":{\"@type\":\"EntryPoint\",\"urlTemplate\":\"https:\/\/www.ilovericcio.com\/en\/?s={search_term_string}\"},\"query-input\":{\"@type\":\"PropertyValueSpecification\",\"valueRequired\":true,\"valueName\":\"search_term_string\"}}],\"inLanguage\":\"en-US\"},{\"@type\":\"Organization\",\"@id\":\"https:\/\/www.ilovericcio.com\/en\/#organization\",\"name\":\"I Love Riccio\",\"alternateName\":\"ilovericcio\",\"url\":\"https:\/\/www.ilovericcio.com\/en\/\",\"logo\":{\"@type\":\"ImageObject\",\"inLanguage\":\"en-US\",\"@id\":\"https:\/\/www.ilovericcio.com\/en\/#\/schema\/logo\/image\/\",\"url\":\"https:\/\/www.ilovericcio.com\/wp-content\/uploads\/2022\/10\/I-love-riccio-logo-black-def.png\",\"contentUrl\":\"https:\/\/www.ilovericcio.com\/wp-content\/uploads\/2022\/10\/I-love-riccio-logo-black-def.png\",\"width\":186,\"height\":41,\"caption\":\"I Love Riccio\"},\"image\":{\"@id\":\"https:\/\/www.ilovericcio.com\/en\/#\/schema\/logo\/image\/\"},\"sameAs\":[\"https:\/\/www.facebook.com\/ILoveRiccio\",\"https:\/\/www.instagram.com\/i_love_riccio\/\",\"https:\/\/www.youtube.com\/user\/Ilovericcio\",\"https:\/\/it.pinterest.com\/ilovericcio\/\",\"https:\/\/www.tiktok.com\/@i_love_riccio\",\"https:\/\/www.feedaty.com\/recensioni\/ilovericcio\"]}]}<\/script>\n<!-- \/ Yoast SEO plugin. -->","yoast_head_json":{"title":"Pre-shampoo Oil for Curly Hair Primer Oil | I Love Riccio","description":"Discover the Primer Oil pre-shampoo for curly hair! Prepare your curls for washing with natural moisturising oils. Ideal for particularly dry curly hair.","robots":{"index":"index","follow":"follow","max-snippet":"max-snippet:-1","max-image-preview":"max-image-preview:large","max-video-preview":"max-video-preview:-1"},"canonical":"https:\/\/www.ilovericcio.com\/en\/product\/i-love-riccio-primer-oil\/","og_locale":"en_US","og_type":"article","og_title":"Pre-shampoo Oil for Curly Hair Primer Oil | I Love Riccio","og_description":"Discover the Primer Oil pre-shampoo for curly hair! Prepare your curls for washing with natural moisturising oils. Ideal for particularly dry curly hair.","og_url":"https:\/\/www.ilovericcio.com\/en\/product\/i-love-riccio-primer-oil\/","og_site_name":"I Love Riccio","article_publisher":"https:\/\/www.facebook.com\/ILoveRiccio","article_modified_time":"2026-03-29T19:54:59+00:00","og_image":[{"width":1080,"height":1080,"url":"https:\/\/www.ilovericcio.com\/wp-content\/uploads\/2020\/03\/20-Primer-Oil-inclinato.png","type":"image\/png"}],"twitter_card":"summary_large_image","twitter_misc":{"Est. reading time":"3 minutes"},"schema":{"@context":"https:\/\/schema.org","@graph":[{"@type":"WebPage","@id":"https:\/\/www.ilovericcio.com\/en\/product\/i-love-riccio-primer-oil\/","url":"https:\/\/www.ilovericcio.com\/en\/product\/i-love-riccio-primer-oil\/","name":"Pre-shampoo Oil for Curly Hair Primer Oil | I Love Riccio","isPartOf":{"@id":"https:\/\/www.ilovericcio.com\/en\/#website"},"primaryImageOfPage":{"@id":"https:\/\/www.ilovericcio.com\/en\/product\/i-love-riccio-primer-oil\/#primaryimage"},"image":{"@id":"https:\/\/www.ilovericcio.com\/en\/product\/i-love-riccio-primer-oil\/#primaryimage"},"thumbnailUrl":"https:\/\/www.ilovericcio.com\/wp-content\/uploads\/2020\/03\/20-Primer-Oil-inclinato.png","datePublished":"2020-03-05T13:49:44+00:00","dateModified":"2026-03-29T19:54:59+00:00","description":"Discover the Primer Oil pre-shampoo for curly hair! Prepare your curls for washing with natural moisturising oils. Ideal for particularly dry curly hair.","breadcrumb":{"@id":"https:\/\/www.ilovericcio.com\/en\/product\/i-love-riccio-primer-oil\/#breadcrumb"},"inLanguage":"en-US","potentialAction":[{"@type":"ReadAction","target":["https:\/\/www.ilovericcio.com\/en\/product\/i-love-riccio-primer-oil\/"]}]},{"@type":"ImageObject","inLanguage":"en-US","@id":"https:\/\/www.ilovericcio.com\/en\/product\/i-love-riccio-primer-oil\/#primaryimage","url":"https:\/\/www.ilovericcio.com\/wp-content\/uploads\/2020\/03\/20-Primer-Oil-inclinato.png","contentUrl":"https:\/\/www.ilovericcio.com\/wp-content\/uploads\/2020\/03\/20-Primer-Oil-inclinato.png","width":1080,"height":1080},{"@type":"BreadcrumbList","@id":"https:\/\/www.ilovericcio.com\/en\/product\/i-love-riccio-primer-oil\/#breadcrumb","itemListElement":[{"@type":"ListItem","position":1,"name":"Home","item":"https:\/\/www.ilovericcio.com\/en\/"},{"@type":"ListItem","position":2,"name":"Shop","item":"https:\/\/www.ilovericcio.com\/en\/shop\/"},{"@type":"ListItem","position":3,"name":"I Love Riccio Primer Oil Pre-Shampoo Treatment"}]},{"@type":"WebSite","@id":"https:\/\/www.ilovericcio.com\/en\/#website","url":"https:\/\/www.ilovericcio.com\/en\/","name":"I Love Riccio","description":"Prodotti per capelli ricci creati da noi, perfetti per te","publisher":{"@id":"https:\/\/www.ilovericcio.com\/en\/#organization"},"alternateName":"ilovericcio","potentialAction":[{"@type":"SearchAction","target":{"@type":"EntryPoint","urlTemplate":"https:\/\/www.ilovericcio.com\/en\/?s={search_term_string}"},"query-input":{"@type":"PropertyValueSpecification","valueRequired":true,"valueName":"search_term_string"}}],"inLanguage":"en-US"},{"@type":"Organization","@id":"https:\/\/www.ilovericcio.com\/en\/#organization","name":"I Love Riccio","alternateName":"ilovericcio","url":"https:\/\/www.ilovericcio.com\/en\/","logo":{"@type":"ImageObject","inLanguage":"en-US","@id":"https:\/\/www.ilovericcio.com\/en\/#\/schema\/logo\/image\/","url":"https:\/\/www.ilovericcio.com\/wp-content\/uploads\/2022\/10\/I-love-riccio-logo-black-def.png","contentUrl":"https:\/\/www.ilovericcio.com\/wp-content\/uploads\/2022\/10\/I-love-riccio-logo-black-def.png","width":186,"height":41,"caption":"I Love Riccio"},"image":{"@id":"https:\/\/www.ilovericcio.com\/en\/#\/schema\/logo\/image\/"},"sameAs":["https:\/\/www.facebook.com\/ILoveRiccio","https:\/\/www.instagram.com\/i_love_riccio\/","https:\/\/www.youtube.com\/user\/Ilovericcio","https:\/\/it.pinterest.com\/ilovericcio\/","https:\/\/www.tiktok.com\/@i_love_riccio","https:\/\/www.feedaty.com\/recensioni\/ilovericcio"]}]}},"_links":{"self":[{"href":"https:\/\/www.ilovericcio.com\/en\/wp-json\/wp\/v2\/product\/129188","targetHints":{"allow":["GET"]}}],"collection":[{"href":"https:\/\/www.ilovericcio.com\/en\/wp-json\/wp\/v2\/product"}],"about":[{"href":"https:\/\/www.ilovericcio.com\/en\/wp-json\/wp\/v2\/types\/product"}],"wp:featuredmedia":[{"embeddable":true,"href":"https:\/\/www.ilovericcio.com\/en\/wp-json\/wp\/v2\/media\/110544"}],"wp:attachment":[{"href":"https:\/\/www.ilovericcio.com\/en\/wp-json\/wp\/v2\/media?parent=129188"}],"wp:term":[{"taxonomy":"product_brand","embeddable":true,"href":"https:\/\/www.ilovericcio.com\/en\/wp-json\/wp\/v2\/product_brand?post=129188"},{"taxonomy":"product_cat","embeddable":true,"href":"https:\/\/www.ilovericcio.com\/en\/wp-json\/wp\/v2\/product_cat?post=129188"},{"taxonomy":"product_tag","embeddable":true,"href":"https:\/\/www.ilovericcio.com\/en\/wp-json\/wp\/v2\/product_tag?post=129188"}],"curies":[{"name":"wp","href":"https:\/\/api.w.org\/{rel}","templated":true}]}}