{"id":128749,"date":"2020-03-05T14:49:25","date_gmt":"2020-03-05T13:49:25","guid":{"rendered":"https:\/\/www.ilovericcio.it\/prodotto\/phytoterra-moka-i-love-riccio-colorazione-per-capelli-ricci-80gr\/"},"modified":"2026-02-16T00:02:33","modified_gmt":"2026-02-15T23:02:33","slug":"phytoterra-moka-i-love-riccio-colorazione-per-capelli-ricci-80gr","status":"publish","type":"product","link":"https:\/\/www.ilovericcio.com\/en\/product\/phytoterra-moka-i-love-riccio-colorazione-per-capelli-ricci-80gr\/","title":{"rendered":"PhytoTerra\u00ae Moka Colouring for Curly Hair"},"content":{"rendered":"<p><iframe loading=\"lazy\" style=\"float: left; padding-right: 20px; padding-bottom: 20px;\" src=\"https:\/\/www.youtube.com\/embed\/nAlfBIvknKc?autoplay=1&amp;rel=0\" width=\"560\" height=\"315\" frameborder=\"0\" allowfullscreen=\"allowfullscreen\"><span data-mce-type=\"bookmark\" style=\"display: inline-block; width: 0px; overflow: hidden; line-height: 0;\" class=\"mce_SELRES_start\">\ufeff<\/span><\/iframe><\/p>\n<p>Le nostre PhytoTerre I Love Riccio non modificano il colore naturale dei capelli ma lo riflessano. Donano lucidit\u00e0 e idratazione e non si noter\u00e0 mai la classica barratura della ricrescita (come accade dopo un mese che si \u00e8 fatta la tinta tradizionale). Potrai utilizzarle per rafforzare il tuo riflesso preferito, che sia rosso, ramato o castano naturale.<br \/>\nPotrai utilizzarle anche se hai una base scura e delle punte schiarite per tonalizzare le schiariture che prenderanno il riflesso delle PhytoTerre.<\/p>\n<p><strong>ISTRUZIONI D&#8217;USO<\/strong><\/p>\n<p><strong>PRIMA APPLICAZIONE E SUCCESSIVE APPLICAZIONI &#8211; RICRESCITA<\/strong><br \/>\n1. Scegliere la nuance e miscelarla con acqua calda rapporto 1:5 (es: 40g di PhytoTerra + 200ml di acqua calda) mescolando fino a ottenere un composto cremoso.<br \/>\n2. Detergere i capelli con lo shampoo I Love Riccio pi\u00f9 indicato, tamponare l&#8217;eccesso di acqua.<br \/>\n3. Applicare il composto a capelli umidi non gocciolanti dalla radice alle punte, impregnando bene i capelli.<br \/>\n4. Raccogliere i capelli sulla sommit\u00e0 del capo e avvolgerli con un asciugamano di carta o pellicola trasparente facendo attenzione che i capelli siano ben aderenti alla cute.<br \/>\n5. Lasciare agire PhytoTerra per 45 minuti.<br \/>\n6. Dopo il tempo di posa risciacquare accuratamente sino a quando l&#8217;acqua risulta limpida ed eseguire una-due applicazioni di shampoo.<br \/>\n7. Applicare la maschera idratante I Love Riccio pi\u00f9 appropriata per i propri ricci.<br \/>\n8. Risciacquare accuratamente e procedere allo styling.<\/p>\n<p>IN PRESENZA DI ALTE PERCENTUALI DI CAPELLI BIANCHI (SUPERIORI AL 50%) O PARTICOLARMENTE REFRATTARI CAMBIARE IL RAPPORTO DI MISCELAZIONE CON L&#8217;ACQUA A 1:3 (ES: 40 GRAMMI DI PHYTOTERRA + 120 ML DI ACQUA CALDA)<\/p>\n<p><strong>AVVERTENZE<\/strong>: Indossare guanti appropriati. Solo per uso professionale. Conservare il prodotto in luogo asciutto. In caso di contatto con gli occhi risciacquare accuratamente con acqua abbondante. Non applicare il prodotto su cuoio capelluto irritato o danneggiato, se si sono avute reazioni dopo la prova di sensibilizzazione, se in passato si sono avute reazioni dopo tatuaggio temporaneo con henn\u00e9 nero. Pu\u00f2 dare reazione allergica. Effettuare una prova preliminare di sensibilit\u00e0 cutanea. Non utilizzare per colorare ciglia e sopracciglia. Tenere fuori dalla portata dei bambini.<\/p>\n<p><strong>ATTENZIONE<\/strong>: per i primi shampoo, specialmente dopo la prima applicazione essendo un prodotto a base vegetale \u00e8 possibile che al risciacquo ancora si manifesti qualche rilascio di residuo naturale pigmentato, ci\u00f2 non va ad inficiare sul risultato ottenuto.<\/p>\n<p><strong>INCI<\/strong>: cassia obovata, Lawsonia Inermis, paraffinum liquidum, cyamopsis tetragonoloba gum, indigofera tinctoria species, hc blue no. 2, peg-40 hydrogenated castor oil, 3-nitro-p-hydroxyethylaminophenol, hc red no. 3, hc yellow no. 2, hc yellow no. 4, hc blue no. 12.<\/p>\n<ul class=\"list-inline phytoterra\">\n<li><a title=\" PhytoTerra Sabbia I Love Riccio - Colorazione per Capelli Ricci\" href=\"https:\/\/www.ilovericcio.it\/prodotto\/phytoterra-sabbia-i-love-riccio-colorazione-per-capelli-ricci-80gr\" target=\"_self\" rel=\"noopener noreferrer\"><img decoding=\"async\" class=\"alignnone size-full wp-image-4037\" src=\"\/wp-content\/uploads\/2020\/03\/phytoterra-prev-1-sabbia.jpg\" alt=\"\" width=\"130\" height=\"160\" \/><\/a><\/li>\n<li><a title=\" PhytoTerra Sabbia I Love Riccio - Colorazione per Capelli Ricci\" href=\"https:\/\/www.ilovericcio.it\/prodotto\/phytoterra-nocciola-i-love-riccio-colorazione-per-capelli-ricci-80gr\" target=\"_self\" rel=\"noopener noreferrer\"><img decoding=\"async\" class=\"alignnone size-full wp-image-4037\" src=\"\/wp-content\/uploads\/2020\/03\/phytoterra-prev-2-nocciola.jpg\" alt=\"\" width=\"130\" height=\"160\" \/><\/a><\/li>\n<li><a title=\" PhytoTerra Cannella I Love Riccio - Colorazione per Capelli Ricci\" href=\"https:\/\/www.ilovericcio.it\/prodotto\/phytoterra-cannella-i-love-riccio-colorazione-per-capelli-ricci-80gr\" target=\"_self\" rel=\"noopener noreferrer\"><img decoding=\"async\" class=\"alignnone size-full wp-image-4037\" src=\"\/wp-content\/uploads\/2021\/06\/phytoterra-prev-3-cannella.jpg\" alt=\"\" width=\"130\" height=\"160\" \/><\/a><\/li>\n<li><a title=\" PhytoTerra Moka I Love Riccio - Colorazione per Capelli Ricci\" href=\"https:\/\/www.ilovericcio.it\/prodotto\/phytoterra-moka-i-love-riccio-colorazione-per-capelli-ricci-80gr\" target=\"_self\" rel=\"noopener noreferrer\"><img decoding=\"async\" class=\"alignnone size-full wp-image-4037\" src=\"\/wp-content\/uploads\/2020\/03\/phytoterra-prev-3-moka.jpg\" alt=\"\" width=\"130\" height=\"160\" \/><\/a><\/li>\n<li><a title=\" PhytoTerra Biondo Oro I Love Riccio - Colorazione per Capelli Ricci\" href=\"https:\/\/www.ilovericcio.it\/prodotto\/phytoterra-biondo-oro-i-love-riccio-colorazione-per-capelli-ricci-80gr\" target=\"_self\" rel=\"noopener noreferrer\"><img decoding=\"async\" class=\"alignnone size-full wp-image-4037\" src=\"\/wp-content\/uploads\/2021\/06\/phytoterra-prev-5-biondo-oro.jpg\" alt=\"\" width=\"130\" height=\"160\" \/><\/a><\/li>\n<li><a title=\" PhytoTerra Albicocca I Love Riccio - Colorazione per Capelli Ricci\" href=\"https:\/\/www.ilovericcio.it\/prodotto\/phytoterra-albicocca-i-love-riccio-colorazione-per-capelli-ricci-80gr\" target=\"_self\" rel=\"noopener noreferrer\"><img decoding=\"async\" class=\"alignnone size-full wp-image-4037\" src=\"\/wp-content\/uploads\/2020\/03\/phytoterra-prev-4-albicocca.jpg\" alt=\"\" width=\"130\" height=\"160\" srcset=\"https:\/\/www.ilovericcio.com\/wp-content\/uploads\/2020\/03\/phytoterra-prev-4-albicocca.jpg 130w, https:\/\/www.ilovericcio.com\/wp-content\/uploads\/2020\/03\/phytoterra-prev-4-albicocca-64x79.jpg 64w\" sizes=\"(max-width: 130px) 100vw, 130px\" \/><\/a><\/li>\n<li><a title=\" PhytoTerra Rame I Love Riccio - Colorazione per Capelli Ricci\" href=\"https:\/\/www.ilovericcio.it\/prodotto\/phytoterra-rame-i-love-riccio-colorazione-per-capelli-ricci-80gr\" target=\"_self\" rel=\"noopener noreferrer\"><img decoding=\"async\" class=\"alignnone size-full wp-image-4037\" src=\"\/wp-content\/uploads\/2020\/03\/phytoterra-prev-5-rame.jpg\" alt=\"\" width=\"130\" height=\"160\" \/><\/a><\/li>\n<li><a title=\" PhytoTerra Ciliegia I Love Riccio - Colorazione per Capelli Ricci\" href=\"https:\/\/www.ilovericcio.it\/prodotto\/phytoterra-ciliegia-i-love-riccio-colorazione-per-capelli-ricci-80gr\" target=\"_self\" rel=\"noopener noreferrer\"><img decoding=\"async\" class=\"alignnone size-full wp-image-4037\" src=\"\/wp-content\/uploads\/2020\/03\/phytoterra-prev-6-ciliegia.jpg\" alt=\"\" width=\"130\" height=\"160\" \/><\/a><\/li>\n<li><a title=\" PhytoTerra Rosso Fuoco I Love Riccio - Colorazione per Capelli Ricci\" href=\"https:\/\/www.ilovericcio.it\/prodotto\/phytoterra-rosso-fuoco-i-love-riccio-colorazione-per-capelli-ricci-80gr\" target=\"_self\" rel=\"noopener noreferrer\"><img decoding=\"async\" class=\"alignnone size-full wp-image-4037\" src=\"\/wp-content\/uploads\/2021\/06\/phytoterra-prev-9-rosso-fuoco.jpg\" alt=\"\" width=\"130\" height=\"160\" \/><\/a><\/li>\n<li><a title=\" PhytoTerra Prugna I Love Riccio - Colorazione per Capelli Ricci\" href=\"https:\/\/www.ilovericcio.it\/prodotto\/phytoterra-prugna-i-love-riccio-colorazione-per-capelli-ricci-80gr\" target=\"_self\" rel=\"noopener noreferrer\"><img decoding=\"async\" class=\"alignnone size-full wp-image-4037\" src=\"\/wp-content\/uploads\/2020\/03\/phytoterra-prev-7-prugna.jpg\" alt=\"\" width=\"130\" height=\"160\" \/><\/a><\/li>\n<li><a title=\" PhytoTerra Emolliente Ristrutturante I Love Riccio - Colorazione per Capelli Ricci\" href=\"https:\/\/www.ilovericcio.it\/prodotto\/phytoterra-emolliente-i-love-riccio-colorazione-per-capelli-ricci-80gr\" target=\"_self\" rel=\"noopener noreferrer\"><img decoding=\"async\" class=\"alignnone size-full wp-image-4037\" src=\"\/wp-content\/uploads\/2021\/03\/phytoterra-prev-emolliente-ristrutturante.jpg\" alt=\"\" width=\"130\" height=\"160\" \/><\/a><\/li>\n<\/ul>\n","protected":false},"excerpt":{"rendered":"<p><strong>PhytoTerra color &#8220;Moka&#8221;<\/strong><\/p>\n<p>With Phytoterre I Love Riccio you can revitalize and tone your curls. Your curly hair will be shiny, moisturized and increasingly supple. Plant-based coloring.<\/p>\n","protected":false},"featured_media":104249,"template":"","meta":{"_acf_changed":false},"product_brand":[],"product_cat":[406,405,508],"product_tag":[],"class_list":{"0":"post-128749","1":"product","2":"type-product","3":"status-publish","4":"has-post-thumbnail","6":"product_cat-curly-hair-lines","7":"product_cat-women-curly-hairlines","8":"product_cat-henna-phytoterra","9":"pa_curl_type-3a-3b-3c-en","10":"pa_curl_type-4a-4b-4c-en","11":"pa_curl_type-2a-2b-2c-en","13":"first","14":"instock","15":"purchasable","16":"product-type-simple"},"acf":[],"yoast_head":"<!-- This site is optimized with the Yoast SEO plugin v27.0 - https:\/\/yoast.com\/product\/yoast-seo-wordpress\/ -->\n<title>Moka hair color for curly hair PhytoTerra\u00ae | I Love Riccio<\/title>\n<meta name=\"description\" content=\"Try our Phytoterra color &quot;moka&quot; to revive and tone your curls, hydrating them and making them elastic with a plant-based product.\" \/>\n<meta name=\"robots\" content=\"index, follow, max-snippet:-1, max-image-preview:large, max-video-preview:-1\" \/>\n<link rel=\"canonical\" href=\"https:\/\/www.ilovericcio.com\/en\/product\/phytoterra-moka-i-love-riccio-colorazione-per-capelli-ricci-80gr\/\" \/>\n<meta property=\"og:locale\" content=\"en_US\" \/>\n<meta property=\"og:type\" content=\"article\" \/>\n<meta property=\"og:title\" content=\"Moka hair color for curly hair PhytoTerra\u00ae | I Love Riccio\" \/>\n<meta property=\"og:description\" content=\"Try our Phytoterra color &quot;moka&quot; to revive and tone your curls, hydrating them and making them elastic with a plant-based product.\" \/>\n<meta property=\"og:url\" content=\"https:\/\/www.ilovericcio.com\/en\/product\/phytoterra-moka-i-love-riccio-colorazione-per-capelli-ricci-80gr\/\" \/>\n<meta property=\"og:site_name\" content=\"I Love Riccio\" \/>\n<meta property=\"article:publisher\" content=\"https:\/\/www.facebook.com\/ILoveRiccio\" \/>\n<meta property=\"article:modified_time\" content=\"2026-02-15T23:02:33+00:00\" \/>\n<meta property=\"og:image\" content=\"https:\/\/www.ilovericcio.com\/wp-content\/uploads\/2020\/03\/Phytoterra-80g-fronte-trasparente-moka.png\" \/>\n\t<meta property=\"og:image:width\" content=\"900\" \/>\n\t<meta property=\"og:image:height\" content=\"900\" \/>\n\t<meta property=\"og:image:type\" content=\"image\/png\" \/>\n<meta name=\"twitter:card\" content=\"summary_large_image\" \/>\n<meta name=\"twitter:label1\" content=\"Est. reading time\" \/>\n\t<meta name=\"twitter:data1\" content=\"5 minutes\" \/>\n<script type=\"application\/ld+json\" class=\"yoast-schema-graph\">{\"@context\":\"https:\/\/schema.org\",\"@graph\":[{\"@type\":\"WebPage\",\"@id\":\"https:\/\/www.ilovericcio.com\/en\/product\/phytoterra-moka-i-love-riccio-colorazione-per-capelli-ricci-80gr\/\",\"url\":\"https:\/\/www.ilovericcio.com\/en\/product\/phytoterra-moka-i-love-riccio-colorazione-per-capelli-ricci-80gr\/\",\"name\":\"Moka hair color for curly hair PhytoTerra\u00ae | I Love Riccio\",\"isPartOf\":{\"@id\":\"https:\/\/www.ilovericcio.com\/en\/#website\"},\"primaryImageOfPage\":{\"@id\":\"https:\/\/www.ilovericcio.com\/en\/product\/phytoterra-moka-i-love-riccio-colorazione-per-capelli-ricci-80gr\/#primaryimage\"},\"image\":{\"@id\":\"https:\/\/www.ilovericcio.com\/en\/product\/phytoterra-moka-i-love-riccio-colorazione-per-capelli-ricci-80gr\/#primaryimage\"},\"thumbnailUrl\":\"https:\/\/www.ilovericcio.com\/wp-content\/uploads\/2020\/03\/Phytoterra-80g-fronte-trasparente-moka.png\",\"datePublished\":\"2020-03-05T13:49:25+00:00\",\"dateModified\":\"2026-02-15T23:02:33+00:00\",\"description\":\"Try our Phytoterra color \\\"moka\\\" to revive and tone your curls, hydrating them and making them elastic with a plant-based product.\",\"breadcrumb\":{\"@id\":\"https:\/\/www.ilovericcio.com\/en\/product\/phytoterra-moka-i-love-riccio-colorazione-per-capelli-ricci-80gr\/#breadcrumb\"},\"inLanguage\":\"en-US\",\"potentialAction\":[{\"@type\":\"ReadAction\",\"target\":[\"https:\/\/www.ilovericcio.com\/en\/product\/phytoterra-moka-i-love-riccio-colorazione-per-capelli-ricci-80gr\/\"]}]},{\"@type\":\"ImageObject\",\"inLanguage\":\"en-US\",\"@id\":\"https:\/\/www.ilovericcio.com\/en\/product\/phytoterra-moka-i-love-riccio-colorazione-per-capelli-ricci-80gr\/#primaryimage\",\"url\":\"https:\/\/www.ilovericcio.com\/wp-content\/uploads\/2020\/03\/Phytoterra-80g-fronte-trasparente-moka.png\",\"contentUrl\":\"https:\/\/www.ilovericcio.com\/wp-content\/uploads\/2020\/03\/Phytoterra-80g-fronte-trasparente-moka.png\",\"width\":900,\"height\":900},{\"@type\":\"BreadcrumbList\",\"@id\":\"https:\/\/www.ilovericcio.com\/en\/product\/phytoterra-moka-i-love-riccio-colorazione-per-capelli-ricci-80gr\/#breadcrumb\",\"itemListElement\":[{\"@type\":\"ListItem\",\"position\":1,\"name\":\"Home\",\"item\":\"https:\/\/www.ilovericcio.com\/en\/\"},{\"@type\":\"ListItem\",\"position\":2,\"name\":\"Shop\",\"item\":\"https:\/\/www.ilovericcio.com\/en\/shop\/\"},{\"@type\":\"ListItem\",\"position\":3,\"name\":\"PhytoTerra\u00ae Moka Colouring for Curly Hair\"}]},{\"@type\":\"WebSite\",\"@id\":\"https:\/\/www.ilovericcio.com\/en\/#website\",\"url\":\"https:\/\/www.ilovericcio.com\/en\/\",\"name\":\"I Love Riccio\",\"description\":\"Prodotti per capelli ricci creati da noi, perfetti per te\",\"publisher\":{\"@id\":\"https:\/\/www.ilovericcio.com\/en\/#organization\"},\"alternateName\":\"ilovericcio\",\"potentialAction\":[{\"@type\":\"SearchAction\",\"target\":{\"@type\":\"EntryPoint\",\"urlTemplate\":\"https:\/\/www.ilovericcio.com\/en\/?s={search_term_string}\"},\"query-input\":{\"@type\":\"PropertyValueSpecification\",\"valueRequired\":true,\"valueName\":\"search_term_string\"}}],\"inLanguage\":\"en-US\"},{\"@type\":\"Organization\",\"@id\":\"https:\/\/www.ilovericcio.com\/en\/#organization\",\"name\":\"I Love Riccio\",\"alternateName\":\"ilovericcio\",\"url\":\"https:\/\/www.ilovericcio.com\/en\/\",\"logo\":{\"@type\":\"ImageObject\",\"inLanguage\":\"en-US\",\"@id\":\"https:\/\/www.ilovericcio.com\/en\/#\/schema\/logo\/image\/\",\"url\":\"https:\/\/www.ilovericcio.com\/wp-content\/uploads\/2022\/10\/I-love-riccio-logo-black-def.png\",\"contentUrl\":\"https:\/\/www.ilovericcio.com\/wp-content\/uploads\/2022\/10\/I-love-riccio-logo-black-def.png\",\"width\":186,\"height\":41,\"caption\":\"I Love Riccio\"},\"image\":{\"@id\":\"https:\/\/www.ilovericcio.com\/en\/#\/schema\/logo\/image\/\"},\"sameAs\":[\"https:\/\/www.facebook.com\/ILoveRiccio\",\"https:\/\/www.instagram.com\/i_love_riccio\/\",\"https:\/\/www.youtube.com\/user\/Ilovericcio\",\"https:\/\/it.pinterest.com\/ilovericcio\/\",\"https:\/\/www.tiktok.com\/@i_love_riccio\",\"https:\/\/www.feedaty.com\/recensioni\/ilovericcio\"]}]}<\/script>\n<!-- \/ Yoast SEO plugin. -->","yoast_head_json":{"title":"Moka hair color for curly hair PhytoTerra\u00ae | I Love Riccio","description":"Try our Phytoterra color \"moka\" to revive and tone your curls, hydrating them and making them elastic with a plant-based product.","robots":{"index":"index","follow":"follow","max-snippet":"max-snippet:-1","max-image-preview":"max-image-preview:large","max-video-preview":"max-video-preview:-1"},"canonical":"https:\/\/www.ilovericcio.com\/en\/product\/phytoterra-moka-i-love-riccio-colorazione-per-capelli-ricci-80gr\/","og_locale":"en_US","og_type":"article","og_title":"Moka hair color for curly hair PhytoTerra\u00ae | I Love Riccio","og_description":"Try our Phytoterra color \"moka\" to revive and tone your curls, hydrating them and making them elastic with a plant-based product.","og_url":"https:\/\/www.ilovericcio.com\/en\/product\/phytoterra-moka-i-love-riccio-colorazione-per-capelli-ricci-80gr\/","og_site_name":"I Love Riccio","article_publisher":"https:\/\/www.facebook.com\/ILoveRiccio","article_modified_time":"2026-02-15T23:02:33+00:00","og_image":[{"width":900,"height":900,"url":"https:\/\/www.ilovericcio.com\/wp-content\/uploads\/2020\/03\/Phytoterra-80g-fronte-trasparente-moka.png","type":"image\/png"}],"twitter_card":"summary_large_image","twitter_misc":{"Est. reading time":"5 minutes"},"schema":{"@context":"https:\/\/schema.org","@graph":[{"@type":"WebPage","@id":"https:\/\/www.ilovericcio.com\/en\/product\/phytoterra-moka-i-love-riccio-colorazione-per-capelli-ricci-80gr\/","url":"https:\/\/www.ilovericcio.com\/en\/product\/phytoterra-moka-i-love-riccio-colorazione-per-capelli-ricci-80gr\/","name":"Moka hair color for curly hair PhytoTerra\u00ae | I Love Riccio","isPartOf":{"@id":"https:\/\/www.ilovericcio.com\/en\/#website"},"primaryImageOfPage":{"@id":"https:\/\/www.ilovericcio.com\/en\/product\/phytoterra-moka-i-love-riccio-colorazione-per-capelli-ricci-80gr\/#primaryimage"},"image":{"@id":"https:\/\/www.ilovericcio.com\/en\/product\/phytoterra-moka-i-love-riccio-colorazione-per-capelli-ricci-80gr\/#primaryimage"},"thumbnailUrl":"https:\/\/www.ilovericcio.com\/wp-content\/uploads\/2020\/03\/Phytoterra-80g-fronte-trasparente-moka.png","datePublished":"2020-03-05T13:49:25+00:00","dateModified":"2026-02-15T23:02:33+00:00","description":"Try our Phytoterra color \"moka\" to revive and tone your curls, hydrating them and making them elastic with a plant-based product.","breadcrumb":{"@id":"https:\/\/www.ilovericcio.com\/en\/product\/phytoterra-moka-i-love-riccio-colorazione-per-capelli-ricci-80gr\/#breadcrumb"},"inLanguage":"en-US","potentialAction":[{"@type":"ReadAction","target":["https:\/\/www.ilovericcio.com\/en\/product\/phytoterra-moka-i-love-riccio-colorazione-per-capelli-ricci-80gr\/"]}]},{"@type":"ImageObject","inLanguage":"en-US","@id":"https:\/\/www.ilovericcio.com\/en\/product\/phytoterra-moka-i-love-riccio-colorazione-per-capelli-ricci-80gr\/#primaryimage","url":"https:\/\/www.ilovericcio.com\/wp-content\/uploads\/2020\/03\/Phytoterra-80g-fronte-trasparente-moka.png","contentUrl":"https:\/\/www.ilovericcio.com\/wp-content\/uploads\/2020\/03\/Phytoterra-80g-fronte-trasparente-moka.png","width":900,"height":900},{"@type":"BreadcrumbList","@id":"https:\/\/www.ilovericcio.com\/en\/product\/phytoterra-moka-i-love-riccio-colorazione-per-capelli-ricci-80gr\/#breadcrumb","itemListElement":[{"@type":"ListItem","position":1,"name":"Home","item":"https:\/\/www.ilovericcio.com\/en\/"},{"@type":"ListItem","position":2,"name":"Shop","item":"https:\/\/www.ilovericcio.com\/en\/shop\/"},{"@type":"ListItem","position":3,"name":"PhytoTerra\u00ae Moka Colouring for Curly Hair"}]},{"@type":"WebSite","@id":"https:\/\/www.ilovericcio.com\/en\/#website","url":"https:\/\/www.ilovericcio.com\/en\/","name":"I Love Riccio","description":"Prodotti per capelli ricci creati da noi, perfetti per te","publisher":{"@id":"https:\/\/www.ilovericcio.com\/en\/#organization"},"alternateName":"ilovericcio","potentialAction":[{"@type":"SearchAction","target":{"@type":"EntryPoint","urlTemplate":"https:\/\/www.ilovericcio.com\/en\/?s={search_term_string}"},"query-input":{"@type":"PropertyValueSpecification","valueRequired":true,"valueName":"search_term_string"}}],"inLanguage":"en-US"},{"@type":"Organization","@id":"https:\/\/www.ilovericcio.com\/en\/#organization","name":"I Love Riccio","alternateName":"ilovericcio","url":"https:\/\/www.ilovericcio.com\/en\/","logo":{"@type":"ImageObject","inLanguage":"en-US","@id":"https:\/\/www.ilovericcio.com\/en\/#\/schema\/logo\/image\/","url":"https:\/\/www.ilovericcio.com\/wp-content\/uploads\/2022\/10\/I-love-riccio-logo-black-def.png","contentUrl":"https:\/\/www.ilovericcio.com\/wp-content\/uploads\/2022\/10\/I-love-riccio-logo-black-def.png","width":186,"height":41,"caption":"I Love Riccio"},"image":{"@id":"https:\/\/www.ilovericcio.com\/en\/#\/schema\/logo\/image\/"},"sameAs":["https:\/\/www.facebook.com\/ILoveRiccio","https:\/\/www.instagram.com\/i_love_riccio\/","https:\/\/www.youtube.com\/user\/Ilovericcio","https:\/\/it.pinterest.com\/ilovericcio\/","https:\/\/www.tiktok.com\/@i_love_riccio","https:\/\/www.feedaty.com\/recensioni\/ilovericcio"]}]}},"_links":{"self":[{"href":"https:\/\/www.ilovericcio.com\/en\/wp-json\/wp\/v2\/product\/128749","targetHints":{"allow":["GET"]}}],"collection":[{"href":"https:\/\/www.ilovericcio.com\/en\/wp-json\/wp\/v2\/product"}],"about":[{"href":"https:\/\/www.ilovericcio.com\/en\/wp-json\/wp\/v2\/types\/product"}],"wp:featuredmedia":[{"embeddable":true,"href":"https:\/\/www.ilovericcio.com\/en\/wp-json\/wp\/v2\/media\/104249"}],"wp:attachment":[{"href":"https:\/\/www.ilovericcio.com\/en\/wp-json\/wp\/v2\/media?parent=128749"}],"wp:term":[{"taxonomy":"product_brand","embeddable":true,"href":"https:\/\/www.ilovericcio.com\/en\/wp-json\/wp\/v2\/product_brand?post=128749"},{"taxonomy":"product_cat","embeddable":true,"href":"https:\/\/www.ilovericcio.com\/en\/wp-json\/wp\/v2\/product_cat?post=128749"},{"taxonomy":"product_tag","embeddable":true,"href":"https:\/\/www.ilovericcio.com\/en\/wp-json\/wp\/v2\/product_tag?post=128749"}],"curies":[{"name":"wp","href":"https:\/\/api.w.org\/{rel}","templated":true}]}}