{"id":127684,"date":"2020-03-05T14:47:52","date_gmt":"2020-03-05T13:47:52","guid":{"rendered":"https:\/\/www.ilovericcio.it\/prodotto\/i-love-riccio-kit-volumizzante\/"},"modified":"2026-02-16T00:03:40","modified_gmt":"2026-02-15T23:03:40","slug":"i-love-riccio-kit-volumizzante","status":"publish","type":"product","link":"https:\/\/www.ilovericcio.com\/en\/product\/i-love-riccio-volumising-kit\/","title":{"rendered":"I Love Riccio Curly and Wavy Hair Kit with Mousse"},"content":{"rendered":"<p><iframe loading=\"lazy\" style=\"float: left; padding-right: 20px; padding-bottom: 20px;\" src=\"https:\/\/www.youtube.com\/embed\/LDgAcVyi8Ok?autoplay=1&amp;rel=0\" width=\"560\" height=\"315\" frameborder=\"0\" allowfullscreen=\"allowfullscreen\"><\/iframe><\/p>\n<p>Un kit idratante ideale per tutti i capelli ricci che richiedono piu\u2019 idratazione, definizione e volume.<\/p>\n<p>Un kit con il quale riuscirai a ritrovare l\u2019elasticit\u00e0, la morbidezza e il volume che hai sempre desiderato per uno styling che lascia i ricci morbidi, gonfi, senza effetto bagnato o secco \u00a0.<\/p>\n<p>Sostanze funzionali presenti nel kit:<\/p>\n<p><strong>2Gentle<\/strong> : Collagene idrolizzato, cheratina idrolizzata.<\/p>\n<p><strong>Delight Milk<\/strong>: Collagene idrolizzato, oligoelementi (magnesio, zinco, rame, ferro).<\/p>\n<p><strong>Delicious Curl<\/strong>: Estratto di moringa oleifera (foglie).<\/p>\n<p><strong>Modo d\u2019uso:<\/strong><\/p>\n<div class=\"curly-link prodotti-i-love\">\n<p><a href=\"https:\/\/www.ilovericcio.it\/bugiardino-scheda-prodotto\/ILOVERICCIO_BUGIARDINO.pdf\" target=\"_blank\" rel=\"noopener\">SCARICA LA GUIDA COMPLETA<br \/>\nALL&#8217;USO DEI PRODOTTI I LOVE RICCIO<\/a><\/p>\n<div class=\"cont-freccia\"><\/div>\n<p>&nbsp;<\/p>\n<\/div>\n<p>Detergi cute e capello con questo fantastico cleansing cream, poi idrata con la maschera Delight Milk \u00a0districando bene i capelli e lasciando in posa 5 minuti (se hai\u00a0 tempo anche 30 minuti).<\/p>\n<p>Risciacqua e a capelli fradici applica la crema in Mousse dalle radici alle punte, sempre utilizzando le mani per distribuire perfettamente il prodotto ( per una chioma alle spalle\u00a0una palla di mousse grande quanto una mela, per una lunghezza superiore anche due palle di mousse).<\/p>\n<p>Districa bene i ricci con il prodotto, non ci devono esserci nodi o aggrovigliamenti, le dita devono scorrere morbide fra i ricci.<\/p>\n<p>Esegui lo scrunch, ossia strizza i capelli fra le mani accartocciando le ciocche verso la cute, poi asciuga con diffusore senza mai toccare i capelli.<\/p>\n<p>Una volta asciutti, massaggia cute e ricci per attivare la crema in mousse e ammira i tuoi\u00a0 ricci!<\/p>\n<p class=\"formato-multiplo\">2Gentle: 250ml<\/p>\n<p class=\"formato-multiplo\">Delight Milk: 250ml<\/p>\n<p class=\"formato-multiplo\">Delicious Curl: 300ml<\/p>\n<p>&nbsp;<\/p>\n<h2><\/h2>\n<h2>I Love Riccio apre una partnership con il DRI (DIABETES RESEARCH INSTITUTE) dell\u2019Ospedale San Raffaele di Milano<\/h2>\n<div dir=\"ltr\">\n<div dir=\"ltr\">\n<div><\/div>\n<p><strong>Fulvio Tirrico<\/strong>, con il suo brand <strong>I Love Riccio<\/strong>, ha deciso di dare un contributo concreto alla ricerca scientifica sul Diabete.<\/p>\n<p>L\u2019idea \u00e8 nata da una forte sensibilit\u00e0 sul tema, che ha portato il fondatore del primo brand di taglio e cura dei capelli ricci ad avere una certa consapevolezza di quanto sia importante che la ricerca venga incrementata e supportata.<\/p>\n<div><strong>Perch\u00e9 I Love Riccio ha deciso di entrare in \u201ccampo\u201d e come<\/strong><\/div>\n<div><strong><br \/>\nFulvio Tirrico,<\/strong> \u00a0consapevole del grande seguito che il suo brand I Love Riccio \u00a0possiede e del grande numero di persone che leggono i nostri articoli, i nostri social e i nostri suggerimenti, \u00a0ha pensato fosse un dovere utilizzare questa &#8220;notoriet\u00e0 &#8221; in maniera utile per fare informazione e sensibilizzazione e per raccogliere fondi da destinare alla ricerca su questa malattia.\u00a0Il Diabete, rappresenta una delle sfide contemporanee pi\u00f9 impegnative in tema di salute pubblica.<br \/>\nL\u2019ONU ha dichiarato il diabete emergenza sanitaria planetaria sottolineandone la crescita apparentemente inarrestabile e la diffusione pandemica in tutti i continenti del pianeta.<\/div>\n<p>L\u2019<strong>Ospedale San Raffaele di Milano<\/strong>, che da sempre ha il diabete tra le tematiche centrali di ricerca e assistenza, ha raccolto la sfida dell\u2019ONU e ha rilanciato il proprio impegno attraverso la realizzazione di un Istituto di Ricerca interamente dedicato a questa patologia: <strong>il DRI che rappresenta oggi il centro di eccellenza internazionale per lo studio e la cura del diabete.<\/strong><\/p>\n<p>Spesso si parla del diabete in maniera generalista, ma ne esistono di diversi tipi, tutti accumunati dall\u2019iperglicemia, cio\u00e8 dall\u2019incapacit\u00e0 dell\u2019organismo di tenere sotto controllo i valori di zucchero nel sangue.<\/p>\n<p>Quando si parla di diabete, \u00e8 necessario dunque non fare di tutta un erba un fascio, ma di distinguere fra:<\/p>\n<p><strong>Diabete Tipo 1<\/strong>: \u00e8 una malattia autoimmune in cui gli anticorpi dell\u2019individuo, per cause ancora sconosciute, distruggono le cellule del pancreas che producono insulina e che richiede immediatamente terapia insulinica giornaliera per non morire e continui controlli della glicemia. Insorge generalmente prima dei 30 anni, infatti in Italia ci sono ben oltre 80.000 bambini a soffrirne e a dover conviverci, oltre alle loro famiglie ovviamente. Pensate che per sopravvivere questi bambini devono fare oltre 1460 iniezioni di insulina all\u2019anno per cercare di tenere sotto controllo i livelli di zuccheri nel sangue, andando spesso incontro, come effetto collaterale della terapia, a gravi ipoglicemie, cio\u00e8 a cali repentini di zucchero nel sangue, che li costringe ad assumere subito zuccheri per non perdere i sensi e rischiare il coma. La gestione di questo tipo di diabete \u00e8 un lavoro 24h su 24h, per tutta la vita, perch\u00e9 ad oggi purtroppo una cura definitiva ancora non esiste.<\/p>\n<p><strong>Diabete Tipo 2<\/strong>: \u00e8 il diabete dell\u2019adulto, non insulinodipendente. Generalmente si sviluppa dopo i 30 anni ed \u00e8 una condizione legata ad una diminuzione dell\u2019azione dell\u2019insulina spesso causata da cattive abitudini alimentari e dall\u2019obesit\u00e0. Nella maggior parte dei casi si controlla con una dieta adeguata e attivit\u00e0 fisica.<\/p>\n<p><strong>Diabete gestazionale<\/strong>: \u00e8 un\u2019alterazione della glicemia che si verifica per la prima volta durante la gravidanza e che nella maggior parte dei casi si risolve dopo il parto.<\/p>\n<div><\/div>\n<p>Quel che \u00e8 certo, e che deve essere ben chiaro, \u00e8 che il diabete \u00e8 una malattia grave e degenerativa che pu\u00f2 portare a gravi complicanze a occhi, reni, cuore e sistema nervoso.<\/p>\n<p>Il diabete causa ogni anno pi\u00f9 morti dei tumori.<\/p>\n<p><strong>AIUTACI AD AIUTARE!<\/strong><\/p>\n<\/div>\n<\/div>\n<div class=\"vc_row wpb_row row\">\n<div class=\"vc_column_container col-md-12\">\n<div class=\"wpb_wrapper vc_column-inner\">\n<div class=\"wpb_text_column wpb_content_element modale-video-prodotto porto-modal-trigger\" data-trigger-id=\"https:\/\/www.youtube.com\/watch?v=0lBAzOtekl0\" data-type=\"iframe\" data-overlay-class=\"mfp-fade\">\n<div class=\"wpb_wrapper\">\n<p><i class=\"fas fa-play-circle\" aria-hidden=\"true\"><\/i> Guarda il video tutorial<\/p>\n<\/div>\n<\/div>\n<div class=\"porto-modal-input-wrapper \"><script>\n\t(function($){\n\t\t$(document).ready(function(){\n\t\t\tvar selector = \".modale-video-prodotto\";\n\t\t\t$(selector).addClass(\"porto-modal-trigger\");\n\t\t\t$(selector).attr(\"data-trigger-id\", \"https:\/\/www.youtube.com\/watch?v=0lBAzOtekl0\");\n\t\t\t$(selector).attr(\"data-type\", \"iframe\");\n\t\t\t$(selector).attr(\"data-overlay-class\", \"mfp-fade\");\n\t\t});\n\t})(jQuery);\n\t<\/script><\/div>\n<div id=\"https:\/\/www.youtube.com\/watch?v=0lBAzOtekl0\" class=\"mfp-hide \">\n<div class=\"porto-modal-content\"><\/div>\n<\/div>\n<\/div>\n<\/div>\n<\/div>\n","protected":false},"excerpt":{"rendered":"<p><span style=\"font-weight: 400;\">2Gentle + Delight Milk + Delicious Curl<\/span><\/p>\n<p><span style=\"font-weight: 400;\">A kit of products particularly suitable for wavy and curly hair with a thin texture, that weighs down easily. Gives volume and definition.<\/span><\/p>\n","protected":false},"featured_media":114358,"template":"","meta":{"_acf_changed":false},"product_brand":[],"product_cat":[458,406,448,405,408,400],"product_tag":[],"class_list":{"0":"post-127684","1":"product","2":"type-product","3":"status-publish","4":"has-post-thumbnail","6":"product_cat-curly-hair-kits","7":"product_cat-curly-hair-lines","8":"product_cat-idee-regalo-en","9":"product_cat-women-curly-hairlines","10":"product_cat-prodotti-per-capelli-ondulati-en","11":"product_cat-uncategorized","12":"pa_curl_type-3a-3b-3c-en","13":"pa_curl_type-2a-2b-2c-en","15":"first","16":"instock","17":"purchasable","18":"product-type-variable","19":"has-default-attributes"},"acf":[],"yoast_head":"<!-- This site is optimized with the Yoast SEO plugin v27.0 - https:\/\/yoast.com\/product\/yoast-seo-wordpress\/ -->\n<title>Kit for curly hair with fine to medium texture | I Love Riccio<\/title>\n<meta name=\"description\" content=\"Discover the volumizing kit for curly hair: shampoo, mask and mousse styling that provides volume and hydration, ideal for fine hair.\" \/>\n<meta name=\"robots\" content=\"index, follow, max-snippet:-1, max-image-preview:large, max-video-preview:-1\" \/>\n<link rel=\"canonical\" href=\"https:\/\/www.ilovericcio.com\/en\/product\/i-love-riccio-volumising-kit\/\" \/>\n<meta property=\"og:locale\" content=\"en_US\" \/>\n<meta property=\"og:type\" content=\"article\" \/>\n<meta property=\"og:title\" content=\"Kit for curly hair with fine to medium texture | I Love Riccio\" \/>\n<meta property=\"og:description\" content=\"Discover the volumizing kit for curly hair: shampoo, mask and mousse styling that provides volume and hydration, ideal for fine hair.\" \/>\n<meta property=\"og:url\" content=\"https:\/\/www.ilovericcio.com\/en\/product\/i-love-riccio-volumising-kit\/\" \/>\n<meta property=\"og:site_name\" content=\"I Love Riccio\" \/>\n<meta property=\"article:publisher\" content=\"https:\/\/www.facebook.com\/ILoveRiccio\" \/>\n<meta property=\"article:modified_time\" content=\"2026-02-15T23:03:40+00:00\" \/>\n<meta property=\"og:image\" content=\"https:\/\/www.ilovericcio.com\/wp-content\/uploads\/2020\/03\/volumizzante.png\" \/>\n\t<meta property=\"og:image:width\" content=\"1080\" \/>\n\t<meta property=\"og:image:height\" content=\"1080\" \/>\n\t<meta property=\"og:image:type\" content=\"image\/png\" \/>\n<meta name=\"twitter:card\" content=\"summary_large_image\" \/>\n<meta name=\"twitter:label1\" content=\"Est. reading time\" \/>\n\t<meta name=\"twitter:data1\" content=\"5 minutes\" \/>\n<script type=\"application\/ld+json\" class=\"yoast-schema-graph\">{\"@context\":\"https:\/\/schema.org\",\"@graph\":[{\"@type\":\"WebPage\",\"@id\":\"https:\/\/www.ilovericcio.com\/en\/product\/i-love-riccio-volumising-kit\/\",\"url\":\"https:\/\/www.ilovericcio.com\/en\/product\/i-love-riccio-volumising-kit\/\",\"name\":\"Kit for curly hair with fine to medium texture | I Love Riccio\",\"isPartOf\":{\"@id\":\"https:\/\/www.ilovericcio.com\/en\/#website\"},\"primaryImageOfPage\":{\"@id\":\"https:\/\/www.ilovericcio.com\/en\/product\/i-love-riccio-volumising-kit\/#primaryimage\"},\"image\":{\"@id\":\"https:\/\/www.ilovericcio.com\/en\/product\/i-love-riccio-volumising-kit\/#primaryimage\"},\"thumbnailUrl\":\"https:\/\/www.ilovericcio.com\/wp-content\/uploads\/2020\/03\/volumizzante.png\",\"datePublished\":\"2020-03-05T13:47:52+00:00\",\"dateModified\":\"2026-02-15T23:03:40+00:00\",\"description\":\"Discover the volumizing kit for curly hair: shampoo, mask and mousse styling that provides volume and hydration, ideal for fine hair.\",\"breadcrumb\":{\"@id\":\"https:\/\/www.ilovericcio.com\/en\/product\/i-love-riccio-volumising-kit\/#breadcrumb\"},\"inLanguage\":\"en-US\",\"potentialAction\":[{\"@type\":\"ReadAction\",\"target\":[\"https:\/\/www.ilovericcio.com\/en\/product\/i-love-riccio-volumising-kit\/\"]}]},{\"@type\":\"ImageObject\",\"inLanguage\":\"en-US\",\"@id\":\"https:\/\/www.ilovericcio.com\/en\/product\/i-love-riccio-volumising-kit\/#primaryimage\",\"url\":\"https:\/\/www.ilovericcio.com\/wp-content\/uploads\/2020\/03\/volumizzante.png\",\"contentUrl\":\"https:\/\/www.ilovericcio.com\/wp-content\/uploads\/2020\/03\/volumizzante.png\",\"width\":1080,\"height\":1080},{\"@type\":\"BreadcrumbList\",\"@id\":\"https:\/\/www.ilovericcio.com\/en\/product\/i-love-riccio-volumising-kit\/#breadcrumb\",\"itemListElement\":[{\"@type\":\"ListItem\",\"position\":1,\"name\":\"Home\",\"item\":\"https:\/\/www.ilovericcio.com\/en\/\"},{\"@type\":\"ListItem\",\"position\":2,\"name\":\"Shop\",\"item\":\"https:\/\/www.ilovericcio.com\/en\/shop\/\"},{\"@type\":\"ListItem\",\"position\":3,\"name\":\"I Love Riccio Curly and Wavy Hair Kit with Mousse\"}]},{\"@type\":\"WebSite\",\"@id\":\"https:\/\/www.ilovericcio.com\/en\/#website\",\"url\":\"https:\/\/www.ilovericcio.com\/en\/\",\"name\":\"I Love Riccio\",\"description\":\"Prodotti per capelli ricci creati da noi, perfetti per te\",\"publisher\":{\"@id\":\"https:\/\/www.ilovericcio.com\/en\/#organization\"},\"alternateName\":\"ilovericcio\",\"potentialAction\":[{\"@type\":\"SearchAction\",\"target\":{\"@type\":\"EntryPoint\",\"urlTemplate\":\"https:\/\/www.ilovericcio.com\/en\/?s={search_term_string}\"},\"query-input\":{\"@type\":\"PropertyValueSpecification\",\"valueRequired\":true,\"valueName\":\"search_term_string\"}}],\"inLanguage\":\"en-US\"},{\"@type\":\"Organization\",\"@id\":\"https:\/\/www.ilovericcio.com\/en\/#organization\",\"name\":\"I Love Riccio\",\"alternateName\":\"ilovericcio\",\"url\":\"https:\/\/www.ilovericcio.com\/en\/\",\"logo\":{\"@type\":\"ImageObject\",\"inLanguage\":\"en-US\",\"@id\":\"https:\/\/www.ilovericcio.com\/en\/#\/schema\/logo\/image\/\",\"url\":\"https:\/\/www.ilovericcio.com\/wp-content\/uploads\/2022\/10\/I-love-riccio-logo-black-def.png\",\"contentUrl\":\"https:\/\/www.ilovericcio.com\/wp-content\/uploads\/2022\/10\/I-love-riccio-logo-black-def.png\",\"width\":186,\"height\":41,\"caption\":\"I Love Riccio\"},\"image\":{\"@id\":\"https:\/\/www.ilovericcio.com\/en\/#\/schema\/logo\/image\/\"},\"sameAs\":[\"https:\/\/www.facebook.com\/ILoveRiccio\",\"https:\/\/www.instagram.com\/i_love_riccio\/\",\"https:\/\/www.youtube.com\/user\/Ilovericcio\",\"https:\/\/it.pinterest.com\/ilovericcio\/\",\"https:\/\/www.tiktok.com\/@i_love_riccio\",\"https:\/\/www.feedaty.com\/recensioni\/ilovericcio\"]}]}<\/script>\n<!-- \/ Yoast SEO plugin. -->","yoast_head_json":{"title":"Kit for curly hair with fine to medium texture | I Love Riccio","description":"Discover the volumizing kit for curly hair: shampoo, mask and mousse styling that provides volume and hydration, ideal for fine hair.","robots":{"index":"index","follow":"follow","max-snippet":"max-snippet:-1","max-image-preview":"max-image-preview:large","max-video-preview":"max-video-preview:-1"},"canonical":"https:\/\/www.ilovericcio.com\/en\/product\/i-love-riccio-volumising-kit\/","og_locale":"en_US","og_type":"article","og_title":"Kit for curly hair with fine to medium texture | I Love Riccio","og_description":"Discover the volumizing kit for curly hair: shampoo, mask and mousse styling that provides volume and hydration, ideal for fine hair.","og_url":"https:\/\/www.ilovericcio.com\/en\/product\/i-love-riccio-volumising-kit\/","og_site_name":"I Love Riccio","article_publisher":"https:\/\/www.facebook.com\/ILoveRiccio","article_modified_time":"2026-02-15T23:03:40+00:00","og_image":[{"width":1080,"height":1080,"url":"https:\/\/www.ilovericcio.com\/wp-content\/uploads\/2020\/03\/volumizzante.png","type":"image\/png"}],"twitter_card":"summary_large_image","twitter_misc":{"Est. reading time":"5 minutes"},"schema":{"@context":"https:\/\/schema.org","@graph":[{"@type":"WebPage","@id":"https:\/\/www.ilovericcio.com\/en\/product\/i-love-riccio-volumising-kit\/","url":"https:\/\/www.ilovericcio.com\/en\/product\/i-love-riccio-volumising-kit\/","name":"Kit for curly hair with fine to medium texture | I Love Riccio","isPartOf":{"@id":"https:\/\/www.ilovericcio.com\/en\/#website"},"primaryImageOfPage":{"@id":"https:\/\/www.ilovericcio.com\/en\/product\/i-love-riccio-volumising-kit\/#primaryimage"},"image":{"@id":"https:\/\/www.ilovericcio.com\/en\/product\/i-love-riccio-volumising-kit\/#primaryimage"},"thumbnailUrl":"https:\/\/www.ilovericcio.com\/wp-content\/uploads\/2020\/03\/volumizzante.png","datePublished":"2020-03-05T13:47:52+00:00","dateModified":"2026-02-15T23:03:40+00:00","description":"Discover the volumizing kit for curly hair: shampoo, mask and mousse styling that provides volume and hydration, ideal for fine hair.","breadcrumb":{"@id":"https:\/\/www.ilovericcio.com\/en\/product\/i-love-riccio-volumising-kit\/#breadcrumb"},"inLanguage":"en-US","potentialAction":[{"@type":"ReadAction","target":["https:\/\/www.ilovericcio.com\/en\/product\/i-love-riccio-volumising-kit\/"]}]},{"@type":"ImageObject","inLanguage":"en-US","@id":"https:\/\/www.ilovericcio.com\/en\/product\/i-love-riccio-volumising-kit\/#primaryimage","url":"https:\/\/www.ilovericcio.com\/wp-content\/uploads\/2020\/03\/volumizzante.png","contentUrl":"https:\/\/www.ilovericcio.com\/wp-content\/uploads\/2020\/03\/volumizzante.png","width":1080,"height":1080},{"@type":"BreadcrumbList","@id":"https:\/\/www.ilovericcio.com\/en\/product\/i-love-riccio-volumising-kit\/#breadcrumb","itemListElement":[{"@type":"ListItem","position":1,"name":"Home","item":"https:\/\/www.ilovericcio.com\/en\/"},{"@type":"ListItem","position":2,"name":"Shop","item":"https:\/\/www.ilovericcio.com\/en\/shop\/"},{"@type":"ListItem","position":3,"name":"I Love Riccio Curly and Wavy Hair Kit with Mousse"}]},{"@type":"WebSite","@id":"https:\/\/www.ilovericcio.com\/en\/#website","url":"https:\/\/www.ilovericcio.com\/en\/","name":"I Love Riccio","description":"Prodotti per capelli ricci creati da noi, perfetti per te","publisher":{"@id":"https:\/\/www.ilovericcio.com\/en\/#organization"},"alternateName":"ilovericcio","potentialAction":[{"@type":"SearchAction","target":{"@type":"EntryPoint","urlTemplate":"https:\/\/www.ilovericcio.com\/en\/?s={search_term_string}"},"query-input":{"@type":"PropertyValueSpecification","valueRequired":true,"valueName":"search_term_string"}}],"inLanguage":"en-US"},{"@type":"Organization","@id":"https:\/\/www.ilovericcio.com\/en\/#organization","name":"I Love Riccio","alternateName":"ilovericcio","url":"https:\/\/www.ilovericcio.com\/en\/","logo":{"@type":"ImageObject","inLanguage":"en-US","@id":"https:\/\/www.ilovericcio.com\/en\/#\/schema\/logo\/image\/","url":"https:\/\/www.ilovericcio.com\/wp-content\/uploads\/2022\/10\/I-love-riccio-logo-black-def.png","contentUrl":"https:\/\/www.ilovericcio.com\/wp-content\/uploads\/2022\/10\/I-love-riccio-logo-black-def.png","width":186,"height":41,"caption":"I Love Riccio"},"image":{"@id":"https:\/\/www.ilovericcio.com\/en\/#\/schema\/logo\/image\/"},"sameAs":["https:\/\/www.facebook.com\/ILoveRiccio","https:\/\/www.instagram.com\/i_love_riccio\/","https:\/\/www.youtube.com\/user\/Ilovericcio","https:\/\/it.pinterest.com\/ilovericcio\/","https:\/\/www.tiktok.com\/@i_love_riccio","https:\/\/www.feedaty.com\/recensioni\/ilovericcio"]}]}},"_links":{"self":[{"href":"https:\/\/www.ilovericcio.com\/en\/wp-json\/wp\/v2\/product\/127684","targetHints":{"allow":["GET"]}}],"collection":[{"href":"https:\/\/www.ilovericcio.com\/en\/wp-json\/wp\/v2\/product"}],"about":[{"href":"https:\/\/www.ilovericcio.com\/en\/wp-json\/wp\/v2\/types\/product"}],"wp:featuredmedia":[{"embeddable":true,"href":"https:\/\/www.ilovericcio.com\/en\/wp-json\/wp\/v2\/media\/114358"}],"wp:attachment":[{"href":"https:\/\/www.ilovericcio.com\/en\/wp-json\/wp\/v2\/media?parent=127684"}],"wp:term":[{"taxonomy":"product_brand","embeddable":true,"href":"https:\/\/www.ilovericcio.com\/en\/wp-json\/wp\/v2\/product_brand?post=127684"},{"taxonomy":"product_cat","embeddable":true,"href":"https:\/\/www.ilovericcio.com\/en\/wp-json\/wp\/v2\/product_cat?post=127684"},{"taxonomy":"product_tag","embeddable":true,"href":"https:\/\/www.ilovericcio.com\/en\/wp-json\/wp\/v2\/product_tag?post=127684"}],"curies":[{"name":"wp","href":"https:\/\/api.w.org\/{rel}","templated":true}]}}