{"id":122629,"date":"2022-03-07T13:21:54","date_gmt":"2022-03-07T12:21:54","guid":{"rendered":"https:\/\/www.ilovericcio.it\/prodotto\/i-love-riccio-kit-curlyman\/"},"modified":"2026-02-16T00:03:39","modified_gmt":"2026-02-15T23:03:39","slug":"i-love-riccio-kit-curlyman","status":"publish","type":"product","link":"https:\/\/www.ilovericcio.com\/en\/product\/i-love-riccio-kit-curlyman\/","title":{"rendered":"CurlyMan Kit"},"content":{"rendered":"<p>[vc_row][vc_column][vc_row_inner][vc_column_inner][vc_column_text]<strong>COS\u2019\u00c8<\/strong><\/p>\n<p>Un<strong> kit studiato per prevenire l\u2019indebolimento dei ricci<\/strong> e stimolarne la crescita attraverso l\u2019ossigenazione del cuoio capelluto e il rafforzamento dei follicoli. Grazie alla presenza di vitamine, minerali ed estratto di Ginseng, <strong>dona ai capelli morbidezza e nuovo vigore<\/strong>.[\/vc_column_text][vc_separator color=&#8221;custom&#8221; align=&#8221;align_left&#8221; accent_color=&#8221;#eaeaea&#8221;][vc_column_text]<strong>COME SI USA<\/strong><\/p>\n<p><strong>Applica lo Shampoo<\/strong> sui capelli umidi in modo omogeneo su tutta la capigliatura. Massaggia delicatamente e risciacqua.<\/p>\n<p><strong>Distribuisci una noce di Maschera<\/strong> su radici, lunghezze e punte massaggiando con le dita e districando i ricci con delicatezza. Lascia in posa qualche minuto e risciacqua a seconda del grado di secchezza: 5 secondi se sono aridi e grossi, 15 secondi o di pi\u00f9 se sono sottili.<\/p>\n<p><strong>Stendi una noce di crema Styling<\/strong> sui capelli bagnati e distribuiscila uniformemente con le dita su tutti i ricci. Esegui lo scrunch, ossia strizza i capelli fra le mani accartocciando le ciocche verso la cute, poi asciuga con diffusore senza mai toccare i capelli.<\/p>\n<p>Una volta perfettamente asciutti, massaggiali e goditi i tuoi meravigliosi ricci!<\/p>\n<p>Ciascun prodotto \u00e8 da 250 ml[\/vc_column_text][vc_separator color=&#8221;custom&#8221; align=&#8221;align_left&#8221; accent_color=&#8221;#eaeaea&#8221;][vc_column_text]<strong>INGREDIENTI (INCI)<br \/>\n<\/strong><\/p>\n<p><strong>Clean cream SHAMPOO 250 ml<\/strong><\/p>\n<p>aqua, disodium laureth sulfosuccinate, disodium cocopolyglucose tartrate, peg-7 glyceryl cocoate, cocamidopropyl betaine, panax ginseng root extract, cocamide mea, polyquaternium-10, propylene glycol, parfum, methylchloroisothiazolinone, methylisothiazolinone, 2-bromo-2-nitropropane-1,3-diol, imidazolidinyl urea.<\/p>\n<p><strong>Sostanze funzionali<\/strong>: Laureth Sulfosuccinate, Estratto di Ginseng, Polyquaternium-10<\/p>\n<p>&nbsp;<\/p>\n<p><strong>Deep conditioning MASK 250 ml<\/strong><\/p>\n<p>aqua, myristyl alcohol, cetearyl alcohol, caprylic\/capric triglyceride, propylene glycol, distearoylethyl hydroxyethylmonium methosulfate, argania spinosa kernel oil, panax ginseng root extract, macadamia ternifolia seed oil, simmondsia chinensis seed oil, cocos nucifera oil, tocopheryl acetate, panthenol, polyquaternium-10, methylchloroisothiazolinone, methylisothiazolinone, parfum.<\/p>\n<p><strong>Sostanze funzionali<\/strong>: Olio di Argan, Macadamia, Cocco e Jojoba, Pantenolo (Prov. B5), Estratto di Ginseng.<\/p>\n<p>&nbsp;<\/p>\n<p><strong>STYLING Cream 250 ml<\/strong><\/p>\n<p>aqua, vp\/va copolymer, cetearyl alcohol, polyquaternium-4, glycerin, cetrimonium chloride, panax ginseng root extract, argania spinosa kernel oil, macadamia ternifolia seed oil, simmondsia chinensis oil, cocos nucifera oil, hydrolyzed keratin, hydrolyzed collagen, propylene glycol, citric acid, benzyl alcohol, benzophenone-4, dehydroacetic acid, tetrasodium edta, parfum, CI 19140.<\/p>\n<p><strong>Sostanze funzionali<\/strong>: Olio di Argan, Macadamia, Cocco e Jojoba, Estratto di Ginseng, Cheratina e collagene idrolizzati.[\/vc_column_text][vc_separator color=&#8221;custom&#8221; align=&#8221;align_left&#8221; accent_color=&#8221;#eaeaea&#8221;][vc_column_text]<strong>INFORMAZIONI AGGIUNTIVE<\/strong><\/p>\n<p><strong>Formato<\/strong>: 250 ml<\/p>\n<p><strong>Capelli Secchi<\/strong>: S\u00ec<\/p>\n<p><strong>Brand<\/strong>: I LOVE RICCIO<\/p>\n<p><strong>Beneficio\/Desiderio:<\/strong> Pi\u00f9 Idratazione, Pi\u00f9 Nutrizione, Pi\u00f9 Definizione[\/vc_column_text][vc_separator color=&#8221;custom&#8221; align=&#8221;align_left&#8221; accent_color=&#8221;#eaeaea&#8221;][\/vc_column_inner][\/vc_row_inner][\/vc_column][\/vc_row]<\/p>\n","protected":false},"excerpt":{"rendered":"<p><span data-sheets-value=\"{&quot;1&quot;:2,&quot;2&quot;:&quot;SHAMPOO + MASK + STYLING&quot;}\" data-sheets-userformat=\"{&quot;2&quot;:31235,&quot;3&quot;:{&quot;1&quot;:0},&quot;4&quot;:{&quot;1&quot;:2,&quot;2&quot;:7579970},&quot;12&quot;:0,&quot;14&quot;:{&quot;1&quot;:3,&quot;3&quot;:1},&quot;15&quot;:&quot;Arial&quot;,&quot;16&quot;:9,&quot;17&quot;:1}\">SHAMPOO + MASK + STYLING<\/span><\/p>\n<p>The perfect kit for nourishing curls deep down, eliminating the frizz effect and strengthening the scalp, thanks to <strong>an energising and reinvigorating concentration<\/strong> with Ginseng extract.<\/p>\n","protected":false},"featured_media":114354,"template":"","meta":{"_acf_changed":false},"product_brand":[],"product_cat":[458,409,500,407,408],"product_tag":[],"class_list":{"0":"post-122629","1":"product","2":"type-product","3":"status-publish","4":"has-post-thumbnail","6":"product_cat-curly-hair-kits","7":"product_cat-curly-hair-products","8":"product_cat-men-curly-hair-line","9":"product_cat-prodotti-per-capelli-crespi-en","10":"product_cat-prodotti-per-capelli-ondulati-en","11":"pa_curl_type-3a-3b-3c-en","12":"pa_curl_type-4a-4b-4c-en","13":"pa_curl_type-2a-2b-2c-en","15":"first","16":"instock","17":"purchasable","18":"product-type-variable","19":"has-default-attributes"},"acf":[],"yoast_head":"<!-- This site is optimized with the Yoast SEO plugin v27.0 - https:\/\/yoast.com\/product\/yoast-seo-wordpress\/ -->\n<title>Curly Hair Kit for Men CurlyMan | I Love Riccio<\/title>\n<meta name=\"description\" content=\"Buy the CurlyMan curly hair kit for men. For hydrated, elastic and defined curls: prevents weakening and stimulates hair growth.\" \/>\n<meta name=\"robots\" content=\"index, follow, max-snippet:-1, max-image-preview:large, max-video-preview:-1\" \/>\n<link rel=\"canonical\" href=\"https:\/\/www.ilovericcio.com\/en\/product\/i-love-riccio-kit-curlyman\/\" \/>\n<meta property=\"og:locale\" content=\"en_US\" \/>\n<meta property=\"og:type\" content=\"article\" \/>\n<meta property=\"og:title\" content=\"Curly Hair Kit for Men CurlyMan | I Love Riccio\" \/>\n<meta property=\"og:description\" content=\"Buy the CurlyMan curly hair kit for men. For hydrated, elastic and defined curls: prevents weakening and stimulates hair growth.\" \/>\n<meta property=\"og:url\" content=\"https:\/\/www.ilovericcio.com\/en\/product\/i-love-riccio-kit-curlyman\/\" \/>\n<meta property=\"og:site_name\" content=\"I Love Riccio\" \/>\n<meta property=\"article:publisher\" content=\"https:\/\/www.facebook.com\/ILoveRiccio\" \/>\n<meta property=\"article:modified_time\" content=\"2026-02-15T23:03:39+00:00\" \/>\n<meta property=\"og:image\" content=\"https:\/\/www.ilovericcio.com\/wp-content\/uploads\/2022\/03\/curly-man-1.png\" \/>\n\t<meta property=\"og:image:width\" content=\"1080\" \/>\n\t<meta property=\"og:image:height\" content=\"1080\" \/>\n\t<meta property=\"og:image:type\" content=\"image\/png\" \/>\n<meta name=\"twitter:card\" content=\"summary_large_image\" \/>\n<meta name=\"twitter:label1\" content=\"Est. reading time\" \/>\n\t<meta name=\"twitter:data1\" content=\"2 minutes\" \/>\n<script type=\"application\/ld+json\" class=\"yoast-schema-graph\">{\"@context\":\"https:\/\/schema.org\",\"@graph\":[{\"@type\":\"WebPage\",\"@id\":\"https:\/\/www.ilovericcio.com\/en\/product\/i-love-riccio-kit-curlyman\/\",\"url\":\"https:\/\/www.ilovericcio.com\/en\/product\/i-love-riccio-kit-curlyman\/\",\"name\":\"Curly Hair Kit for Men CurlyMan | I Love Riccio\",\"isPartOf\":{\"@id\":\"https:\/\/www.ilovericcio.com\/en\/#website\"},\"primaryImageOfPage\":{\"@id\":\"https:\/\/www.ilovericcio.com\/en\/product\/i-love-riccio-kit-curlyman\/#primaryimage\"},\"image\":{\"@id\":\"https:\/\/www.ilovericcio.com\/en\/product\/i-love-riccio-kit-curlyman\/#primaryimage\"},\"thumbnailUrl\":\"https:\/\/www.ilovericcio.com\/wp-content\/uploads\/2022\/03\/curly-man-1.png\",\"datePublished\":\"2022-03-07T12:21:54+00:00\",\"dateModified\":\"2026-02-15T23:03:39+00:00\",\"description\":\"Buy the CurlyMan curly hair kit for men. For hydrated, elastic and defined curls: prevents weakening and stimulates hair growth.\",\"breadcrumb\":{\"@id\":\"https:\/\/www.ilovericcio.com\/en\/product\/i-love-riccio-kit-curlyman\/#breadcrumb\"},\"inLanguage\":\"en-US\",\"potentialAction\":[{\"@type\":\"ReadAction\",\"target\":[\"https:\/\/www.ilovericcio.com\/en\/product\/i-love-riccio-kit-curlyman\/\"]}]},{\"@type\":\"ImageObject\",\"inLanguage\":\"en-US\",\"@id\":\"https:\/\/www.ilovericcio.com\/en\/product\/i-love-riccio-kit-curlyman\/#primaryimage\",\"url\":\"https:\/\/www.ilovericcio.com\/wp-content\/uploads\/2022\/03\/curly-man-1.png\",\"contentUrl\":\"https:\/\/www.ilovericcio.com\/wp-content\/uploads\/2022\/03\/curly-man-1.png\",\"width\":1080,\"height\":1080},{\"@type\":\"BreadcrumbList\",\"@id\":\"https:\/\/www.ilovericcio.com\/en\/product\/i-love-riccio-kit-curlyman\/#breadcrumb\",\"itemListElement\":[{\"@type\":\"ListItem\",\"position\":1,\"name\":\"Home\",\"item\":\"https:\/\/www.ilovericcio.com\/en\/\"},{\"@type\":\"ListItem\",\"position\":2,\"name\":\"Shop\",\"item\":\"https:\/\/www.ilovericcio.com\/en\/shop\/\"},{\"@type\":\"ListItem\",\"position\":3,\"name\":\"CurlyMan Kit\"}]},{\"@type\":\"WebSite\",\"@id\":\"https:\/\/www.ilovericcio.com\/en\/#website\",\"url\":\"https:\/\/www.ilovericcio.com\/en\/\",\"name\":\"I Love Riccio\",\"description\":\"Prodotti per capelli ricci creati da noi, perfetti per te\",\"publisher\":{\"@id\":\"https:\/\/www.ilovericcio.com\/en\/#organization\"},\"alternateName\":\"ilovericcio\",\"potentialAction\":[{\"@type\":\"SearchAction\",\"target\":{\"@type\":\"EntryPoint\",\"urlTemplate\":\"https:\/\/www.ilovericcio.com\/en\/?s={search_term_string}\"},\"query-input\":{\"@type\":\"PropertyValueSpecification\",\"valueRequired\":true,\"valueName\":\"search_term_string\"}}],\"inLanguage\":\"en-US\"},{\"@type\":\"Organization\",\"@id\":\"https:\/\/www.ilovericcio.com\/en\/#organization\",\"name\":\"I Love Riccio\",\"alternateName\":\"ilovericcio\",\"url\":\"https:\/\/www.ilovericcio.com\/en\/\",\"logo\":{\"@type\":\"ImageObject\",\"inLanguage\":\"en-US\",\"@id\":\"https:\/\/www.ilovericcio.com\/en\/#\/schema\/logo\/image\/\",\"url\":\"https:\/\/www.ilovericcio.com\/wp-content\/uploads\/2022\/10\/I-love-riccio-logo-black-def.png\",\"contentUrl\":\"https:\/\/www.ilovericcio.com\/wp-content\/uploads\/2022\/10\/I-love-riccio-logo-black-def.png\",\"width\":186,\"height\":41,\"caption\":\"I Love Riccio\"},\"image\":{\"@id\":\"https:\/\/www.ilovericcio.com\/en\/#\/schema\/logo\/image\/\"},\"sameAs\":[\"https:\/\/www.facebook.com\/ILoveRiccio\",\"https:\/\/www.instagram.com\/i_love_riccio\/\",\"https:\/\/www.youtube.com\/user\/Ilovericcio\",\"https:\/\/it.pinterest.com\/ilovericcio\/\",\"https:\/\/www.tiktok.com\/@i_love_riccio\",\"https:\/\/www.feedaty.com\/recensioni\/ilovericcio\"]}]}<\/script>\n<!-- \/ Yoast SEO plugin. -->","yoast_head_json":{"title":"Curly Hair Kit for Men CurlyMan | I Love Riccio","description":"Buy the CurlyMan curly hair kit for men. For hydrated, elastic and defined curls: prevents weakening and stimulates hair growth.","robots":{"index":"index","follow":"follow","max-snippet":"max-snippet:-1","max-image-preview":"max-image-preview:large","max-video-preview":"max-video-preview:-1"},"canonical":"https:\/\/www.ilovericcio.com\/en\/product\/i-love-riccio-kit-curlyman\/","og_locale":"en_US","og_type":"article","og_title":"Curly Hair Kit for Men CurlyMan | I Love Riccio","og_description":"Buy the CurlyMan curly hair kit for men. For hydrated, elastic and defined curls: prevents weakening and stimulates hair growth.","og_url":"https:\/\/www.ilovericcio.com\/en\/product\/i-love-riccio-kit-curlyman\/","og_site_name":"I Love Riccio","article_publisher":"https:\/\/www.facebook.com\/ILoveRiccio","article_modified_time":"2026-02-15T23:03:39+00:00","og_image":[{"width":1080,"height":1080,"url":"https:\/\/www.ilovericcio.com\/wp-content\/uploads\/2022\/03\/curly-man-1.png","type":"image\/png"}],"twitter_card":"summary_large_image","twitter_misc":{"Est. reading time":"2 minutes"},"schema":{"@context":"https:\/\/schema.org","@graph":[{"@type":"WebPage","@id":"https:\/\/www.ilovericcio.com\/en\/product\/i-love-riccio-kit-curlyman\/","url":"https:\/\/www.ilovericcio.com\/en\/product\/i-love-riccio-kit-curlyman\/","name":"Curly Hair Kit for Men CurlyMan | I Love Riccio","isPartOf":{"@id":"https:\/\/www.ilovericcio.com\/en\/#website"},"primaryImageOfPage":{"@id":"https:\/\/www.ilovericcio.com\/en\/product\/i-love-riccio-kit-curlyman\/#primaryimage"},"image":{"@id":"https:\/\/www.ilovericcio.com\/en\/product\/i-love-riccio-kit-curlyman\/#primaryimage"},"thumbnailUrl":"https:\/\/www.ilovericcio.com\/wp-content\/uploads\/2022\/03\/curly-man-1.png","datePublished":"2022-03-07T12:21:54+00:00","dateModified":"2026-02-15T23:03:39+00:00","description":"Buy the CurlyMan curly hair kit for men. For hydrated, elastic and defined curls: prevents weakening and stimulates hair growth.","breadcrumb":{"@id":"https:\/\/www.ilovericcio.com\/en\/product\/i-love-riccio-kit-curlyman\/#breadcrumb"},"inLanguage":"en-US","potentialAction":[{"@type":"ReadAction","target":["https:\/\/www.ilovericcio.com\/en\/product\/i-love-riccio-kit-curlyman\/"]}]},{"@type":"ImageObject","inLanguage":"en-US","@id":"https:\/\/www.ilovericcio.com\/en\/product\/i-love-riccio-kit-curlyman\/#primaryimage","url":"https:\/\/www.ilovericcio.com\/wp-content\/uploads\/2022\/03\/curly-man-1.png","contentUrl":"https:\/\/www.ilovericcio.com\/wp-content\/uploads\/2022\/03\/curly-man-1.png","width":1080,"height":1080},{"@type":"BreadcrumbList","@id":"https:\/\/www.ilovericcio.com\/en\/product\/i-love-riccio-kit-curlyman\/#breadcrumb","itemListElement":[{"@type":"ListItem","position":1,"name":"Home","item":"https:\/\/www.ilovericcio.com\/en\/"},{"@type":"ListItem","position":2,"name":"Shop","item":"https:\/\/www.ilovericcio.com\/en\/shop\/"},{"@type":"ListItem","position":3,"name":"CurlyMan Kit"}]},{"@type":"WebSite","@id":"https:\/\/www.ilovericcio.com\/en\/#website","url":"https:\/\/www.ilovericcio.com\/en\/","name":"I Love Riccio","description":"Prodotti per capelli ricci creati da noi, perfetti per te","publisher":{"@id":"https:\/\/www.ilovericcio.com\/en\/#organization"},"alternateName":"ilovericcio","potentialAction":[{"@type":"SearchAction","target":{"@type":"EntryPoint","urlTemplate":"https:\/\/www.ilovericcio.com\/en\/?s={search_term_string}"},"query-input":{"@type":"PropertyValueSpecification","valueRequired":true,"valueName":"search_term_string"}}],"inLanguage":"en-US"},{"@type":"Organization","@id":"https:\/\/www.ilovericcio.com\/en\/#organization","name":"I Love Riccio","alternateName":"ilovericcio","url":"https:\/\/www.ilovericcio.com\/en\/","logo":{"@type":"ImageObject","inLanguage":"en-US","@id":"https:\/\/www.ilovericcio.com\/en\/#\/schema\/logo\/image\/","url":"https:\/\/www.ilovericcio.com\/wp-content\/uploads\/2022\/10\/I-love-riccio-logo-black-def.png","contentUrl":"https:\/\/www.ilovericcio.com\/wp-content\/uploads\/2022\/10\/I-love-riccio-logo-black-def.png","width":186,"height":41,"caption":"I Love Riccio"},"image":{"@id":"https:\/\/www.ilovericcio.com\/en\/#\/schema\/logo\/image\/"},"sameAs":["https:\/\/www.facebook.com\/ILoveRiccio","https:\/\/www.instagram.com\/i_love_riccio\/","https:\/\/www.youtube.com\/user\/Ilovericcio","https:\/\/it.pinterest.com\/ilovericcio\/","https:\/\/www.tiktok.com\/@i_love_riccio","https:\/\/www.feedaty.com\/recensioni\/ilovericcio"]}]}},"_links":{"self":[{"href":"https:\/\/www.ilovericcio.com\/en\/wp-json\/wp\/v2\/product\/122629","targetHints":{"allow":["GET"]}}],"collection":[{"href":"https:\/\/www.ilovericcio.com\/en\/wp-json\/wp\/v2\/product"}],"about":[{"href":"https:\/\/www.ilovericcio.com\/en\/wp-json\/wp\/v2\/types\/product"}],"wp:featuredmedia":[{"embeddable":true,"href":"https:\/\/www.ilovericcio.com\/en\/wp-json\/wp\/v2\/media\/114354"}],"wp:attachment":[{"href":"https:\/\/www.ilovericcio.com\/en\/wp-json\/wp\/v2\/media?parent=122629"}],"wp:term":[{"taxonomy":"product_brand","embeddable":true,"href":"https:\/\/www.ilovericcio.com\/en\/wp-json\/wp\/v2\/product_brand?post=122629"},{"taxonomy":"product_cat","embeddable":true,"href":"https:\/\/www.ilovericcio.com\/en\/wp-json\/wp\/v2\/product_cat?post=122629"},{"taxonomy":"product_tag","embeddable":true,"href":"https:\/\/www.ilovericcio.com\/en\/wp-json\/wp\/v2\/product_tag?post=122629"}],"curies":[{"name":"wp","href":"https:\/\/api.w.org\/{rel}","templated":true}]}}