{"id":119657,"date":"2021-01-27T12:31:33","date_gmt":"2021-01-27T11:31:33","guid":{"rendered":"https:\/\/www.ilovericcio.it\/prodotto\/olio-di-argan-i-love-riccio\/"},"modified":"2026-02-16T00:02:21","modified_gmt":"2026-02-15T23:02:21","slug":"olio-di-argan-i-love-riccio","status":"publish","type":"product","link":"https:\/\/www.ilovericcio.com\/en\/product\/argan-oil-i-love-riccio\/","title":{"rendered":"Argan Oil"},"content":{"rendered":"<p><iframe loading=\"lazy\" style=\"float: left; padding-right: 20px; padding-bottom: 20px;\" src=\"https:\/\/www.youtube.com\/embed\/HrDB-1OhopM?autoplay=1&amp;rel=0\" width=\"560\" height=\"315\" frameborder=\"0\" allowfullscreen=\"allowfullscreen\"><\/iframe><\/p>\n<p>\u00c8 uno degli oli naturali pi\u00f9 preziosi, estratto dai semi della pianta di Argania Spinosa che cresce spontanea solo nelle zone semi desertiche del Marocco. Quest&#8217;olio, chiamato anche &#8220;Oro del deserto&#8221;, ha una composizione chimica ricchissima (acido linoleico, Vit. A ed E, polifenoli). La sua caratteristica \u00e8 quella di essere assorbito molto velocemente e, pur essendo un olio, non lasciare alcuna traccia di untuosit\u00e0, conferendo morbidezza e lucentezza anche alle chiome pi\u00f9 spente. Inoltre, la presenza di Vit. E e di antiossidanti, lo rendono utile per idratare il cuoio capelluto particolarmente secco e desquamato, contrastando la comparsa della forfora.<\/p>\n<p>Certificato Bio<\/p>\n<p>100ml<\/p>\n<p>&nbsp;<\/p>\n<p>Consigli d\u2019uso<\/p>\n<p><u>Come pre Shampoo<\/u>\u00a0: applica l\u2019olio sui capelli e massaggia, lascia in posa 30 minuti poi procedi a shampoo e maschera<br \/>\n<u>Come iperidratante<\/u>\u00a0: aggiungine qualche goccia alla tua maschera o al tuo finish<br \/>\n<u>Come dopo styling<\/u>\u00a0: puoi applicarne qualche goccia a capelli asciutti o il giorno dopo per ravvivare e nutrire il riccio, questo eviter\u00e0 anche che si spezzino<\/p>\n","protected":false},"excerpt":{"rendered":"<p>Fortifying, repairing, regenerating <strong>pure Argan oil<\/strong> for hair, nails, body and face.<\/p>\n","protected":false},"featured_media":137815,"template":"","meta":{"_acf_changed":false},"product_brand":[],"product_cat":[406,405,436],"product_tag":[],"class_list":{"0":"post-119657","1":"product","2":"type-product","3":"status-publish","4":"has-post-thumbnail","6":"product_cat-curly-hair-lines","7":"product_cat-women-curly-hairlines","8":"product_cat-oils-and-butters-curly-hair","9":"pa_curl_type-3a-3b-3c-en","10":"pa_curl_type-4a-4b-4c-en","11":"pa_curl_type-2a-2b-2c-en","13":"first","14":"instock","15":"purchasable","16":"product-type-simple"},"acf":[],"yoast_head":"<!-- This site is optimized with the Yoast SEO plugin v27.0 - https:\/\/yoast.com\/product\/yoast-seo-wordpress\/ -->\n<title>Argan Oil for curly hair repairing and shine-enhancing | I Love Riccio<\/title>\n<meta name=\"description\" content=\"Discover pure argan oil for your curls. Ideal for dry and flaky scalp, it moisturises your waves without weighing them down. Buy it now.\" \/>\n<meta name=\"robots\" content=\"index, follow, max-snippet:-1, max-image-preview:large, max-video-preview:-1\" \/>\n<link rel=\"canonical\" href=\"https:\/\/www.ilovericcio.com\/en\/product\/argan-oil-i-love-riccio\/\" \/>\n<meta property=\"og:locale\" content=\"en_US\" \/>\n<meta property=\"og:type\" content=\"article\" \/>\n<meta property=\"og:title\" content=\"Argan Oil for curly hair repairing and shine-enhancing | I Love Riccio\" \/>\n<meta property=\"og:description\" content=\"Discover pure argan oil for your curls. Ideal for dry and flaky scalp, it moisturises your waves without weighing them down. Buy it now.\" \/>\n<meta property=\"og:url\" content=\"https:\/\/www.ilovericcio.com\/en\/product\/argan-oil-i-love-riccio\/\" \/>\n<meta property=\"og:site_name\" content=\"I Love Riccio\" \/>\n<meta property=\"article:publisher\" content=\"https:\/\/www.facebook.com\/ILoveRiccio\" \/>\n<meta property=\"article:modified_time\" content=\"2026-02-15T23:02:21+00:00\" \/>\n<meta property=\"og:image\" content=\"https:\/\/www.ilovericcio.com\/wp-content\/uploads\/2021\/01\/Olio-di-argan-trasparente-1.png\" \/>\n\t<meta property=\"og:image:width\" content=\"1400\" \/>\n\t<meta property=\"og:image:height\" content=\"1400\" \/>\n\t<meta property=\"og:image:type\" content=\"image\/png\" \/>\n<meta name=\"twitter:card\" content=\"summary_large_image\" \/>\n<meta name=\"twitter:label1\" content=\"Est. reading time\" \/>\n\t<meta name=\"twitter:data1\" content=\"2 minutes\" \/>\n<script type=\"application\/ld+json\" class=\"yoast-schema-graph\">{\"@context\":\"https:\/\/schema.org\",\"@graph\":[{\"@type\":\"WebPage\",\"@id\":\"https:\/\/www.ilovericcio.com\/en\/product\/argan-oil-i-love-riccio\/\",\"url\":\"https:\/\/www.ilovericcio.com\/en\/product\/argan-oil-i-love-riccio\/\",\"name\":\"Argan Oil for curly hair repairing and shine-enhancing | I Love Riccio\",\"isPartOf\":{\"@id\":\"https:\/\/www.ilovericcio.com\/en\/#website\"},\"primaryImageOfPage\":{\"@id\":\"https:\/\/www.ilovericcio.com\/en\/product\/argan-oil-i-love-riccio\/#primaryimage\"},\"image\":{\"@id\":\"https:\/\/www.ilovericcio.com\/en\/product\/argan-oil-i-love-riccio\/#primaryimage\"},\"thumbnailUrl\":\"https:\/\/www.ilovericcio.com\/wp-content\/uploads\/2021\/01\/Olio-di-argan-trasparente-1.png\",\"datePublished\":\"2021-01-27T11:31:33+00:00\",\"dateModified\":\"2026-02-15T23:02:21+00:00\",\"description\":\"Discover pure argan oil for your curls. Ideal for dry and flaky scalp, it moisturises your waves without weighing them down. Buy it now.\",\"breadcrumb\":{\"@id\":\"https:\/\/www.ilovericcio.com\/en\/product\/argan-oil-i-love-riccio\/#breadcrumb\"},\"inLanguage\":\"en-US\",\"potentialAction\":[{\"@type\":\"ReadAction\",\"target\":[\"https:\/\/www.ilovericcio.com\/en\/product\/argan-oil-i-love-riccio\/\"]}]},{\"@type\":\"ImageObject\",\"inLanguage\":\"en-US\",\"@id\":\"https:\/\/www.ilovericcio.com\/en\/product\/argan-oil-i-love-riccio\/#primaryimage\",\"url\":\"https:\/\/www.ilovericcio.com\/wp-content\/uploads\/2021\/01\/Olio-di-argan-trasparente-1.png\",\"contentUrl\":\"https:\/\/www.ilovericcio.com\/wp-content\/uploads\/2021\/01\/Olio-di-argan-trasparente-1.png\",\"width\":1400,\"height\":1400},{\"@type\":\"BreadcrumbList\",\"@id\":\"https:\/\/www.ilovericcio.com\/en\/product\/argan-oil-i-love-riccio\/#breadcrumb\",\"itemListElement\":[{\"@type\":\"ListItem\",\"position\":1,\"name\":\"Home\",\"item\":\"https:\/\/www.ilovericcio.com\/en\/\"},{\"@type\":\"ListItem\",\"position\":2,\"name\":\"Shop\",\"item\":\"https:\/\/www.ilovericcio.com\/en\/shop\/\"},{\"@type\":\"ListItem\",\"position\":3,\"name\":\"Argan Oil\"}]},{\"@type\":\"WebSite\",\"@id\":\"https:\/\/www.ilovericcio.com\/en\/#website\",\"url\":\"https:\/\/www.ilovericcio.com\/en\/\",\"name\":\"I Love Riccio\",\"description\":\"Prodotti per capelli ricci creati da noi, perfetti per te\",\"publisher\":{\"@id\":\"https:\/\/www.ilovericcio.com\/en\/#organization\"},\"alternateName\":\"ilovericcio\",\"potentialAction\":[{\"@type\":\"SearchAction\",\"target\":{\"@type\":\"EntryPoint\",\"urlTemplate\":\"https:\/\/www.ilovericcio.com\/en\/?s={search_term_string}\"},\"query-input\":{\"@type\":\"PropertyValueSpecification\",\"valueRequired\":true,\"valueName\":\"search_term_string\"}}],\"inLanguage\":\"en-US\"},{\"@type\":\"Organization\",\"@id\":\"https:\/\/www.ilovericcio.com\/en\/#organization\",\"name\":\"I Love Riccio\",\"alternateName\":\"ilovericcio\",\"url\":\"https:\/\/www.ilovericcio.com\/en\/\",\"logo\":{\"@type\":\"ImageObject\",\"inLanguage\":\"en-US\",\"@id\":\"https:\/\/www.ilovericcio.com\/en\/#\/schema\/logo\/image\/\",\"url\":\"https:\/\/www.ilovericcio.com\/wp-content\/uploads\/2022\/10\/I-love-riccio-logo-black-def.png\",\"contentUrl\":\"https:\/\/www.ilovericcio.com\/wp-content\/uploads\/2022\/10\/I-love-riccio-logo-black-def.png\",\"width\":186,\"height\":41,\"caption\":\"I Love Riccio\"},\"image\":{\"@id\":\"https:\/\/www.ilovericcio.com\/en\/#\/schema\/logo\/image\/\"},\"sameAs\":[\"https:\/\/www.facebook.com\/ILoveRiccio\",\"https:\/\/www.instagram.com\/i_love_riccio\/\",\"https:\/\/www.youtube.com\/user\/Ilovericcio\",\"https:\/\/it.pinterest.com\/ilovericcio\/\",\"https:\/\/www.tiktok.com\/@i_love_riccio\",\"https:\/\/www.feedaty.com\/recensioni\/ilovericcio\"]}]}<\/script>\n<!-- \/ Yoast SEO plugin. -->","yoast_head_json":{"title":"Argan Oil for curly hair repairing and shine-enhancing | I Love Riccio","description":"Discover pure argan oil for your curls. Ideal for dry and flaky scalp, it moisturises your waves without weighing them down. Buy it now.","robots":{"index":"index","follow":"follow","max-snippet":"max-snippet:-1","max-image-preview":"max-image-preview:large","max-video-preview":"max-video-preview:-1"},"canonical":"https:\/\/www.ilovericcio.com\/en\/product\/argan-oil-i-love-riccio\/","og_locale":"en_US","og_type":"article","og_title":"Argan Oil for curly hair repairing and shine-enhancing | I Love Riccio","og_description":"Discover pure argan oil for your curls. Ideal for dry and flaky scalp, it moisturises your waves without weighing them down. Buy it now.","og_url":"https:\/\/www.ilovericcio.com\/en\/product\/argan-oil-i-love-riccio\/","og_site_name":"I Love Riccio","article_publisher":"https:\/\/www.facebook.com\/ILoveRiccio","article_modified_time":"2026-02-15T23:02:21+00:00","og_image":[{"width":1400,"height":1400,"url":"https:\/\/www.ilovericcio.com\/wp-content\/uploads\/2021\/01\/Olio-di-argan-trasparente-1.png","type":"image\/png"}],"twitter_card":"summary_large_image","twitter_misc":{"Est. reading time":"2 minutes"},"schema":{"@context":"https:\/\/schema.org","@graph":[{"@type":"WebPage","@id":"https:\/\/www.ilovericcio.com\/en\/product\/argan-oil-i-love-riccio\/","url":"https:\/\/www.ilovericcio.com\/en\/product\/argan-oil-i-love-riccio\/","name":"Argan Oil for curly hair repairing and shine-enhancing | I Love Riccio","isPartOf":{"@id":"https:\/\/www.ilovericcio.com\/en\/#website"},"primaryImageOfPage":{"@id":"https:\/\/www.ilovericcio.com\/en\/product\/argan-oil-i-love-riccio\/#primaryimage"},"image":{"@id":"https:\/\/www.ilovericcio.com\/en\/product\/argan-oil-i-love-riccio\/#primaryimage"},"thumbnailUrl":"https:\/\/www.ilovericcio.com\/wp-content\/uploads\/2021\/01\/Olio-di-argan-trasparente-1.png","datePublished":"2021-01-27T11:31:33+00:00","dateModified":"2026-02-15T23:02:21+00:00","description":"Discover pure argan oil for your curls. Ideal for dry and flaky scalp, it moisturises your waves without weighing them down. Buy it now.","breadcrumb":{"@id":"https:\/\/www.ilovericcio.com\/en\/product\/argan-oil-i-love-riccio\/#breadcrumb"},"inLanguage":"en-US","potentialAction":[{"@type":"ReadAction","target":["https:\/\/www.ilovericcio.com\/en\/product\/argan-oil-i-love-riccio\/"]}]},{"@type":"ImageObject","inLanguage":"en-US","@id":"https:\/\/www.ilovericcio.com\/en\/product\/argan-oil-i-love-riccio\/#primaryimage","url":"https:\/\/www.ilovericcio.com\/wp-content\/uploads\/2021\/01\/Olio-di-argan-trasparente-1.png","contentUrl":"https:\/\/www.ilovericcio.com\/wp-content\/uploads\/2021\/01\/Olio-di-argan-trasparente-1.png","width":1400,"height":1400},{"@type":"BreadcrumbList","@id":"https:\/\/www.ilovericcio.com\/en\/product\/argan-oil-i-love-riccio\/#breadcrumb","itemListElement":[{"@type":"ListItem","position":1,"name":"Home","item":"https:\/\/www.ilovericcio.com\/en\/"},{"@type":"ListItem","position":2,"name":"Shop","item":"https:\/\/www.ilovericcio.com\/en\/shop\/"},{"@type":"ListItem","position":3,"name":"Argan Oil"}]},{"@type":"WebSite","@id":"https:\/\/www.ilovericcio.com\/en\/#website","url":"https:\/\/www.ilovericcio.com\/en\/","name":"I Love Riccio","description":"Prodotti per capelli ricci creati da noi, perfetti per te","publisher":{"@id":"https:\/\/www.ilovericcio.com\/en\/#organization"},"alternateName":"ilovericcio","potentialAction":[{"@type":"SearchAction","target":{"@type":"EntryPoint","urlTemplate":"https:\/\/www.ilovericcio.com\/en\/?s={search_term_string}"},"query-input":{"@type":"PropertyValueSpecification","valueRequired":true,"valueName":"search_term_string"}}],"inLanguage":"en-US"},{"@type":"Organization","@id":"https:\/\/www.ilovericcio.com\/en\/#organization","name":"I Love Riccio","alternateName":"ilovericcio","url":"https:\/\/www.ilovericcio.com\/en\/","logo":{"@type":"ImageObject","inLanguage":"en-US","@id":"https:\/\/www.ilovericcio.com\/en\/#\/schema\/logo\/image\/","url":"https:\/\/www.ilovericcio.com\/wp-content\/uploads\/2022\/10\/I-love-riccio-logo-black-def.png","contentUrl":"https:\/\/www.ilovericcio.com\/wp-content\/uploads\/2022\/10\/I-love-riccio-logo-black-def.png","width":186,"height":41,"caption":"I Love Riccio"},"image":{"@id":"https:\/\/www.ilovericcio.com\/en\/#\/schema\/logo\/image\/"},"sameAs":["https:\/\/www.facebook.com\/ILoveRiccio","https:\/\/www.instagram.com\/i_love_riccio\/","https:\/\/www.youtube.com\/user\/Ilovericcio","https:\/\/it.pinterest.com\/ilovericcio\/","https:\/\/www.tiktok.com\/@i_love_riccio","https:\/\/www.feedaty.com\/recensioni\/ilovericcio"]}]}},"_links":{"self":[{"href":"https:\/\/www.ilovericcio.com\/en\/wp-json\/wp\/v2\/product\/119657","targetHints":{"allow":["GET"]}}],"collection":[{"href":"https:\/\/www.ilovericcio.com\/en\/wp-json\/wp\/v2\/product"}],"about":[{"href":"https:\/\/www.ilovericcio.com\/en\/wp-json\/wp\/v2\/types\/product"}],"wp:featuredmedia":[{"embeddable":true,"href":"https:\/\/www.ilovericcio.com\/en\/wp-json\/wp\/v2\/media\/137815"}],"wp:attachment":[{"href":"https:\/\/www.ilovericcio.com\/en\/wp-json\/wp\/v2\/media?parent=119657"}],"wp:term":[{"taxonomy":"product_brand","embeddable":true,"href":"https:\/\/www.ilovericcio.com\/en\/wp-json\/wp\/v2\/product_brand?post=119657"},{"taxonomy":"product_cat","embeddable":true,"href":"https:\/\/www.ilovericcio.com\/en\/wp-json\/wp\/v2\/product_cat?post=119657"},{"taxonomy":"product_tag","embeddable":true,"href":"https:\/\/www.ilovericcio.com\/en\/wp-json\/wp\/v2\/product_tag?post=119657"}],"curies":[{"name":"wp","href":"https:\/\/api.w.org\/{rel}","templated":true}]}}