{"id":119518,"date":"2021-10-22T14:00:30","date_gmt":"2021-10-22T12:00:30","guid":{"rendered":"https:\/\/www.ilovericcio.it\/prodotto\/i-love-riccio-kit-completo-curly-kids\/"},"modified":"2026-04-07T15:56:47","modified_gmt":"2026-04-07T13:56:47","slug":"i-love-riccio-kit-completo-curly-kids","status":"publish","type":"product","link":"https:\/\/www.ilovericcio.com\/en\/product\/i-love-riccio-kit-completo-curly-kids\/","title":{"rendered":"Complete CurlyKids Kit"},"content":{"rendered":"<p>[vc_row][vc_column][vc_column_text]Scopri la magia dei prodotti della linea Curly Kids I Love Riccio dentro questo magico cofanetto!<\/p>\n<p>Fatelo aprire e scoprire ai vostri bimbi! Dentro troveranno 3 magici amici, il forte leone, il fantastico unicorno e la dolce giraffina, che li accompagneranno nella loro Curly Routine.<\/p>\n<p>Insieme a loro poi troveranno un set di matite colorate e un cartoncino ambientato dove potranno disegnarsi con i loro meravigliosi ricci&#8230;..perch\u00e8 non \u00e8 vero che ogni riccio \u00e8 un capriccio, ogni riccio da oggi \u00e8 un sorriso!<\/p>\n<p>Nel kit sono compresi: <strong>Shampoo idratante:<\/strong> 250ml, <strong>Maschera nutriente e districante:<\/strong> 250ml, <strong>Crema modellante:<\/strong> 250ml<\/p>\n<p>Grazie alla presenza nella formula di Estratto di Camomilla BIO, Estratto di Avena, Olio di cocco e olio di Jojoba, i ricci dei vostri bimbi saranno nutriti, idratati, morbidi, elastici, definiti e sani!<\/p>\n<p>Inoltre acquistando questo kit contribuisci ad <strong>aiutare la ricerca scientifica per una cura sul Diabete di Tipo 1<\/strong>, malattia autoimmune che colpisce purtroppo prevalentemente i bambini. I love Riccio infatti per ogni cofanetto venduto dona 2 Euro al DRI (Diabetes Research Institute) dell&#8217;ospedale San Raffaele di Milano. Perch\u00e9 non c&#8217;\u00e8 cura senza ricerca&#8230;<\/p>\n<p><strong>COME SI USA?<\/strong><\/p>\n<div class=\"curly-link prodotti-i-love\">\n<p><a href=\"https:\/\/www.ilovericcio.it\/bugiardino-scheda-prodotto\/ILOVERICCIO_BUGIARDINO.pdf\" target=\"_blank\" rel=\"noopener\">SCARICA LA GUIDA COMPLETA<br \/>\nALL\u2019USO DEI PRODOTTI I LOVE RICCIO<\/a><\/p>\n<\/div>\n<p>Applicare una noce di shampoo idratante sulla cute ed emulsionare con un po d\u2019acqua, distribuire su lunghezze e punte e risciacquare. Dopo aver lavato i capelli con lo Shampoo Curly Kids, applicare una noce di maschera dalle radici alle punte massaggiando con le dita, districando poi i ricci con delicatezza iniziando dalle punte salendo man mano fino alle radici. Se necessario, perch\u00e8 i ricci sono troppo stretti per essere districati con le dita,\u00a0 puoi aiutarti con un<a href=\"https:\/\/www.ilovericcio.it\/prodotto\/pettine-afro-in-legno-antistatico\"> pettine a denti larghi<\/a> o una <a href=\"https:\/\/www.ilovericcio.it\/prodotto\/spazzola-con-cuscino-in-silicone\">spazzola in silicone<\/a>. Su capelli fini, si consiglia di applicare solo una piccola quantit\u00e0 di prodotto. Lasciare in posa 5-10 min e risciacquare. Applicare ora una noce di crema modellante sui capelli bagnati, solo leggermente strizzati con le mani, distribuendolo bene su radici e punte. Usa le mani come fossero un pettine in modo da districare bene i ricci e distribuire in modo uniforme il prodotto. Tampona ora i capelli con un panno in microfibra in modo da eliminare l\u2019eccesso d\u2019acqua e procedere all\u2019asciugatura con diffusore senza mai toccare i capelli. Solo una volta perfettamente asciutti massaggiali bene con le mani per attivare lo styling.<\/p>\n<p><strong>Shampoo idratante:<\/strong> 250ml<br \/>\n<strong>INCI:<\/strong> aqua (water), peg-7 glyceryl cocoate, polysorbate 20, disodium laureth sulfosuccinate, cocamidopropyl betaine, avena sativa kernel extract, chamomilla recutita flower extract, polyquaternium-10, glycerin, propylene glycol, methylchloroisothiazolinone, methylisothiazolinone, parfum (fragrance)<\/p>\n<p><strong>Maschera nutriente e districante:<\/strong> 250ml<br \/>\n<strong>INCI:<\/strong> aqua (water), myristyl alcohol, caprylic\/capric trygliceride, propylene glycol, distearoylethyl hydroxyethylmonium methosulfate, cetearyl alcohol, cocos nucifera oil, simmondsia chinensis oil, avena sativa kernel extract, chamomilla recutita flower extract, glycerin, tocopheryl acetate, polyquaternium-10, tetrasodium edta, 2-bromo-2-nitropropane-1,3-diol, parfum (fragrance)<\/p>\n<p><strong>Crema modellante:<\/strong> 250ml<br \/>\n<strong>INCI:<\/strong> aqua (water), propylene glycol, caprylic\/capric trygliceride, myristyl alcohol, distearoylethyl hydroxyethylmonium methosulfate, cetearyl alcohol, cocos nucifera oil, simmondsia chinensis oil, chamomilla recutita flower extract, avena sativa kernel extract, glycerin, polyquaternium-10, tocopheryl acetate, imidazolidinyl urea, tetrasodium edta, sodium hydroxide, 2-bromo-2-nitropropane-1,3-diol, parfum (fragrance)<\/p>\n<p>&nbsp;<\/p>\n<div dir=\"ltr\">\n<div dir=\"ltr\">\n<p>&nbsp;<\/p>\n<\/div>\n<\/div>\n<p>[\/vc_column_text][\/vc_column][\/vc_row]<\/p>\n","protected":false},"excerpt":{"rendered":"<p><strong>Hydrating shampoo + Nourishing mask + Modelling cream<\/strong><\/p>\n<p>Discover the magic of the <strong>CurlyKids line<\/strong> products in this box set!<\/p>\n<p><strong>Ariel<\/strong> (hydrating shampoo), <strong>Charlie<\/strong> (nourishing and detangling mask) and <strong>Lou<\/strong> (modelling cream) will make washing and styling your children\u2019s curls a gentle moment of tenderness thanks to their ultra<strong>-delicate no-tears formula<\/strong> and<strong> natural ingredients<\/strong> with emollient properties.<\/p>\n<p>Give your kids\u2019 curls the love they deserve when they are still small!<\/p>\n","protected":false},"featured_media":114370,"template":"","meta":{"_acf_changed":false},"product_brand":[],"product_cat":[458,406,409,449,448,407,408,400],"product_tag":[],"class_list":{"0":"post-119518","1":"product","2":"type-product","3":"status-publish","4":"has-post-thumbnail","6":"product_cat-curly-hair-kits","7":"product_cat-curly-hair-lines","8":"product_cat-curly-hair-products","9":"product_cat-curly-hair-kids-line","10":"product_cat-idee-regalo-en","11":"product_cat-prodotti-per-capelli-crespi-en","12":"product_cat-prodotti-per-capelli-ondulati-en","13":"product_cat-uncategorized","14":"pa_curl_type-3a-3b-3c-en","15":"pa_curl_type-4a-4b-4c-en","16":"pa_curl_type-2a-2b-2c-en","18":"first","19":"outofstock","20":"purchasable","21":"product-type-variable","22":"has-default-attributes"},"acf":[],"yoast_head":"<!-- This site is optimized with the Yoast SEO plugin v27.0 - https:\/\/yoast.com\/product\/yoast-seo-wordpress\/ -->\n<title>Curly Hair Kit for Kids CurlyKids | I Love Riccio<\/title>\n<meta name=\"description\" content=\"Discover Curly Kids, the complete kit for children&#039;s curly hair: moisturizing shampoo, nourishing and detangling mask, Lou styling cream. Buy it on the online shop\" \/>\n<meta name=\"robots\" content=\"index, follow, max-snippet:-1, max-image-preview:large, max-video-preview:-1\" \/>\n<link rel=\"canonical\" href=\"https:\/\/www.ilovericcio.com\/en\/product\/i-love-riccio-kit-completo-curly-kids\/\" \/>\n<meta property=\"og:locale\" content=\"en_US\" \/>\n<meta property=\"og:type\" content=\"article\" \/>\n<meta property=\"og:title\" content=\"Curly Hair Kit for Kids CurlyKids | I Love Riccio\" \/>\n<meta property=\"og:description\" content=\"Discover Curly Kids, the complete kit for children&#039;s curly hair: moisturizing shampoo, nourishing and detangling mask, Lou styling cream. Buy it on the online shop\" \/>\n<meta property=\"og:url\" content=\"https:\/\/www.ilovericcio.com\/en\/product\/i-love-riccio-kit-completo-curly-kids\/\" \/>\n<meta property=\"og:site_name\" content=\"I Love Riccio\" \/>\n<meta property=\"article:publisher\" content=\"https:\/\/www.facebook.com\/ILoveRiccio\" \/>\n<meta property=\"article:modified_time\" content=\"2026-04-07T13:56:47+00:00\" \/>\n<meta property=\"og:image\" content=\"https:\/\/www.ilovericcio.com\/wp-content\/uploads\/2021\/10\/curly-kids-2.png\" \/>\n\t<meta property=\"og:image:width\" content=\"1080\" \/>\n\t<meta property=\"og:image:height\" content=\"1080\" \/>\n\t<meta property=\"og:image:type\" content=\"image\/png\" \/>\n<meta name=\"twitter:card\" content=\"summary_large_image\" \/>\n<meta name=\"twitter:label1\" content=\"Est. reading time\" \/>\n\t<meta name=\"twitter:data1\" content=\"3 minutes\" \/>\n<script type=\"application\/ld+json\" class=\"yoast-schema-graph\">{\"@context\":\"https:\/\/schema.org\",\"@graph\":[{\"@type\":\"WebPage\",\"@id\":\"https:\/\/www.ilovericcio.com\/en\/product\/i-love-riccio-kit-completo-curly-kids\/\",\"url\":\"https:\/\/www.ilovericcio.com\/en\/product\/i-love-riccio-kit-completo-curly-kids\/\",\"name\":\"Curly Hair Kit for Kids CurlyKids | I Love Riccio\",\"isPartOf\":{\"@id\":\"https:\/\/www.ilovericcio.com\/en\/#website\"},\"primaryImageOfPage\":{\"@id\":\"https:\/\/www.ilovericcio.com\/en\/product\/i-love-riccio-kit-completo-curly-kids\/#primaryimage\"},\"image\":{\"@id\":\"https:\/\/www.ilovericcio.com\/en\/product\/i-love-riccio-kit-completo-curly-kids\/#primaryimage\"},\"thumbnailUrl\":\"https:\/\/www.ilovericcio.com\/wp-content\/uploads\/2021\/10\/curly-kids-2.png\",\"datePublished\":\"2021-10-22T12:00:30+00:00\",\"dateModified\":\"2026-04-07T13:56:47+00:00\",\"description\":\"Discover Curly Kids, the complete kit for children's curly hair: moisturizing shampoo, nourishing and detangling mask, Lou styling cream. Buy it on the online shop\",\"breadcrumb\":{\"@id\":\"https:\/\/www.ilovericcio.com\/en\/product\/i-love-riccio-kit-completo-curly-kids\/#breadcrumb\"},\"inLanguage\":\"en-US\",\"potentialAction\":[{\"@type\":\"ReadAction\",\"target\":[\"https:\/\/www.ilovericcio.com\/en\/product\/i-love-riccio-kit-completo-curly-kids\/\"]}]},{\"@type\":\"ImageObject\",\"inLanguage\":\"en-US\",\"@id\":\"https:\/\/www.ilovericcio.com\/en\/product\/i-love-riccio-kit-completo-curly-kids\/#primaryimage\",\"url\":\"https:\/\/www.ilovericcio.com\/wp-content\/uploads\/2021\/10\/curly-kids-2.png\",\"contentUrl\":\"https:\/\/www.ilovericcio.com\/wp-content\/uploads\/2021\/10\/curly-kids-2.png\",\"width\":1080,\"height\":1080},{\"@type\":\"BreadcrumbList\",\"@id\":\"https:\/\/www.ilovericcio.com\/en\/product\/i-love-riccio-kit-completo-curly-kids\/#breadcrumb\",\"itemListElement\":[{\"@type\":\"ListItem\",\"position\":1,\"name\":\"Home\",\"item\":\"https:\/\/www.ilovericcio.com\/en\/\"},{\"@type\":\"ListItem\",\"position\":2,\"name\":\"Shop\",\"item\":\"https:\/\/www.ilovericcio.com\/en\/shop\/\"},{\"@type\":\"ListItem\",\"position\":3,\"name\":\"Complete CurlyKids Kit\"}]},{\"@type\":\"WebSite\",\"@id\":\"https:\/\/www.ilovericcio.com\/en\/#website\",\"url\":\"https:\/\/www.ilovericcio.com\/en\/\",\"name\":\"I Love Riccio\",\"description\":\"Prodotti per capelli ricci creati da noi, perfetti per te\",\"publisher\":{\"@id\":\"https:\/\/www.ilovericcio.com\/en\/#organization\"},\"alternateName\":\"ilovericcio\",\"potentialAction\":[{\"@type\":\"SearchAction\",\"target\":{\"@type\":\"EntryPoint\",\"urlTemplate\":\"https:\/\/www.ilovericcio.com\/en\/?s={search_term_string}\"},\"query-input\":{\"@type\":\"PropertyValueSpecification\",\"valueRequired\":true,\"valueName\":\"search_term_string\"}}],\"inLanguage\":\"en-US\"},{\"@type\":\"Organization\",\"@id\":\"https:\/\/www.ilovericcio.com\/en\/#organization\",\"name\":\"I Love Riccio\",\"alternateName\":\"ilovericcio\",\"url\":\"https:\/\/www.ilovericcio.com\/en\/\",\"logo\":{\"@type\":\"ImageObject\",\"inLanguage\":\"en-US\",\"@id\":\"https:\/\/www.ilovericcio.com\/en\/#\/schema\/logo\/image\/\",\"url\":\"https:\/\/www.ilovericcio.com\/wp-content\/uploads\/2022\/10\/I-love-riccio-logo-black-def.png\",\"contentUrl\":\"https:\/\/www.ilovericcio.com\/wp-content\/uploads\/2022\/10\/I-love-riccio-logo-black-def.png\",\"width\":186,\"height\":41,\"caption\":\"I Love Riccio\"},\"image\":{\"@id\":\"https:\/\/www.ilovericcio.com\/en\/#\/schema\/logo\/image\/\"},\"sameAs\":[\"https:\/\/www.facebook.com\/ILoveRiccio\",\"https:\/\/www.instagram.com\/i_love_riccio\/\",\"https:\/\/www.youtube.com\/user\/Ilovericcio\",\"https:\/\/it.pinterest.com\/ilovericcio\/\",\"https:\/\/www.tiktok.com\/@i_love_riccio\",\"https:\/\/www.feedaty.com\/recensioni\/ilovericcio\"]}]}<\/script>\n<!-- \/ Yoast SEO plugin. -->","yoast_head_json":{"title":"Curly Hair Kit for Kids CurlyKids | I Love Riccio","description":"Discover Curly Kids, the complete kit for children's curly hair: moisturizing shampoo, nourishing and detangling mask, Lou styling cream. Buy it on the online shop","robots":{"index":"index","follow":"follow","max-snippet":"max-snippet:-1","max-image-preview":"max-image-preview:large","max-video-preview":"max-video-preview:-1"},"canonical":"https:\/\/www.ilovericcio.com\/en\/product\/i-love-riccio-kit-completo-curly-kids\/","og_locale":"en_US","og_type":"article","og_title":"Curly Hair Kit for Kids CurlyKids | I Love Riccio","og_description":"Discover Curly Kids, the complete kit for children's curly hair: moisturizing shampoo, nourishing and detangling mask, Lou styling cream. Buy it on the online shop","og_url":"https:\/\/www.ilovericcio.com\/en\/product\/i-love-riccio-kit-completo-curly-kids\/","og_site_name":"I Love Riccio","article_publisher":"https:\/\/www.facebook.com\/ILoveRiccio","article_modified_time":"2026-04-07T13:56:47+00:00","og_image":[{"width":1080,"height":1080,"url":"https:\/\/www.ilovericcio.com\/wp-content\/uploads\/2021\/10\/curly-kids-2.png","type":"image\/png"}],"twitter_card":"summary_large_image","twitter_misc":{"Est. reading time":"3 minutes"},"schema":{"@context":"https:\/\/schema.org","@graph":[{"@type":"WebPage","@id":"https:\/\/www.ilovericcio.com\/en\/product\/i-love-riccio-kit-completo-curly-kids\/","url":"https:\/\/www.ilovericcio.com\/en\/product\/i-love-riccio-kit-completo-curly-kids\/","name":"Curly Hair Kit for Kids CurlyKids | I Love Riccio","isPartOf":{"@id":"https:\/\/www.ilovericcio.com\/en\/#website"},"primaryImageOfPage":{"@id":"https:\/\/www.ilovericcio.com\/en\/product\/i-love-riccio-kit-completo-curly-kids\/#primaryimage"},"image":{"@id":"https:\/\/www.ilovericcio.com\/en\/product\/i-love-riccio-kit-completo-curly-kids\/#primaryimage"},"thumbnailUrl":"https:\/\/www.ilovericcio.com\/wp-content\/uploads\/2021\/10\/curly-kids-2.png","datePublished":"2021-10-22T12:00:30+00:00","dateModified":"2026-04-07T13:56:47+00:00","description":"Discover Curly Kids, the complete kit for children's curly hair: moisturizing shampoo, nourishing and detangling mask, Lou styling cream. Buy it on the online shop","breadcrumb":{"@id":"https:\/\/www.ilovericcio.com\/en\/product\/i-love-riccio-kit-completo-curly-kids\/#breadcrumb"},"inLanguage":"en-US","potentialAction":[{"@type":"ReadAction","target":["https:\/\/www.ilovericcio.com\/en\/product\/i-love-riccio-kit-completo-curly-kids\/"]}]},{"@type":"ImageObject","inLanguage":"en-US","@id":"https:\/\/www.ilovericcio.com\/en\/product\/i-love-riccio-kit-completo-curly-kids\/#primaryimage","url":"https:\/\/www.ilovericcio.com\/wp-content\/uploads\/2021\/10\/curly-kids-2.png","contentUrl":"https:\/\/www.ilovericcio.com\/wp-content\/uploads\/2021\/10\/curly-kids-2.png","width":1080,"height":1080},{"@type":"BreadcrumbList","@id":"https:\/\/www.ilovericcio.com\/en\/product\/i-love-riccio-kit-completo-curly-kids\/#breadcrumb","itemListElement":[{"@type":"ListItem","position":1,"name":"Home","item":"https:\/\/www.ilovericcio.com\/en\/"},{"@type":"ListItem","position":2,"name":"Shop","item":"https:\/\/www.ilovericcio.com\/en\/shop\/"},{"@type":"ListItem","position":3,"name":"Complete CurlyKids Kit"}]},{"@type":"WebSite","@id":"https:\/\/www.ilovericcio.com\/en\/#website","url":"https:\/\/www.ilovericcio.com\/en\/","name":"I Love Riccio","description":"Prodotti per capelli ricci creati da noi, perfetti per te","publisher":{"@id":"https:\/\/www.ilovericcio.com\/en\/#organization"},"alternateName":"ilovericcio","potentialAction":[{"@type":"SearchAction","target":{"@type":"EntryPoint","urlTemplate":"https:\/\/www.ilovericcio.com\/en\/?s={search_term_string}"},"query-input":{"@type":"PropertyValueSpecification","valueRequired":true,"valueName":"search_term_string"}}],"inLanguage":"en-US"},{"@type":"Organization","@id":"https:\/\/www.ilovericcio.com\/en\/#organization","name":"I Love Riccio","alternateName":"ilovericcio","url":"https:\/\/www.ilovericcio.com\/en\/","logo":{"@type":"ImageObject","inLanguage":"en-US","@id":"https:\/\/www.ilovericcio.com\/en\/#\/schema\/logo\/image\/","url":"https:\/\/www.ilovericcio.com\/wp-content\/uploads\/2022\/10\/I-love-riccio-logo-black-def.png","contentUrl":"https:\/\/www.ilovericcio.com\/wp-content\/uploads\/2022\/10\/I-love-riccio-logo-black-def.png","width":186,"height":41,"caption":"I Love Riccio"},"image":{"@id":"https:\/\/www.ilovericcio.com\/en\/#\/schema\/logo\/image\/"},"sameAs":["https:\/\/www.facebook.com\/ILoveRiccio","https:\/\/www.instagram.com\/i_love_riccio\/","https:\/\/www.youtube.com\/user\/Ilovericcio","https:\/\/it.pinterest.com\/ilovericcio\/","https:\/\/www.tiktok.com\/@i_love_riccio","https:\/\/www.feedaty.com\/recensioni\/ilovericcio"]}]}},"_links":{"self":[{"href":"https:\/\/www.ilovericcio.com\/en\/wp-json\/wp\/v2\/product\/119518","targetHints":{"allow":["GET"]}}],"collection":[{"href":"https:\/\/www.ilovericcio.com\/en\/wp-json\/wp\/v2\/product"}],"about":[{"href":"https:\/\/www.ilovericcio.com\/en\/wp-json\/wp\/v2\/types\/product"}],"wp:featuredmedia":[{"embeddable":true,"href":"https:\/\/www.ilovericcio.com\/en\/wp-json\/wp\/v2\/media\/114370"}],"wp:attachment":[{"href":"https:\/\/www.ilovericcio.com\/en\/wp-json\/wp\/v2\/media?parent=119518"}],"wp:term":[{"taxonomy":"product_brand","embeddable":true,"href":"https:\/\/www.ilovericcio.com\/en\/wp-json\/wp\/v2\/product_brand?post=119518"},{"taxonomy":"product_cat","embeddable":true,"href":"https:\/\/www.ilovericcio.com\/en\/wp-json\/wp\/v2\/product_cat?post=119518"},{"taxonomy":"product_tag","embeddable":true,"href":"https:\/\/www.ilovericcio.com\/en\/wp-json\/wp\/v2\/product_tag?post=119518"}],"curies":[{"name":"wp","href":"https:\/\/api.w.org\/{rel}","templated":true}]}}