{"id":119170,"date":"2021-01-27T12:38:05","date_gmt":"2021-01-27T11:38:05","guid":{"rendered":"https:\/\/www.ilovericcio.it\/prodotto\/olio-di-jojoba-i-love-riccio\/"},"modified":"2026-02-16T00:02:24","modified_gmt":"2026-02-15T23:02:24","slug":"olio-di-jojoba-i-love-riccio","status":"publish","type":"product","link":"https:\/\/www.ilovericcio.com\/en\/product\/jojoba-oil-i-love-riccio\/","title":{"rendered":"Jojoba Oil"},"content":{"rendered":"<p><iframe loading=\"lazy\" style=\"float: left; padding-right: 20px; padding-bottom: 20px;\" src=\"https:\/\/www.youtube.com\/embed\/UZhWyHJhiQY?autoplay=1&amp;rel=0\" width=\"560\" height=\"315\" frameborder=\"0\" allowfullscreen=\"allowfullscreen\"><\/iframe><\/p>\n<p>E&#8217; un olio estratto dai semi della pianta di Jojoba, che cresce spontanea nelle zone pi\u00f9 aride di\u00a0 Messico, Arizona e California. L&#8217;olio\u00a0di jojoba ha una caratteristica unica rispetto a tutti gli oli vegetali: ha una struttura\u00a0molecolare molto simile a quella del sebo naturale del cuoio capelluto. Infatti, pur essendo un olio, ha una spiccata azione\u00a0riequilibrante sulla produzione di sebo che affligge la cute dei capelli grassi. Quindi \u00e8 particolarmente indicato in caso di capelli grassi perch\u00e8 agisce normalizzando l&#8217;attivit\u00e0 delle ghiandole sebacee.\u00a0 Inoltre \u00e8 un antibatterico naturale ed \u00e8 una valida soluzione\u00a0naturale contro la forfora. E&#8217; costituito da 98% di grassi monoinsaturi, che permettono ai follicoli piliferi di assorbire tutto il nutrimento dell&#8217;olio di jojoba, rinforzando il capello dalla radice senza soffocare\u00a0il bulbo pilifero.<\/p>\n<p>Certificato Bio<\/p>\n<p>100ml<\/p>\n<p>&nbsp;<\/p>\n<p>Consigli d\u2019uso<\/p>\n<p><u>Impacco seboequilibrante, rinforzante, elasticizzante<\/u>\u00a0: mischia poche gocce di olio con la tua maschera per capelli per riequilibrare il grasso cutaneo,\u00a0tieni in posa poi risciacqua<\/p>\n","protected":false},"excerpt":{"rendered":"<p><strong>Pure Jojoba oil<\/strong> for face, body and hair. Softening, nourishing, anti-wrinkle.<\/p>\n","protected":false},"featured_media":117371,"template":"","meta":{"_acf_changed":false},"product_brand":[],"product_cat":[406,405,436],"product_tag":[],"class_list":{"0":"post-119170","1":"product","2":"type-product","3":"status-publish","4":"has-post-thumbnail","6":"product_cat-curly-hair-lines","7":"product_cat-women-curly-hairlines","8":"product_cat-oils-and-butters-curly-hair","9":"pa_curl_type-3a-3b-3c-en","10":"pa_curl_type-4a-4b-4c-en","11":"pa_curl_type-2a-2b-2c-en","13":"first","14":"instock","15":"purchasable","16":"product-type-simple"},"acf":[],"yoast_head":"<!-- This site is optimized with the Yoast SEO plugin v27.0 - https:\/\/yoast.com\/product\/yoast-seo-wordpress\/ -->\n<title>Jojoba Oil for curly hair sebum-balancing | I Love Riccio<\/title>\n<meta name=\"description\" content=\"Discover the effectiveness of Jojoba Oil for normalizing the sebaceous glands of oily hair and fighting dandruff naturally. Available now.\" \/>\n<meta name=\"robots\" content=\"index, follow, max-snippet:-1, max-image-preview:large, max-video-preview:-1\" \/>\n<link rel=\"canonical\" href=\"https:\/\/www.ilovericcio.com\/en\/product\/jojoba-oil-i-love-riccio\/\" \/>\n<meta property=\"og:locale\" content=\"en_US\" \/>\n<meta property=\"og:type\" content=\"article\" \/>\n<meta property=\"og:title\" content=\"Jojoba Oil for curly hair sebum-balancing | I Love Riccio\" \/>\n<meta property=\"og:description\" content=\"Discover the effectiveness of Jojoba Oil for normalizing the sebaceous glands of oily hair and fighting dandruff naturally. Available now.\" \/>\n<meta property=\"og:url\" content=\"https:\/\/www.ilovericcio.com\/en\/product\/jojoba-oil-i-love-riccio\/\" \/>\n<meta property=\"og:site_name\" content=\"I Love Riccio\" \/>\n<meta property=\"article:publisher\" content=\"https:\/\/www.facebook.com\/ILoveRiccio\" \/>\n<meta property=\"article:modified_time\" content=\"2026-02-15T23:02:24+00:00\" \/>\n<meta property=\"og:image\" content=\"https:\/\/www.ilovericcio.com\/wp-content\/uploads\/2021\/01\/Olio-di-jojoba-trasparente.png\" \/>\n\t<meta property=\"og:image:width\" content=\"1400\" \/>\n\t<meta property=\"og:image:height\" content=\"1400\" \/>\n\t<meta property=\"og:image:type\" content=\"image\/png\" \/>\n<meta name=\"twitter:card\" content=\"summary_large_image\" \/>\n<meta name=\"twitter:label1\" content=\"Est. reading time\" \/>\n\t<meta name=\"twitter:data1\" content=\"2 minutes\" \/>\n<script type=\"application\/ld+json\" class=\"yoast-schema-graph\">{\"@context\":\"https:\/\/schema.org\",\"@graph\":[{\"@type\":\"WebPage\",\"@id\":\"https:\/\/www.ilovericcio.com\/en\/product\/jojoba-oil-i-love-riccio\/\",\"url\":\"https:\/\/www.ilovericcio.com\/en\/product\/jojoba-oil-i-love-riccio\/\",\"name\":\"Jojoba Oil for curly hair sebum-balancing | I Love Riccio\",\"isPartOf\":{\"@id\":\"https:\/\/www.ilovericcio.com\/en\/#website\"},\"primaryImageOfPage\":{\"@id\":\"https:\/\/www.ilovericcio.com\/en\/product\/jojoba-oil-i-love-riccio\/#primaryimage\"},\"image\":{\"@id\":\"https:\/\/www.ilovericcio.com\/en\/product\/jojoba-oil-i-love-riccio\/#primaryimage\"},\"thumbnailUrl\":\"https:\/\/www.ilovericcio.com\/wp-content\/uploads\/2021\/01\/Olio-di-jojoba-trasparente.png\",\"datePublished\":\"2021-01-27T11:38:05+00:00\",\"dateModified\":\"2026-02-15T23:02:24+00:00\",\"description\":\"Discover the effectiveness of Jojoba Oil for normalizing the sebaceous glands of oily hair and fighting dandruff naturally. Available now.\",\"breadcrumb\":{\"@id\":\"https:\/\/www.ilovericcio.com\/en\/product\/jojoba-oil-i-love-riccio\/#breadcrumb\"},\"inLanguage\":\"en-US\",\"potentialAction\":[{\"@type\":\"ReadAction\",\"target\":[\"https:\/\/www.ilovericcio.com\/en\/product\/jojoba-oil-i-love-riccio\/\"]}]},{\"@type\":\"ImageObject\",\"inLanguage\":\"en-US\",\"@id\":\"https:\/\/www.ilovericcio.com\/en\/product\/jojoba-oil-i-love-riccio\/#primaryimage\",\"url\":\"https:\/\/www.ilovericcio.com\/wp-content\/uploads\/2021\/01\/Olio-di-jojoba-trasparente.png\",\"contentUrl\":\"https:\/\/www.ilovericcio.com\/wp-content\/uploads\/2021\/01\/Olio-di-jojoba-trasparente.png\",\"width\":1400,\"height\":1400},{\"@type\":\"BreadcrumbList\",\"@id\":\"https:\/\/www.ilovericcio.com\/en\/product\/jojoba-oil-i-love-riccio\/#breadcrumb\",\"itemListElement\":[{\"@type\":\"ListItem\",\"position\":1,\"name\":\"Home\",\"item\":\"https:\/\/www.ilovericcio.com\/en\/\"},{\"@type\":\"ListItem\",\"position\":2,\"name\":\"Shop\",\"item\":\"https:\/\/www.ilovericcio.com\/en\/shop\/\"},{\"@type\":\"ListItem\",\"position\":3,\"name\":\"Jojoba Oil\"}]},{\"@type\":\"WebSite\",\"@id\":\"https:\/\/www.ilovericcio.com\/en\/#website\",\"url\":\"https:\/\/www.ilovericcio.com\/en\/\",\"name\":\"I Love Riccio\",\"description\":\"Prodotti per capelli ricci creati da noi, perfetti per te\",\"publisher\":{\"@id\":\"https:\/\/www.ilovericcio.com\/en\/#organization\"},\"alternateName\":\"ilovericcio\",\"potentialAction\":[{\"@type\":\"SearchAction\",\"target\":{\"@type\":\"EntryPoint\",\"urlTemplate\":\"https:\/\/www.ilovericcio.com\/en\/?s={search_term_string}\"},\"query-input\":{\"@type\":\"PropertyValueSpecification\",\"valueRequired\":true,\"valueName\":\"search_term_string\"}}],\"inLanguage\":\"en-US\"},{\"@type\":\"Organization\",\"@id\":\"https:\/\/www.ilovericcio.com\/en\/#organization\",\"name\":\"I Love Riccio\",\"alternateName\":\"ilovericcio\",\"url\":\"https:\/\/www.ilovericcio.com\/en\/\",\"logo\":{\"@type\":\"ImageObject\",\"inLanguage\":\"en-US\",\"@id\":\"https:\/\/www.ilovericcio.com\/en\/#\/schema\/logo\/image\/\",\"url\":\"https:\/\/www.ilovericcio.com\/wp-content\/uploads\/2022\/10\/I-love-riccio-logo-black-def.png\",\"contentUrl\":\"https:\/\/www.ilovericcio.com\/wp-content\/uploads\/2022\/10\/I-love-riccio-logo-black-def.png\",\"width\":186,\"height\":41,\"caption\":\"I Love Riccio\"},\"image\":{\"@id\":\"https:\/\/www.ilovericcio.com\/en\/#\/schema\/logo\/image\/\"},\"sameAs\":[\"https:\/\/www.facebook.com\/ILoveRiccio\",\"https:\/\/www.instagram.com\/i_love_riccio\/\",\"https:\/\/www.youtube.com\/user\/Ilovericcio\",\"https:\/\/it.pinterest.com\/ilovericcio\/\",\"https:\/\/www.tiktok.com\/@i_love_riccio\",\"https:\/\/www.feedaty.com\/recensioni\/ilovericcio\"]}]}<\/script>\n<!-- \/ Yoast SEO plugin. -->","yoast_head_json":{"title":"Jojoba Oil for curly hair sebum-balancing | I Love Riccio","description":"Discover the effectiveness of Jojoba Oil for normalizing the sebaceous glands of oily hair and fighting dandruff naturally. Available now.","robots":{"index":"index","follow":"follow","max-snippet":"max-snippet:-1","max-image-preview":"max-image-preview:large","max-video-preview":"max-video-preview:-1"},"canonical":"https:\/\/www.ilovericcio.com\/en\/product\/jojoba-oil-i-love-riccio\/","og_locale":"en_US","og_type":"article","og_title":"Jojoba Oil for curly hair sebum-balancing | I Love Riccio","og_description":"Discover the effectiveness of Jojoba Oil for normalizing the sebaceous glands of oily hair and fighting dandruff naturally. Available now.","og_url":"https:\/\/www.ilovericcio.com\/en\/product\/jojoba-oil-i-love-riccio\/","og_site_name":"I Love Riccio","article_publisher":"https:\/\/www.facebook.com\/ILoveRiccio","article_modified_time":"2026-02-15T23:02:24+00:00","og_image":[{"width":1400,"height":1400,"url":"https:\/\/www.ilovericcio.com\/wp-content\/uploads\/2021\/01\/Olio-di-jojoba-trasparente.png","type":"image\/png"}],"twitter_card":"summary_large_image","twitter_misc":{"Est. reading time":"2 minutes"},"schema":{"@context":"https:\/\/schema.org","@graph":[{"@type":"WebPage","@id":"https:\/\/www.ilovericcio.com\/en\/product\/jojoba-oil-i-love-riccio\/","url":"https:\/\/www.ilovericcio.com\/en\/product\/jojoba-oil-i-love-riccio\/","name":"Jojoba Oil for curly hair sebum-balancing | I Love Riccio","isPartOf":{"@id":"https:\/\/www.ilovericcio.com\/en\/#website"},"primaryImageOfPage":{"@id":"https:\/\/www.ilovericcio.com\/en\/product\/jojoba-oil-i-love-riccio\/#primaryimage"},"image":{"@id":"https:\/\/www.ilovericcio.com\/en\/product\/jojoba-oil-i-love-riccio\/#primaryimage"},"thumbnailUrl":"https:\/\/www.ilovericcio.com\/wp-content\/uploads\/2021\/01\/Olio-di-jojoba-trasparente.png","datePublished":"2021-01-27T11:38:05+00:00","dateModified":"2026-02-15T23:02:24+00:00","description":"Discover the effectiveness of Jojoba Oil for normalizing the sebaceous glands of oily hair and fighting dandruff naturally. Available now.","breadcrumb":{"@id":"https:\/\/www.ilovericcio.com\/en\/product\/jojoba-oil-i-love-riccio\/#breadcrumb"},"inLanguage":"en-US","potentialAction":[{"@type":"ReadAction","target":["https:\/\/www.ilovericcio.com\/en\/product\/jojoba-oil-i-love-riccio\/"]}]},{"@type":"ImageObject","inLanguage":"en-US","@id":"https:\/\/www.ilovericcio.com\/en\/product\/jojoba-oil-i-love-riccio\/#primaryimage","url":"https:\/\/www.ilovericcio.com\/wp-content\/uploads\/2021\/01\/Olio-di-jojoba-trasparente.png","contentUrl":"https:\/\/www.ilovericcio.com\/wp-content\/uploads\/2021\/01\/Olio-di-jojoba-trasparente.png","width":1400,"height":1400},{"@type":"BreadcrumbList","@id":"https:\/\/www.ilovericcio.com\/en\/product\/jojoba-oil-i-love-riccio\/#breadcrumb","itemListElement":[{"@type":"ListItem","position":1,"name":"Home","item":"https:\/\/www.ilovericcio.com\/en\/"},{"@type":"ListItem","position":2,"name":"Shop","item":"https:\/\/www.ilovericcio.com\/en\/shop\/"},{"@type":"ListItem","position":3,"name":"Jojoba Oil"}]},{"@type":"WebSite","@id":"https:\/\/www.ilovericcio.com\/en\/#website","url":"https:\/\/www.ilovericcio.com\/en\/","name":"I Love Riccio","description":"Prodotti per capelli ricci creati da noi, perfetti per te","publisher":{"@id":"https:\/\/www.ilovericcio.com\/en\/#organization"},"alternateName":"ilovericcio","potentialAction":[{"@type":"SearchAction","target":{"@type":"EntryPoint","urlTemplate":"https:\/\/www.ilovericcio.com\/en\/?s={search_term_string}"},"query-input":{"@type":"PropertyValueSpecification","valueRequired":true,"valueName":"search_term_string"}}],"inLanguage":"en-US"},{"@type":"Organization","@id":"https:\/\/www.ilovericcio.com\/en\/#organization","name":"I Love Riccio","alternateName":"ilovericcio","url":"https:\/\/www.ilovericcio.com\/en\/","logo":{"@type":"ImageObject","inLanguage":"en-US","@id":"https:\/\/www.ilovericcio.com\/en\/#\/schema\/logo\/image\/","url":"https:\/\/www.ilovericcio.com\/wp-content\/uploads\/2022\/10\/I-love-riccio-logo-black-def.png","contentUrl":"https:\/\/www.ilovericcio.com\/wp-content\/uploads\/2022\/10\/I-love-riccio-logo-black-def.png","width":186,"height":41,"caption":"I Love Riccio"},"image":{"@id":"https:\/\/www.ilovericcio.com\/en\/#\/schema\/logo\/image\/"},"sameAs":["https:\/\/www.facebook.com\/ILoveRiccio","https:\/\/www.instagram.com\/i_love_riccio\/","https:\/\/www.youtube.com\/user\/Ilovericcio","https:\/\/it.pinterest.com\/ilovericcio\/","https:\/\/www.tiktok.com\/@i_love_riccio","https:\/\/www.feedaty.com\/recensioni\/ilovericcio"]}]}},"_links":{"self":[{"href":"https:\/\/www.ilovericcio.com\/en\/wp-json\/wp\/v2\/product\/119170","targetHints":{"allow":["GET"]}}],"collection":[{"href":"https:\/\/www.ilovericcio.com\/en\/wp-json\/wp\/v2\/product"}],"about":[{"href":"https:\/\/www.ilovericcio.com\/en\/wp-json\/wp\/v2\/types\/product"}],"wp:featuredmedia":[{"embeddable":true,"href":"https:\/\/www.ilovericcio.com\/en\/wp-json\/wp\/v2\/media\/117371"}],"wp:attachment":[{"href":"https:\/\/www.ilovericcio.com\/en\/wp-json\/wp\/v2\/media?parent=119170"}],"wp:term":[{"taxonomy":"product_brand","embeddable":true,"href":"https:\/\/www.ilovericcio.com\/en\/wp-json\/wp\/v2\/product_brand?post=119170"},{"taxonomy":"product_cat","embeddable":true,"href":"https:\/\/www.ilovericcio.com\/en\/wp-json\/wp\/v2\/product_cat?post=119170"},{"taxonomy":"product_tag","embeddable":true,"href":"https:\/\/www.ilovericcio.com\/en\/wp-json\/wp\/v2\/product_tag?post=119170"}],"curies":[{"name":"wp","href":"https:\/\/api.w.org\/{rel}","templated":true}]}}