{"id":118445,"date":"2021-06-23T14:12:27","date_gmt":"2021-06-23T12:12:27","guid":{"rendered":"https:\/\/www.ilovericcio.it\/prodotto\/i-love-riccio-2gentle-100ml\/"},"modified":"2026-02-17T16:11:08","modified_gmt":"2026-02-17T15:11:08","slug":"i-love-riccio-2gentle-100ml","status":"publish","type":"product","link":"https:\/\/www.ilovericcio.com\/en\/product\/i-love-riccio-2gentle-100ml\/","title":{"rendered":"I Love Riccio 2Gentle\u00ae Mini Size 100ml"},"content":{"rendered":"<p><iframe loading=\"lazy\" style=\"float: left; padding-right: 20px; padding-bottom: 20px;\" src=\"https:\/\/www.youtube.com\/embed\/AlE7rR_Yy14?autoplay=1&amp;rel=0\" width=\"560\" height=\"315\" frameborder=\"0\" allowfullscreen=\"allowfullscreen\"><span data-mce-type=\"bookmark\" style=\"display: inline-block; width: 0px; overflow: hidden; line-height: 0;\" class=\"mce_SELRES_start\"><\/span><\/iframe><\/p>\n<p>Detergente delicato adatto ai capelli sottili, che richiedono volume. Il lavaggio \u00e8 il primo Step dell&#8217;idratazione e non va trascurato, ecco perch\u00e9 bisogna partire bene, con un prodotto delicato che cominci sin da subito a portare nutrizione ed elasticit\u00e0. 2Gentle diventer\u00e0 un prodotto insostituibile nella vostra Curly Routine!<\/p>\n<p>Sostanze funzionali presenti nel prodotto: collagene idrolizzato, cheratina idrolizzata.<\/p>\n<p><strong>Modo d\u2019uso:\u00a0<\/strong>applicare una noce di prodotto sulla cute ed emulsionare, distribuire su lunghezze, punte e risciacquare.<\/p>\n<p><strong>INCI<\/strong><\/p>\n<p>Acqua\u00a0 (water), sodium coceth sulfate, lauramidopropyl betaine, sodium cocopolyglucose tartrate, disodium cocopolyglucose, sulfosuccinate, hydrolyzed collagen, sodium dilaureth-7 citrate, sodium lauryl sulfate, hydrolyzed keratin, c12-14 pareth-3, polyquaternium 10, parfum (fragrance), limonene, cinnamal, linalool, imidazolidinyl urea, 2 bromo &#8211; 2 nitropropane, 1,3diol, citric acid, methylchloroisothiazolinone, methysothiazolinone, magnesium chloride, magnesium nitrate, CI60730 (D &amp; violet 2).<\/p>\n<p>100ml<\/p>\n","protected":false},"excerpt":{"rendered":"<p><strong>2Gentle Travel Size<\/strong> is a gentle cleansing shampoo suitable for fine hair that needs more volume and support. It is the perfect solution if you want to take care of your curls also when travelling, but without compromising on style.<\/p>\n","protected":false},"featured_media":114040,"template":"","meta":{"_acf_changed":false},"product_brand":[],"product_cat":[406,409,410,424,405,407,408,400],"product_tag":[],"class_list":{"0":"post-118445","1":"product","2":"type-product","3":"status-publish","4":"has-post-thumbnail","6":"product_cat-curly-hair-lines","7":"product_cat-curly-hair-products","8":"product_cat-curly-hair-shampoo","9":"product_cat-delicati-en","10":"product_cat-women-curly-hairlines","11":"product_cat-prodotti-per-capelli-crespi-en","12":"product_cat-prodotti-per-capelli-ondulati-en","13":"product_cat-uncategorized","14":"pa_curl_type-3a-3b-3c-en","15":"pa_curl_type-4a-4b-4c-en","16":"pa_curl_type-2a-2b-2c-en","18":"first","19":"instock","20":"purchasable","21":"product-type-simple"},"acf":[],"yoast_head":"<!-- This site is optimized with the Yoast SEO plugin v27.0 - https:\/\/yoast.com\/product\/yoast-seo-wordpress\/ -->\n<title>Volumizing shampoo for curly hair 2Gentle\u00ae 100 ml | I Love Riccio<\/title>\n<meta name=\"description\" content=\"2GENTLE\u00ae-Travel Size 100ml, our volumizing shampoo for wavy and curly hair designed for fine texture. Take it with you on vacation!\" \/>\n<meta name=\"robots\" content=\"index, follow, max-snippet:-1, max-image-preview:large, max-video-preview:-1\" \/>\n<link rel=\"canonical\" href=\"https:\/\/www.ilovericcio.com\/en\/product\/i-love-riccio-2gentle-100ml\/\" \/>\n<meta property=\"og:locale\" content=\"en_US\" \/>\n<meta property=\"og:type\" content=\"article\" \/>\n<meta property=\"og:title\" content=\"Volumizing shampoo for curly hair 2Gentle\u00ae 100 ml | I Love Riccio\" \/>\n<meta property=\"og:description\" content=\"2GENTLE\u00ae-Travel Size 100ml, our volumizing shampoo for wavy and curly hair designed for fine texture. Take it with you on vacation!\" \/>\n<meta property=\"og:url\" content=\"https:\/\/www.ilovericcio.com\/en\/product\/i-love-riccio-2gentle-100ml\/\" \/>\n<meta property=\"og:site_name\" content=\"I Love Riccio\" \/>\n<meta property=\"article:publisher\" content=\"https:\/\/www.facebook.com\/ILoveRiccio\" \/>\n<meta property=\"article:modified_time\" content=\"2026-02-17T15:11:08+00:00\" \/>\n<meta property=\"og:image\" content=\"https:\/\/www.ilovericcio.com\/wp-content\/uploads\/2021\/06\/2gentle-100ml.png\" \/>\n\t<meta property=\"og:image:width\" content=\"1080\" \/>\n\t<meta property=\"og:image:height\" content=\"1080\" \/>\n\t<meta property=\"og:image:type\" content=\"image\/png\" \/>\n<meta name=\"twitter:card\" content=\"summary_large_image\" \/>\n<meta name=\"twitter:label1\" content=\"Est. reading time\" \/>\n\t<meta name=\"twitter:data1\" content=\"1 minute\" \/>\n<script type=\"application\/ld+json\" class=\"yoast-schema-graph\">{\"@context\":\"https:\/\/schema.org\",\"@graph\":[{\"@type\":\"WebPage\",\"@id\":\"https:\/\/www.ilovericcio.com\/en\/product\/i-love-riccio-2gentle-100ml\/\",\"url\":\"https:\/\/www.ilovericcio.com\/en\/product\/i-love-riccio-2gentle-100ml\/\",\"name\":\"Volumizing shampoo for curly hair 2Gentle\u00ae 100 ml | I Love Riccio\",\"isPartOf\":{\"@id\":\"https:\/\/www.ilovericcio.com\/en\/#website\"},\"primaryImageOfPage\":{\"@id\":\"https:\/\/www.ilovericcio.com\/en\/product\/i-love-riccio-2gentle-100ml\/#primaryimage\"},\"image\":{\"@id\":\"https:\/\/www.ilovericcio.com\/en\/product\/i-love-riccio-2gentle-100ml\/#primaryimage\"},\"thumbnailUrl\":\"https:\/\/www.ilovericcio.com\/wp-content\/uploads\/2021\/06\/2gentle-100ml.png\",\"datePublished\":\"2021-06-23T12:12:27+00:00\",\"dateModified\":\"2026-02-17T15:11:08+00:00\",\"description\":\"2GENTLE\u00ae-Travel Size 100ml, our volumizing shampoo for wavy and curly hair designed for fine texture. Take it with you on vacation!\",\"breadcrumb\":{\"@id\":\"https:\/\/www.ilovericcio.com\/en\/product\/i-love-riccio-2gentle-100ml\/#breadcrumb\"},\"inLanguage\":\"en-US\",\"potentialAction\":[{\"@type\":\"ReadAction\",\"target\":[\"https:\/\/www.ilovericcio.com\/en\/product\/i-love-riccio-2gentle-100ml\/\"]}]},{\"@type\":\"ImageObject\",\"inLanguage\":\"en-US\",\"@id\":\"https:\/\/www.ilovericcio.com\/en\/product\/i-love-riccio-2gentle-100ml\/#primaryimage\",\"url\":\"https:\/\/www.ilovericcio.com\/wp-content\/uploads\/2021\/06\/2gentle-100ml.png\",\"contentUrl\":\"https:\/\/www.ilovericcio.com\/wp-content\/uploads\/2021\/06\/2gentle-100ml.png\",\"width\":1080,\"height\":1080},{\"@type\":\"BreadcrumbList\",\"@id\":\"https:\/\/www.ilovericcio.com\/en\/product\/i-love-riccio-2gentle-100ml\/#breadcrumb\",\"itemListElement\":[{\"@type\":\"ListItem\",\"position\":1,\"name\":\"Home\",\"item\":\"https:\/\/www.ilovericcio.com\/en\/\"},{\"@type\":\"ListItem\",\"position\":2,\"name\":\"Shop\",\"item\":\"https:\/\/www.ilovericcio.com\/en\/shop\/\"},{\"@type\":\"ListItem\",\"position\":3,\"name\":\"I Love Riccio 2Gentle\u00ae Mini Size 100ml\"}]},{\"@type\":\"WebSite\",\"@id\":\"https:\/\/www.ilovericcio.com\/en\/#website\",\"url\":\"https:\/\/www.ilovericcio.com\/en\/\",\"name\":\"I Love Riccio\",\"description\":\"Prodotti per capelli ricci creati da noi, perfetti per te\",\"publisher\":{\"@id\":\"https:\/\/www.ilovericcio.com\/en\/#organization\"},\"alternateName\":\"ilovericcio\",\"potentialAction\":[{\"@type\":\"SearchAction\",\"target\":{\"@type\":\"EntryPoint\",\"urlTemplate\":\"https:\/\/www.ilovericcio.com\/en\/?s={search_term_string}\"},\"query-input\":{\"@type\":\"PropertyValueSpecification\",\"valueRequired\":true,\"valueName\":\"search_term_string\"}}],\"inLanguage\":\"en-US\"},{\"@type\":\"Organization\",\"@id\":\"https:\/\/www.ilovericcio.com\/en\/#organization\",\"name\":\"I Love Riccio\",\"alternateName\":\"ilovericcio\",\"url\":\"https:\/\/www.ilovericcio.com\/en\/\",\"logo\":{\"@type\":\"ImageObject\",\"inLanguage\":\"en-US\",\"@id\":\"https:\/\/www.ilovericcio.com\/en\/#\/schema\/logo\/image\/\",\"url\":\"https:\/\/www.ilovericcio.com\/wp-content\/uploads\/2022\/10\/I-love-riccio-logo-black-def.png\",\"contentUrl\":\"https:\/\/www.ilovericcio.com\/wp-content\/uploads\/2022\/10\/I-love-riccio-logo-black-def.png\",\"width\":186,\"height\":41,\"caption\":\"I Love Riccio\"},\"image\":{\"@id\":\"https:\/\/www.ilovericcio.com\/en\/#\/schema\/logo\/image\/\"},\"sameAs\":[\"https:\/\/www.facebook.com\/ILoveRiccio\",\"https:\/\/www.instagram.com\/i_love_riccio\/\",\"https:\/\/www.youtube.com\/user\/Ilovericcio\",\"https:\/\/it.pinterest.com\/ilovericcio\/\",\"https:\/\/www.tiktok.com\/@i_love_riccio\",\"https:\/\/www.feedaty.com\/recensioni\/ilovericcio\"]}]}<\/script>\n<!-- \/ Yoast SEO plugin. -->","yoast_head_json":{"title":"Volumizing shampoo for curly hair 2Gentle\u00ae 100 ml | I Love Riccio","description":"2GENTLE\u00ae-Travel Size 100ml, our volumizing shampoo for wavy and curly hair designed for fine texture. Take it with you on vacation!","robots":{"index":"index","follow":"follow","max-snippet":"max-snippet:-1","max-image-preview":"max-image-preview:large","max-video-preview":"max-video-preview:-1"},"canonical":"https:\/\/www.ilovericcio.com\/en\/product\/i-love-riccio-2gentle-100ml\/","og_locale":"en_US","og_type":"article","og_title":"Volumizing shampoo for curly hair 2Gentle\u00ae 100 ml | I Love Riccio","og_description":"2GENTLE\u00ae-Travel Size 100ml, our volumizing shampoo for wavy and curly hair designed for fine texture. Take it with you on vacation!","og_url":"https:\/\/www.ilovericcio.com\/en\/product\/i-love-riccio-2gentle-100ml\/","og_site_name":"I Love Riccio","article_publisher":"https:\/\/www.facebook.com\/ILoveRiccio","article_modified_time":"2026-02-17T15:11:08+00:00","og_image":[{"width":1080,"height":1080,"url":"https:\/\/www.ilovericcio.com\/wp-content\/uploads\/2021\/06\/2gentle-100ml.png","type":"image\/png"}],"twitter_card":"summary_large_image","twitter_misc":{"Est. reading time":"1 minute"},"schema":{"@context":"https:\/\/schema.org","@graph":[{"@type":"WebPage","@id":"https:\/\/www.ilovericcio.com\/en\/product\/i-love-riccio-2gentle-100ml\/","url":"https:\/\/www.ilovericcio.com\/en\/product\/i-love-riccio-2gentle-100ml\/","name":"Volumizing shampoo for curly hair 2Gentle\u00ae 100 ml | I Love Riccio","isPartOf":{"@id":"https:\/\/www.ilovericcio.com\/en\/#website"},"primaryImageOfPage":{"@id":"https:\/\/www.ilovericcio.com\/en\/product\/i-love-riccio-2gentle-100ml\/#primaryimage"},"image":{"@id":"https:\/\/www.ilovericcio.com\/en\/product\/i-love-riccio-2gentle-100ml\/#primaryimage"},"thumbnailUrl":"https:\/\/www.ilovericcio.com\/wp-content\/uploads\/2021\/06\/2gentle-100ml.png","datePublished":"2021-06-23T12:12:27+00:00","dateModified":"2026-02-17T15:11:08+00:00","description":"2GENTLE\u00ae-Travel Size 100ml, our volumizing shampoo for wavy and curly hair designed for fine texture. Take it with you on vacation!","breadcrumb":{"@id":"https:\/\/www.ilovericcio.com\/en\/product\/i-love-riccio-2gentle-100ml\/#breadcrumb"},"inLanguage":"en-US","potentialAction":[{"@type":"ReadAction","target":["https:\/\/www.ilovericcio.com\/en\/product\/i-love-riccio-2gentle-100ml\/"]}]},{"@type":"ImageObject","inLanguage":"en-US","@id":"https:\/\/www.ilovericcio.com\/en\/product\/i-love-riccio-2gentle-100ml\/#primaryimage","url":"https:\/\/www.ilovericcio.com\/wp-content\/uploads\/2021\/06\/2gentle-100ml.png","contentUrl":"https:\/\/www.ilovericcio.com\/wp-content\/uploads\/2021\/06\/2gentle-100ml.png","width":1080,"height":1080},{"@type":"BreadcrumbList","@id":"https:\/\/www.ilovericcio.com\/en\/product\/i-love-riccio-2gentle-100ml\/#breadcrumb","itemListElement":[{"@type":"ListItem","position":1,"name":"Home","item":"https:\/\/www.ilovericcio.com\/en\/"},{"@type":"ListItem","position":2,"name":"Shop","item":"https:\/\/www.ilovericcio.com\/en\/shop\/"},{"@type":"ListItem","position":3,"name":"I Love Riccio 2Gentle\u00ae Mini Size 100ml"}]},{"@type":"WebSite","@id":"https:\/\/www.ilovericcio.com\/en\/#website","url":"https:\/\/www.ilovericcio.com\/en\/","name":"I Love Riccio","description":"Prodotti per capelli ricci creati da noi, perfetti per te","publisher":{"@id":"https:\/\/www.ilovericcio.com\/en\/#organization"},"alternateName":"ilovericcio","potentialAction":[{"@type":"SearchAction","target":{"@type":"EntryPoint","urlTemplate":"https:\/\/www.ilovericcio.com\/en\/?s={search_term_string}"},"query-input":{"@type":"PropertyValueSpecification","valueRequired":true,"valueName":"search_term_string"}}],"inLanguage":"en-US"},{"@type":"Organization","@id":"https:\/\/www.ilovericcio.com\/en\/#organization","name":"I Love Riccio","alternateName":"ilovericcio","url":"https:\/\/www.ilovericcio.com\/en\/","logo":{"@type":"ImageObject","inLanguage":"en-US","@id":"https:\/\/www.ilovericcio.com\/en\/#\/schema\/logo\/image\/","url":"https:\/\/www.ilovericcio.com\/wp-content\/uploads\/2022\/10\/I-love-riccio-logo-black-def.png","contentUrl":"https:\/\/www.ilovericcio.com\/wp-content\/uploads\/2022\/10\/I-love-riccio-logo-black-def.png","width":186,"height":41,"caption":"I Love Riccio"},"image":{"@id":"https:\/\/www.ilovericcio.com\/en\/#\/schema\/logo\/image\/"},"sameAs":["https:\/\/www.facebook.com\/ILoveRiccio","https:\/\/www.instagram.com\/i_love_riccio\/","https:\/\/www.youtube.com\/user\/Ilovericcio","https:\/\/it.pinterest.com\/ilovericcio\/","https:\/\/www.tiktok.com\/@i_love_riccio","https:\/\/www.feedaty.com\/recensioni\/ilovericcio"]}]}},"_links":{"self":[{"href":"https:\/\/www.ilovericcio.com\/en\/wp-json\/wp\/v2\/product\/118445","targetHints":{"allow":["GET"]}}],"collection":[{"href":"https:\/\/www.ilovericcio.com\/en\/wp-json\/wp\/v2\/product"}],"about":[{"href":"https:\/\/www.ilovericcio.com\/en\/wp-json\/wp\/v2\/types\/product"}],"wp:featuredmedia":[{"embeddable":true,"href":"https:\/\/www.ilovericcio.com\/en\/wp-json\/wp\/v2\/media\/114040"}],"wp:attachment":[{"href":"https:\/\/www.ilovericcio.com\/en\/wp-json\/wp\/v2\/media?parent=118445"}],"wp:term":[{"taxonomy":"product_brand","embeddable":true,"href":"https:\/\/www.ilovericcio.com\/en\/wp-json\/wp\/v2\/product_brand?post=118445"},{"taxonomy":"product_cat","embeddable":true,"href":"https:\/\/www.ilovericcio.com\/en\/wp-json\/wp\/v2\/product_cat?post=118445"},{"taxonomy":"product_tag","embeddable":true,"href":"https:\/\/www.ilovericcio.com\/en\/wp-json\/wp\/v2\/product_tag?post=118445"}],"curies":[{"name":"wp","href":"https:\/\/api.w.org\/{rel}","templated":true}]}}