{"id":119485,"date":"2018-06-22T09:41:12","date_gmt":"2018-06-22T07:41:12","guid":{"rendered":"https:\/\/www.ilovericcio.it\/chi-siamo\/"},"modified":"2026-01-28T13:19:02","modified_gmt":"2026-01-28T12:19:02","slug":"about-us","status":"publish","type":"page","link":"https:\/\/www.ilovericcio.com\/en\/fulvio-tirrico\/","title":{"rendered":"About us"},"content":{"rendered":"<p>[vc_row][vc_column width=&#8221;1\/4&#8243;][\/vc_column][vc_column width=&#8221;1\/2&#8243;][porto_ultimate_heading sub_heading_color=&#8221;#7a7d82&#8243; main_heading_font_weight=&#8221;700&#8243; sub_heading_font_weight=&#8221;&#8221; main_heading_font_size=&#8221;25&#8243; main_heading_line_height=&#8221;50&#8243; sub_heading_font_size=&#8221;15&#8243; sub_heading_line_height=&#8221;27&#8243; main_heading_margin_bottom=&#8221;0&#8243; sub_heading_margin_bottom=&#8221;0&#8243;]<\/p>\n<h1 style=\"text-align: center; margin-bottom: 0px;\"><strong>Mi chiamo Fulvio Tirrico<\/strong><\/h1>\n<h3 style=\"text-align: center;\">Ideatore di I love Riccio e del metodo di taglio X-Curl<\/h3>\n<p>[\/porto_ultimate_heading][vc_single_image image=&#8221;3572&#8243; img_size=&#8221;full&#8221; alignment=&#8221;center&#8221;][\/vc_column][vc_column width=&#8221;1\/4&#8243;][\/vc_column][\/vc_row][vc_row wrap_container=&#8221;yes&#8221; css=&#8221;.vc_custom_1582811186148{margin-top: 30px !important;margin-bottom: 30px !important;padding-top: 0px !important;}&#8221;][vc_column width=&#8221;5\/6&#8243; offset=&#8221;vc_col-md-offset-2 vc_col-md-8 vc_col-sm-offset-1&#8243;][porto_ultimate_heading sub_heading_color=&#8221;#7a7d82&#8243; main_heading_font_weight=&#8221;700&#8243; sub_heading_font_weight=&#8221;&#8221; main_heading_font_size=&#8221;25&#8243; main_heading_line_height=&#8221;50&#8243; sub_heading_font_size=&#8221;15&#8243; sub_heading_line_height=&#8221;27&#8243;]<\/p>\n<h3>Come \u00e8 nata la mia passione per i capelli ricci?<\/h3>\n<p>Osservando gli acconciatori di Manhattan, a\u00a0<b>New York<\/b>, dove ho lavorato e collaborato con un importante salone.<\/p>\n<h3><i class=\"fal fa-graduation-cap\"><\/i> Formazione<\/h3>\n<p>Non ho voluto tralasciare nulla nella mia formazione: alle ultime tendenze e innovazioni, si sono aggiunte la preparazione in tricologia e in colorimetria.<\/p>\n<h3><i class=\"fal fa-plane\"><\/i> Viaggi<\/h3>\n<p>La mia curiosit\u00e0 e la voglia di sperimentare mi hanno portato a viaggiare molto:\u00a0<b>Barcellona, Parigi, New York<\/b>, sui set fotografici nelle capitali del fashion, citt\u00e0 che mi hanno arricchito di novit\u00e0 e spunti creativi. Da tutto il mio background di esperienze e preparazione \u00e8 nato X-Curl, la mia creatura, il taglio specifico per capelli ricci e mossi.[\/porto_ultimate_heading][\/vc_column][\/vc_row][vc_row][vc_column width=&#8221;1\/3&#8243;][\/vc_column][vc_column width=&#8221;1\/3&#8243;][vc_row_inner][vc_column_inner width=&#8221;1\/3&#8243;][porto_stat_counter icon_size=&#8221;32&#8243; counter_title=&#8221;Anni di formazione&#8221; counter_value=&#8221;20&#8243; counter_sep=&#8221;&#8221; counter_decimal=&#8221;&#8221; counter_suffix=&#8221;+&#8221; speed=&#8221;3&#8243; counter_color_txt=&#8221;#7a7d82&#8243; title_font_style=&#8221;600&#8243; desc_font_style=&#8221;400&#8243; suf_pref_font_style=&#8221;400&#8243; desc_font=&#8221;Oswald&#8221; suf_pref_font=&#8221;Oswald&#8221; title_font_size=&#8221;16&#8243; desc_font_size=&#8221;36&#8243; desc_font_line_height=&#8221;24&#8243; desc_font_color=&#8221;#21293c&#8221; suf_pref_font_size=&#8221;36&#8243; suf_pref_line_height=&#8221;24&#8243; suf_pref_font_color=&#8221;#21293c&#8221;][\/vc_column_inner][vc_column_inner width=&#8221;1\/3&#8243;][porto_stat_counter icon_size=&#8221;32&#8243; counter_title=&#8221;Atelier&#8221; counter_value=&#8221;4&#8243; counter_sep=&#8221;&#8221; counter_decimal=&#8221;&#8221; speed=&#8221;3&#8243; counter_color_txt=&#8221;#7a7d82&#8243; title_font_style=&#8221;600&#8243; desc_font_style=&#8221;400&#8243; suf_pref_font_style=&#8221;400&#8243; desc_font=&#8221;Oswald&#8221; suf_pref_font=&#8221;Oswald&#8221; title_font_size=&#8221;16&#8243; desc_font_size=&#8221;36&#8243; desc_font_line_height=&#8221;24&#8243; desc_font_color=&#8221;#21293c&#8221; suf_pref_font_size=&#8221;36&#8243; suf_pref_line_height=&#8221;24&#8243; suf_pref_font_color=&#8221;#21293c&#8221;][\/vc_column_inner][vc_column_inner width=&#8221;1\/3&#8243;][porto_stat_counter icon_size=&#8221;32&#8243; counter_title=&#8221;Eventi al mese&#8221; counter_value=&#8221;20&#8243; counter_sep=&#8221;&#8221; counter_decimal=&#8221;&#8221; speed=&#8221;3&#8243; counter_color_txt=&#8221;#7a7d82&#8243; title_font_style=&#8221;600&#8243; desc_font_style=&#8221;400&#8243; suf_pref_font_style=&#8221;400&#8243; desc_font=&#8221;Oswald&#8221; suf_pref_font=&#8221;Oswald&#8221; title_font_size=&#8221;16&#8243; desc_font_size=&#8221;36&#8243; desc_font_line_height=&#8221;24&#8243; desc_font_color=&#8221;#21293c&#8221; suf_pref_font_size=&#8221;36&#8243; suf_pref_line_height=&#8221;24&#8243; suf_pref_font_color=&#8221;#21293c&#8221;][\/vc_column_inner][\/vc_row_inner][\/vc_column][vc_column width=&#8221;1\/3&#8243;][\/vc_column][\/vc_row][vc_row full_width=&#8221;stretch_row_content_no_spaces&#8221; parallax=&#8221;content-moving&#8221; parallax_image=&#8221;2857&#8243; parallax_speed_bg=&#8221;3&#8243; disable_element=&#8221;yes&#8221; wrap_container=&#8221;yes&#8221; css=&#8221;.vc_custom_1582896382048{margin-bottom: 0px !important;padding-top: 150px !important;padding-bottom: 120px !important;}&#8221;][vc_column width=&#8221;5\/6&#8243; offset=&#8221;vc_col-md-offset-2 vc_col-md-8 vc_col-sm-offset-1&#8243; css=&#8221;.vc_custom_1582811073457{margin-bottom: 0px !important;}&#8221;][porto_ultimate_heading sub_heading_color=&#8221;#7a7d82&#8243; main_heading_font_weight=&#8221;700&#8243; sub_heading_font_weight=&#8221;&#8221; main_heading_font_size=&#8221;25&#8243; main_heading_line_height=&#8221;50&#8243; sub_heading_font_size=&#8221;15&#8243; sub_heading_line_height=&#8221;27&#8243; main_heading_margin_bottom=&#8221;0&#8243; sub_heading_margin_bottom=&#8221;0&#8243;]<\/p>\n<h2 style=\"text-align: center; color: white;\">Mi chiamo Fulvio Tirrico, ideatore di I love Riccio e del metodo di taglio X-Curl.<\/h2>\n<p>[\/porto_ultimate_heading][\/vc_column][\/vc_row][vc_row wrap_container=&#8221;yes&#8221; css=&#8221;.vc_custom_1582896646693{margin-top: 50px !important;padding-top: 30px !important;padding-bottom: 20px !important;background-color: #f7f7f7 !important;}&#8221;][vc_column][porto_ultimate_heading main_heading=&#8221;LA MIA STORIA&#8221; main_heading_font_weight=&#8221;700&#8243; sub_heading_font_weight=&#8221;&#8221; main_heading_font_size=&#8221;25&#8243; main_heading_line_height=&#8221;50&#8243;][\/porto_ultimate_heading][\/vc_column][\/vc_row][vc_row full_width=&#8221;stretch_row&#8221; wrap_container=&#8221;yes&#8221; css=&#8221;.vc_custom_1582896616197{padding-top: 50px !important;padding-bottom: 50px !important;background-color: #ffffff !important;}&#8221; el_class=&#8221;order-history&#8221;][vc_column width=&#8221;1\/2&#8243;][vc_single_image image=&#8221;3832&#8243; img_size=&#8221;full&#8221; el_class=&#8221;storia-video&#8221;][porto_modal modal_contain=&#8221;youtube&#8221; youtube_url=&#8221;https:\/\/www.youtube.com\/watch?v=XIY5L-wH_wA&#8221; modal_on=&#8221;custom-selector&#8221; modal_on_selector=&#8221;.storia-video&#8221; overlay_bg_opacity=&#8221;80&#8243;][\/porto_modal][\/vc_column][vc_column width=&#8221;1\/2&#8243; css=&#8221;.vc_custom_1518510041939{padding-top: 20px !important;}&#8221;][vc_tour position=&#8221;vertical-right&#8221; color=&#8221;#979797&#8243; el_class=&#8221;tab-laterale-chi-siamo&#8221;][vc_tab title=&#8221;2021&#8243; tab_id=&#8221;1648045097175-4-4&#8243;][porto_ultimate_heading main_heading=&#8221;Nuovi Atelier e oltre 20 I Love Riccio Point&#8221; main_heading_color=&#8221;#21293c&#8221; sub_heading_color=&#8221;#7a7d82&#8243; alignment=&#8221;left&#8221; main_heading_porto_typography=&#8221;{&#8220;family&#8220;:&#8220;Default&#8220;,&#8220;variant&#8220;:&#8220;500&#8220;,&#8220;font_size&#8220;:&#8220;30&#8220;,&#8220;line_height&#8220;:&#8220;&#8220;,&#8220;letter_spacing&#8220;:&#8220;&#8220;,&#8220;text_transform&#8220;:&#8220;none&#8220;}&#8221; sub_heading_porto_typography=&#8221;{&#8220;family&#8220;:&#8220;Default&#8220;,&#8220;variant&#8220;:&#8220;Default&#8220;,&#8220;font_size&#8220;:&#8220;15&#8220;,&#8220;line_height&#8220;:&#8220;&#8220;,&#8220;letter_spacing&#8220;:&#8220;&#8220;,&#8220;text_transform&#8220;:&#8220;none&#8220;}&#8221;]Dal 2019 al 2021 la crescita esponenziale del brand si conferma con l&#8217;apertura di 2 nuovi Atelier, a Roma ed a Catania. Inoltre nascono sempre pi\u00f9 numerosi nuovi I Love Riccio Point, rivenditori dei prodotti I Love Riccio: ad oggi sono pi\u00f9 di 20 in tutt&#8217;Italia ed in Europa.[\/porto_ultimate_heading][\/vc_tab][vc_tab title=&#8221;2019&#8243; tab_id=&#8221;1585564608951-3-2&#8243;][porto_ultimate_heading main_heading=&#8221;Milano &#8211; I Love Riccio 49&#8243; main_heading_color=&#8221;#21293c&#8221; sub_heading_color=&#8221;#7a7d82&#8243; alignment=&#8221;left&#8221; main_heading_font_weight=&#8221;500&#8243; sub_heading_font_weight=&#8221;&#8221; main_heading_font_family=&#8221;Oswald&#8221; main_heading_font_size=&#8221;30&#8243; main_heading_line_height=&#8221;48&#8243; sub_heading_font_size=&#8221;15&#8243; sub_heading_line_height=&#8221;27&#8243;]Apre a Milano il nuovo atelier I Love Riccio 49 che, assieme ad I Love Riccio 52, diventa il pi\u00f9 grande salone per la cura dei capelli ricci d\u2019Europa con una superficie pari a 300mq.[\/porto_ultimate_heading][\/vc_tab][vc_tab title=&#8221;2007&#8243; tab_id=&#8221;456f0d2d-ace3-1&#8243;][porto_ultimate_heading main_heading=&#8221;Milano &#8211; Nasce I Love Riccio&#8221; main_heading_color=&#8221;#21293c&#8221; sub_heading_color=&#8221;#7a7d82&#8243; alignment=&#8221;left&#8221; main_heading_font_weight=&#8221;500&#8243; sub_heading_font_weight=&#8221;&#8221; main_heading_font_family=&#8221;Oswald&#8221; main_heading_font_size=&#8221;30&#8243; main_heading_line_height=&#8221;48&#8243; sub_heading_font_size=&#8221;15&#8243; sub_heading_line_height=&#8221;27&#8243;]Tornato in Italia ho fondato il Brand I Love Riccio e aperto il primo Salone a Milano diventato nel corso degli anni il quartier generale dei capelli ricci per portare all\u2019eccellenza i servizi dedicati appunto a questa tipologia di capelli.[\/porto_ultimate_heading][\/vc_tab][vc_tab title=&#8221;2000&#8243; tab_id=&#8221;bd2b1fa8-26c7-0&#8243;][porto_ultimate_heading main_heading=&#8221;New York &#8211; NYC Academy&#8221; main_heading_color=&#8221;#21293c&#8221; sub_heading_color=&#8221;#7a7d82&#8243; alignment=&#8221;left&#8221; main_heading_font_weight=&#8221;500&#8243; sub_heading_font_weight=&#8221;&#8221; main_heading_font_family=&#8221;Oswald&#8221; main_heading_font_size=&#8221;30&#8243; main_heading_line_height=&#8221;48&#8243; sub_heading_font_size=&#8221;15&#8243; sub_heading_line_height=&#8221;27&#8243;]Qui ho potuto apprendere le diverse tecniche utilizzate per tagliare e lavorare le chiome ricce (molto diffuse soprattutto tra le afro americane).[\/porto_ultimate_heading][\/vc_tab][vc_tab title=&#8221;1995&#8243; tab_id=&#8221;1518509369388-2-9&#8243;][porto_ultimate_heading main_heading=&#8221;Londra &#8211; Vidal Sassoon Academy&#8221; main_heading_color=&#8221;#21293c&#8221; sub_heading_color=&#8221;#7a7d82&#8243; alignment=&#8221;left&#8221; main_heading_font_weight=&#8221;500&#8243; sub_heading_font_weight=&#8221;&#8221; main_heading_font_family=&#8221;Oswald&#8221; main_heading_font_size=&#8221;30&#8243; main_heading_line_height=&#8221;48&#8243; sub_heading_font_size=&#8221;15&#8243; sub_heading_line_height=&#8221;27&#8243;]Ho frequentato la\u00a0<b>Vidal Sassoon Academy<\/b>\u00a0di Londra che, per i non addetti ai lavori, \u00e8 la madre di tutte le scuole di hairstyling, l\u2019olimpo dei parrucchieri, insomma.[\/porto_ultimate_heading][\/vc_tab][\/vc_tour][\/vc_column][\/vc_row]<\/p>\n","protected":false},"excerpt":{"rendered":"<p>[vc_row][vc_column width=&#8221;1\/4&#8243;][\/vc_column][vc_column width=&#8221;1\/2&#8243;][porto_ultimate_heading sub_heading_color=&#8221;#7a7d82&#8243; main_heading_font_weight=&#8221;700&#8243; sub_heading_font_weight=&#8221;&#8221; main_heading_font_size=&#8221;25&#8243; main_heading_line_height=&#8221;50&#8243; sub_heading_font_size=&#8221;15&#8243; sub_heading_line_height=&#8221;27&#8243; main_heading_margin_bottom=&#8221;0&#8243; sub_heading_margin_bottom=&#8221;0&#8243;] Mi chiamo Fulvio Tirrico Ideatore di I love Riccio e del metodo di taglio X-Curl [\/porto_ultimate_heading][vc_single_image image=&#8221;3572&#8243; img_size=&#8221;full&#8221; alignment=&#8221;center&#8221;][\/vc_column][vc_column width=&#8221;1\/4&#8243;][\/vc_column][\/vc_row][vc_row wrap_container=&#8221;yes&#8221; css=&#8221;.vc_custom_1582811186148{margin-top: 30px !important;margin-bottom: 30px !important;padding-top: 0px !important;}&#8221;][vc_column width=&#8221;5\/6&#8243; offset=&#8221;vc_col-md-offset-2 vc_col-md-8 vc_col-sm-offset-1&#8243;][porto_ultimate_heading sub_heading_color=&#8221;#7a7d82&#8243; main_heading_font_weight=&#8221;700&#8243; sub_heading_font_weight=&#8221;&#8221; main_heading_font_size=&#8221;25&#8243; main_heading_line_height=&#8221;50&#8243; sub_heading_font_size=&#8221;15&#8243; sub_heading_line_height=&#8221;27&#8243;] Come \u00e8 nata la [&hellip;]<\/p>\n","protected":false},"author":30709,"featured_media":0,"parent":0,"menu_order":0,"comment_status":"closed","ping_status":"closed","template":"istituzionali.php","meta":{"_acf_changed":false,"footnotes":""},"class_list":["post-119485","page","type-page","status-publish","hentry"],"acf":[],"yoast_head":"<!-- This site is optimized with the Yoast SEO plugin v27.0 - https:\/\/yoast.com\/product\/yoast-seo-wordpress\/ -->\n<title>I Love Riccio: the #1 Brand in Italy for Curly Hair Care<\/title>\n<meta name=\"description\" content=\"Discover the techniques and tips from Fulvio Tirrico and the Curly Hair Experts at I Love Riccio. Learn how to take care of your curls.\" \/>\n<meta name=\"robots\" content=\"index, follow, max-snippet:-1, max-image-preview:large, max-video-preview:-1\" \/>\n<link rel=\"canonical\" href=\"https:\/\/www.ilovericcio.com\/en\/fulvio-tirrico\/\" \/>\n<meta property=\"og:locale\" content=\"en_US\" \/>\n<meta property=\"og:type\" content=\"article\" \/>\n<meta property=\"og:title\" content=\"I Love Riccio: the #1 Brand in Italy for Curly Hair Care\" \/>\n<meta property=\"og:description\" content=\"Discover the techniques and tips from Fulvio Tirrico and the Curly Hair Experts at I Love Riccio. Learn how to take care of your curls.\" \/>\n<meta property=\"og:url\" content=\"https:\/\/www.ilovericcio.com\/en\/fulvio-tirrico\/\" \/>\n<meta property=\"og:site_name\" content=\"I Love Riccio\" \/>\n<meta property=\"article:publisher\" content=\"https:\/\/www.facebook.com\/ILoveRiccio\" \/>\n<meta property=\"article:modified_time\" content=\"2026-01-28T12:19:02+00:00\" \/>\n<meta property=\"og:image\" content=\"https:\/\/www.ilovericcio.com\/wp-content\/uploads\/2022\/10\/01-ilr-home-hero-1080x1080-mobile.jpg\" \/>\n\t<meta property=\"og:image:width\" content=\"1080\" \/>\n\t<meta property=\"og:image:height\" content=\"1080\" \/>\n\t<meta property=\"og:image:type\" content=\"image\/jpeg\" \/>\n<meta name=\"twitter:card\" content=\"summary_large_image\" \/>\n<meta name=\"twitter:label1\" content=\"Est. reading time\" \/>\n\t<meta name=\"twitter:data1\" content=\"4 minutes\" \/>\n<script type=\"application\/ld+json\" class=\"yoast-schema-graph\">{\"@context\":\"https:\/\/schema.org\",\"@graph\":[{\"@type\":\"WebPage\",\"@id\":\"https:\/\/www.ilovericcio.com\/en\/fulvio-tirrico\/\",\"url\":\"https:\/\/www.ilovericcio.com\/en\/fulvio-tirrico\/\",\"name\":\"I Love Riccio: the #1 Brand in Italy for Curly Hair Care\",\"isPartOf\":{\"@id\":\"https:\/\/www.ilovericcio.com\/en\/#website\"},\"datePublished\":\"2018-06-22T07:41:12+00:00\",\"dateModified\":\"2026-01-28T12:19:02+00:00\",\"description\":\"Discover the techniques and tips from Fulvio Tirrico and the Curly Hair Experts at I Love Riccio. Learn how to take care of your curls.\",\"breadcrumb\":{\"@id\":\"https:\/\/www.ilovericcio.com\/en\/fulvio-tirrico\/#breadcrumb\"},\"inLanguage\":\"en-US\",\"potentialAction\":[{\"@type\":\"ReadAction\",\"target\":[\"https:\/\/www.ilovericcio.com\/en\/fulvio-tirrico\/\"]}]},{\"@type\":\"BreadcrumbList\",\"@id\":\"https:\/\/www.ilovericcio.com\/en\/fulvio-tirrico\/#breadcrumb\",\"itemListElement\":[{\"@type\":\"ListItem\",\"position\":1,\"name\":\"Home\",\"item\":\"https:\/\/www.ilovericcio.com\/en\/\"},{\"@type\":\"ListItem\",\"position\":2,\"name\":\"About us\"}]},{\"@type\":\"WebSite\",\"@id\":\"https:\/\/www.ilovericcio.com\/en\/#website\",\"url\":\"https:\/\/www.ilovericcio.com\/en\/\",\"name\":\"I Love Riccio\",\"description\":\"Prodotti per capelli ricci creati da noi, perfetti per te\",\"publisher\":{\"@id\":\"https:\/\/www.ilovericcio.com\/en\/#organization\"},\"alternateName\":\"ilovericcio\",\"potentialAction\":[{\"@type\":\"SearchAction\",\"target\":{\"@type\":\"EntryPoint\",\"urlTemplate\":\"https:\/\/www.ilovericcio.com\/en\/?s={search_term_string}\"},\"query-input\":{\"@type\":\"PropertyValueSpecification\",\"valueRequired\":true,\"valueName\":\"search_term_string\"}}],\"inLanguage\":\"en-US\"},{\"@type\":\"Organization\",\"@id\":\"https:\/\/www.ilovericcio.com\/en\/#organization\",\"name\":\"I Love Riccio\",\"alternateName\":\"ilovericcio\",\"url\":\"https:\/\/www.ilovericcio.com\/en\/\",\"logo\":{\"@type\":\"ImageObject\",\"inLanguage\":\"en-US\",\"@id\":\"https:\/\/www.ilovericcio.com\/en\/#\/schema\/logo\/image\/\",\"url\":\"https:\/\/www.ilovericcio.com\/wp-content\/uploads\/2022\/10\/I-love-riccio-logo-black-def.png\",\"contentUrl\":\"https:\/\/www.ilovericcio.com\/wp-content\/uploads\/2022\/10\/I-love-riccio-logo-black-def.png\",\"width\":186,\"height\":41,\"caption\":\"I Love Riccio\"},\"image\":{\"@id\":\"https:\/\/www.ilovericcio.com\/en\/#\/schema\/logo\/image\/\"},\"sameAs\":[\"https:\/\/www.facebook.com\/ILoveRiccio\",\"https:\/\/www.instagram.com\/i_love_riccio\/\",\"https:\/\/www.youtube.com\/user\/Ilovericcio\",\"https:\/\/it.pinterest.com\/ilovericcio\/\",\"https:\/\/www.tiktok.com\/@i_love_riccio\",\"https:\/\/www.feedaty.com\/recensioni\/ilovericcio\"]}]}<\/script>\n<!-- \/ Yoast SEO plugin. -->","yoast_head_json":{"title":"I Love Riccio: the #1 Brand in Italy for Curly Hair Care","description":"Discover the techniques and tips from Fulvio Tirrico and the Curly Hair Experts at I Love Riccio. Learn how to take care of your curls.","robots":{"index":"index","follow":"follow","max-snippet":"max-snippet:-1","max-image-preview":"max-image-preview:large","max-video-preview":"max-video-preview:-1"},"canonical":"https:\/\/www.ilovericcio.com\/en\/fulvio-tirrico\/","og_locale":"en_US","og_type":"article","og_title":"I Love Riccio: the #1 Brand in Italy for Curly Hair Care","og_description":"Discover the techniques and tips from Fulvio Tirrico and the Curly Hair Experts at I Love Riccio. Learn how to take care of your curls.","og_url":"https:\/\/www.ilovericcio.com\/en\/fulvio-tirrico\/","og_site_name":"I Love Riccio","article_publisher":"https:\/\/www.facebook.com\/ILoveRiccio","article_modified_time":"2026-01-28T12:19:02+00:00","og_image":[{"width":1080,"height":1080,"url":"https:\/\/www.ilovericcio.com\/wp-content\/uploads\/2022\/10\/01-ilr-home-hero-1080x1080-mobile.jpg","type":"image\/jpeg"}],"twitter_card":"summary_large_image","twitter_misc":{"Est. reading time":"4 minutes"},"schema":{"@context":"https:\/\/schema.org","@graph":[{"@type":"WebPage","@id":"https:\/\/www.ilovericcio.com\/en\/fulvio-tirrico\/","url":"https:\/\/www.ilovericcio.com\/en\/fulvio-tirrico\/","name":"I Love Riccio: the #1 Brand in Italy for Curly Hair Care","isPartOf":{"@id":"https:\/\/www.ilovericcio.com\/en\/#website"},"datePublished":"2018-06-22T07:41:12+00:00","dateModified":"2026-01-28T12:19:02+00:00","description":"Discover the techniques and tips from Fulvio Tirrico and the Curly Hair Experts at I Love Riccio. Learn how to take care of your curls.","breadcrumb":{"@id":"https:\/\/www.ilovericcio.com\/en\/fulvio-tirrico\/#breadcrumb"},"inLanguage":"en-US","potentialAction":[{"@type":"ReadAction","target":["https:\/\/www.ilovericcio.com\/en\/fulvio-tirrico\/"]}]},{"@type":"BreadcrumbList","@id":"https:\/\/www.ilovericcio.com\/en\/fulvio-tirrico\/#breadcrumb","itemListElement":[{"@type":"ListItem","position":1,"name":"Home","item":"https:\/\/www.ilovericcio.com\/en\/"},{"@type":"ListItem","position":2,"name":"About us"}]},{"@type":"WebSite","@id":"https:\/\/www.ilovericcio.com\/en\/#website","url":"https:\/\/www.ilovericcio.com\/en\/","name":"I Love Riccio","description":"Prodotti per capelli ricci creati da noi, perfetti per te","publisher":{"@id":"https:\/\/www.ilovericcio.com\/en\/#organization"},"alternateName":"ilovericcio","potentialAction":[{"@type":"SearchAction","target":{"@type":"EntryPoint","urlTemplate":"https:\/\/www.ilovericcio.com\/en\/?s={search_term_string}"},"query-input":{"@type":"PropertyValueSpecification","valueRequired":true,"valueName":"search_term_string"}}],"inLanguage":"en-US"},{"@type":"Organization","@id":"https:\/\/www.ilovericcio.com\/en\/#organization","name":"I Love Riccio","alternateName":"ilovericcio","url":"https:\/\/www.ilovericcio.com\/en\/","logo":{"@type":"ImageObject","inLanguage":"en-US","@id":"https:\/\/www.ilovericcio.com\/en\/#\/schema\/logo\/image\/","url":"https:\/\/www.ilovericcio.com\/wp-content\/uploads\/2022\/10\/I-love-riccio-logo-black-def.png","contentUrl":"https:\/\/www.ilovericcio.com\/wp-content\/uploads\/2022\/10\/I-love-riccio-logo-black-def.png","width":186,"height":41,"caption":"I Love Riccio"},"image":{"@id":"https:\/\/www.ilovericcio.com\/en\/#\/schema\/logo\/image\/"},"sameAs":["https:\/\/www.facebook.com\/ILoveRiccio","https:\/\/www.instagram.com\/i_love_riccio\/","https:\/\/www.youtube.com\/user\/Ilovericcio","https:\/\/it.pinterest.com\/ilovericcio\/","https:\/\/www.tiktok.com\/@i_love_riccio","https:\/\/www.feedaty.com\/recensioni\/ilovericcio"]}]}},"_links":{"self":[{"href":"https:\/\/www.ilovericcio.com\/en\/wp-json\/wp\/v2\/pages\/119485","targetHints":{"allow":["GET"]}}],"collection":[{"href":"https:\/\/www.ilovericcio.com\/en\/wp-json\/wp\/v2\/pages"}],"about":[{"href":"https:\/\/www.ilovericcio.com\/en\/wp-json\/wp\/v2\/types\/page"}],"author":[{"embeddable":true,"href":"https:\/\/www.ilovericcio.com\/en\/wp-json\/wp\/v2\/users\/30709"}],"replies":[{"embeddable":true,"href":"https:\/\/www.ilovericcio.com\/en\/wp-json\/wp\/v2\/comments?post=119485"}],"version-history":[{"count":0,"href":"https:\/\/www.ilovericcio.com\/en\/wp-json\/wp\/v2\/pages\/119485\/revisions"}],"wp:attachment":[{"href":"https:\/\/www.ilovericcio.com\/en\/wp-json\/wp\/v2\/media?parent=119485"}],"curies":[{"name":"wp","href":"https:\/\/api.w.org\/{rel}","templated":true}]}}